{"id":13509,"date":"2012-09-09T11:38:09","date_gmt":"2012-09-09T09:38:09","guid":{"rendered":"http:\/\/museumek.eu\/?page_id=13509"},"modified":"2012-09-09T11:40:11","modified_gmt":"2012-09-09T09:40:11","slug":"dlv1","status":"publish","type":"page","link":"http:\/\/museumek.eu\/?page_id=13509","title":{"rendered":"D\/LV\/1"},"content":{"rendered":"<p><strong>Abteilung Deutschland, Keramik 1860 \u2013 1960, Inventarnummer D\/LV\/1<\/strong><\/p>\n<p>Manufaktur K\u00f6nigliche Porzellan-Manufaktur Berlin, Deutschland, Berlin, 1916, Zierteller, K\u00fcnstler unbekannt, Werks.-Nr. ohne, Exemplar Nr. ohne, gemarkt Szeptermarke blau unter Glasur, Eisernes Kreuz (Kriegsmarke 1914 \u2013 1918, seit 21.10.1914 auf Glasur, ab 02.03.1915 unter Glasur) schwarz unter Glasur, Q (Jahresbuchstabe Q f\u00fcr Jahr 1916) sowie 3 Punkte (3 Punkte = Monat M\u00e4rz) sowie C (oder Halbkreis) gepresst, nicht signiert, Literatur: Otto Pelka, Keramik der Neuzeit, Markentafel I, im Markenkasten 6, beide Marken abgebildet, weitere Literatur: Bestandskatalog Bd. V.I des Br\u00f6han Museums, Porzellan, Kunst und Design 1889 \u2013 1929, Vom Jugendstil zum Funktionalismus, Seite 81, Markenabbildungen Nr. 1, 5 sowie 11 identisch sowie Seite 82, Erkl\u00e4rung Datierungssystem, weitere Literatur: J. G. Th. Graesse und E. Jaenicke, F\u00fchrer f\u00fcr Sammler von Porzellan und Fayence, Steinzeug, Steingut usw., Seite 435, Marken Nr. 27 sowie Nr. 37 identisch, blauer Fonds mit reichlicher Goldmalerei, ein Schleifstrich, Durchmesser 18,5 cm<\/p>\n<p><a href=\"http:\/\/museumek.eu\/wp-content\/uploads\/2012\/09\/Museum-Europ\u00e4ischer-Keramikkunst-2694.jpg\"><img loading=\"lazy\" src=\"http:\/\/museumek.eu\/wp-content\/uploads\/2012\/09\/Museum-Europ\u00e4ischer-Keramikkunst-2694-300x290.jpg\" alt=\"\" title=\"Museum Europ\u00e4ischer Keramikkunst 2694\" width=\"300\" height=\"290\" class=\"alignnone size-medium wp-image-13510\" srcset=\"http:\/\/museumek.eu\/wp-content\/uploads\/2012\/09\/Museum-Europ\u00e4ischer-Keramikkunst-2694-300x290.jpg 300w, http:\/\/museumek.eu\/wp-content\/uploads\/2012\/09\/Museum-Europ\u00e4ischer-Keramikkunst-2694-309x300.jpg 309w, http:\/\/museumek.eu\/wp-content\/uploads\/2012\/09\/Museum-Europ\u00e4ischer-Keramikkunst-2694.jpg 716w\" sizes=\"(max-width: 300px) 100vw, 300px\" \/><\/a><\/p>\n<p><a href=\"http:\/\/museumek.eu\/wp-content\/uploads\/2012\/09\/Museum-Europ\u00e4ischer-Keramikkunst-26951.jpg\"><img loading=\"lazy\" src=\"http:\/\/museumek.eu\/wp-content\/uploads\/2012\/09\/Museum-Europ\u00e4ischer-Keramikkunst-26951-290x300.jpg\" alt=\"\" title=\"Museum Europ\u00e4ischer Keramikkunst 2695\" width=\"290\" height=\"300\" class=\"alignnone size-medium wp-image-13512\" srcset=\"http:\/\/museumek.eu\/wp-content\/uploads\/2012\/09\/Museum-Europ\u00e4ischer-Keramikkunst-26951-290x300.jpg 290w, http:\/\/museumek.eu\/wp-content\/uploads\/2012\/09\/Museum-Europ\u00e4ischer-Keramikkunst-26951.jpg 369w\" sizes=\"(max-width: 290px) 100vw, 290px\" \/><\/a><\/p>\n<p><a href=\"http:\/\/museumek.eu\/wp-content\/uploads\/2012\/09\/Museum-Europ\u00e4ischer-Keramikkunst-2698.jpg\"><img loading=\"lazy\" src=\"http:\/\/museumek.eu\/wp-content\/uploads\/2012\/09\/Museum-Europ\u00e4ischer-Keramikkunst-2698-196x300.jpg\" alt=\"\" title=\"Museum Europ\u00e4ischer Keramikkunst 2698\" width=\"196\" height=\"300\" class=\"alignnone size-medium wp-image-13513\" srcset=\"http:\/\/museumek.eu\/wp-content\/uploads\/2012\/09\/Museum-Europ\u00e4ischer-Keramikkunst-2698-196x300.jpg 196w, http:\/\/museumek.eu\/wp-content\/uploads\/2012\/09\/Museum-Europ\u00e4ischer-Keramikkunst-2698.jpg 314w\" sizes=\"(max-width: 196px) 100vw, 196px\" \/><\/a><\/p>\n","protected":false},"excerpt":{"rendered":"<p>Abteilung Deutschland, Keramik 1860 \u2013 1960, Inventarnummer D\/LV\/1 Manufaktur K\u00f6nigliche Porzellan-Manufaktur Berlin, Deutschland, Berlin, 1916, Zierteller, K\u00fcnstler unbekannt, Werks.-Nr. ohne, Exemplar Nr. ohne, gemarkt Szeptermarke blau unter Glasur, Eisernes Kreuz (Kriegsmarke 1914 \u2013 1918, seit 21.10.1914 auf Glasur, ab 02.03.1915 &hellip; <a href=\"http:\/\/museumek.eu\/?page_id=13509\">Weiterlesen <span class=\"meta-nav\">&rarr;<\/span><\/a><\/p>\n","protected":false},"author":1,"featured_media":0,"parent":13506,"menu_order":1,"comment_status":"closed","ping_status":"open","template":"","meta":[],"_links":{"self":[{"href":"http:\/\/museumek.eu\/index.php?rest_route=\/wp\/v2\/pages\/13509"}],"collection":[{"href":"http:\/\/museumek.eu\/index.php?rest_route=\/wp\/v2\/pages"}],"about":[{"href":"http:\/\/museumek.eu\/index.php?rest_route=\/wp\/v2\/types\/page"}],"author":[{"embeddable":true,"href":"http:\/\/museumek.eu\/index.php?rest_route=\/wp\/v2\/users\/1"}],"replies":[{"embeddable":true,"href":"http:\/\/museumek.eu\/index.php?rest_route=%2Fwp%2Fv2%2Fcomments&post=13509"}],"version-history":[{"count":3,"href":"http:\/\/museumek.eu\/index.php?rest_route=\/wp\/v2\/pages\/13509\/revisions"}],"predecessor-version":[{"id":13516,"href":"http:\/\/museumek.eu\/index.php?rest_route=\/wp\/v2\/pages\/13509\/revisions\/13516"}],"up":[{"embeddable":true,"href":"http:\/\/museumek.eu\/index.php?rest_route=\/wp\/v2\/pages\/13506"}],"wp:attachment":[{"href":"http:\/\/museumek.eu\/index.php?rest_route=%2Fwp%2Fv2%2Fmedia&parent=13509"}],"curies":[{"name":"wp","href":"https:\/\/api.w.org\/{rel}","templated":true}]}}