{"id":13549,"date":"2012-09-09T13:00:02","date_gmt":"2012-09-09T11:00:02","guid":{"rendered":"http:\/\/museumek.eu\/?page_id=13549"},"modified":"2012-09-09T13:00:02","modified_gmt":"2012-09-09T11:00:02","slug":"dlv2","status":"publish","type":"page","link":"http:\/\/museumek.eu\/?page_id=13549","title":{"rendered":"D\/LV\/2"},"content":{"rendered":"<p><strong>Abteilung Deutschland, Keramik 1860 \u2013 1960, Inventarnummer D\/LV\/2<\/strong><\/p>\n<p>Manufaktur K\u00f6nigliche Porzellan-Manufaktur Berlin, Deutschland, Berlin, 1910, Vase, K\u00fcnstler unbekannt, Werks.-Nr. 8008 (Modellnummer), Exemplar Nr. ohne, gemarkt Szeptermarke blau unter Glasur, 8008 (Entwurfjahr 1905, Modellnummern von 7786 bis 8110 = 1905) sowie K ? (Jahr 1910, Buchstabe K = Jahr 1910, Herstellung der Weissmasse und wohl auch der Ausf\u00fchrung) gepresst sowie eine weitere nicht aufl\u00f6sbare Pressung (alle Pressungen schwer lesbar), nicht signiert, Literatur: Otto Pelka, Keramik der Neuzeit, Markentafel I, im Markenkasten 6, Marke abgebildet, weitere Literatur: Bestandskatalog Bd. V.I des Br\u00f6han Museums, Porzellan, Kunst und Design 1889 \u2013 1929, Vom Jugendstil zum Funktionalismus, Seite 81, Marke Nr. 1 identisch sowie Seite 82, Erkl\u00e4rung Datierungssystem, weitere Literatur: J. G. Th. Graesse und E. Jaenicke, F\u00fchrer f\u00fcr Sammler von Porzellan und Fayence, Steinzeug, Steingut usw., Seite 435, Marke Nr. 27 identisch, siehe auch Auktionshaus Herr, K\u00f6ln, Auktion vom 13.10.2007, Dekorstil \u00e4hnliche, kleinere Vase, dort noch zus\u00e4tzlich mit Email sowie Auktionshaus Quittenbaum, 67. Auktion vom 20.10.2007, Lot Nr. 2, Dekorstil \u00e4hnliche, kleinere Vase, dort noch zus\u00e4tzlich mit Email, Dekor mit Goldfaden auf marmoriertem Grund, ein Schleifstrich, H\u00f6he 18 cm, Breite 8 cm<\/p>\n<p><a href=\"http:\/\/museumek.eu\/wp-content\/uploads\/2012\/09\/Museum-Europ\u00e4ischer-Keramikkunst-2172.jpg\"><img loading=\"lazy\" src=\"http:\/\/museumek.eu\/wp-content\/uploads\/2012\/09\/Museum-Europ\u00e4ischer-Keramikkunst-2172-168x300.jpg\" alt=\"\" title=\"Museum Europ\u00e4ischer Keramikkunst 2172\" width=\"168\" height=\"300\" class=\"alignnone size-medium wp-image-13550\" srcset=\"http:\/\/museumek.eu\/wp-content\/uploads\/2012\/09\/Museum-Europ\u00e4ischer-Keramikkunst-2172-168x300.jpg 168w, http:\/\/museumek.eu\/wp-content\/uploads\/2012\/09\/Museum-Europ\u00e4ischer-Keramikkunst-2172.jpg 454w\" sizes=\"(max-width: 168px) 100vw, 168px\" \/><\/a><\/p>\n<p><a href=\"http:\/\/museumek.eu\/wp-content\/uploads\/2012\/09\/Museum-Europ\u00e4ischer-Keramikkunst-2174.jpg\"><img loading=\"lazy\" src=\"http:\/\/museumek.eu\/wp-content\/uploads\/2012\/09\/Museum-Europ\u00e4ischer-Keramikkunst-2174-300x172.jpg\" alt=\"\" title=\"Museum Europ\u00e4ischer Keramikkunst 2174\" width=\"300\" height=\"172\" class=\"alignnone size-medium wp-image-13551\" srcset=\"http:\/\/museumek.eu\/wp-content\/uploads\/2012\/09\/Museum-Europ\u00e4ischer-Keramikkunst-2174-300x172.jpg 300w, http:\/\/museumek.eu\/wp-content\/uploads\/2012\/09\/Museum-Europ\u00e4ischer-Keramikkunst-2174-500x287.jpg 500w, http:\/\/museumek.eu\/wp-content\/uploads\/2012\/09\/Museum-Europ\u00e4ischer-Keramikkunst-2174.jpg 723w\" sizes=\"(max-width: 300px) 100vw, 300px\" \/><\/a><\/p>\n<p><a href=\"http:\/\/museumek.eu\/wp-content\/uploads\/2012\/09\/Auktionshaus-Herr-KPM-Vase.jpg\"><img loading=\"lazy\" src=\"http:\/\/museumek.eu\/wp-content\/uploads\/2012\/09\/Auktionshaus-Herr-KPM-Vase-300x227.jpg\" alt=\"\" title=\"Auktionshaus Herr KPM Vase\" width=\"300\" height=\"227\" class=\"alignnone size-medium wp-image-13552\" srcset=\"http:\/\/museumek.eu\/wp-content\/uploads\/2012\/09\/Auktionshaus-Herr-KPM-Vase-300x227.jpg 300w, http:\/\/museumek.eu\/wp-content\/uploads\/2012\/09\/Auktionshaus-Herr-KPM-Vase-395x300.jpg 395w, http:\/\/museumek.eu\/wp-content\/uploads\/2012\/09\/Auktionshaus-Herr-KPM-Vase.jpg 425w\" sizes=\"(max-width: 300px) 100vw, 300px\" \/><\/a><\/p>\n<p><a href=\"http:\/\/museumek.eu\/wp-content\/uploads\/2012\/09\/KPM-Vase-Quittenbaum.jpg\"><img loading=\"lazy\" src=\"http:\/\/museumek.eu\/wp-content\/uploads\/2012\/09\/KPM-Vase-Quittenbaum-300x128.jpg\" alt=\"\" title=\"KPM Vase Quittenbaum\" width=\"300\" height=\"128\" class=\"alignnone size-medium wp-image-13553\" srcset=\"http:\/\/museumek.eu\/wp-content\/uploads\/2012\/09\/KPM-Vase-Quittenbaum-300x128.jpg 300w, http:\/\/museumek.eu\/wp-content\/uploads\/2012\/09\/KPM-Vase-Quittenbaum-500x214.jpg 500w, http:\/\/museumek.eu\/wp-content\/uploads\/2012\/09\/KPM-Vase-Quittenbaum.jpg 598w\" sizes=\"(max-width: 300px) 100vw, 300px\" \/><\/a><\/p>\n","protected":false},"excerpt":{"rendered":"<p>Abteilung Deutschland, Keramik 1860 \u2013 1960, Inventarnummer D\/LV\/2 Manufaktur K\u00f6nigliche Porzellan-Manufaktur Berlin, Deutschland, Berlin, 1910, Vase, K\u00fcnstler unbekannt, Werks.-Nr. 8008 (Modellnummer), Exemplar Nr. ohne, gemarkt Szeptermarke blau unter Glasur, 8008 (Entwurfjahr 1905, Modellnummern von 7786 bis 8110 = 1905) sowie &hellip; <a href=\"http:\/\/museumek.eu\/?page_id=13549\">Weiterlesen <span class=\"meta-nav\">&rarr;<\/span><\/a><\/p>\n","protected":false},"author":1,"featured_media":0,"parent":13506,"menu_order":2,"comment_status":"closed","ping_status":"open","template":"","meta":[],"_links":{"self":[{"href":"http:\/\/museumek.eu\/index.php?rest_route=\/wp\/v2\/pages\/13549"}],"collection":[{"href":"http:\/\/museumek.eu\/index.php?rest_route=\/wp\/v2\/pages"}],"about":[{"href":"http:\/\/museumek.eu\/index.php?rest_route=\/wp\/v2\/types\/page"}],"author":[{"embeddable":true,"href":"http:\/\/museumek.eu\/index.php?rest_route=\/wp\/v2\/users\/1"}],"replies":[{"embeddable":true,"href":"http:\/\/museumek.eu\/index.php?rest_route=%2Fwp%2Fv2%2Fcomments&post=13549"}],"version-history":[{"count":2,"href":"http:\/\/museumek.eu\/index.php?rest_route=\/wp\/v2\/pages\/13549\/revisions"}],"predecessor-version":[{"id":13555,"href":"http:\/\/museumek.eu\/index.php?rest_route=\/wp\/v2\/pages\/13549\/revisions\/13555"}],"up":[{"embeddable":true,"href":"http:\/\/museumek.eu\/index.php?rest_route=\/wp\/v2\/pages\/13506"}],"wp:attachment":[{"href":"http:\/\/museumek.eu\/index.php?rest_route=%2Fwp%2Fv2%2Fmedia&parent=13549"}],"curies":[{"name":"wp","href":"https:\/\/api.w.org\/{rel}","templated":true}]}}