{"id":13557,"date":"2012-09-09T13:10:04","date_gmt":"2012-09-09T11:10:04","guid":{"rendered":"http:\/\/museumek.eu\/?page_id=13557"},"modified":"2012-09-09T13:31:47","modified_gmt":"2012-09-09T11:31:47","slug":"dlv3","status":"publish","type":"page","link":"http:\/\/museumek.eu\/?page_id=13557","title":{"rendered":"D\/LV\/3"},"content":{"rendered":"<p><strong>Abteilung Deutschland, Keramik 1860 \u2013 1960, Inventarnummer D\/LV\/3<\/strong><\/p>\n<p>Manufaktur K\u00f6nigliche Porzellan-Manufaktur Berlin, Deutschland, Berlin, 1913, Teller aus dem Tafelservice Ceres, K\u00fcnstler Theodor Hermann Schmuz-Baudiss, Werks.-Nr. ohne, Exemplar Nr. ohne, gemarkt Szeptermarke blau unter Glasur, roter Reichsapfel unter Glasur, roter Jubil\u00e4umsstempel (1763 FR 1913) auf Glasur, KPM roter Stempel auf Glasur, STB (K\u00fcnstlermonogramm Theodor Hermann Schmuz-Baudiss) gr\u00fcner Stempel auf Glasur, signiert = gemarkt, Literatur: Otto Pelka, Keramik der Neuzeit, Markentafel I, im Markenkasten 6, alle Marken au\u00dfer STB abgebildet, weitere Literatur: Bestandskatalog Bd. V.I des Br\u00f6han Museums, Porzellan, Kunst und Design 1889 \u2013 1929, Vom Jugendstil zum Funktionalismus, Seite 81, Marke Nr. 9 identisch, bezogen auf STB, Marken Nr. 11 sowie Nr. 12 identisch sowie Seite 168 ff, Abbildungen und Beschreibung des Ceres Tafelservice, weitere Literatur: J. G. Th. Graesse und E. Jaenicke, F\u00fchrer f\u00fcr Sammler von Porzellan und Fayence, Steinzeug, Steingut usw., Seite 435, Marken Nr. 27, 34 sowie 36 identisch, weitere Literatur: Wilhelm Siemen und Museum der Deutschen Porzellanindustrie Hohenberg an der Eger, Theodor Hermann Schmuz-Baudiss, Seite 136 ff., Abbildung und Beschreibung des Ceres Tafelservice sowie Seite 225, Marke Nr. 9 identisch, f\u00fcr STB Marken Nr. 8, 10, 11 sowie 15 identisch, siehe auch Auktionshaus Quittenbaum, Auktion 89 A vom 20.04.2010, Lot Nr. 522, etwas gr\u00f6\u00dferer Teller des Ceres Tafelservice mit durchbrochener Fahne aus dem Jahr 1916, Durchmesser 17 cm<\/p>\n<p><a href=\"http:\/\/museumek.eu\/wp-content\/uploads\/2012\/09\/Museum-Europ\u00e4ischer-Keramikkunst-2223.jpg\"><img loading=\"lazy\" src=\"http:\/\/museumek.eu\/wp-content\/uploads\/2012\/09\/Museum-Europ\u00e4ischer-Keramikkunst-2223-300x288.jpg\" alt=\"\" title=\"Museum Europ\u00e4ischer Keramikkunst 2223\" width=\"300\" height=\"288\" class=\"alignnone size-medium wp-image-13558\" srcset=\"http:\/\/museumek.eu\/wp-content\/uploads\/2012\/09\/Museum-Europ\u00e4ischer-Keramikkunst-2223-300x288.jpg 300w, http:\/\/museumek.eu\/wp-content\/uploads\/2012\/09\/Museum-Europ\u00e4ischer-Keramikkunst-2223-311x300.jpg 311w, http:\/\/museumek.eu\/wp-content\/uploads\/2012\/09\/Museum-Europ\u00e4ischer-Keramikkunst-2223.jpg 743w\" sizes=\"(max-width: 300px) 100vw, 300px\" \/><\/a><\/p>\n<p><a href=\"http:\/\/museumek.eu\/wp-content\/uploads\/2012\/09\/Museum-Europ\u00e4ischer-Keramikkunst-2224.jpg\"><img loading=\"lazy\" src=\"http:\/\/museumek.eu\/wp-content\/uploads\/2012\/09\/Museum-Europ\u00e4ischer-Keramikkunst-2224-136x300.jpg\" alt=\"\" title=\"Museum Europ\u00e4ischer Keramikkunst 2224\" width=\"136\" height=\"300\" class=\"alignnone size-medium wp-image-13559\" srcset=\"http:\/\/museumek.eu\/wp-content\/uploads\/2012\/09\/Museum-Europ\u00e4ischer-Keramikkunst-2224-136x300.jpg 136w, http:\/\/museumek.eu\/wp-content\/uploads\/2012\/09\/Museum-Europ\u00e4ischer-Keramikkunst-2224.jpg 278w\" sizes=\"(max-width: 136px) 100vw, 136px\" \/><\/a><\/p>\n<p><a href=\"http:\/\/museumek.eu\/wp-content\/uploads\/2012\/09\/Ceres-Teller-Quittenbaum.jpg\"><img loading=\"lazy\" src=\"http:\/\/museumek.eu\/wp-content\/uploads\/2012\/09\/Ceres-Teller-Quittenbaum-300x121.jpg\" alt=\"\" title=\"Ceres Teller Quittenbaum\" width=\"300\" height=\"121\" class=\"alignnone size-medium wp-image-13560\" srcset=\"http:\/\/museumek.eu\/wp-content\/uploads\/2012\/09\/Ceres-Teller-Quittenbaum-300x121.jpg 300w, http:\/\/museumek.eu\/wp-content\/uploads\/2012\/09\/Ceres-Teller-Quittenbaum-500x202.jpg 500w, http:\/\/museumek.eu\/wp-content\/uploads\/2012\/09\/Ceres-Teller-Quittenbaum.jpg 588w\" sizes=\"(max-width: 300px) 100vw, 300px\" \/><\/a><\/p>\n","protected":false},"excerpt":{"rendered":"<p>Abteilung Deutschland, Keramik 1860 \u2013 1960, Inventarnummer D\/LV\/3 Manufaktur K\u00f6nigliche Porzellan-Manufaktur Berlin, Deutschland, Berlin, 1913, Teller aus dem Tafelservice Ceres, K\u00fcnstler Theodor Hermann Schmuz-Baudiss, Werks.-Nr. ohne, Exemplar Nr. ohne, gemarkt Szeptermarke blau unter Glasur, roter Reichsapfel unter Glasur, roter Jubil\u00e4umsstempel &hellip; <a href=\"http:\/\/museumek.eu\/?page_id=13557\">Weiterlesen <span class=\"meta-nav\">&rarr;<\/span><\/a><\/p>\n","protected":false},"author":1,"featured_media":0,"parent":13506,"menu_order":3,"comment_status":"closed","ping_status":"open","template":"","meta":[],"_links":{"self":[{"href":"http:\/\/museumek.eu\/index.php?rest_route=\/wp\/v2\/pages\/13557"}],"collection":[{"href":"http:\/\/museumek.eu\/index.php?rest_route=\/wp\/v2\/pages"}],"about":[{"href":"http:\/\/museumek.eu\/index.php?rest_route=\/wp\/v2\/types\/page"}],"author":[{"embeddable":true,"href":"http:\/\/museumek.eu\/index.php?rest_route=\/wp\/v2\/users\/1"}],"replies":[{"embeddable":true,"href":"http:\/\/museumek.eu\/index.php?rest_route=%2Fwp%2Fv2%2Fcomments&post=13557"}],"version-history":[{"count":3,"href":"http:\/\/museumek.eu\/index.php?rest_route=\/wp\/v2\/pages\/13557\/revisions"}],"predecessor-version":[{"id":13575,"href":"http:\/\/museumek.eu\/index.php?rest_route=\/wp\/v2\/pages\/13557\/revisions\/13575"}],"up":[{"embeddable":true,"href":"http:\/\/museumek.eu\/index.php?rest_route=\/wp\/v2\/pages\/13506"}],"wp:attachment":[{"href":"http:\/\/museumek.eu\/index.php?rest_route=%2Fwp%2Fv2%2Fmedia&parent=13557"}],"curies":[{"name":"wp","href":"https:\/\/api.w.org\/{rel}","templated":true}]}}