{"id":13583,"date":"2012-09-09T19:19:44","date_gmt":"2012-09-09T17:19:44","guid":{"rendered":"http:\/\/museumek.eu\/?page_id=13583"},"modified":"2015-09-06T00:02:23","modified_gmt":"2015-09-05T22:02:23","slug":"dxxx3","status":"publish","type":"page","link":"http:\/\/museumek.eu\/?page_id=13583","title":{"rendered":"D\/XXX\/3"},"content":{"rendered":"<p><strong>Abteilung Deutschland, Keramik 1860 \u2013 1960, Inventarnummer D\/XXX\/3<\/strong><\/p>\n<p>Rosenthal Porzellan AG, vormals Philipp Rosenthal &#038; Co. AG, vormals Philipp Rosenthal &#038; Co., vormals Porzellanmalerei Philipp Rosenthal, Deutschland, Erkersreuth, Kronach, Marktredewitz, Selb, Selb-Pl\u00f6ssberg, Sophienthal, Waldenburg, Waldershof, 1927, Weihnachtsteller Weihnachtsteller Marterl am Weg, K\u00fcnstler Theodor Hermann Schmuz-Baudiss, Werks.-Nr. ohne, Exemplar-Nr. ohne, gemarkt Firmenmarke zwei gekreuzte St\u00e4be, in der oberen H\u00e4lfte des Kreuzes eine Krone, links neben den St\u00e4ben Rosen, rechts neben den St\u00e4ben thal, darunter SELB-BAVARIA gr\u00fcner Stempel unter Glasur, Entwurf von Professor Theo Schmuz-Baudiss gr\u00fcner Stempel unter Glasur, unbekanntes Zeichen blau gemalt, nicht signiert, Literatur: J. G. Th. Graesse und E. Jaenicke, F\u00fchrer f\u00fcr Sammler von Porzellan und Fayence, Steinzeug, Steingut usw., Seite 512, Marke Nr. 3 identisch, weitere Literatur: Emanuel Poche, Porzellanmarken, Marke Nr. 1449 identisch (ohne Schriftzug Selb-Bavaria), weitere Literatur: Otto Pelka, Keramik der Neuzeit, Markentafel IX, Markenkasten 141 identische Marke abgebildet (ohne Schriftzug Selb-Bavaria), Seite 212, Herstellerverzeichnis, Porzellanfabrik Ph. Rosenthal &#038; Co. AG, 141 sowie Seite 221, Namenverzeichnis, Rosenthal Philipp, &#038; Co., Selb, M 141, weitere Literatur: Wilhelm Siemen und Museum der Deutschen Porzellanindustrie Hohenberg an der Eger, Theodor Hermann Schmuz-Baudiss, nach Seite 103 c, Tafel IX, identischer Teller abgebildet sowie Seite 225, Marke Nr. 16 identisch, weitere Literatur: Robert E. R\u00f6ntgen, Deutsche Porzellanmarken von 1710 bis heute (Ausgabe Jahr 2000), Seite 315, Marke Nr. 2473 identisch (dort g\u00fcltig f\u00fcr die Zeit 1922 \u2013 1933), zur Firmenhistorie, siehe die \u00dcbersichten nach den Inventarfotos, die bis auf einige Details in soweit richtig sind, 1879\/1880 pachtete der aus Werl nach Selb zugezogene Porzellanmaler Philipp Rosenthal das Schlo\u00df Erkersreuth bei Selb und gr\u00fcndete eine Porzellanmalerei, anf\u00e4nglich arbeitete er nur mit einem b\u00f6hmischen Mitarbeiter, die Weissware bezog er von den benachbarten Porzellanfabriken Hutschenreuther und Zeidler, die Firmierung lautete Porzellanmalerei Philipp Rosenthal, 1889\/1891 begann Rosenthal selbst Porzellan in Selb zu produzieren und firmierte als Philipp Rosenthal &#038; Co., am 28.08. 1897 wurde die Fabrik in eine AG umgewandelt, diese firmierte als Philipp Rosenthal &#038; Co. AG (1920 Verlegung des AG Sitzes nach Berlin, 1934 R\u00fcckverlegung des Sitzes nach Selb), zur gleichen Zeit gr\u00fcndete Rosenthal zusammen mit einem Herrn Bauer und weiteren Investoren eine Porzellanfabrik in Kronach, die als Bauer, Rosenthal &#038; Co. firmierte, diese Fabrik wurde gleich 1897 wieder in die AG integriert, evtl. auch erst 1901, dies ist in der Literatur mal so oder so beschrieben, 1934 scheidet Geheimrat Philipp Rosenthal aus der Fabrikleitung aus, ab 1939 lautete die Firmierung der Aktiengesellschaft Rosenthal Porzellan AG, ab 1965 Rosenthal Glas &#038; Porzellan AG und ab 1969 Rosenthal AG, Rosenthal kaufte diverse Porzellanfabriken zu, die in die AG integriert worden sind, z. B. firmierte die ehemalige Zeidler\u2019sche Fabrik dann als Rosenthal Porzellanfabrik Bahnhof Selb GmbH, Durchmesser 22 cm<\/p>\n<p><a href=\"http:\/\/museumek.eu\/wp-content\/uploads\/2012\/09\/Museum-Europ\u00e4ischer-Keramikkunst-2204.jpg\"><img loading=\"lazy\" src=\"http:\/\/museumek.eu\/wp-content\/uploads\/2012\/09\/Museum-Europ\u00e4ischer-Keramikkunst-2204-296x300.jpg\" alt=\"\" title=\"Museum Europ\u00e4ischer Keramikkunst 2204\" width=\"296\" height=\"300\" class=\"alignnone size-medium wp-image-13584\" srcset=\"http:\/\/museumek.eu\/wp-content\/uploads\/2012\/09\/Museum-Europ\u00e4ischer-Keramikkunst-2204-296x300.jpg 296w, http:\/\/museumek.eu\/wp-content\/uploads\/2012\/09\/Museum-Europ\u00e4ischer-Keramikkunst-2204.jpg 717w\" sizes=\"(max-width: 296px) 100vw, 296px\" \/><\/a><\/p>\n<p><a href=\"http:\/\/museumek.eu\/?attachment_id=44661\" rel=\"attachment wp-att-44661\"><img loading=\"lazy\" src=\"http:\/\/museumek.eu\/wp-content\/uploads\/2015\/09\/4547-225x300.jpg\" alt=\"\" title=\"4547\" width=\"225\" height=\"300\" class=\"alignnone size-medium wp-image-44661\" srcset=\"http:\/\/museumek.eu\/wp-content\/uploads\/2015\/09\/4547-225x300.jpg 225w, http:\/\/museumek.eu\/wp-content\/uploads\/2015\/09\/4547-112x150.jpg 112w, http:\/\/museumek.eu\/wp-content\/uploads\/2015\/09\/4547.jpg 600w\" sizes=\"(max-width: 225px) 100vw, 225px\" \/><\/a><\/p>\n<p><a href=\"http:\/\/museumek.eu\/?attachment_id=44662\" rel=\"attachment wp-att-44662\"><img loading=\"lazy\" src=\"http:\/\/museumek.eu\/wp-content\/uploads\/2015\/09\/4544-293x300.jpg\" alt=\"\" title=\"4544\" width=\"293\" height=\"300\" class=\"alignnone size-medium wp-image-44662\" srcset=\"http:\/\/museumek.eu\/wp-content\/uploads\/2015\/09\/4544-293x300.jpg 293w, http:\/\/museumek.eu\/wp-content\/uploads\/2015\/09\/4544-146x150.jpg 146w, http:\/\/museumek.eu\/wp-content\/uploads\/2015\/09\/4544.jpg 600w\" sizes=\"(max-width: 293px) 100vw, 293px\" \/><\/a><\/p>\n<p><a href=\"http:\/\/museumek.eu\/wp-content\/uploads\/2012\/09\/Museum-Europ\u00e4ischer-Keramikkunst-2207.jpg\"><img loading=\"lazy\" src=\"http:\/\/museumek.eu\/wp-content\/uploads\/2012\/09\/Museum-Europ\u00e4ischer-Keramikkunst-2207-132x300.jpg\" alt=\"\" title=\"Museum Europ\u00e4ischer Keramikkunst 2207\" width=\"132\" height=\"300\" class=\"alignnone size-medium wp-image-13585\" srcset=\"http:\/\/museumek.eu\/wp-content\/uploads\/2012\/09\/Museum-Europ\u00e4ischer-Keramikkunst-2207-132x300.jpg 132w, http:\/\/museumek.eu\/wp-content\/uploads\/2012\/09\/Museum-Europ\u00e4ischer-Keramikkunst-2207.jpg 427w\" sizes=\"(max-width: 132px) 100vw, 132px\" \/><\/a><\/p>\n<p><a href=\"http:\/\/museumek.eu\/?attachment_id=44663\" rel=\"attachment wp-att-44663\"><img loading=\"lazy\" src=\"http:\/\/museumek.eu\/wp-content\/uploads\/2015\/09\/4546.jpg\" alt=\"\" title=\"4546\" width=\"289\" height=\"262\" class=\"alignnone size-full wp-image-44663\" srcset=\"http:\/\/museumek.eu\/wp-content\/uploads\/2015\/09\/4546.jpg 289w, http:\/\/museumek.eu\/wp-content\/uploads\/2015\/09\/4546-150x135.jpg 150w\" sizes=\"(max-width: 289px) 100vw, 289px\" \/><\/a><\/p>\n<p><a href=\"http:\/\/museumek.eu\/?attachment_id=24754\" rel=\"attachment wp-att-24754\"><img loading=\"lazy\" src=\"http:\/\/museumek.eu\/wp-content\/uploads\/2011\/12\/002-Geschichte-Rosenthal-Porzellan-300x216.jpg\" alt=\"\" title=\"002 Geschichte Rosenthal Porzellan\" width=\"300\" height=\"216\" class=\"alignnone size-medium wp-image-24754\" srcset=\"http:\/\/museumek.eu\/wp-content\/uploads\/2011\/12\/002-Geschichte-Rosenthal-Porzellan-300x216.jpg 300w, http:\/\/museumek.eu\/wp-content\/uploads\/2011\/12\/002-Geschichte-Rosenthal-Porzellan-150x108.jpg 150w, http:\/\/museumek.eu\/wp-content\/uploads\/2011\/12\/002-Geschichte-Rosenthal-Porzellan-415x300.jpg 415w, http:\/\/museumek.eu\/wp-content\/uploads\/2011\/12\/002-Geschichte-Rosenthal-Porzellan.jpg 917w\" sizes=\"(max-width: 300px) 100vw, 300px\" \/><\/a><\/p>\n<p><a href=\"http:\/\/museumek.eu\/?attachment_id=24755\" rel=\"attachment wp-att-24755\"><img loading=\"lazy\" src=\"http:\/\/museumek.eu\/wp-content\/uploads\/2011\/12\/004-Geschichte-Rosenthal-Porzellan-300x220.jpg\" alt=\"\" title=\"004 Geschichte Rosenthal Porzellan\" width=\"300\" height=\"220\" class=\"alignnone size-medium wp-image-24755\" srcset=\"http:\/\/museumek.eu\/wp-content\/uploads\/2011\/12\/004-Geschichte-Rosenthal-Porzellan-300x220.jpg 300w, http:\/\/museumek.eu\/wp-content\/uploads\/2011\/12\/004-Geschichte-Rosenthal-Porzellan-150x110.jpg 150w, http:\/\/museumek.eu\/wp-content\/uploads\/2011\/12\/004-Geschichte-Rosenthal-Porzellan-407x300.jpg 407w, http:\/\/museumek.eu\/wp-content\/uploads\/2011\/12\/004-Geschichte-Rosenthal-Porzellan.jpg 943w\" sizes=\"(max-width: 300px) 100vw, 300px\" \/><\/a><\/p>\n","protected":false},"excerpt":{"rendered":"<p>Abteilung Deutschland, Keramik 1860 \u2013 1960, Inventarnummer D\/XXX\/3 Rosenthal Porzellan AG, vormals Philipp Rosenthal &#038; Co. AG, vormals Philipp Rosenthal &#038; Co., vormals Porzellanmalerei Philipp Rosenthal, Deutschland, Erkersreuth, Kronach, Marktredewitz, Selb, Selb-Pl\u00f6ssberg, Sophienthal, Waldenburg, Waldershof, 1927, Weihnachtsteller Weihnachtsteller Marterl am &hellip; <a href=\"http:\/\/museumek.eu\/?page_id=13583\">Weiterlesen <span class=\"meta-nav\">&rarr;<\/span><\/a><\/p>\n","protected":false},"author":1,"featured_media":0,"parent":7280,"menu_order":3,"comment_status":"closed","ping_status":"open","template":"","meta":[],"_links":{"self":[{"href":"http:\/\/museumek.eu\/index.php?rest_route=\/wp\/v2\/pages\/13583"}],"collection":[{"href":"http:\/\/museumek.eu\/index.php?rest_route=\/wp\/v2\/pages"}],"about":[{"href":"http:\/\/museumek.eu\/index.php?rest_route=\/wp\/v2\/types\/page"}],"author":[{"embeddable":true,"href":"http:\/\/museumek.eu\/index.php?rest_route=\/wp\/v2\/users\/1"}],"replies":[{"embeddable":true,"href":"http:\/\/museumek.eu\/index.php?rest_route=%2Fwp%2Fv2%2Fcomments&post=13583"}],"version-history":[{"count":10,"href":"http:\/\/museumek.eu\/index.php?rest_route=\/wp\/v2\/pages\/13583\/revisions"}],"predecessor-version":[{"id":44730,"href":"http:\/\/museumek.eu\/index.php?rest_route=\/wp\/v2\/pages\/13583\/revisions\/44730"}],"up":[{"embeddable":true,"href":"http:\/\/museumek.eu\/index.php?rest_route=\/wp\/v2\/pages\/7280"}],"wp:attachment":[{"href":"http:\/\/museumek.eu\/index.php?rest_route=%2Fwp%2Fv2%2Fmedia&parent=13583"}],"curies":[{"name":"wp","href":"https:\/\/api.w.org\/{rel}","templated":true}]}}