{"id":13612,"date":"2012-09-11T23:19:35","date_gmt":"2012-09-11T21:19:35","guid":{"rendered":"http:\/\/museumek.eu\/?page_id=13612"},"modified":"2013-07-23T20:40:12","modified_gmt":"2013-07-23T18:40:12","slug":"fi4","status":"publish","type":"page","link":"http:\/\/museumek.eu\/?page_id=13612","title":{"rendered":"F\/I\/2"},"content":{"rendered":"<p><strong>Abteilung Frankreich, Keramik 1860 \u2013 1960, Inventarnummer F\/I\/2<\/strong><\/p>\n<p>Manufacture Nationale de S\u00e8vres, Frankreich, S\u00e8vres, 1895\/1896, Vase mit floralem Golddekor, K\u00fcnstler unbekannt, Werks.-Nr. ohne, Exemplar Nr. ohne, gemarkt Fabrikmarke (marque de fabrication) mit S 95 schwarzer Stempel unter Glasur, Dekormarke (marque de d\u00e9coration) mit DORE A SEVRES, R J sowie 96 im Doppelkreis r\u00f6tlicher Stempel unter Glasur, E, 95 sowie 2 geritzt, PN gpresst, nicht signiert, Literatur: Br\u00f6han Museum, Bestandskatalog Bd. V.2, Porzellan, Kunst und Design 1889 bis 1939, Vom Jugendstil zum Funktionalismus, Seite 327, identische Fabrikmarke, Beschreibungen der Marken und Datierungssystem, dort die Golddekormarke nicht abgebildet, daf\u00fcr beschrieben DOR\u00c9 (vergoldet) ersetzt D\u00c9COR\u00c9, 1895 = Herstellungsjahr der Weissmasse, 1896 = Fertigstellung der Vase, Ausf\u00fchrung in Porzellan, H\u00f6he 34 cm, Breite 16 cm<\/p>\n<p><a href=\"http:\/\/museumek.eu\/wp-content\/uploads\/2012\/09\/Museum-Europ\u00e4ischer-Keramikkunst-26581.jpg\"><img loading=\"lazy\" src=\"http:\/\/museumek.eu\/wp-content\/uploads\/2012\/09\/Museum-Europ\u00e4ischer-Keramikkunst-26581-145x300.jpg\" alt=\"\" title=\"Museum Europ\u00e4ischer Keramikkunst 2658\" width=\"145\" height=\"300\" class=\"alignnone size-medium wp-image-13614\" \/><\/a><\/p>\n<p><a href=\"http:\/\/museumek.eu\/wp-content\/uploads\/2012\/09\/Museum-Europ\u00e4ischer-Keramikkunst-2660.jpg\"><img loading=\"lazy\" src=\"http:\/\/museumek.eu\/wp-content\/uploads\/2012\/09\/Museum-Europ\u00e4ischer-Keramikkunst-2660-146x300.jpg\" alt=\"\" title=\"Museum Europ\u00e4ischer Keramikkunst 2660\" width=\"146\" height=\"300\" class=\"alignnone size-medium wp-image-13615\" srcset=\"http:\/\/museumek.eu\/wp-content\/uploads\/2012\/09\/Museum-Europ\u00e4ischer-Keramikkunst-2660-146x300.jpg 146w, http:\/\/museumek.eu\/wp-content\/uploads\/2012\/09\/Museum-Europ\u00e4ischer-Keramikkunst-2660.jpg 433w\" sizes=\"(max-width: 146px) 100vw, 146px\" \/><\/a><\/p>\n<p><a href=\"http:\/\/museumek.eu\/wp-content\/uploads\/2012\/09\/Museum-Europ\u00e4ischer-Keramikkunst-2664.jpg\"><img loading=\"lazy\" src=\"http:\/\/museumek.eu\/wp-content\/uploads\/2012\/09\/Museum-Europ\u00e4ischer-Keramikkunst-2664-199x300.jpg\" alt=\"\" title=\"Museum Europ\u00e4ischer Keramikkunst 2664\" width=\"199\" height=\"300\" class=\"alignnone size-medium wp-image-13616\" srcset=\"http:\/\/museumek.eu\/wp-content\/uploads\/2012\/09\/Museum-Europ\u00e4ischer-Keramikkunst-2664-199x300.jpg 199w, http:\/\/museumek.eu\/wp-content\/uploads\/2012\/09\/Museum-Europ\u00e4ischer-Keramikkunst-2664.jpg 496w\" sizes=\"(max-width: 199px) 100vw, 199px\" \/><\/a><\/p>\n","protected":false},"excerpt":{"rendered":"<p>Abteilung Frankreich, Keramik 1860 \u2013 1960, Inventarnummer F\/I\/2 Manufacture Nationale de S\u00e8vres, Frankreich, S\u00e8vres, 1895\/1896, Vase mit floralem Golddekor, K\u00fcnstler unbekannt, Werks.-Nr. ohne, Exemplar Nr. ohne, gemarkt Fabrikmarke (marque de fabrication) mit S 95 schwarzer Stempel unter Glasur, Dekormarke (marque &hellip; <a href=\"http:\/\/museumek.eu\/?page_id=13612\">Weiterlesen <span class=\"meta-nav\">&rarr;<\/span><\/a><\/p>\n","protected":false},"author":1,"featured_media":0,"parent":2213,"menu_order":2,"comment_status":"closed","ping_status":"open","template":"","meta":[],"_links":{"self":[{"href":"http:\/\/museumek.eu\/index.php?rest_route=\/wp\/v2\/pages\/13612"}],"collection":[{"href":"http:\/\/museumek.eu\/index.php?rest_route=\/wp\/v2\/pages"}],"about":[{"href":"http:\/\/museumek.eu\/index.php?rest_route=\/wp\/v2\/types\/page"}],"author":[{"embeddable":true,"href":"http:\/\/museumek.eu\/index.php?rest_route=\/wp\/v2\/users\/1"}],"replies":[{"embeddable":true,"href":"http:\/\/museumek.eu\/index.php?rest_route=%2Fwp%2Fv2%2Fcomments&post=13612"}],"version-history":[{"count":5,"href":"http:\/\/museumek.eu\/index.php?rest_route=\/wp\/v2\/pages\/13612\/revisions"}],"predecessor-version":[{"id":25426,"href":"http:\/\/museumek.eu\/index.php?rest_route=\/wp\/v2\/pages\/13612\/revisions\/25426"}],"up":[{"embeddable":true,"href":"http:\/\/museumek.eu\/index.php?rest_route=\/wp\/v2\/pages\/2213"}],"wp:attachment":[{"href":"http:\/\/museumek.eu\/index.php?rest_route=%2Fwp%2Fv2%2Fmedia&parent=13612"}],"curies":[{"name":"wp","href":"https:\/\/api.w.org\/{rel}","templated":true}]}}