{"id":13653,"date":"2012-09-13T22:08:42","date_gmt":"2012-09-13T20:08:42","guid":{"rendered":"http:\/\/museumek.eu\/?page_id=13653"},"modified":"2012-09-13T22:08:42","modified_gmt":"2012-09-13T20:08:42","slug":"fxxviii1","status":"publish","type":"page","link":"http:\/\/museumek.eu\/?page_id=13653","title":{"rendered":"F\/XXVIII\/1"},"content":{"rendered":"<p><strong>Abteilung Frankreich, Keramik 1860 \u2013 1960, Inventarnummer F\/XXVIII\/1<\/strong><\/p>\n<p>Manufaktur G\u00e9rard, Dufraisseix &#038; Abbot, Frankreich, Limoges, Vase, um 1900, K\u00fcnstler Georges de Feure, Werksnummer ohne, Exemplar Nr. ohne, gemarkt Firmenmarke mit GDA sowie France gr\u00fcner Stempel unter Glasur, CH (f\u00fcr Charles) Field Haviland Limoges roter Kreisstempel auf Glasur, signiert de Feure schwarz gemalt, Literatur: Mary Frank Gaston, Collector\u2019s Encyclopedia of Limoges Porcelain, Third Edition, Seite 150 ff., Beschreibung der Manufaktur sowie Seite 152, Marken Nr. 1 sowie 3 identisch, weitere Literatur: Irmela Franzke und Badisches Landesmuseum Karlsruhe, Bestandskatalog Jugendstil, Seite 324, Nr. 379, Beschreibung einer identischen Vase (Museumsinventarnummer: 81\/345) sowie Abbildung 379, schwarz\/wei\u00df Abbildung dieser identischen Vase, H\u00f6he 13,5 cm, Breite 10 cm<\/p>\n<p><a href=\"http:\/\/museumek.eu\/wp-content\/uploads\/2012\/09\/Museum-Europ\u00e4ischer-Keramikkunst-2585.jpg\"><img loading=\"lazy\" src=\"http:\/\/museumek.eu\/wp-content\/uploads\/2012\/09\/Museum-Europ\u00e4ischer-Keramikkunst-2585-243x300.jpg\" alt=\"\" title=\"Museum Europ\u00e4ischer Keramikkunst 2585\" width=\"243\" height=\"300\" class=\"alignnone size-medium wp-image-13654\" srcset=\"http:\/\/museumek.eu\/wp-content\/uploads\/2012\/09\/Museum-Europ\u00e4ischer-Keramikkunst-2585-243x300.jpg 243w, http:\/\/museumek.eu\/wp-content\/uploads\/2012\/09\/Museum-Europ\u00e4ischer-Keramikkunst-2585.jpg 584w\" sizes=\"(max-width: 243px) 100vw, 243px\" \/><\/a><\/p>\n<p><a href=\"http:\/\/museumek.eu\/wp-content\/uploads\/2012\/09\/Museum-Europ\u00e4ischer-Keramikkunst-2586.jpg\"><img loading=\"lazy\" src=\"http:\/\/museumek.eu\/wp-content\/uploads\/2012\/09\/Museum-Europ\u00e4ischer-Keramikkunst-2586-262x300.jpg\" alt=\"\" title=\"Museum Europ\u00e4ischer Keramikkunst 2586\" width=\"262\" height=\"300\" class=\"alignnone size-medium wp-image-13655\" srcset=\"http:\/\/museumek.eu\/wp-content\/uploads\/2012\/09\/Museum-Europ\u00e4ischer-Keramikkunst-2586-262x300.jpg 262w, http:\/\/museumek.eu\/wp-content\/uploads\/2012\/09\/Museum-Europ\u00e4ischer-Keramikkunst-2586.jpg 701w\" sizes=\"(max-width: 262px) 100vw, 262px\" \/><\/a><\/p>\n<p><a href=\"http:\/\/museumek.eu\/wp-content\/uploads\/2012\/09\/Museum-Europ\u00e4ischer-Keramikkunst-2600.jpg\"><img loading=\"lazy\" src=\"http:\/\/museumek.eu\/wp-content\/uploads\/2012\/09\/Museum-Europ\u00e4ischer-Keramikkunst-2600-289x300.jpg\" alt=\"\" title=\"Museum Europ\u00e4ischer Keramikkunst 2600\" width=\"289\" height=\"300\" class=\"alignnone size-medium wp-image-13656\" srcset=\"http:\/\/museumek.eu\/wp-content\/uploads\/2012\/09\/Museum-Europ\u00e4ischer-Keramikkunst-2600-289x300.jpg 289w, http:\/\/museumek.eu\/wp-content\/uploads\/2012\/09\/Museum-Europ\u00e4ischer-Keramikkunst-2600.jpg 342w\" sizes=\"(max-width: 289px) 100vw, 289px\" \/><\/a><\/p>\n<p><a href=\"http:\/\/museumek.eu\/wp-content\/uploads\/2012\/09\/Museum-Europ\u00e4ischer-Keramikkunst-2590.jpg\"><img loading=\"lazy\" src=\"http:\/\/museumek.eu\/wp-content\/uploads\/2012\/09\/Museum-Europ\u00e4ischer-Keramikkunst-2590-221x300.jpg\" alt=\"\" title=\"Museum Europ\u00e4ischer Keramikkunst 2590\" width=\"221\" height=\"300\" class=\"alignnone size-medium wp-image-13657\" srcset=\"http:\/\/museumek.eu\/wp-content\/uploads\/2012\/09\/Museum-Europ\u00e4ischer-Keramikkunst-2590-221x300.jpg 221w, http:\/\/museumek.eu\/wp-content\/uploads\/2012\/09\/Museum-Europ\u00e4ischer-Keramikkunst-2590.jpg 284w\" sizes=\"(max-width: 221px) 100vw, 221px\" \/><\/a><\/p>\n","protected":false},"excerpt":{"rendered":"<p>Abteilung Frankreich, Keramik 1860 \u2013 1960, Inventarnummer F\/XXVIII\/1 Manufaktur G\u00e9rard, Dufraisseix &#038; Abbot, Frankreich, Limoges, Vase, um 1900, K\u00fcnstler Georges de Feure, Werksnummer ohne, Exemplar Nr. ohne, gemarkt Firmenmarke mit GDA sowie France gr\u00fcner Stempel unter Glasur, CH (f\u00fcr Charles) &hellip; <a href=\"http:\/\/museumek.eu\/?page_id=13653\">Weiterlesen <span class=\"meta-nav\">&rarr;<\/span><\/a><\/p>\n","protected":false},"author":1,"featured_media":0,"parent":13650,"menu_order":1,"comment_status":"closed","ping_status":"open","template":"","meta":[],"_links":{"self":[{"href":"http:\/\/museumek.eu\/index.php?rest_route=\/wp\/v2\/pages\/13653"}],"collection":[{"href":"http:\/\/museumek.eu\/index.php?rest_route=\/wp\/v2\/pages"}],"about":[{"href":"http:\/\/museumek.eu\/index.php?rest_route=\/wp\/v2\/types\/page"}],"author":[{"embeddable":true,"href":"http:\/\/museumek.eu\/index.php?rest_route=\/wp\/v2\/users\/1"}],"replies":[{"embeddable":true,"href":"http:\/\/museumek.eu\/index.php?rest_route=%2Fwp%2Fv2%2Fcomments&post=13653"}],"version-history":[{"count":2,"href":"http:\/\/museumek.eu\/index.php?rest_route=\/wp\/v2\/pages\/13653\/revisions"}],"predecessor-version":[{"id":13659,"href":"http:\/\/museumek.eu\/index.php?rest_route=\/wp\/v2\/pages\/13653\/revisions\/13659"}],"up":[{"embeddable":true,"href":"http:\/\/museumek.eu\/index.php?rest_route=\/wp\/v2\/pages\/13650"}],"wp:attachment":[{"href":"http:\/\/museumek.eu\/index.php?rest_route=%2Fwp%2Fv2%2Fmedia&parent=13653"}],"curies":[{"name":"wp","href":"https:\/\/api.w.org\/{rel}","templated":true}]}}