{"id":13688,"date":"2012-09-13T23:49:45","date_gmt":"2012-09-13T21:49:45","guid":{"rendered":"http:\/\/museumek.eu\/?page_id=13688"},"modified":"2013-04-16T14:09:46","modified_gmt":"2013-04-16T12:09:46","slug":"dxxi2","status":"publish","type":"page","link":"http:\/\/museumek.eu\/?page_id=13688","title":{"rendered":"D\/XXI\/2"},"content":{"rendered":"<p><strong>Abteilung Deutschland, Keramik 1860 \u2013 1960, Inventarnummer D\/XXI\/2<\/strong><\/p>\n<p>Manufaktur Ludwig Wessel Actiengesellschaft f\u00fcr Porzellan- und Steingutfabrikation, Deutschland, Bonn-Poppelsdorf, vor 1900, Zierteller, K\u00fcnstler unbekannt, Werks.-Nr. ohne, Exemplar Nr. ohne, gemarkt Firmenmarke mit Krone, L (f\u00fcr Ludwig), W (f\u00fcr Wessel), sowie CA (f\u00fcr Kurf\u00fcrst Clement August, wobei das CA, mit welchem die Produkte aus der Anfangszeit der Manufaktur gemarkt worden sind, durch vielfache Voluten in seiner Gestaltung symmetrisch geworden ist und nur noch identifiziert werden kann, wenn man den historischen Zusammenhang kennt) sowie ungedeutetes Zeichen gepresst, Muster-Schutz in rotem Rundstempel unter Glasur, 3382 Gold auf Glasur gemalt, nicht signiert, Literatur: Michael Weisser, Porzellan- und Steingutfabrik Ludwig Wessel Bonn-Poppelsdorf, Katalog 2 zur Ausstellung Volkskunst im Wandel, Seite 171, Marke Nr. 24 identisch, die Manufaktur hatte folgende unterschiedliche Firmenbezeichnungen: Porzellan- und Steingutfabrik Ludwig Wessel (1840 \u2013 1888), Ludwig Wessel Actiengesellschaft f\u00fcr Porzellan- und Steingutfabrikation (1888 \u2013 1929), Wessel Keramische Werke Aktiengesellschaft (1929 \u2013 1969), siehe auch MEK D\/XXI\/3 identischer Teller, partielle Goldmalerei, Fahne mit Goldrand, Durchmesser 24 cm<\/p>\n<p><a href=\"http:\/\/museumek.eu\/wp-content\/uploads\/2012\/09\/Museum-Europ\u00e4ischer-Keramikkunst-2932.jpg\"><img loading=\"lazy\" src=\"http:\/\/museumek.eu\/wp-content\/uploads\/2012\/09\/Museum-Europ\u00e4ischer-Keramikkunst-2932-300x291.jpg\" alt=\"\" title=\"Museum Europ\u00e4ischer Keramikkunst 2932\" width=\"300\" height=\"291\" class=\"alignnone size-medium wp-image-13689\" srcset=\"http:\/\/museumek.eu\/wp-content\/uploads\/2012\/09\/Museum-Europ\u00e4ischer-Keramikkunst-2932-300x291.jpg 300w, http:\/\/museumek.eu\/wp-content\/uploads\/2012\/09\/Museum-Europ\u00e4ischer-Keramikkunst-2932-308x300.jpg 308w, http:\/\/museumek.eu\/wp-content\/uploads\/2012\/09\/Museum-Europ\u00e4ischer-Keramikkunst-2932.jpg 731w\" sizes=\"(max-width: 300px) 100vw, 300px\" \/><\/a><\/p>\n<p><a href=\"http:\/\/museumek.eu\/wp-content\/uploads\/2012\/09\/Museum-Europ\u00e4ischer-Keramikkunst-2933.jpg\"><img loading=\"lazy\" src=\"http:\/\/museumek.eu\/wp-content\/uploads\/2012\/09\/Museum-Europ\u00e4ischer-Keramikkunst-2933-221x300.jpg\" alt=\"\" title=\"Museum Europ\u00e4ischer Keramikkunst 2933\" width=\"221\" height=\"300\" class=\"alignnone size-medium wp-image-13690\" srcset=\"http:\/\/museumek.eu\/wp-content\/uploads\/2012\/09\/Museum-Europ\u00e4ischer-Keramikkunst-2933-221x300.jpg 221w, http:\/\/museumek.eu\/wp-content\/uploads\/2012\/09\/Museum-Europ\u00e4ischer-Keramikkunst-2933.jpg 443w\" sizes=\"(max-width: 221px) 100vw, 221px\" \/><\/a><\/p>\n<p><a href=\"http:\/\/museumek.eu\/wp-content\/uploads\/2012\/09\/Museum-Europ\u00e4ischer-Keramikkunst-2934.jpg\"><img loading=\"lazy\" src=\"http:\/\/museumek.eu\/wp-content\/uploads\/2012\/09\/Museum-Europ\u00e4ischer-Keramikkunst-2934-223x300.jpg\" alt=\"\" title=\"Museum Europ\u00e4ischer Keramikkunst 2934\" width=\"223\" height=\"300\" class=\"alignnone size-medium wp-image-13691\" srcset=\"http:\/\/museumek.eu\/wp-content\/uploads\/2012\/09\/Museum-Europ\u00e4ischer-Keramikkunst-2934-223x300.jpg 223w, http:\/\/museumek.eu\/wp-content\/uploads\/2012\/09\/Museum-Europ\u00e4ischer-Keramikkunst-2934.jpg 485w\" sizes=\"(max-width: 223px) 100vw, 223px\" \/><\/a> <\/p>\n","protected":false},"excerpt":{"rendered":"<p>Abteilung Deutschland, Keramik 1860 \u2013 1960, Inventarnummer D\/XXI\/2 Manufaktur Ludwig Wessel Actiengesellschaft f\u00fcr Porzellan- und Steingutfabrikation, Deutschland, Bonn-Poppelsdorf, vor 1900, Zierteller, K\u00fcnstler unbekannt, Werks.-Nr. ohne, Exemplar Nr. ohne, gemarkt Firmenmarke mit Krone, L (f\u00fcr Ludwig), W (f\u00fcr Wessel), sowie CA &hellip; <a href=\"http:\/\/museumek.eu\/?page_id=13688\">Weiterlesen <span class=\"meta-nav\">&rarr;<\/span><\/a><\/p>\n","protected":false},"author":1,"featured_media":0,"parent":3462,"menu_order":2,"comment_status":"closed","ping_status":"open","template":"","meta":[],"_links":{"self":[{"href":"http:\/\/museumek.eu\/index.php?rest_route=\/wp\/v2\/pages\/13688"}],"collection":[{"href":"http:\/\/museumek.eu\/index.php?rest_route=\/wp\/v2\/pages"}],"about":[{"href":"http:\/\/museumek.eu\/index.php?rest_route=\/wp\/v2\/types\/page"}],"author":[{"embeddable":true,"href":"http:\/\/museumek.eu\/index.php?rest_route=\/wp\/v2\/users\/1"}],"replies":[{"embeddable":true,"href":"http:\/\/museumek.eu\/index.php?rest_route=%2Fwp%2Fv2%2Fcomments&post=13688"}],"version-history":[{"count":6,"href":"http:\/\/museumek.eu\/index.php?rest_route=\/wp\/v2\/pages\/13688\/revisions"}],"predecessor-version":[{"id":19816,"href":"http:\/\/museumek.eu\/index.php?rest_route=\/wp\/v2\/pages\/13688\/revisions\/19816"}],"up":[{"embeddable":true,"href":"http:\/\/museumek.eu\/index.php?rest_route=\/wp\/v2\/pages\/3462"}],"wp:attachment":[{"href":"http:\/\/museumek.eu\/index.php?rest_route=%2Fwp%2Fv2%2Fmedia&parent=13688"}],"curies":[{"name":"wp","href":"https:\/\/api.w.org\/{rel}","templated":true}]}}