{"id":13866,"date":"2012-09-15T18:48:13","date_gmt":"2012-09-15T16:48:13","guid":{"rendered":"http:\/\/museumek.eu\/?page_id=13866"},"modified":"2012-09-23T19:15:16","modified_gmt":"2012-09-23T17:15:16","slug":"fotos-und-beschreibung","status":"publish","type":"page","link":"http:\/\/museumek.eu\/?page_id=13866","title":{"rendered":"Fotos und Beschreibung"},"content":{"rendered":"<p><strong>Abteilung Frankreich, Keramik 1860 \u2013 1960, Inventarnummer F\/XXXI\/1<\/strong><\/p>\n<p>Manufaktur Ernest Baudin, Frankreich, Vaugirard\/Paris, Majolikawandteller, 1888, K\u00fcnstler Ernest Baudin, Werksnummer ohne, Exemplar Nr. Unikat, gemarkt E. Baudin sowie 1888 geritzt, signiert = gemarkt, Zuschreibung: S\u00e9vres, Revue de la Soci\u00e9t\u00e9 des amis du Mus\u00e9e National de Ceramique, Seite 126 ff., Artikel von Prof. Paul Arthur, Universit\u00e4t Salento, Italien, Les ceramiques du 24 rue de la Quintinie, Baudin, Wolf, Mougin, Ernest Baudin nutzte in der 24 rue de la Quintinie, Vaugirard\/Paris eine Werkstatt f\u00fcr seine Keramikproduktion, dann arbeitete er f\u00fcr die Manufaktur Sevres und verpachtete oder verkaufte die R\u00e4ume an Jules Wolf. Sp\u00e4ter wurde die R\u00e4ume von Joseph Mougin genutzt sowie S. 129, Prof. Arthur weist eine Keramik mit dem gemeinsamen Signum von Baudin und Wolf succ. nach (siehe Foto unten), insofern wurde der MEK Wandteller nicht Eug\u00e8ne Baudin, sondern dessen Bruder Ernest Baudin zugeschrieben. Eug\u00e8ne Baudin stellte zur gleichen Zeit Majolika in Vierzon her. Abbildung auf dem Wandteller wohl die 12 Apostel und mit CANEBAM bezeichnete orgiastische Besingungsszene, Durchmesser 25 cm<\/p>\n<p><a href=\"http:\/\/museumek.eu\/wp-content\/uploads\/2012\/09\/Museum-Europ\u00e4ischer-Keramikkunst-2161.jpg\"><img loading=\"lazy\" src=\"http:\/\/museumek.eu\/wp-content\/uploads\/2012\/09\/Museum-Europ\u00e4ischer-Keramikkunst-2161-300x293.jpg\" alt=\"\" title=\"Museum Europ\u00e4ischer Keramikkunst 2161\" width=\"300\" height=\"293\" class=\"alignnone size-medium wp-image-13857\" srcset=\"http:\/\/museumek.eu\/wp-content\/uploads\/2012\/09\/Museum-Europ\u00e4ischer-Keramikkunst-2161-300x293.jpg 300w, http:\/\/museumek.eu\/wp-content\/uploads\/2012\/09\/Museum-Europ\u00e4ischer-Keramikkunst-2161-306x300.jpg 306w, http:\/\/museumek.eu\/wp-content\/uploads\/2012\/09\/Museum-Europ\u00e4ischer-Keramikkunst-2161.jpg 751w\" sizes=\"(max-width: 300px) 100vw, 300px\" \/><\/a><\/p>\n<p><a href=\"http:\/\/museumek.eu\/wp-content\/uploads\/2012\/09\/Museum-Europ\u00e4ischer-Keramikkunst-2162.jpg\"><img loading=\"lazy\" src=\"http:\/\/museumek.eu\/wp-content\/uploads\/2012\/09\/Museum-Europ\u00e4ischer-Keramikkunst-2162-300x225.jpg\" alt=\"\" title=\"Museum Europ\u00e4ischer Keramikkunst 2162\" width=\"300\" height=\"225\" class=\"alignnone size-medium wp-image-13858\" srcset=\"http:\/\/museumek.eu\/wp-content\/uploads\/2012\/09\/Museum-Europ\u00e4ischer-Keramikkunst-2162-300x225.jpg 300w, http:\/\/museumek.eu\/wp-content\/uploads\/2012\/09\/Museum-Europ\u00e4ischer-Keramikkunst-2162-400x300.jpg 400w, http:\/\/museumek.eu\/wp-content\/uploads\/2012\/09\/Museum-Europ\u00e4ischer-Keramikkunst-2162.jpg 1024w\" sizes=\"(max-width: 300px) 100vw, 300px\" \/><\/a><\/p>\n<p><a href=\"http:\/\/museumek.eu\/wp-content\/uploads\/2012\/09\/Museum-Europ\u00e4ischer-Keramikkunst-2163.jpg\"><img loading=\"lazy\" src=\"http:\/\/museumek.eu\/wp-content\/uploads\/2012\/09\/Museum-Europ\u00e4ischer-Keramikkunst-2163-300x208.jpg\" alt=\"\" title=\"Museum Europ\u00e4ischer Keramikkunst 2163\" width=\"300\" height=\"208\" class=\"alignnone size-medium wp-image-13859\" srcset=\"http:\/\/museumek.eu\/wp-content\/uploads\/2012\/09\/Museum-Europ\u00e4ischer-Keramikkunst-2163-300x208.jpg 300w, http:\/\/museumek.eu\/wp-content\/uploads\/2012\/09\/Museum-Europ\u00e4ischer-Keramikkunst-2163-432x300.jpg 432w, http:\/\/museumek.eu\/wp-content\/uploads\/2012\/09\/Museum-Europ\u00e4ischer-Keramikkunst-2163.jpg 437w\" sizes=\"(max-width: 300px) 100vw, 300px\" \/><\/a><\/p>\n<p><a href=\"http:\/\/museumek.eu\/wp-content\/uploads\/2012\/09\/Boudin-und-J.-Wolf.jpg\"><img loading=\"lazy\" src=\"http:\/\/museumek.eu\/wp-content\/uploads\/2012\/09\/Boudin-und-J.-Wolf-300x145.jpg\" alt=\"\" title=\"Boudin und J. Wolf\" width=\"300\" height=\"145\" class=\"alignnone size-medium wp-image-13860\" srcset=\"http:\/\/museumek.eu\/wp-content\/uploads\/2012\/09\/Boudin-und-J.-Wolf-300x145.jpg 300w, http:\/\/museumek.eu\/wp-content\/uploads\/2012\/09\/Boudin-und-J.-Wolf-1024x495.jpg 1024w, http:\/\/museumek.eu\/wp-content\/uploads\/2012\/09\/Boudin-und-J.-Wolf-500x241.jpg 500w, http:\/\/museumek.eu\/wp-content\/uploads\/2012\/09\/Boudin-und-J.-Wolf.jpg 1061w\" sizes=\"(max-width: 300px) 100vw, 300px\" \/><\/a><\/p>\n","protected":false},"excerpt":{"rendered":"<p>Abteilung Frankreich, Keramik 1860 \u2013 1960, Inventarnummer F\/XXXI\/1 Manufaktur Ernest Baudin, Frankreich, Vaugirard\/Paris, Majolikawandteller, 1888, K\u00fcnstler Ernest Baudin, Werksnummer ohne, Exemplar Nr. Unikat, gemarkt E. Baudin sowie 1888 geritzt, signiert = gemarkt, Zuschreibung: S\u00e9vres, Revue de la Soci\u00e9t\u00e9 des amis &hellip; <a href=\"http:\/\/museumek.eu\/?page_id=13866\">Weiterlesen <span class=\"meta-nav\">&rarr;<\/span><\/a><\/p>\n","protected":false},"author":1,"featured_media":0,"parent":13863,"menu_order":1,"comment_status":"closed","ping_status":"closed","template":"","meta":[],"_links":{"self":[{"href":"http:\/\/museumek.eu\/index.php?rest_route=\/wp\/v2\/pages\/13866"}],"collection":[{"href":"http:\/\/museumek.eu\/index.php?rest_route=\/wp\/v2\/pages"}],"about":[{"href":"http:\/\/museumek.eu\/index.php?rest_route=\/wp\/v2\/types\/page"}],"author":[{"embeddable":true,"href":"http:\/\/museumek.eu\/index.php?rest_route=\/wp\/v2\/users\/1"}],"replies":[{"embeddable":true,"href":"http:\/\/museumek.eu\/index.php?rest_route=%2Fwp%2Fv2%2Fcomments&post=13866"}],"version-history":[{"count":3,"href":"http:\/\/museumek.eu\/index.php?rest_route=\/wp\/v2\/pages\/13866\/revisions"}],"predecessor-version":[{"id":14234,"href":"http:\/\/museumek.eu\/index.php?rest_route=\/wp\/v2\/pages\/13866\/revisions\/14234"}],"up":[{"embeddable":true,"href":"http:\/\/museumek.eu\/index.php?rest_route=\/wp\/v2\/pages\/13863"}],"wp:attachment":[{"href":"http:\/\/museumek.eu\/index.php?rest_route=%2Fwp%2Fv2%2Fmedia&parent=13866"}],"curies":[{"name":"wp","href":"https:\/\/api.w.org\/{rel}","templated":true}]}}