{"id":13915,"date":"2012-09-16T12:05:52","date_gmt":"2012-09-16T10:05:52","guid":{"rendered":"http:\/\/museumek.eu\/?page_id=13915"},"modified":"2021-02-06T17:01:04","modified_gmt":"2021-02-06T16:01:04","slug":"dlvi1","status":"publish","type":"page","link":"http:\/\/museumek.eu\/?page_id=13915","title":{"rendered":"D\/LVI\/1"},"content":{"rendered":"<p><strong>Abteilung Deutschland, Keramik 1860 \u2013 1960, Inventarnummer D\/LVI\/1<\/strong><\/p>\n<p>Porzellanfabrik Stadtlengsfeld AG, vormals Porzellanfabrik Stadtlengsfeld GmbH, vormals Porzellanfabrik Stadtlengsfeld Carl Frisch, vormals Porzellanfabrik Stadtlengsfeld Koch &#038; Schnorr, Deutschland, Stadtlengsfeld, um 1915, Teller mit Rosen, K\u00fcnstler unbekannt, Werks.-Nr. ohne, Exemplar Nr. ohne, gemarkt Firmenmarke mit PST A.G., STADTLENGSFELD sowie ungedeutetes Zeichen alles orange-rote Stempel auf Glasur, nicht signiert, Literatur: Robert E. R\u00f6ntgen, Deutsche Porzellanmarken von 1710 bis heute (Ausgabe Jahr 2000), Seite 327, Marke Nr. 2572 identisch (dort angegeben f\u00fcr die Zeit 1909 \u2013 ca. 1945), weitere Literatur: Otto Pelka, Keramik der Neuzeit, Markentafel IX, Marke Nr. 150 identisch sowie Herstellerverzeichnis Seite 212, Marke benannt mit Porzellanfabrik Stadtlengsfeld, weitere Literatur: Gustav Wei\u00df, Ullstein Porzellanbuch, Seite 306, Marke Nr. 4 identisch, weitere Literatur: Dieter Z\u00fchlsdorff, Markenlexikon Band 1, Porzellan und Keramik Report 1885 &#8211; 1935, Seite 56, Werk-Teil 1., Gruppennummer des Werkteils 1., laufende Nummer innerhalb der Gruppe 999, dort identische Marke (f\u00fcr die Zeit 1909 bis 1930) sowie Seite 617, Werk-Teil Nr. 3., laufende Nummer des Werkteils 1209, dort kurze unvollst\u00e4ndige Beschreibung der Fabrik, weitere Literatur: Ludwig Danckert, Handbuch des Europ\u00e4ischen Porzellans, 7. Auflage, Seite 669, Marke Nr. 154 identisch (dort beschrieben, dass die Marke am 11.10.1909 eingetragen worden ist), die Porzellanfabrik wurde 1889 von Koch und Schnorr gegr\u00fcndet, Firmierung Porzellanfabrik Stadtlengsfeld Koch &#038; Schnorr, 1896 gingen Koch &#038; Schnorr in Konkurs, die Fabrik wurde von Carl Frisch aufgekauft, Firmierung Porzellanfabrik Stadtlengsfeld Carl Frisch, 1901 ging Frisch in Konkurs, 1902 wurde die Fabrik von B\u00fcchner, Seiffert, Reuss und Beckmann, alle 4 wahrscheinlich Einwohner der Stadt, aufgekauft und als GmbH weitergef\u00fchrt, Firmierung Porzellanfabrik Stadtlengsfeld GmbH, 1908\/1909 Umwandlung in eine AG, Firmierung Porzellanfabrik Stadtlengsfeld AG, 1947 erfolgte die Verstaatlichung, Firmierung VEB Porzellan Stadtlengsfeld, Durchmesser 13,7 cm<\/p>\n<p><a href=\"http:\/\/museumek.eu\/wp-content\/uploads\/2012\/09\/Museum-Europ\u00e4ischer-Keramikkunst-28371.jpg\"><img loading=\"lazy\" src=\"http:\/\/museumek.eu\/wp-content\/uploads\/2012\/09\/Museum-Europ\u00e4ischer-Keramikkunst-28371-300x286.jpg\" alt=\"\" title=\"Museum Europ\u00e4ischer Keramikkunst 2837\" width=\"300\" height=\"286\" class=\"alignnone size-medium wp-image-13917\" srcset=\"http:\/\/museumek.eu\/wp-content\/uploads\/2012\/09\/Museum-Europ\u00e4ischer-Keramikkunst-28371-300x286.jpg 300w, http:\/\/museumek.eu\/wp-content\/uploads\/2012\/09\/Museum-Europ\u00e4ischer-Keramikkunst-28371.jpg 721w\" sizes=\"(max-width: 300px) 100vw, 300px\" \/><\/a><\/p>\n<p><a href=\"http:\/\/museumek.eu\/wp-content\/uploads\/2012\/09\/Museum-Europ\u00e4ischer-Keramikkunst-2838.jpg\"><img loading=\"lazy\" src=\"http:\/\/museumek.eu\/wp-content\/uploads\/2012\/09\/Museum-Europ\u00e4ischer-Keramikkunst-2838.jpg\" alt=\"\" title=\"Museum Europ\u00e4ischer Keramikkunst 2838\" width=\"205\" height=\"286\" class=\"alignnone size-full wp-image-13918\" \/><\/a><\/p>\n","protected":false},"excerpt":{"rendered":"<p>Abteilung Deutschland, Keramik 1860 \u2013 1960, Inventarnummer D\/LVI\/1 Porzellanfabrik Stadtlengsfeld AG, vormals Porzellanfabrik Stadtlengsfeld GmbH, vormals Porzellanfabrik Stadtlengsfeld Carl Frisch, vormals Porzellanfabrik Stadtlengsfeld Koch &#038; Schnorr, Deutschland, Stadtlengsfeld, um 1915, Teller mit Rosen, K\u00fcnstler unbekannt, Werks.-Nr. ohne, Exemplar Nr. ohne, &hellip; <a href=\"http:\/\/museumek.eu\/?page_id=13915\">Weiterlesen <span class=\"meta-nav\">&rarr;<\/span><\/a><\/p>\n","protected":false},"author":1,"featured_media":0,"parent":13912,"menu_order":1,"comment_status":"closed","ping_status":"open","template":"","meta":[],"_links":{"self":[{"href":"http:\/\/museumek.eu\/index.php?rest_route=\/wp\/v2\/pages\/13915"}],"collection":[{"href":"http:\/\/museumek.eu\/index.php?rest_route=\/wp\/v2\/pages"}],"about":[{"href":"http:\/\/museumek.eu\/index.php?rest_route=\/wp\/v2\/types\/page"}],"author":[{"embeddable":true,"href":"http:\/\/museumek.eu\/index.php?rest_route=\/wp\/v2\/users\/1"}],"replies":[{"embeddable":true,"href":"http:\/\/museumek.eu\/index.php?rest_route=%2Fwp%2Fv2%2Fcomments&post=13915"}],"version-history":[{"count":5,"href":"http:\/\/museumek.eu\/index.php?rest_route=\/wp\/v2\/pages\/13915\/revisions"}],"predecessor-version":[{"id":53156,"href":"http:\/\/museumek.eu\/index.php?rest_route=\/wp\/v2\/pages\/13915\/revisions\/53156"}],"up":[{"embeddable":true,"href":"http:\/\/museumek.eu\/index.php?rest_route=\/wp\/v2\/pages\/13912"}],"wp:attachment":[{"href":"http:\/\/museumek.eu\/index.php?rest_route=%2Fwp%2Fv2%2Fmedia&parent=13915"}],"curies":[{"name":"wp","href":"https:\/\/api.w.org\/{rel}","templated":true}]}}