{"id":13924,"date":"2012-09-16T12:09:54","date_gmt":"2012-09-16T10:09:54","guid":{"rendered":"http:\/\/museumek.eu\/?page_id=13924"},"modified":"2021-02-06T16:53:16","modified_gmt":"2021-02-06T15:53:16","slug":"fotos-und-beschreibung","status":"publish","type":"page","link":"http:\/\/museumek.eu\/?page_id=13924","title":{"rendered":"Fotos und Beschreibung"},"content":{"rendered":"<p><strong>Abteilung Deutschland, Keramik 1860 \u2013 1960, Inventarnummer D\/LVI\/1<\/strong><\/p>\n<p>Porzellanfabrik Stadtlengsfeld AG, vormals Porzellanfabrik Stadtlengsfeld GmbH, vormals Porzellanfabrik Stadtlengsfeld Carl Frisch, vormals Porzellanfabrik Stadtlengsfeld Koch &#038; Schnorr, Deutschland, Stadtlengsfeld, um 1915, Teller mit Rosen, K\u00fcnstler unbekannt, Werks.-Nr. ohne, Exemplar Nr. ohne, gemarkt Firmenmarke mit PST A.G., STADTLENGSFELD sowie ungedeutetes Zeichen alles orange-rote Stempel auf Glasur, nicht signiert, Literatur: Robert E. R\u00f6ntgen, Deutsche Porzellanmarken von 1710 bis heute (Ausgabe Jahr 2000), Seite 327, Marke Nr. 2572 identisch (dort angegeben f\u00fcr die Zeit 1909 \u2013 ca. 1945), weitere Literatur: Otto Pelka, Keramik der Neuzeit, Markentafel IX, Marke Nr. 150 identisch sowie Herstellerverzeichnis Seite 212, Marke benannt mit Porzellanfabrik Stadtlengsfeld, weitere Literatur: Gustav Wei\u00df, Ullstein Porzellanbuch, Seite 306, Marke Nr. 4 identisch, weitere Literatur: Dieter Z\u00fchlsdorff, Markenlexikon Band 1, Porzellan und Keramik Report 1885 &#8211; 1935, Seite 56, Werk-Teil 1., Gruppennummer des Werkteils 1., laufende Nummer innerhalb der Gruppe 999, dort identische Marke (f\u00fcr die Zeit 1909 bis 1930) sowie Seite 617, Werk-Teil Nr. 3., laufende Nummer des Werkteils 1209, dort kurze unvollst\u00e4ndige Beschreibung der Fabrik, weitere Literatur: Ludwig Danckert, Handbuch des Europ\u00e4ischen Porzellans, 7. Auflage, Seite 669, Marke Nr. 154 identisch (dort beschrieben, dass die Marke am 11.10.1909 eingetragen worden ist), die Porzellanfabrik wurde 1889 von Koch und Schnorr gegr\u00fcndet, Firmierung Porzellanfabrik Stadtlengsfeld Koch &#038; Schnorr, 1896 gingen Koch &#038; Schnorr in Konkurs, die Fabrik wurde von Carl Frisch aufgekauft, Firmierung Porzellanfabrik Stadtlengsfeld Carl Frisch, 1901 ging Frisch in Konkurs, 1902 wurde die Fabrik von B\u00fcchner, Seiffert, Reuss und Beckmann, alle 4 wahrscheinlich Einwohner der Stadt, aufgekauft und als GmbH weitergef\u00fchrt, Firmierung Porzellanfabrik Stadtlengsfeld GmbH, 1908\/1909 Umwandlung in eine AG, Firmierung Porzellanfabrik Stadtlengsfeld AG, 1947 erfolgte die Verstaatlichung, Firmierung VEB Porzellan Stadtlengsfeld, Durchmesser 13,7 cm<\/p>\n<p><a href=\"http:\/\/museumek.eu\/wp-content\/uploads\/2012\/09\/Museum-Europ\u00e4ischer-Keramikkunst-28371.jpg\"><img loading=\"lazy\" src=\"http:\/\/museumek.eu\/wp-content\/uploads\/2012\/09\/Museum-Europ\u00e4ischer-Keramikkunst-28371-300x286.jpg\" alt=\"\" title=\"Museum Europ\u00e4ischer Keramikkunst 2837\" width=\"300\" height=\"286\" class=\"alignnone size-medium wp-image-13917\" srcset=\"http:\/\/museumek.eu\/wp-content\/uploads\/2012\/09\/Museum-Europ\u00e4ischer-Keramikkunst-28371-300x286.jpg 300w, http:\/\/museumek.eu\/wp-content\/uploads\/2012\/09\/Museum-Europ\u00e4ischer-Keramikkunst-28371.jpg 721w\" sizes=\"(max-width: 300px) 100vw, 300px\" \/><\/a><\/p>\n<p><a href=\"http:\/\/museumek.eu\/wp-content\/uploads\/2012\/09\/Museum-Europ\u00e4ischer-Keramikkunst-2838.jpg\"><img loading=\"lazy\" src=\"http:\/\/museumek.eu\/wp-content\/uploads\/2012\/09\/Museum-Europ\u00e4ischer-Keramikkunst-2838.jpg\" alt=\"\" title=\"Museum Europ\u00e4ischer Keramikkunst 2838\" width=\"205\" height=\"286\" class=\"alignnone size-full wp-image-13918\" \/><\/a><\/p>\n<p><strong>Abteilung Deutschland, Keramik 1860 \u2013 1960, Inventarnummer D\/LVI\/2<\/strong><\/p>\n<p>Porzellanfabrik Stadtlengsfeld AG, vormals Porzellanfabrik Stadtlengsfeld GmbH, vormals Porzellanfabrik Stadtlengsfeld Carl Frisch, vormals Porzellanfabrik Stadtlengsfeld Koch &#038; Schnorr, Deutschland, Stadtlengsfeld, um 1960, Deckeldose, K\u00fcnstler unbekannt, Werks.-Nr. ohne, Exemplar Nr. ohne, gemarkt Firmenmarke ein Flugzeug, unter den Fl\u00fcgeln zwei ungedeutete Zeichen, unter dem Flugzeug halbkreisf\u00f6rmig STADTLENGSFELD, MADE IN GERMANY sowie 5 A gr\u00fcne Stempel unter Glasur, 0.40 gepresst, nicht signiert, Literatur: Robert E. R\u00f6ntgen, Deutsche Porzellanmarken von 1710 bis heute (Ausgabe Jahr 2000), Seite 327, Marke Nr. 2578 identisch (dort angegeben f\u00fcr die Zeit 1959 \u2013 1969, dort ohne Zusatz MADE IN GERMANY), die Porzellanfabrik wurde 1889 von Koch und Schnorr gegr\u00fcndet, Firmierung Porzellanfabrik Stadtlengsfeld Koch &#038; Schnorr, 1896 gingen Koch &#038; Schnorr in Konkurs, die Fabrik wurde von Carl Frisch aufgekauft, Firmierung Porzellanfabrik Stadtlengsfeld Carl Frisch, 1901 ging Frisch in Konkurs, 1902 wurde die Fabrik von B\u00fcchner, Seiffert, Reuss und Beckmann, alle 4 wahrscheinlich Einwohner der Stadt, aufgekauft und als GmbH weitergef\u00fchrt, Firmierung Porzellanfabrik Stadtlengsfeld GmbH, 1908\/1909 Umwandlung in eine AG, Firmierung Porzellanfabrik Stadtlengsfeld AG, 1947 erfolgte die Verstaatlichung, Firmierung VEB Porzellan Stadtlengsfeld,<br \/>\nH\u00f6he 12 cm, Breite 11,5 cm<\/p>\n<p><a href=\"http:\/\/museumek.eu\/?attachment_id=38166\" rel=\"attachment wp-att-38166\"><img loading=\"lazy\" src=\"http:\/\/museumek.eu\/wp-content\/uploads\/2015\/03\/2976-271x300.jpg\" alt=\"\" title=\"2976\" width=\"271\" height=\"300\" class=\"alignnone size-medium wp-image-38166\" srcset=\"http:\/\/museumek.eu\/wp-content\/uploads\/2015\/03\/2976-271x300.jpg 271w, http:\/\/museumek.eu\/wp-content\/uploads\/2015\/03\/2976-135x150.jpg 135w, http:\/\/museumek.eu\/wp-content\/uploads\/2015\/03\/2976.jpg 600w\" sizes=\"(max-width: 271px) 100vw, 271px\" \/><\/a><\/p>\n<p><a href=\"http:\/\/museumek.eu\/?attachment_id=38167\" rel=\"attachment wp-att-38167\"><img loading=\"lazy\" src=\"http:\/\/museumek.eu\/wp-content\/uploads\/2015\/03\/2977-169x300.jpg\" alt=\"\" title=\"2977\" width=\"169\" height=\"300\" class=\"alignnone size-medium wp-image-38167\" srcset=\"http:\/\/museumek.eu\/wp-content\/uploads\/2015\/03\/2977-169x300.jpg 169w, http:\/\/museumek.eu\/wp-content\/uploads\/2015\/03\/2977-84x150.jpg 84w, http:\/\/museumek.eu\/wp-content\/uploads\/2015\/03\/2977.jpg 451w\" sizes=\"(max-width: 169px) 100vw, 169px\" \/><\/a><\/p>\n<p><a href=\"http:\/\/museumek.eu\/?attachment_id=38168\" rel=\"attachment wp-att-38168\"><img loading=\"lazy\" src=\"http:\/\/museumek.eu\/wp-content\/uploads\/2015\/03\/2978-159x300.jpg\" alt=\"\" title=\"2978\" width=\"159\" height=\"300\" class=\"alignnone size-medium wp-image-38168\" srcset=\"http:\/\/museumek.eu\/wp-content\/uploads\/2015\/03\/2978-159x300.jpg 159w, http:\/\/museumek.eu\/wp-content\/uploads\/2015\/03\/2978-79x150.jpg 79w, http:\/\/museumek.eu\/wp-content\/uploads\/2015\/03\/2978.jpg 426w\" sizes=\"(max-width: 159px) 100vw, 159px\" \/><\/a><\/p>\n<p><a href=\"http:\/\/museumek.eu\/?attachment_id=38169\" rel=\"attachment wp-att-38169\"><img loading=\"lazy\" src=\"http:\/\/museumek.eu\/wp-content\/uploads\/2015\/03\/2979-288x300.jpg\" alt=\"\" title=\"2979\" width=\"288\" height=\"300\" class=\"alignnone size-medium wp-image-38169\" srcset=\"http:\/\/museumek.eu\/wp-content\/uploads\/2015\/03\/2979-288x300.jpg 288w, http:\/\/museumek.eu\/wp-content\/uploads\/2015\/03\/2979-144x150.jpg 144w, http:\/\/museumek.eu\/wp-content\/uploads\/2015\/03\/2979.jpg 600w\" sizes=\"(max-width: 288px) 100vw, 288px\" \/><\/a><\/p>\n<p><strong>Abteilung Deutschland, Keramik 1860 \u2013 1960, Inventarnummer D\/LVI\/3<\/strong><\/p>\n<p>Porzellanfabrik Stadtlengsfeld AG, vormals Porzellanfabrik Stadtlengsfeld GmbH, vormals Porzellanfabrik Stadtlengsfeld Carl Frisch, vormals Porzellanfabrik Stadtlengsfeld Koch &#038; Schnorr, Deutschland, Stadtlengsfeld, um 1935, Schale, K\u00fcnstler unbekannt, Werks.-Nr. ohne, Exemplar Nr. ohne, gemarkt Firmenmarke ein Flugzeug dar\u00fcber FELDA, darunter RH\u00d6N, zwischen FELDA und RH\u00d6N 7 senkrechte bzw. schr\u00e4ge Striche dunkelgr\u00fcner Stempel unter Glasur, 23084 sowie 24 in Gold auf Glasur gestempelt, nicht signiert, Literatur: Robert E. R\u00f6ntgen, Deutsche Porzellanmarken von 1710 bis heute (Ausgabe Jahr 2000), Seite 327, Marke Nr. 2575 identisch (dort angegeben f\u00fcr die Zeit 1933 \u2013 ca. 1945), Literatur: Emanuel Poche, Porzellan-Marken aus aller Welt, Marke Nr. 313 identisch (dort angegeben f\u00fcr die Zeit um 1920), weitere Literatur: Gustav Wei\u00df, Ullstein Porzellanbuch, Seite 306, Marke Nr. 4 identisch, weitere Literatur: Dieter Z\u00fchlsdorff, Markenlexikon Band 1, Porzellan und Keramik Report 1885 &#8211; 1935, Seite 348, Werk-Teil 1., Gruppennummer des Werkteils 16., laufende Nummer innerhalb der Gruppe 1, dort identische Marke (f\u00fcr die Zeit ab 1931) sowie Seite 617, Werk-Teil Nr. 3., laufende Nummer des Werkteils 1209, dort kurze unvollst\u00e4ndige Beschreibung der Fabrik, weitere Literatur: Ludwig Danckert, Handbuch des Europ\u00e4ischen Porzellans, 7. Auflage, Seite 669, identische Marke dort abgebildet (dort beschrieben, dass die Marke am 25.11.1933 eingetragen worden ist), die Porzellanfabrik wurde 1889 von Koch und Schnorr gegr\u00fcndet, Firmierung Porzellanfabrik Stadtlengsfeld Koch &#038; Schnorr, 1896 gingen Koch &#038; Schnorr in Konkurs, die Fabrik wurde von Carl Frisch aufgekauft, Firmierung Porzellanfabrik Stadtlengsfeld Carl Frisch, 1901 ging Frisch in Konkurs, 1902 wurde die Fabrik von B\u00fcchner, Seiffert, Reuss und Beckmann, alle 4 wahrscheinlich Einwohner der Stadt, aufgekauft und als GmbH weitergef\u00fchrt, Firmierung Porzellanfabrik Stadtlengsfeld GmbH, 1908\/1909 Umwandlung in eine AG, Firmierung Porzellanfabrik Stadtlengsfeld AG, 1947 erfolgte die Verstaatlichung, Firmierung VEB Porzellan Stadtlengsfeld,<br \/>\nH\u00f6he 5,4 cm, Breite 30 cm<\/p>\n<p><a href=\"http:\/\/museumek.eu\/?attachment_id=44815\" rel=\"attachment wp-att-44815\"><img loading=\"lazy\" src=\"http:\/\/museumek.eu\/wp-content\/uploads\/2015\/09\/4029-296x300.jpg\" alt=\"\" title=\"4029\" width=\"296\" height=\"300\" class=\"alignnone size-medium wp-image-44815\" srcset=\"http:\/\/museumek.eu\/wp-content\/uploads\/2015\/09\/4029-296x300.jpg 296w, http:\/\/museumek.eu\/wp-content\/uploads\/2015\/09\/4029-148x150.jpg 148w, http:\/\/museumek.eu\/wp-content\/uploads\/2015\/09\/4029.jpg 600w\" sizes=\"(max-width: 296px) 100vw, 296px\" \/><\/a><\/p>\n<p><a href=\"http:\/\/museumek.eu\/?attachment_id=44816\" rel=\"attachment wp-att-44816\"><img loading=\"lazy\" src=\"http:\/\/museumek.eu\/wp-content\/uploads\/2015\/09\/4030-300x174.jpg\" alt=\"\" title=\"4030\" width=\"300\" height=\"174\" class=\"alignnone size-medium wp-image-44816\" srcset=\"http:\/\/museumek.eu\/wp-content\/uploads\/2015\/09\/4030-300x174.jpg 300w, http:\/\/museumek.eu\/wp-content\/uploads\/2015\/09\/4030-150x87.jpg 150w, http:\/\/museumek.eu\/wp-content\/uploads\/2015\/09\/4030-500x291.jpg 500w, http:\/\/museumek.eu\/wp-content\/uploads\/2015\/09\/4030.jpg 800w\" sizes=\"(max-width: 300px) 100vw, 300px\" \/><\/a><\/p>\n<p><a href=\"http:\/\/museumek.eu\/?attachment_id=44817\" rel=\"attachment wp-att-44817\"><img loading=\"lazy\" src=\"http:\/\/museumek.eu\/wp-content\/uploads\/2015\/09\/4031-300x298.jpg\" alt=\"\" title=\"4031\" width=\"300\" height=\"298\" class=\"alignnone size-medium wp-image-44817\" srcset=\"http:\/\/museumek.eu\/wp-content\/uploads\/2015\/09\/4031-300x298.jpg 300w, http:\/\/museumek.eu\/wp-content\/uploads\/2015\/09\/4031-150x150.jpg 150w, http:\/\/museumek.eu\/wp-content\/uploads\/2015\/09\/4031-302x300.jpg 302w, http:\/\/museumek.eu\/wp-content\/uploads\/2015\/09\/4031.jpg 604w\" sizes=\"(max-width: 300px) 100vw, 300px\" \/><\/a><\/p>\n<p><a href=\"http:\/\/museumek.eu\/?attachment_id=44818\" rel=\"attachment wp-att-44818\"><img loading=\"lazy\" src=\"http:\/\/museumek.eu\/wp-content\/uploads\/2015\/09\/4032-Kopie-277x300.jpg\" alt=\"\" title=\"4032 - Kopie\" width=\"277\" height=\"300\" class=\"alignnone size-medium wp-image-44818\" srcset=\"http:\/\/museumek.eu\/wp-content\/uploads\/2015\/09\/4032-Kopie-277x300.jpg 277w, http:\/\/museumek.eu\/wp-content\/uploads\/2015\/09\/4032-Kopie-138x150.jpg 138w, http:\/\/museumek.eu\/wp-content\/uploads\/2015\/09\/4032-Kopie.jpg 600w\" sizes=\"(max-width: 277px) 100vw, 277px\" \/><\/a><\/p>\n<p><a href=\"http:\/\/museumek.eu\/?attachment_id=44819\" rel=\"attachment wp-att-44819\"><img loading=\"lazy\" src=\"http:\/\/museumek.eu\/wp-content\/uploads\/2015\/09\/4033-277x300.jpg\" alt=\"\" title=\"4033\" width=\"277\" height=\"300\" class=\"alignnone size-medium wp-image-44819\" srcset=\"http:\/\/museumek.eu\/wp-content\/uploads\/2015\/09\/4033-277x300.jpg 277w, http:\/\/museumek.eu\/wp-content\/uploads\/2015\/09\/4033-138x150.jpg 138w, http:\/\/museumek.eu\/wp-content\/uploads\/2015\/09\/4033.jpg 600w\" sizes=\"(max-width: 277px) 100vw, 277px\" \/><\/a><\/p>\n<p><strong>Abteilung Deutschland, Keramik 1860 \u2013 1960, Inventarnummer D\/LVI\/4<\/strong><\/p>\n<p>Porzellanfabrik Stadtlengsfeld AG, vormals Porzellanfabrik Stadtlengsfeld GmbH, vormals Porzellanfabrik Stadtlengsfeld Carl Frisch, vormals Porzellanfabrik Stadtlengsfeld Koch &#038; Schnorr, Deutschland, Stadtlengsfeld, vor\/um 1900, Zierschale, K\u00fcnstler unbekannt, Werks.-Nr. ohne, Exemplar Nr. ohne, gemarkt Firmenmarke EXCELSIOR darunter zwei Schl\u00fcssel (wohl die Stadtschl\u00fcssel) gekreuzt mit Schwert (?), darunter MADE IN GERMANY br\u00e4unlicher Stempel unter Glasur, nicht signiert, Literatur: Robert E. R\u00f6ntgen, Deutsche Porzellanmarken von 1710 bis heute (Ausgabe Jahr 2000), Seite 326, Marke Nr. 2569 identisch (dort angegeben f\u00fcr die Zeit ca. 1894 &#8211; ca. 1908), Literatur: Emanuel Poche, Porzellan-Marken aus aller Welt, Marke Nr. 310 identisch (dort angegeben f\u00fcr die Zeit um 1900), weitere Literatur: Gustav Wei\u00df, Ullstein Porzellanbuch, Seite 306, Marke Nr. 4 identisch, weitere Literatur: Dieter Z\u00fchlsdorff, Markenlexikon Band 1, Porzellan und Keramik Report 1885 &#8211; 1935, Seite 145, Werk-Teil 1., Gruppennummer des Werkteils 2., laufende Nummer innerhalb der Gruppe 597, dort identische Marke (f\u00fcr die Zeit um 1894 bis 1904) sowie Seite 617, Werk-Teil Nr. 3., laufende Nummer des Werkteils 1209, dort kurze unvollst\u00e4ndige Beschreibung der Fabrik, weitere Literatur: Ludwig Danckert, Handbuch des Europ\u00e4ischen Porzellans, 7. Auflage, Seite 669, Marke Nr. 253 identisch (dort beschrieben, dass die Marke am 20.04.1895 beim Landgericht Stadtlengsfeld eingetragen worden ist), die Porzellanfabrik wurde 1889 von Koch und Schnorr gegr\u00fcndet, Firmierung Porzellanfabrik Stadtlengsfeld Koch &#038; Schnorr, 1896 gingen Koch &#038; Schnorr in Konkurs, die Fabrik wurde von Carl Frisch aufgekauft, Firmierung Porzellanfabrik Stadtlengsfeld Carl Frisch, 1901 ging Frisch in Konkurs, 1902 wurde die Fabrik von B\u00fcchner, Seiffert, Reuss und Beckmann, alle 4 wahrscheinlich Einwohner der Stadt, aufgekauft und als GmbH weitergef\u00fchrt, Firmierung Porzellanfabrik Stadtlengsfeld GmbH, 1908\/1909 Umwandlung in eine AG, Firmierung Porzellanfabrik Stadtlengsfeld AG, 1947 erfolgte die Verstaatlichung, Firmierung VEB Porzellan Stadtlengsfeld, dieser Zierteller war sicher f\u00fcr den Export in den Englisch sprachigen Raum gedacht, Durchmesser 21,5 cm<\/p>\n<p><a href=\"http:\/\/museumek.eu\/?attachment_id=53137\" rel=\"attachment wp-att-53137\"><img loading=\"lazy\" src=\"http:\/\/museumek.eu\/wp-content\/uploads\/2012\/09\/Stadtlengsfeld-Teller-1-300x295.jpg\" alt=\"\" title=\"Stadtlengsfeld Teller 1\" width=\"300\" height=\"295\" class=\"alignnone size-medium wp-image-53137\" srcset=\"http:\/\/museumek.eu\/wp-content\/uploads\/2012\/09\/Stadtlengsfeld-Teller-1-300x295.jpg 300w, http:\/\/museumek.eu\/wp-content\/uploads\/2012\/09\/Stadtlengsfeld-Teller-1-150x147.jpg 150w, http:\/\/museumek.eu\/wp-content\/uploads\/2012\/09\/Stadtlengsfeld-Teller-1-304x300.jpg 304w, http:\/\/museumek.eu\/wp-content\/uploads\/2012\/09\/Stadtlengsfeld-Teller-1.jpg 487w\" sizes=\"(max-width: 300px) 100vw, 300px\" \/><\/a><\/p>\n<p><a href=\"http:\/\/museumek.eu\/?attachment_id=53138\" rel=\"attachment wp-att-53138\"><img loading=\"lazy\" src=\"http:\/\/museumek.eu\/wp-content\/uploads\/2012\/09\/Stadtlengsfeld-Teller-2-300x288.jpg\" alt=\"\" title=\"Stadtlengsfeld Teller 2\" width=\"300\" height=\"288\" class=\"alignnone size-medium wp-image-53138\" srcset=\"http:\/\/museumek.eu\/wp-content\/uploads\/2012\/09\/Stadtlengsfeld-Teller-2-300x288.jpg 300w, http:\/\/museumek.eu\/wp-content\/uploads\/2012\/09\/Stadtlengsfeld-Teller-2-150x144.jpg 150w, http:\/\/museumek.eu\/wp-content\/uploads\/2012\/09\/Stadtlengsfeld-Teller-2-312x300.jpg 312w, http:\/\/museumek.eu\/wp-content\/uploads\/2012\/09\/Stadtlengsfeld-Teller-2.jpg 500w\" sizes=\"(max-width: 300px) 100vw, 300px\" \/><\/a><\/p>\n<p><a href=\"http:\/\/museumek.eu\/?attachment_id=53139\" rel=\"attachment wp-att-53139\"><img loading=\"lazy\" src=\"http:\/\/museumek.eu\/wp-content\/uploads\/2012\/09\/Stadtlengsfeld-Teller-3-198x300.jpg\" alt=\"\" title=\"Stadtlengsfeld Teller 3\" width=\"198\" height=\"300\" class=\"alignnone size-medium wp-image-53139\" srcset=\"http:\/\/museumek.eu\/wp-content\/uploads\/2012\/09\/Stadtlengsfeld-Teller-3-198x300.jpg 198w, http:\/\/museumek.eu\/wp-content\/uploads\/2012\/09\/Stadtlengsfeld-Teller-3-99x150.jpg 99w, http:\/\/museumek.eu\/wp-content\/uploads\/2012\/09\/Stadtlengsfeld-Teller-3.jpg 423w\" sizes=\"(max-width: 198px) 100vw, 198px\" \/><\/a><\/p>\n<p><a href=\"http:\/\/museumek.eu\/?attachment_id=53140\" rel=\"attachment wp-att-53140\"><img loading=\"lazy\" src=\"http:\/\/museumek.eu\/wp-content\/uploads\/2012\/09\/Stadtlengsfeld-Teller-4-300x300.jpg\" alt=\"\" title=\"Stadtlengsfeld Teller 4\" width=\"300\" height=\"300\" class=\"alignnone size-medium wp-image-53140\" srcset=\"http:\/\/museumek.eu\/wp-content\/uploads\/2012\/09\/Stadtlengsfeld-Teller-4-300x300.jpg 300w, http:\/\/museumek.eu\/wp-content\/uploads\/2012\/09\/Stadtlengsfeld-Teller-4-150x150.jpg 150w, http:\/\/museumek.eu\/wp-content\/uploads\/2012\/09\/Stadtlengsfeld-Teller-4.jpg 481w\" sizes=\"(max-width: 300px) 100vw, 300px\" \/><\/a><\/p>\n<p><a href=\"http:\/\/museumek.eu\/?attachment_id=53141\" rel=\"attachment wp-att-53141\"><img loading=\"lazy\" src=\"http:\/\/museumek.eu\/wp-content\/uploads\/2012\/09\/Stadtlengsfeld-Teller-5-206x300.jpg\" alt=\"\" title=\"Stadtlengsfeld Teller 5\" width=\"206\" height=\"300\" class=\"alignnone size-medium wp-image-53141\" srcset=\"http:\/\/museumek.eu\/wp-content\/uploads\/2012\/09\/Stadtlengsfeld-Teller-5-206x300.jpg 206w, http:\/\/museumek.eu\/wp-content\/uploads\/2012\/09\/Stadtlengsfeld-Teller-5-103x150.jpg 103w, http:\/\/museumek.eu\/wp-content\/uploads\/2012\/09\/Stadtlengsfeld-Teller-5.jpg 440w\" sizes=\"(max-width: 206px) 100vw, 206px\" \/><\/a><\/p>\n","protected":false},"excerpt":{"rendered":"<p>Abteilung Deutschland, Keramik 1860 \u2013 1960, Inventarnummer D\/LVI\/1 Porzellanfabrik Stadtlengsfeld AG, vormals Porzellanfabrik Stadtlengsfeld GmbH, vormals Porzellanfabrik Stadtlengsfeld Carl Frisch, vormals Porzellanfabrik Stadtlengsfeld Koch &#038; Schnorr, Deutschland, Stadtlengsfeld, um 1915, Teller mit Rosen, K\u00fcnstler unbekannt, Werks.-Nr. ohne, Exemplar Nr. ohne, &hellip; <a href=\"http:\/\/museumek.eu\/?page_id=13924\">Weiterlesen <span class=\"meta-nav\">&rarr;<\/span><\/a><\/p>\n","protected":false},"author":1,"featured_media":0,"parent":13921,"menu_order":1,"comment_status":"closed","ping_status":"open","template":"","meta":[],"_links":{"self":[{"href":"http:\/\/museumek.eu\/index.php?rest_route=\/wp\/v2\/pages\/13924"}],"collection":[{"href":"http:\/\/museumek.eu\/index.php?rest_route=\/wp\/v2\/pages"}],"about":[{"href":"http:\/\/museumek.eu\/index.php?rest_route=\/wp\/v2\/types\/page"}],"author":[{"embeddable":true,"href":"http:\/\/museumek.eu\/index.php?rest_route=\/wp\/v2\/users\/1"}],"replies":[{"embeddable":true,"href":"http:\/\/museumek.eu\/index.php?rest_route=%2Fwp%2Fv2%2Fcomments&post=13924"}],"version-history":[{"count":19,"href":"http:\/\/museumek.eu\/index.php?rest_route=\/wp\/v2\/pages\/13924\/revisions"}],"predecessor-version":[{"id":53151,"href":"http:\/\/museumek.eu\/index.php?rest_route=\/wp\/v2\/pages\/13924\/revisions\/53151"}],"up":[{"embeddable":true,"href":"http:\/\/museumek.eu\/index.php?rest_route=\/wp\/v2\/pages\/13921"}],"wp:attachment":[{"href":"http:\/\/museumek.eu\/index.php?rest_route=%2Fwp%2Fv2%2Fmedia&parent=13924"}],"curies":[{"name":"wp","href":"https:\/\/api.w.org\/{rel}","templated":true}]}}