{"id":13961,"date":"2012-09-16T13:30:07","date_gmt":"2012-09-16T11:30:07","guid":{"rendered":"http:\/\/museumek.eu\/?page_id=13961"},"modified":"2013-04-26T14:59:52","modified_gmt":"2013-04-26T12:59:52","slug":"kurzbiografie-und-inventar-zum-kunstler","status":"publish","type":"page","link":"http:\/\/museumek.eu\/?page_id=13961","title":{"rendered":"Kurzbiografie und Inventar zum K\u00fcnstler"},"content":{"rendered":"<p>Louis Majorelle wurde 1859 in Toul bei Nancy geboren. Er starb 1926. Ab 1877 studierte er Malerei an der \u00c9cole des Beaux-Arts in Paris bei Jean-Francois Millet. 1879, nach dem Tod des Vaters Auguste Majorelle, \u00fcbernahm er dessen M\u00f6bel- und Keramikfabrik. Ab 1890 wurde Majorelle vom Art Nouveau beeinflusst, vornehmlich von \u00c9mile Gall\u00e9, der ebenfalls aus Nancy stammt. 1898 verlegt Majorelle den Sitz der Firma nach Nancy. 1900 nimmt Majorelle an der Pariser Weltausstellung teil. Seine und Gall\u00e9&#8217;s Entw\u00fcrfe pr\u00e4gen ma\u00dfgeblich den floralen franz\u00f6sischen Jugendstil. 1901 erfolgte in Nancy der Zusammenschlu\u00df von K\u00fcnstlern und Werkst\u00e4tten zur \u00c9cole de Nancy. Gall\u00e9 wurde Vorsitzender und Majorelle Stellverteter. Majorelle war einer der ma\u00dfgebenden K\u00fcnstler des franz\u00f6sischen Art Nouveau.<\/p>\n<p><strong>Abteilung Frankreich, Keramik 1860 \u2013 1960, Inventarnummer F\/XLVI\/1<\/strong><\/p>\n<p>Louis Majorelle, Frankreich, Nancy, Zierteller, um 1900, K\u00fcnstler Louis Majorelle, Werksnummer ohne, Exemplar Nr. Unikat, gemarkt DECOR\u00c8 PAR MAJORELLE A NANCY schwarz auf Glasur gemalt, signiert = gemarkt, Literatur: J. A. Schmoll genannt Eisenwerth und Helga Schmoll genannt Eisenwerth, Nancy 1900, Jugendstil in Lothringen, Ausstellung im M\u00fcnchner Stadtmuseum vom 28.August bis 23. November 1980, Seite 120, dort beschrieben, dass Louis Majorelle 1879 die von seinem Vater 1858 in Toul gegr\u00fcndete M\u00f6bel- und Keramikfabrik \u00fcbernommen hat, sowie, dass er eine Ausbildung als Maler an der Ecole des Beaux-Arts in Paris absolviert hat, weiterhin beschrieben, dass er den Sitz der Firma 1898 nach Nancy verlegt hat,<br \/>\nDurchmesser 20,3 cm<\/p>\n<p><a href=\"http:\/\/museumek.eu\/wp-content\/uploads\/2012\/09\/Museum-Europ\u00e4ischer-Keramikkunst-1767.jpg\"><img loading=\"lazy\" src=\"http:\/\/museumek.eu\/wp-content\/uploads\/2012\/09\/Museum-Europ\u00e4ischer-Keramikkunst-1767-300x294.jpg\" alt=\"\" title=\"Museum Europ\u00e4ischer Keramikkunst 1767\" width=\"300\" height=\"294\" class=\"alignnone size-medium wp-image-13938\" srcset=\"http:\/\/museumek.eu\/wp-content\/uploads\/2012\/09\/Museum-Europ\u00e4ischer-Keramikkunst-1767-300x294.jpg 300w, http:\/\/museumek.eu\/wp-content\/uploads\/2012\/09\/Museum-Europ\u00e4ischer-Keramikkunst-1767-305x300.jpg 305w, http:\/\/museumek.eu\/wp-content\/uploads\/2012\/09\/Museum-Europ\u00e4ischer-Keramikkunst-1767.jpg 685w\" sizes=\"(max-width: 300px) 100vw, 300px\" \/><\/a><\/p>\n<p><a href=\"http:\/\/museumek.eu\/wp-content\/uploads\/2012\/09\/Museum-Europ\u00e4ischer-Keramikkunst-1768.jpg\"><img loading=\"lazy\" src=\"http:\/\/museumek.eu\/wp-content\/uploads\/2012\/09\/Museum-Europ\u00e4ischer-Keramikkunst-1768-300x294.jpg\" alt=\"\" title=\"Museum Europ\u00e4ischer Keramikkunst 1768\" width=\"300\" height=\"294\" class=\"alignnone size-medium wp-image-13939\" srcset=\"http:\/\/museumek.eu\/wp-content\/uploads\/2012\/09\/Museum-Europ\u00e4ischer-Keramikkunst-1768-300x294.jpg 300w, http:\/\/museumek.eu\/wp-content\/uploads\/2012\/09\/Museum-Europ\u00e4ischer-Keramikkunst-1768-306x300.jpg 306w, http:\/\/museumek.eu\/wp-content\/uploads\/2012\/09\/Museum-Europ\u00e4ischer-Keramikkunst-1768.jpg 762w\" sizes=\"(max-width: 300px) 100vw, 300px\" \/><\/a><\/p>\n","protected":false},"excerpt":{"rendered":"<p>Louis Majorelle wurde 1859 in Toul bei Nancy geboren. Er starb 1926. Ab 1877 studierte er Malerei an der \u00c9cole des Beaux-Arts in Paris bei Jean-Francois Millet. 1879, nach dem Tod des Vaters Auguste Majorelle, \u00fcbernahm er dessen M\u00f6bel- und &hellip; <a href=\"http:\/\/museumek.eu\/?page_id=13961\">Weiterlesen <span class=\"meta-nav\">&rarr;<\/span><\/a><\/p>\n","protected":false},"author":1,"featured_media":0,"parent":13944,"menu_order":1,"comment_status":"closed","ping_status":"open","template":"","meta":[],"_links":{"self":[{"href":"http:\/\/museumek.eu\/index.php?rest_route=\/wp\/v2\/pages\/13961"}],"collection":[{"href":"http:\/\/museumek.eu\/index.php?rest_route=\/wp\/v2\/pages"}],"about":[{"href":"http:\/\/museumek.eu\/index.php?rest_route=\/wp\/v2\/types\/page"}],"author":[{"embeddable":true,"href":"http:\/\/museumek.eu\/index.php?rest_route=\/wp\/v2\/users\/1"}],"replies":[{"embeddable":true,"href":"http:\/\/museumek.eu\/index.php?rest_route=%2Fwp%2Fv2%2Fcomments&post=13961"}],"version-history":[{"count":8,"href":"http:\/\/museumek.eu\/index.php?rest_route=\/wp\/v2\/pages\/13961\/revisions"}],"predecessor-version":[{"id":20561,"href":"http:\/\/museumek.eu\/index.php?rest_route=\/wp\/v2\/pages\/13961\/revisions\/20561"}],"up":[{"embeddable":true,"href":"http:\/\/museumek.eu\/index.php?rest_route=\/wp\/v2\/pages\/13944"}],"wp:attachment":[{"href":"http:\/\/museumek.eu\/index.php?rest_route=%2Fwp%2Fv2%2Fmedia&parent=13961"}],"curies":[{"name":"wp","href":"https:\/\/api.w.org\/{rel}","templated":true}]}}