{"id":14085,"date":"2012-09-22T11:52:12","date_gmt":"2012-09-22T09:52:12","guid":{"rendered":"http:\/\/museumek.eu\/?page_id=14085"},"modified":"2013-01-22T14:31:56","modified_gmt":"2013-01-22T13:31:56","slug":"fotos-und-beschreibung","status":"publish","type":"page","link":"http:\/\/museumek.eu\/?page_id=14085","title":{"rendered":"Fotos und Beschreibung"},"content":{"rendered":"<p><strong>Abteilung Frankreich, Keramik 1860 \u2013 1960, Inventarnummer F\/XVII\/1<\/strong><\/p>\n<p>Manufaktur Jean Besnard, Frankreich, Paris, um 1930, Vase, K\u00fcnstler Jean Besnard, Werks.-Nr. ohne, Exemplar Nr. ohne, gemarkt U B und Beizeichen geritzt (die Marke stammt von seinem Vater Ulysse Besnard, der so signierte, das U ist spitzwinklig ausgef\u00fchrt, Jean Besnard verwendete neben eigenen Namensignaturen auch diese Marke weiter, au\u00dferdem undeutlich, klein und schwer lesbar Besnard geritzt, signiert = gemarkt, Literatur: Edgar Pelichet, Jugendstilkeramik, Seite 187, fast identische Marke abgebildet, beschrieben als Weiterverwendung der Marke des Vaters Ulysse Besnard durch seinen Sohn Jean Besnard), siehe auch Auktionshaus Quittenbaum, 77. Auktion, Teil II, Jugendstil \u2013 Art D\u00e9co, vom 21.10.2008, Lot 324 und Lot 325, fast gleich gro\u00dfe Vasen von Jean Besnard, siehe auch Auktionshaus Quittenbaum, Jubil\u00e4umsauktion 1998 \u2013 2008, Jugendstil \u2013 Art D\u00e9co, vom 29.04.2008, Lot 215, fast gleich gro\u00dfe Vase von Jean Besnard, roter Scherben, innen und au\u00dfen wei\u00df glasiert, unterschiedliche Glasurst\u00e4rke, Dekor Hand aufgetragen, kann als abstrakte Unterwasserwelt interpretiert werden,<br \/>\nH\u00f6he 22,5 cm, Breite 15 cm<\/p>\n<p><a href=\"http:\/\/museumek.eu\/wp-content\/uploads\/2012\/01\/Museum-Europ\u00e4ischer-Keramikkunst-1998.jpg\"><img loading=\"lazy\" src=\"http:\/\/museumek.eu\/wp-content\/uploads\/2012\/01\/Museum-Europ\u00e4ischer-Keramikkunst-1998-203x300.jpg\" alt=\"\" title=\"Museum Europ\u00e4ischer Keramikkunst 1998\" width=\"203\" height=\"300\" class=\"alignnone size-medium wp-image-14071\" srcset=\"http:\/\/museumek.eu\/wp-content\/uploads\/2012\/01\/Museum-Europ\u00e4ischer-Keramikkunst-1998-203x300.jpg 203w, http:\/\/museumek.eu\/wp-content\/uploads\/2012\/01\/Museum-Europ\u00e4ischer-Keramikkunst-1998.jpg 605w\" sizes=\"(max-width: 203px) 100vw, 203px\" \/><\/a><\/p>\n<p><a href=\"http:\/\/museumek.eu\/wp-content\/uploads\/2012\/01\/Museum-Europ\u00e4ischer-Keramikkunst-3015.jpg\"><img loading=\"lazy\" src=\"http:\/\/museumek.eu\/wp-content\/uploads\/2012\/01\/Museum-Europ\u00e4ischer-Keramikkunst-3015-196x300.jpg\" alt=\"\" title=\"Museum Europ\u00e4ischer Keramikkunst 3015\" width=\"196\" height=\"300\" class=\"alignnone size-medium wp-image-14072\" srcset=\"http:\/\/museumek.eu\/wp-content\/uploads\/2012\/01\/Museum-Europ\u00e4ischer-Keramikkunst-3015-196x300.jpg 196w, http:\/\/museumek.eu\/wp-content\/uploads\/2012\/01\/Museum-Europ\u00e4ischer-Keramikkunst-3015.jpg 425w\" sizes=\"(max-width: 196px) 100vw, 196px\" \/><\/a><\/p>\n<p><a href=\"http:\/\/museumek.eu\/wp-content\/uploads\/2012\/01\/Museum-Europ\u00e4ischer-Keramikkunst-3013.jpg\"><img loading=\"lazy\" src=\"http:\/\/museumek.eu\/wp-content\/uploads\/2012\/01\/Museum-Europ\u00e4ischer-Keramikkunst-3013-207x300.jpg\" alt=\"\" title=\"Museum Europ\u00e4ischer Keramikkunst 3013\" width=\"207\" height=\"300\" class=\"alignnone size-medium wp-image-14073\" srcset=\"http:\/\/museumek.eu\/wp-content\/uploads\/2012\/01\/Museum-Europ\u00e4ischer-Keramikkunst-3013-207x300.jpg 207w, http:\/\/museumek.eu\/wp-content\/uploads\/2012\/01\/Museum-Europ\u00e4ischer-Keramikkunst-3013.jpg 655w\" sizes=\"(max-width: 207px) 100vw, 207px\" \/><\/a><\/p>\n<p><a href=\"http:\/\/museumek.eu\/wp-content\/uploads\/2012\/01\/Museum-Europ\u00e4ischer-Keramikkunst-1999.jpg\"><img loading=\"lazy\" src=\"http:\/\/museumek.eu\/wp-content\/uploads\/2012\/01\/Museum-Europ\u00e4ischer-Keramikkunst-1999-300x287.jpg\" alt=\"\" title=\"Museum Europ\u00e4ischer Keramikkunst 1999\" width=\"300\" height=\"287\" class=\"alignnone size-medium wp-image-14074\" srcset=\"http:\/\/museumek.eu\/wp-content\/uploads\/2012\/01\/Museum-Europ\u00e4ischer-Keramikkunst-1999-300x287.jpg 300w, http:\/\/museumek.eu\/wp-content\/uploads\/2012\/01\/Museum-Europ\u00e4ischer-Keramikkunst-1999-312x300.jpg 312w, http:\/\/museumek.eu\/wp-content\/uploads\/2012\/01\/Museum-Europ\u00e4ischer-Keramikkunst-1999.jpg 715w\" sizes=\"(max-width: 300px) 100vw, 300px\" \/><\/a><\/p>\n<p><a href=\"http:\/\/museumek.eu\/wp-content\/uploads\/2012\/01\/erste-Vase-Jean-Besnard.jpg\"><img loading=\"lazy\" src=\"http:\/\/museumek.eu\/wp-content\/uploads\/2012\/01\/erste-Vase-Jean-Besnard-300x167.jpg\" alt=\"\" title=\"erste Vase Jean Besnard\" width=\"300\" height=\"167\" class=\"alignnone size-medium wp-image-14075\" srcset=\"http:\/\/museumek.eu\/wp-content\/uploads\/2012\/01\/erste-Vase-Jean-Besnard-300x167.jpg 300w, http:\/\/museumek.eu\/wp-content\/uploads\/2012\/01\/erste-Vase-Jean-Besnard-500x279.jpg 500w, http:\/\/museumek.eu\/wp-content\/uploads\/2012\/01\/erste-Vase-Jean-Besnard.jpg 594w\" sizes=\"(max-width: 300px) 100vw, 300px\" \/><\/a><\/p>\n<p><a href=\"http:\/\/museumek.eu\/wp-content\/uploads\/2012\/01\/zweite-Vase-Jean-Besnard.jpg\"><img loading=\"lazy\" src=\"http:\/\/museumek.eu\/wp-content\/uploads\/2012\/01\/zweite-Vase-Jean-Besnard-300x178.jpg\" alt=\"\" title=\"zweite Vase Jean Besnard\" width=\"300\" height=\"178\" class=\"alignnone size-medium wp-image-14076\" srcset=\"http:\/\/museumek.eu\/wp-content\/uploads\/2012\/01\/zweite-Vase-Jean-Besnard-300x178.jpg 300w, http:\/\/museumek.eu\/wp-content\/uploads\/2012\/01\/zweite-Vase-Jean-Besnard-500x297.jpg 500w, http:\/\/museumek.eu\/wp-content\/uploads\/2012\/01\/zweite-Vase-Jean-Besnard.jpg 594w\" sizes=\"(max-width: 300px) 100vw, 300px\" \/><\/a><\/p>\n<p><a href=\"http:\/\/museumek.eu\/wp-content\/uploads\/2012\/01\/dritte-Vase-Jean-Besnard.jpg\"><img loading=\"lazy\" src=\"http:\/\/museumek.eu\/wp-content\/uploads\/2012\/01\/dritte-Vase-Jean-Besnard-300x159.jpg\" alt=\"\" title=\"dritte Vase Jean Besnard\" width=\"300\" height=\"159\" class=\"alignnone size-medium wp-image-14077\" srcset=\"http:\/\/museumek.eu\/wp-content\/uploads\/2012\/01\/dritte-Vase-Jean-Besnard-300x159.jpg 300w, http:\/\/museumek.eu\/wp-content\/uploads\/2012\/01\/dritte-Vase-Jean-Besnard-500x266.jpg 500w, http:\/\/museumek.eu\/wp-content\/uploads\/2012\/01\/dritte-Vase-Jean-Besnard.jpg 586w\" sizes=\"(max-width: 300px) 100vw, 300px\" \/><\/a><\/p>\n<p><strong>Abteilung Frankreich, Keramik 1860 \u2013 1960, Inventarnummer F\/XVII\/2<\/strong><\/p>\n<p>Manufaktur Jean Besnard, Frankreich, Paris, um 1930, Vase, K\u00fcnstler Jean Besnard, Werks.-Nr. ohne, Exemplar Nr. ohne, gemarkt Jean Besnard geritzt, signiert = gemarkt, heller Tonscherben, innen lila glasiert, au\u00dfen 2 Hand gemalte Urzeitpferde und eine Ziege sowie gepinselte Kopfseitenansicht eines Urmenschen,<br \/>\nH\u00f6he 16,6 cm, Breite 10,7 cm<\/p>\n<p><a href=\"http:\/\/museumek.eu\/wp-content\/uploads\/2013\/01\/Museum-Europ\u00e4ischer-Keramikkunst-3998.jpg\"><img loading=\"lazy\" src=\"http:\/\/museumek.eu\/wp-content\/uploads\/2013\/01\/Museum-Europ\u00e4ischer-Keramikkunst-3998-233x300.jpg\" alt=\"\" title=\"Museum Europ\u00e4ischer Keramikkunst 3998\" width=\"233\" height=\"300\" class=\"alignnone size-medium wp-image-17548\" srcset=\"http:\/\/museumek.eu\/wp-content\/uploads\/2013\/01\/Museum-Europ\u00e4ischer-Keramikkunst-3998-233x300.jpg 233w, http:\/\/museumek.eu\/wp-content\/uploads\/2013\/01\/Museum-Europ\u00e4ischer-Keramikkunst-3998.jpg 646w\" sizes=\"(max-width: 233px) 100vw, 233px\" \/><\/a><\/p>\n<p><a href=\"http:\/\/museumek.eu\/wp-content\/uploads\/2013\/01\/Museum-Europ\u00e4ischer-Keramikkunst-3999.jpg\"><img loading=\"lazy\" src=\"http:\/\/museumek.eu\/wp-content\/uploads\/2013\/01\/Museum-Europ\u00e4ischer-Keramikkunst-3999-239x300.jpg\" alt=\"\" title=\"Museum Europ\u00e4ischer Keramikkunst 3999\" width=\"239\" height=\"300\" class=\"alignnone size-medium wp-image-17549\" srcset=\"http:\/\/museumek.eu\/wp-content\/uploads\/2013\/01\/Museum-Europ\u00e4ischer-Keramikkunst-3999-239x300.jpg 239w, http:\/\/museumek.eu\/wp-content\/uploads\/2013\/01\/Museum-Europ\u00e4ischer-Keramikkunst-3999.jpg 621w\" sizes=\"(max-width: 239px) 100vw, 239px\" \/><\/a><\/p>\n<p><a href=\"http:\/\/museumek.eu\/wp-content\/uploads\/2013\/01\/Museum-Europ\u00e4ischer-Keramikkunst-4000.jpg\"><img loading=\"lazy\" src=\"http:\/\/museumek.eu\/wp-content\/uploads\/2013\/01\/Museum-Europ\u00e4ischer-Keramikkunst-4000-300x213.jpg\" alt=\"\" title=\"Museum Europ\u00e4ischer Keramikkunst 4000\" width=\"300\" height=\"213\" class=\"alignnone size-medium wp-image-17550\" srcset=\"http:\/\/museumek.eu\/wp-content\/uploads\/2013\/01\/Museum-Europ\u00e4ischer-Keramikkunst-4000-300x213.jpg 300w, http:\/\/museumek.eu\/wp-content\/uploads\/2013\/01\/Museum-Europ\u00e4ischer-Keramikkunst-4000-420x300.jpg 420w, http:\/\/museumek.eu\/wp-content\/uploads\/2013\/01\/Museum-Europ\u00e4ischer-Keramikkunst-4000.jpg 613w\" sizes=\"(max-width: 300px) 100vw, 300px\" \/><\/a><\/p>\n","protected":false},"excerpt":{"rendered":"<p>Abteilung Frankreich, Keramik 1860 \u2013 1960, Inventarnummer F\/XVII\/1 Manufaktur Jean Besnard, Frankreich, Paris, um 1930, Vase, K\u00fcnstler Jean Besnard, Werks.-Nr. ohne, Exemplar Nr. ohne, gemarkt U B und Beizeichen geritzt (die Marke stammt von seinem Vater Ulysse Besnard, der so &hellip; <a href=\"http:\/\/museumek.eu\/?page_id=14085\">Weiterlesen <span class=\"meta-nav\">&rarr;<\/span><\/a><\/p>\n","protected":false},"author":1,"featured_media":0,"parent":14082,"menu_order":1,"comment_status":"closed","ping_status":"open","template":"","meta":[],"_links":{"self":[{"href":"http:\/\/museumek.eu\/index.php?rest_route=\/wp\/v2\/pages\/14085"}],"collection":[{"href":"http:\/\/museumek.eu\/index.php?rest_route=\/wp\/v2\/pages"}],"about":[{"href":"http:\/\/museumek.eu\/index.php?rest_route=\/wp\/v2\/types\/page"}],"author":[{"embeddable":true,"href":"http:\/\/museumek.eu\/index.php?rest_route=\/wp\/v2\/users\/1"}],"replies":[{"embeddable":true,"href":"http:\/\/museumek.eu\/index.php?rest_route=%2Fwp%2Fv2%2Fcomments&post=14085"}],"version-history":[{"count":6,"href":"http:\/\/museumek.eu\/index.php?rest_route=\/wp\/v2\/pages\/14085\/revisions"}],"predecessor-version":[{"id":59466,"href":"http:\/\/museumek.eu\/index.php?rest_route=\/wp\/v2\/pages\/14085\/revisions\/59466"}],"up":[{"embeddable":true,"href":"http:\/\/museumek.eu\/index.php?rest_route=\/wp\/v2\/pages\/14082"}],"wp:attachment":[{"href":"http:\/\/museumek.eu\/index.php?rest_route=%2Fwp%2Fv2%2Fmedia&parent=14085"}],"curies":[{"name":"wp","href":"https:\/\/api.w.org\/{rel}","templated":true}]}}