{"id":14213,"date":"2012-09-23T15:51:21","date_gmt":"2012-09-23T13:51:21","guid":{"rendered":"http:\/\/museumek.eu\/?page_id=14213"},"modified":"2021-01-31T22:03:12","modified_gmt":"2021-01-31T21:03:12","slug":"fxviii4","status":"publish","type":"page","link":"http:\/\/museumek.eu\/?page_id=14213","title":{"rendered":"F\/XVIII\/4"},"content":{"rendered":"<p><strong>Abteilung Frankreich, Keramik 1860 \u2013 1960, Inventarnummer F\/XVIII\/4<\/strong><\/p>\n<p>Manufacture de Faiences d\u2019Art de Saint Clement, Frankreich, Saint Clement, um 1935, Figur Antilopenpaar, K\u00fcnstler Charles Lemanceau, Werks.-Nr. ohne, Exemplar Nr. ohne, gemarkt LEMANCEAU gepresst, signiert = gemarkt, von 1863 bis 1892 stand die Faiencerie St. Clement im Eigentum der Familie Thomas, ab 1892 im Eigentum der Firma Keller &#038; Gu\u00e9rin und ab 1922 im Eigentum von Edouard Fenal der auch Eigent\u00fcmer der Steingutfabrik in Badonviller war und ab 1979 im Eigentum der Sarreguemines Gruppe, H\u00f6he 34 cm, Breite 51 cm<\/p>\n<p><a href=\"http:\/\/museumek.eu\/wp-content\/uploads\/2011\/08\/Museum-Europ\u00e4ischer-Keramikkunst-Qualit\u00e4tsfotos-323.jpg\"><img loading=\"lazy\" src=\"http:\/\/museumek.eu\/wp-content\/uploads\/2011\/08\/Museum-Europ\u00e4ischer-Keramikkunst-Qualit\u00e4tsfotos-323-285x300.jpg\" alt=\"\" title=\"Museum Europ\u00e4ischer Keramikkunst Qualit\u00e4tsfotos 323\" width=\"285\" height=\"300\" class=\"alignnone size-medium wp-image-2217\" srcset=\"http:\/\/museumek.eu\/wp-content\/uploads\/2011\/08\/Museum-Europ\u00e4ischer-Keramikkunst-Qualit\u00e4tsfotos-323-285x300.jpg 285w, http:\/\/museumek.eu\/wp-content\/uploads\/2011\/08\/Museum-Europ\u00e4ischer-Keramikkunst-Qualit\u00e4tsfotos-323.jpg 716w\" sizes=\"(max-width: 285px) 100vw, 285px\" \/><\/a><\/p>\n<p><a href=\"http:\/\/museumek.eu\/wp-content\/uploads\/2011\/08\/Museum-Europ\u00e4ischer-Keramikkunst-393.jpg\"><img loading=\"lazy\" src=\"http:\/\/museumek.eu\/wp-content\/uploads\/2011\/08\/Museum-Europ\u00e4ischer-Keramikkunst-393-300x70.jpg\" alt=\"\" title=\"Museum Europ\u00e4ischer Keramikkunst 393\" width=\"300\" height=\"70\" class=\"alignnone size-medium wp-image-2218\" srcset=\"http:\/\/museumek.eu\/wp-content\/uploads\/2011\/08\/Museum-Europ\u00e4ischer-Keramikkunst-393-300x70.jpg 300w, http:\/\/museumek.eu\/wp-content\/uploads\/2011\/08\/Museum-Europ\u00e4ischer-Keramikkunst-393-500x118.jpg 500w, http:\/\/museumek.eu\/wp-content\/uploads\/2011\/08\/Museum-Europ\u00e4ischer-Keramikkunst-393.jpg 841w\" sizes=\"(max-width: 300px) 100vw, 300px\" \/><\/a><\/p>\n","protected":false},"excerpt":{"rendered":"<p>Abteilung Frankreich, Keramik 1860 \u2013 1960, Inventarnummer F\/XVIII\/4 Manufacture de Faiences d\u2019Art de Saint Clement, Frankreich, Saint Clement, um 1935, Figur Antilopenpaar, K\u00fcnstler Charles Lemanceau, Werks.-Nr. ohne, Exemplar Nr. ohne, gemarkt LEMANCEAU gepresst, signiert = gemarkt, von 1863 bis 1892 &hellip; <a href=\"http:\/\/museumek.eu\/?page_id=14213\">Weiterlesen <span class=\"meta-nav\">&rarr;<\/span><\/a><\/p>\n","protected":false},"author":1,"featured_media":0,"parent":8535,"menu_order":4,"comment_status":"closed","ping_status":"open","template":"","meta":[],"_links":{"self":[{"href":"http:\/\/museumek.eu\/index.php?rest_route=\/wp\/v2\/pages\/14213"}],"collection":[{"href":"http:\/\/museumek.eu\/index.php?rest_route=\/wp\/v2\/pages"}],"about":[{"href":"http:\/\/museumek.eu\/index.php?rest_route=\/wp\/v2\/types\/page"}],"author":[{"embeddable":true,"href":"http:\/\/museumek.eu\/index.php?rest_route=\/wp\/v2\/users\/1"}],"replies":[{"embeddable":true,"href":"http:\/\/museumek.eu\/index.php?rest_route=%2Fwp%2Fv2%2Fcomments&post=14213"}],"version-history":[{"count":3,"href":"http:\/\/museumek.eu\/index.php?rest_route=\/wp\/v2\/pages\/14213\/revisions"}],"predecessor-version":[{"id":52949,"href":"http:\/\/museumek.eu\/index.php?rest_route=\/wp\/v2\/pages\/14213\/revisions\/52949"}],"up":[{"embeddable":true,"href":"http:\/\/museumek.eu\/index.php?rest_route=\/wp\/v2\/pages\/8535"}],"wp:attachment":[{"href":"http:\/\/museumek.eu\/index.php?rest_route=%2Fwp%2Fv2%2Fmedia&parent=14213"}],"curies":[{"name":"wp","href":"https:\/\/api.w.org\/{rel}","templated":true}]}}