{"id":14219,"date":"2012-09-23T15:53:49","date_gmt":"2012-09-23T13:53:49","guid":{"rendered":"http:\/\/museumek.eu\/?page_id=14219"},"modified":"2021-01-31T22:04:17","modified_gmt":"2021-01-31T21:04:17","slug":"fxviii6","status":"publish","type":"page","link":"http:\/\/museumek.eu\/?page_id=14219","title":{"rendered":"F\/XVIII\/6"},"content":{"rendered":"<p><strong>Abteilung Frankreich, Keramik 1860 \u2013 1960, Inventarnummer F\/XVIII\/6<\/strong><\/p>\n<p>Manufacture de Faiences d\u2019Art de Saint Clement, Frankreich, Saint Clement, um 1935, Figur Reh, K\u00fcnstler Charles Lemanceau (attr.), Werks.-Nr. 1022, Exemplar Nr. ohne, gemarkt SC (ligiert), 1022 sowie FRANCE mit gegossen, nicht signiert, von 1863 bis 1892 stand die Faiencerie St. Clement im Eigentum der Familie Thomas, ab 1892 im Eigentum der Firma Keller &#038; Gu\u00e9rin und ab 1922 im Eigentum von Edouard Fenal der auch Eigent\u00fcmer der Steingutfabrik in Badonviller war und ab 1979 im Eigentum der Sarreguemines Gruppe, H\u00f6he 19,5 cm, Breite 10 cm<\/p>\n<p><a href=\"http:\/\/museumek.eu\/wp-content\/uploads\/2011\/10\/Museum-Europ\u00e4ischer-Keramikkunst-2943.jpg\"><img loading=\"lazy\" src=\"http:\/\/museumek.eu\/wp-content\/uploads\/2011\/10\/Museum-Europ\u00e4ischer-Keramikkunst-2943-125x300.jpg\" alt=\"\" title=\"Museum Europ\u00e4ischer Keramikkunst 2943\" width=\"125\" height=\"300\" class=\"alignnone size-medium wp-image-14192\" srcset=\"http:\/\/museumek.eu\/wp-content\/uploads\/2011\/10\/Museum-Europ\u00e4ischer-Keramikkunst-2943-125x300.jpg 125w, http:\/\/museumek.eu\/wp-content\/uploads\/2011\/10\/Museum-Europ\u00e4ischer-Keramikkunst-2943.jpg 388w\" sizes=\"(max-width: 125px) 100vw, 125px\" \/><\/a><\/p>\n<p><a href=\"http:\/\/museumek.eu\/wp-content\/uploads\/2011\/10\/Museum-Europ\u00e4ischer-Keramikkunst-2945.jpg\"><img loading=\"lazy\" src=\"http:\/\/museumek.eu\/wp-content\/uploads\/2011\/10\/Museum-Europ\u00e4ischer-Keramikkunst-2945-295x300.jpg\" alt=\"\" title=\"Museum Europ\u00e4ischer Keramikkunst 2945\" width=\"295\" height=\"300\" class=\"alignnone size-medium wp-image-14193\" srcset=\"http:\/\/museumek.eu\/wp-content\/uploads\/2011\/10\/Museum-Europ\u00e4ischer-Keramikkunst-2945-295x300.jpg 295w, http:\/\/museumek.eu\/wp-content\/uploads\/2011\/10\/Museum-Europ\u00e4ischer-Keramikkunst-2945.jpg 359w\" sizes=\"(max-width: 295px) 100vw, 295px\" \/><\/a><\/p>\n","protected":false},"excerpt":{"rendered":"<p>Abteilung Frankreich, Keramik 1860 \u2013 1960, Inventarnummer F\/XVIII\/6 Manufacture de Faiences d\u2019Art de Saint Clement, Frankreich, Saint Clement, um 1935, Figur Reh, K\u00fcnstler Charles Lemanceau (attr.), Werks.-Nr. 1022, Exemplar Nr. ohne, gemarkt SC (ligiert), 1022 sowie FRANCE mit gegossen, nicht &hellip; <a href=\"http:\/\/museumek.eu\/?page_id=14219\">Weiterlesen <span class=\"meta-nav\">&rarr;<\/span><\/a><\/p>\n","protected":false},"author":1,"featured_media":0,"parent":8535,"menu_order":6,"comment_status":"closed","ping_status":"open","template":"","meta":[],"_links":{"self":[{"href":"http:\/\/museumek.eu\/index.php?rest_route=\/wp\/v2\/pages\/14219"}],"collection":[{"href":"http:\/\/museumek.eu\/index.php?rest_route=\/wp\/v2\/pages"}],"about":[{"href":"http:\/\/museumek.eu\/index.php?rest_route=\/wp\/v2\/types\/page"}],"author":[{"embeddable":true,"href":"http:\/\/museumek.eu\/index.php?rest_route=\/wp\/v2\/users\/1"}],"replies":[{"embeddable":true,"href":"http:\/\/museumek.eu\/index.php?rest_route=%2Fwp%2Fv2%2Fcomments&post=14219"}],"version-history":[{"count":3,"href":"http:\/\/museumek.eu\/index.php?rest_route=\/wp\/v2\/pages\/14219\/revisions"}],"predecessor-version":[{"id":52951,"href":"http:\/\/museumek.eu\/index.php?rest_route=\/wp\/v2\/pages\/14219\/revisions\/52951"}],"up":[{"embeddable":true,"href":"http:\/\/museumek.eu\/index.php?rest_route=\/wp\/v2\/pages\/8535"}],"wp:attachment":[{"href":"http:\/\/museumek.eu\/index.php?rest_route=%2Fwp%2Fv2%2Fmedia&parent=14219"}],"curies":[{"name":"wp","href":"https:\/\/api.w.org\/{rel}","templated":true}]}}