{"id":14223,"date":"2012-09-23T18:41:12","date_gmt":"2012-09-23T16:41:12","guid":{"rendered":"http:\/\/museumek.eu\/?page_id=14223"},"modified":"2013-04-20T01:17:39","modified_gmt":"2013-04-19T23:17:39","slug":"dviii20","status":"publish","type":"page","link":"http:\/\/museumek.eu\/?page_id=14223","title":{"rendered":"D\/VIII\/20"},"content":{"rendered":"<p><strong>Abteilung Deutschland, Keramik 1860 \u2013 1960, Inventarnummer D\/VIII\/20<\/strong><\/p>\n<p>Manufaktur Villeroy &#038; Boch, Deutschland, Wallerfangen, vor 1910, Servierplatte, K\u00fcnstler unbekannt, Werks.-Nr. 1.000 (Dekornummer), Exemplar Nr. ohne, Firmenmarke mit Merkur, Villeroy &#038; Boch sowie Wallerfangen sowie 1000 schwarze Stempel unter Glasur, HE3 gepresst, nicht signiert, Ausf\u00fchrung als Steingutscherben mit blau gemaltem Jugendstilmotiv auf der Fahne, Literatur: Jana Kybalov\u00e1, Keramik-Marken aus aller Welt, Marke Nr. 1670 identisch, H\u00f6he 3,5 cm, Breite 32 cm<\/p>\n<p><a href=\"http:\/\/museumek.eu\/wp-content\/uploads\/2012\/09\/Museum-Europ\u00e4ischer-Keramikkunst-2993.jpg\"><img loading=\"lazy\" src=\"http:\/\/museumek.eu\/wp-content\/uploads\/2012\/09\/Museum-Europ\u00e4ischer-Keramikkunst-2993-300x229.jpg\" alt=\"\" title=\"Museum Europ\u00e4ischer Keramikkunst 2993\" width=\"300\" height=\"229\" class=\"alignnone size-medium wp-image-14224\" srcset=\"http:\/\/museumek.eu\/wp-content\/uploads\/2012\/09\/Museum-Europ\u00e4ischer-Keramikkunst-2993-300x229.jpg 300w, http:\/\/museumek.eu\/wp-content\/uploads\/2012\/09\/Museum-Europ\u00e4ischer-Keramikkunst-2993-392x300.jpg 392w, http:\/\/museumek.eu\/wp-content\/uploads\/2012\/09\/Museum-Europ\u00e4ischer-Keramikkunst-2993.jpg 877w\" sizes=\"(max-width: 300px) 100vw, 300px\" \/><\/a><\/p>\n<p><a href=\"http:\/\/museumek.eu\/wp-content\/uploads\/2012\/09\/Museum-Europ\u00e4ischer-Keramikkunst-2994.jpg\"><img loading=\"lazy\" src=\"http:\/\/museumek.eu\/wp-content\/uploads\/2012\/09\/Museum-Europ\u00e4ischer-Keramikkunst-2994-300x70.jpg\" alt=\"\" title=\"Museum Europ\u00e4ischer Keramikkunst 2994\" width=\"300\" height=\"70\" class=\"alignnone size-medium wp-image-14225\" srcset=\"http:\/\/museumek.eu\/wp-content\/uploads\/2012\/09\/Museum-Europ\u00e4ischer-Keramikkunst-2994-300x70.jpg 300w, http:\/\/museumek.eu\/wp-content\/uploads\/2012\/09\/Museum-Europ\u00e4ischer-Keramikkunst-2994-500x117.jpg 500w, http:\/\/museumek.eu\/wp-content\/uploads\/2012\/09\/Museum-Europ\u00e4ischer-Keramikkunst-2994.jpg 747w\" sizes=\"(max-width: 300px) 100vw, 300px\" \/><\/a><\/p>\n<p><a href=\"http:\/\/museumek.eu\/wp-content\/uploads\/2012\/09\/Museum-Europ\u00e4ischer-Keramikkunst-2995.jpg\"><img loading=\"lazy\" src=\"http:\/\/museumek.eu\/wp-content\/uploads\/2012\/09\/Museum-Europ\u00e4ischer-Keramikkunst-2995-116x300.jpg\" alt=\"\" title=\"Museum Europ\u00e4ischer Keramikkunst 2995\" width=\"116\" height=\"300\" class=\"alignnone size-medium wp-image-14226\" \/><\/a><\/p>\n<p><a href=\"http:\/\/museumek.eu\/wp-content\/uploads\/2012\/09\/Museum-Europ\u00e4ischer-Keramikkunst-2996.jpg\"><img loading=\"lazy\" src=\"http:\/\/museumek.eu\/wp-content\/uploads\/2012\/09\/Museum-Europ\u00e4ischer-Keramikkunst-2996-146x300.jpg\" alt=\"\" title=\"Museum Europ\u00e4ischer Keramikkunst 2996\" width=\"146\" height=\"300\" class=\"alignnone size-medium wp-image-14227\" srcset=\"http:\/\/museumek.eu\/wp-content\/uploads\/2012\/09\/Museum-Europ\u00e4ischer-Keramikkunst-2996-146x300.jpg 146w, http:\/\/museumek.eu\/wp-content\/uploads\/2012\/09\/Museum-Europ\u00e4ischer-Keramikkunst-2996.jpg 452w\" sizes=\"(max-width: 146px) 100vw, 146px\" \/><\/a><\/p>\n<p><a href=\"http:\/\/museumek.eu\/wp-content\/uploads\/2012\/09\/Museum-Europ\u00e4ischer-Keramikkunst-2997.jpg\"><img loading=\"lazy\" src=\"http:\/\/museumek.eu\/wp-content\/uploads\/2012\/09\/Museum-Europ\u00e4ischer-Keramikkunst-2997-300x143.jpg\" alt=\"\" title=\"Museum Europ\u00e4ischer Keramikkunst 2997\" width=\"300\" height=\"143\" class=\"alignnone size-medium wp-image-14228\" srcset=\"http:\/\/museumek.eu\/wp-content\/uploads\/2012\/09\/Museum-Europ\u00e4ischer-Keramikkunst-2997-300x143.jpg 300w, http:\/\/museumek.eu\/wp-content\/uploads\/2012\/09\/Museum-Europ\u00e4ischer-Keramikkunst-2997-500x238.jpg 500w, http:\/\/museumek.eu\/wp-content\/uploads\/2012\/09\/Museum-Europ\u00e4ischer-Keramikkunst-2997.jpg 892w\" sizes=\"(max-width: 300px) 100vw, 300px\" \/><\/a><\/p>\n","protected":false},"excerpt":{"rendered":"<p>Abteilung Deutschland, Keramik 1860 \u2013 1960, Inventarnummer D\/VIII\/20 Manufaktur Villeroy &#038; Boch, Deutschland, Wallerfangen, vor 1910, Servierplatte, K\u00fcnstler unbekannt, Werks.-Nr. 1.000 (Dekornummer), Exemplar Nr. ohne, Firmenmarke mit Merkur, Villeroy &#038; Boch sowie Wallerfangen sowie 1000 schwarze Stempel unter Glasur, HE3 &hellip; <a href=\"http:\/\/museumek.eu\/?page_id=14223\">Weiterlesen <span class=\"meta-nav\">&rarr;<\/span><\/a><\/p>\n","protected":false},"author":1,"featured_media":0,"parent":11771,"menu_order":20,"comment_status":"closed","ping_status":"open","template":"","meta":[],"_links":{"self":[{"href":"http:\/\/museumek.eu\/index.php?rest_route=\/wp\/v2\/pages\/14223"}],"collection":[{"href":"http:\/\/museumek.eu\/index.php?rest_route=\/wp\/v2\/pages"}],"about":[{"href":"http:\/\/museumek.eu\/index.php?rest_route=\/wp\/v2\/types\/page"}],"author":[{"embeddable":true,"href":"http:\/\/museumek.eu\/index.php?rest_route=\/wp\/v2\/users\/1"}],"replies":[{"embeddable":true,"href":"http:\/\/museumek.eu\/index.php?rest_route=%2Fwp%2Fv2%2Fcomments&post=14223"}],"version-history":[{"count":4,"href":"http:\/\/museumek.eu\/index.php?rest_route=\/wp\/v2\/pages\/14223\/revisions"}],"predecessor-version":[{"id":20033,"href":"http:\/\/museumek.eu\/index.php?rest_route=\/wp\/v2\/pages\/14223\/revisions\/20033"}],"up":[{"embeddable":true,"href":"http:\/\/museumek.eu\/index.php?rest_route=\/wp\/v2\/pages\/11771"}],"wp:attachment":[{"href":"http:\/\/museumek.eu\/index.php?rest_route=%2Fwp%2Fv2%2Fmedia&parent=14223"}],"curies":[{"name":"wp","href":"https:\/\/api.w.org\/{rel}","templated":true}]}}