{"id":14281,"date":"2012-09-25T22:58:11","date_gmt":"2012-09-25T20:58:11","guid":{"rendered":"http:\/\/museumek.eu\/?page_id=14281"},"modified":"2021-02-13T22:40:34","modified_gmt":"2021-02-13T21:40:34","slug":"dlviii2","status":"publish","type":"page","link":"http:\/\/museumek.eu\/?page_id=14281","title":{"rendered":"D\/LVIII\/2"},"content":{"rendered":"<p><strong>Abteilung Deutschland, Keramik 1860 \u2013 1960, Inventarnummer D\/LVIII\/2<\/strong><\/p>\n<p>Porzellanmanufaktur F\u00fcrstenberg AG, vormals Herzoglich Braunschweigische Porzellanmanufaktur, Deutschland, F\u00fcrstenberg, vor 1940, runde Souciere, K\u00fcnstler Wilhelm Wagenfeld, Werks.-Nr. 639, Exemplar Nr. ohne, gemarkt F. dunkelgr\u00fcner Stempel unter Glasur (Marke dito wie Marke der Kunstabteilung 1906 \u2013 1918), nicht signiert, Literatur: Beate Manske und Gudrun Scholz, T\u00e4glich in der Hand, Industrieformen von Wilhelm Wagenfeld aus sechs Jahrzehnten, Seite 307, Werksverzeichnis, Porzellanmanufaktur F\u00fcrstenberg, Nr. 78, Service 639, Abbildung m, runde Souciere 0,45 Liter identisch, Entwurf 1934, sp\u00e4tere Ausf\u00fchrungen auch in Farbe &#8222;Elfenbein&#8220;, weitere Literatur: Beatrix Freifrau von Wolff Metternich, F\u00fcrstenberg Porzellan, Seite 94, dort beschrieben, dass Wilhelm Wagenfeld 1934 die Serviceform 639 modellierte sowie Seite 95, Markentafel der Kunstabteilung, Marke fast identisch, die Manufaktur wurde 1747 unter Herzog Karl I. von Braunschweig gegr\u00fcndet, Firmierung Herzoglich Braunschweigische Porzellanmanufaktur, die Bl\u00fctezeit der Manufaktur war 1770 bis 1790, in dieser Zeit vorz\u00fcgliche Malerei, haupts\u00e4chlich Produktion von Vasen, ab 1859 wurde die Manufaktur an st\u00e4ndig wechselnde P\u00e4chter verpachtet, ab 1876 geht die Manufaktur in privates Eigentum des Herrn Bartlingck \u00fcber, die Firmierung darf wohl beibehalten werden, 1888 wird die Manufaktur AG, Firmierung wohl ab da Porzellanmanufaktur F\u00fcrstenberg AG, Bartlingck bleibt einer der Direktoren bis 1895, nach 1904 ist der bekannte K\u00fcnstler Hermann Gradl k\u00fcnstlerischer Mitarbeiter, 1934 entwirft Wilhelm Wagenfeld die Form 633 (siehe MEK D\/LVIII\/1 und D\/LVIII\/2) und 1938 Hubert Griemert die Form 644, H\u00f6he 8 cm, Breite 19 cm<\/p>\n<p><a href=\"http:\/\/museumek.eu\/wp-content\/uploads\/2012\/09\/Museum-Europ\u00e4ischer-Keramikkunst-3027.jpg\"><img loading=\"lazy\" src=\"http:\/\/museumek.eu\/wp-content\/uploads\/2012\/09\/Museum-Europ\u00e4ischer-Keramikkunst-3027-300x174.jpg\" alt=\"\" title=\"Museum Europ\u00e4ischer Keramikkunst 3027\" width=\"300\" height=\"174\" class=\"alignnone size-medium wp-image-14282\" srcset=\"http:\/\/museumek.eu\/wp-content\/uploads\/2012\/09\/Museum-Europ\u00e4ischer-Keramikkunst-3027-300x174.jpg 300w, http:\/\/museumek.eu\/wp-content\/uploads\/2012\/09\/Museum-Europ\u00e4ischer-Keramikkunst-3027-500x290.jpg 500w, http:\/\/museumek.eu\/wp-content\/uploads\/2012\/09\/Museum-Europ\u00e4ischer-Keramikkunst-3027.jpg 870w\" sizes=\"(max-width: 300px) 100vw, 300px\" \/><\/a><\/p>\n<p><a href=\"http:\/\/museumek.eu\/wp-content\/uploads\/2012\/09\/Museum-Europ\u00e4ischer-Keramikkunst-3028.jpg\"><img loading=\"lazy\" src=\"http:\/\/museumek.eu\/wp-content\/uploads\/2012\/09\/Museum-Europ\u00e4ischer-Keramikkunst-3028-300x297.jpg\" alt=\"\" title=\"Museum Europ\u00e4ischer Keramikkunst 3028\" width=\"300\" height=\"297\" class=\"alignnone size-medium wp-image-14283\" srcset=\"http:\/\/museumek.eu\/wp-content\/uploads\/2012\/09\/Museum-Europ\u00e4ischer-Keramikkunst-3028-300x297.jpg 300w, http:\/\/museumek.eu\/wp-content\/uploads\/2012\/09\/Museum-Europ\u00e4ischer-Keramikkunst-3028-150x150.jpg 150w, http:\/\/museumek.eu\/wp-content\/uploads\/2012\/09\/Museum-Europ\u00e4ischer-Keramikkunst-3028-302x300.jpg 302w, http:\/\/museumek.eu\/wp-content\/uploads\/2012\/09\/Museum-Europ\u00e4ischer-Keramikkunst-3028.jpg 747w\" sizes=\"(max-width: 300px) 100vw, 300px\" \/><\/a><\/p>\n<p><a href=\"http:\/\/museumek.eu\/wp-content\/uploads\/2012\/09\/Museum-Europ\u00e4ischer-Keramikkunst-3030.jpg\"><img loading=\"lazy\" src=\"http:\/\/museumek.eu\/wp-content\/uploads\/2012\/09\/Museum-Europ\u00e4ischer-Keramikkunst-3030.jpg\" alt=\"\" title=\"Museum Europ\u00e4ischer Keramikkunst 3030\" width=\"241\" height=\"181\" class=\"alignnone size-full wp-image-14284\" \/><\/a><\/p>\n","protected":false},"excerpt":{"rendered":"<p>Abteilung Deutschland, Keramik 1860 \u2013 1960, Inventarnummer D\/LVIII\/2 Porzellanmanufaktur F\u00fcrstenberg AG, vormals Herzoglich Braunschweigische Porzellanmanufaktur, Deutschland, F\u00fcrstenberg, vor 1940, runde Souciere, K\u00fcnstler Wilhelm Wagenfeld, Werks.-Nr. 639, Exemplar Nr. ohne, gemarkt F. dunkelgr\u00fcner Stempel unter Glasur (Marke dito wie Marke der &hellip; <a href=\"http:\/\/museumek.eu\/?page_id=14281\">Weiterlesen <span class=\"meta-nav\">&rarr;<\/span><\/a><\/p>\n","protected":false},"author":1,"featured_media":0,"parent":14256,"menu_order":2,"comment_status":"closed","ping_status":"open","template":"","meta":[],"_links":{"self":[{"href":"http:\/\/museumek.eu\/index.php?rest_route=\/wp\/v2\/pages\/14281"}],"collection":[{"href":"http:\/\/museumek.eu\/index.php?rest_route=\/wp\/v2\/pages"}],"about":[{"href":"http:\/\/museumek.eu\/index.php?rest_route=\/wp\/v2\/types\/page"}],"author":[{"embeddable":true,"href":"http:\/\/museumek.eu\/index.php?rest_route=\/wp\/v2\/users\/1"}],"replies":[{"embeddable":true,"href":"http:\/\/museumek.eu\/index.php?rest_route=%2Fwp%2Fv2%2Fcomments&post=14281"}],"version-history":[{"count":5,"href":"http:\/\/museumek.eu\/index.php?rest_route=\/wp\/v2\/pages\/14281\/revisions"}],"predecessor-version":[{"id":53406,"href":"http:\/\/museumek.eu\/index.php?rest_route=\/wp\/v2\/pages\/14281\/revisions\/53406"}],"up":[{"embeddable":true,"href":"http:\/\/museumek.eu\/index.php?rest_route=\/wp\/v2\/pages\/14256"}],"wp:attachment":[{"href":"http:\/\/museumek.eu\/index.php?rest_route=%2Fwp%2Fv2%2Fmedia&parent=14281"}],"curies":[{"name":"wp","href":"https:\/\/api.w.org\/{rel}","templated":true}]}}