{"id":14319,"date":"2012-09-27T21:58:05","date_gmt":"2012-09-27T19:58:05","guid":{"rendered":"http:\/\/museumek.eu\/?page_id=14319"},"modified":"2014-11-21T20:08:26","modified_gmt":"2014-11-21T19:08:26","slug":"dxlix2","status":"publish","type":"page","link":"http:\/\/museumek.eu\/?page_id=14319","title":{"rendered":"D\/XLIX\/2"},"content":{"rendered":"<p><strong>Abteilung Deutschland, Keramik 1860 \u2013 1960, Inventarnummer D\/XLIX\/2<\/strong><\/p>\n<p>Simon Peter Gerz I. GmbH Fabrik fein verzierter Gebrauchs- und Luxusgegenst\u00e4nde und Vorg\u00e4nger Simon Peter Gerz I. Fabrik antiker reichverzierter Steinzeugwaaren, Deutschland, H\u00f6hr, um 1930, Seidel, K\u00fcnstler unbekannt, Werks.-Nr. 3335, Exemplar Nr. ohne, gemarkt Firmenmarke mit einem Krug in einem Dreieck darunter FABRIKMARKE, 3335 sowie \u00bd L (ohne Eichstrich) gepresst, 9 oder 6 geritzt, nicht signiert, Literatur: Gisela Reineking von Bock, Meister der deutschen Keramik, Seite 329, Marke Nr. 212 identisch, weitere Literatur: J\u00fcrgen Schimanski und J\u00fcrgen Erlebach, Westerw\u00e4lder Steinzeug, Die Neue \u00c4ra, Seite 44 ff., Beschreibung der Fabrik sowie Seite 44, Marke Nr. 6 identisch, weitere Literatur: J\u00fcrgen Schimanski, Braun geflammt und grau gesalzen, Seite 197, Beschreibung der Fabrik, Beschreibung, dass die Modellnummern ab 3.200 ab den sp\u00e4ten 1920\u2019 Jahren verwendet worden sind sowie Marke Nr. 6 identisch, die Fabrik wurde 1857 von Simon Peter Gerz I (geb. 13.09.1830, gest. 12.09.1893) gegr\u00fcndet, die Registereintragung erfolgte aber erst 1862, insofern ist das Jahr 1862 das amtliche Gr\u00fcndungsdatum, bisher konnte in keiner Literatur eine Erkl\u00e4rung gefunden werden, warum Gerz seinem Namen eine r\u00f6mische I anf\u00fcgte, recherchiert werden konnte, dass es noch einen Steinzeugfabrikanten namens Simon Peter Gerz II (geb. 1833, gest. 1908) gab und dass dieser der Vater von Alois Jacob Gerz, dem Mitbegr\u00fcnder der Steinzeugfabrik Rosskopf &#038; Gerz war, 1867 erhielt die Fabrik das Pr\u00e4dikat eines Hoflieferanten des Herzog von Nassau, 1893 (Gerz Tod) wurde der Schwiegersohn Alphons William Loetschert Inhaber, sehr wahrscheinlich wurde um diese Zeit auch die Fabrikmarke SPG I in einem Kreis in die Dreieckmarke mit einem Krug ge\u00e4ndert, sp\u00e4testens aber sicher 1897, 1897 wurde die Pfeiffenfabrik M\u00fcllenbach &#038; Thewalt Mitinhaber und eine GmbH wurde gegr\u00fcndet (Gr\u00fcndungsdatum: 05.08.1897, die Fabrik bestand bis 1997, Zinnmontur mit Blechdeckel statt Zinndeckel, H\u00f6he 10 cm, Breite 14 cm (nur die Keramik)<\/p>\n<p><a href=\"http:\/\/museumek.eu\/?attachment_id=34492\" rel=\"attachment wp-att-34492\"><img loading=\"lazy\" src=\"http:\/\/museumek.eu\/wp-content\/uploads\/2012\/07\/1930-232x300.jpg\" alt=\"\" title=\"1930\" width=\"232\" height=\"300\" class=\"alignnone size-medium wp-image-34492\" srcset=\"http:\/\/museumek.eu\/wp-content\/uploads\/2012\/07\/1930-232x300.jpg 232w, http:\/\/museumek.eu\/wp-content\/uploads\/2012\/07\/1930-116x150.jpg 116w, http:\/\/museumek.eu\/wp-content\/uploads\/2012\/07\/1930.jpg 600w\" sizes=\"(max-width: 232px) 100vw, 232px\" \/><\/a><\/p>\n<p><a href=\"http:\/\/museumek.eu\/?attachment_id=34493\" rel=\"attachment wp-att-34493\"><img loading=\"lazy\" src=\"http:\/\/museumek.eu\/wp-content\/uploads\/2012\/07\/1931-272x300.jpg\" alt=\"\" title=\"1931\" width=\"272\" height=\"300\" class=\"alignnone size-medium wp-image-34493\" srcset=\"http:\/\/museumek.eu\/wp-content\/uploads\/2012\/07\/1931-272x300.jpg 272w, http:\/\/museumek.eu\/wp-content\/uploads\/2012\/07\/1931-136x150.jpg 136w, http:\/\/museumek.eu\/wp-content\/uploads\/2012\/07\/1931.jpg 600w\" sizes=\"(max-width: 272px) 100vw, 272px\" \/><\/a><\/p>\n<p><a href=\"http:\/\/museumek.eu\/?attachment_id=34494\" rel=\"attachment wp-att-34494\"><img loading=\"lazy\" src=\"http:\/\/museumek.eu\/wp-content\/uploads\/2012\/07\/1932-279x300.jpg\" alt=\"\" title=\"1932\" width=\"279\" height=\"300\" class=\"alignnone size-medium wp-image-34494\" srcset=\"http:\/\/museumek.eu\/wp-content\/uploads\/2012\/07\/1932-279x300.jpg 279w, http:\/\/museumek.eu\/wp-content\/uploads\/2012\/07\/1932-139x150.jpg 139w, http:\/\/museumek.eu\/wp-content\/uploads\/2012\/07\/1932.jpg 600w\" sizes=\"(max-width: 279px) 100vw, 279px\" \/><\/a><\/p>\n<p><a href=\"http:\/\/museumek.eu\/?attachment_id=34495\" rel=\"attachment wp-att-34495\"><img loading=\"lazy\" src=\"http:\/\/museumek.eu\/wp-content\/uploads\/2012\/07\/1933-198x300.jpg\" alt=\"\" title=\"1933\" width=\"198\" height=\"300\" class=\"alignnone size-medium wp-image-34495\" srcset=\"http:\/\/museumek.eu\/wp-content\/uploads\/2012\/07\/1933-198x300.jpg 198w, http:\/\/museumek.eu\/wp-content\/uploads\/2012\/07\/1933-99x150.jpg 99w, http:\/\/museumek.eu\/wp-content\/uploads\/2012\/07\/1933.jpg 530w\" sizes=\"(max-width: 198px) 100vw, 198px\" \/><\/a><\/p>\n<p><a href=\"http:\/\/museumek.eu\/wp-content\/uploads\/2012\/09\/Museum-Europ\u00e4ischer-Keramikkunst-3060.jpg\"><img loading=\"lazy\" src=\"http:\/\/museumek.eu\/wp-content\/uploads\/2012\/09\/Museum-Europ\u00e4ischer-Keramikkunst-3060-287x300.jpg\" alt=\"\" title=\"Museum Europ\u00e4ischer Keramikkunst 3060\" width=\"287\" height=\"300\" class=\"alignnone size-medium wp-image-14321\" srcset=\"http:\/\/museumek.eu\/wp-content\/uploads\/2012\/09\/Museum-Europ\u00e4ischer-Keramikkunst-3060-287x300.jpg 287w, http:\/\/museumek.eu\/wp-content\/uploads\/2012\/09\/Museum-Europ\u00e4ischer-Keramikkunst-3060.jpg 347w\" sizes=\"(max-width: 287px) 100vw, 287px\" \/><\/a><\/p>\n<p><a href=\"http:\/\/museumek.eu\/?attachment_id=34496\" rel=\"attachment wp-att-34496\"><img loading=\"lazy\" src=\"http:\/\/museumek.eu\/wp-content\/uploads\/2012\/07\/1934-229x300.jpg\" alt=\"\" title=\"1934\" width=\"229\" height=\"300\" class=\"alignnone size-medium wp-image-34496\" srcset=\"http:\/\/museumek.eu\/wp-content\/uploads\/2012\/07\/1934-229x300.jpg 229w, http:\/\/museumek.eu\/wp-content\/uploads\/2012\/07\/1934-114x150.jpg 114w, http:\/\/museumek.eu\/wp-content\/uploads\/2012\/07\/1934.jpg 416w\" sizes=\"(max-width: 229px) 100vw, 229px\" \/><\/a><\/p>\n<p><a href=\"http:\/\/museumek.eu\/wp-content\/uploads\/2012\/09\/Museum-Europ\u00e4ischer-Keramikkunst-3059.jpg\"><img loading=\"lazy\" src=\"http:\/\/museumek.eu\/wp-content\/uploads\/2012\/09\/Museum-Europ\u00e4ischer-Keramikkunst-3059.jpg\" alt=\"\" title=\"Museum Europ\u00e4ischer Keramikkunst 3059\" width=\"186\" height=\"243\" class=\"alignnone size-full wp-image-14323\" \/><\/a><\/p>\n","protected":false},"excerpt":{"rendered":"<p>Abteilung Deutschland, Keramik 1860 \u2013 1960, Inventarnummer D\/XLIX\/2 Simon Peter Gerz I. GmbH Fabrik fein verzierter Gebrauchs- und Luxusgegenst\u00e4nde und Vorg\u00e4nger Simon Peter Gerz I. Fabrik antiker reichverzierter Steinzeugwaaren, Deutschland, H\u00f6hr, um 1930, Seidel, K\u00fcnstler unbekannt, Werks.-Nr. 3335, Exemplar Nr. &hellip; <a href=\"http:\/\/museumek.eu\/?page_id=14319\">Weiterlesen <span class=\"meta-nav\">&rarr;<\/span><\/a><\/p>\n","protected":false},"author":1,"featured_media":0,"parent":11558,"menu_order":2,"comment_status":"closed","ping_status":"open","template":"","meta":[],"_links":{"self":[{"href":"http:\/\/museumek.eu\/index.php?rest_route=\/wp\/v2\/pages\/14319"}],"collection":[{"href":"http:\/\/museumek.eu\/index.php?rest_route=\/wp\/v2\/pages"}],"about":[{"href":"http:\/\/museumek.eu\/index.php?rest_route=\/wp\/v2\/types\/page"}],"author":[{"embeddable":true,"href":"http:\/\/museumek.eu\/index.php?rest_route=\/wp\/v2\/users\/1"}],"replies":[{"embeddable":true,"href":"http:\/\/museumek.eu\/index.php?rest_route=%2Fwp%2Fv2%2Fcomments&post=14319"}],"version-history":[{"count":6,"href":"http:\/\/museumek.eu\/index.php?rest_route=\/wp\/v2\/pages\/14319\/revisions"}],"predecessor-version":[{"id":34516,"href":"http:\/\/museumek.eu\/index.php?rest_route=\/wp\/v2\/pages\/14319\/revisions\/34516"}],"up":[{"embeddable":true,"href":"http:\/\/museumek.eu\/index.php?rest_route=\/wp\/v2\/pages\/11558"}],"wp:attachment":[{"href":"http:\/\/museumek.eu\/index.php?rest_route=%2Fwp%2Fv2%2Fmedia&parent=14319"}],"curies":[{"name":"wp","href":"https:\/\/api.w.org\/{rel}","templated":true}]}}