{"id":14665,"date":"2012-10-03T14:49:02","date_gmt":"2012-10-03T12:49:02","guid":{"rendered":"http:\/\/museumek.eu\/?page_id=14665"},"modified":"2020-07-05T19:40:22","modified_gmt":"2020-07-05T17:40:22","slug":"oz29","status":"publish","type":"page","link":"http:\/\/museumek.eu\/?page_id=14665","title":{"rendered":"OZ\/29"},"content":{"rendered":"<p><strong>Abteilung Ohne Zuordnung, Keramik 1860 \u2013 1960, Inventarnummer OZ\/29<\/strong><\/p>\n<p>Vase mit zwei Henkeln, 1887 (?), gemarkt nicht lesbare Pressung, 87 (Jahr 1887 ?) gepresst, G.GESH (entweder f\u00fcr den K\u00fcnstler oder f\u00fcr falsch geschriebenes gesetzlich gesch\u00fctzt schwarzer Stempel sowie TPR oder nur TR dunkelgr\u00fcn gemalt, signiert  G. GESH (?), H\u00f6he 12,5 cm, Breite 7,5 cm<\/p>\n<p><a href=\"http:\/\/museumek.eu\/wp-content\/uploads\/2012\/10\/Museum-Europ\u00e4ischer-Keramikkunst-2883.jpg\"><img loading=\"lazy\" src=\"http:\/\/museumek.eu\/wp-content\/uploads\/2012\/10\/Museum-Europ\u00e4ischer-Keramikkunst-2883-213x300.jpg\" alt=\"\" title=\"Museum Europ\u00e4ischer Keramikkunst 2883\" width=\"213\" height=\"300\" class=\"alignnone size-medium wp-image-14672\" srcset=\"http:\/\/museumek.eu\/wp-content\/uploads\/2012\/10\/Museum-Europ\u00e4ischer-Keramikkunst-2883-213x300.jpg 213w, http:\/\/museumek.eu\/wp-content\/uploads\/2012\/10\/Museum-Europ\u00e4ischer-Keramikkunst-2883.jpg 489w\" sizes=\"(max-width: 213px) 100vw, 213px\" \/><\/a><\/p>\n<p><a href=\"http:\/\/museumek.eu\/wp-content\/uploads\/2012\/10\/Museum-Europ\u00e4ischer-Keramikkunst-2884.jpg\"><img loading=\"lazy\" src=\"http:\/\/museumek.eu\/wp-content\/uploads\/2012\/10\/Museum-Europ\u00e4ischer-Keramikkunst-2884-225x300.jpg\" alt=\"\" title=\"Museum Europ\u00e4ischer Keramikkunst 2884\" width=\"225\" height=\"300\" class=\"alignnone size-medium wp-image-14673\" srcset=\"http:\/\/museumek.eu\/wp-content\/uploads\/2012\/10\/Museum-Europ\u00e4ischer-Keramikkunst-2884-225x300.jpg 225w, http:\/\/museumek.eu\/wp-content\/uploads\/2012\/10\/Museum-Europ\u00e4ischer-Keramikkunst-2884.jpg 406w\" sizes=\"(max-width: 225px) 100vw, 225px\" \/><\/a><\/p>\n","protected":false},"excerpt":{"rendered":"<p>Abteilung Ohne Zuordnung, Keramik 1860 \u2013 1960, Inventarnummer OZ\/29 Vase mit zwei Henkeln, 1887 (?), gemarkt nicht lesbare Pressung, 87 (Jahr 1887 ?) gepresst, G.GESH (entweder f\u00fcr den K\u00fcnstler oder f\u00fcr falsch geschriebenes gesetzlich gesch\u00fctzt schwarzer Stempel sowie TPR oder &hellip; <a href=\"http:\/\/museumek.eu\/?page_id=14665\">Weiterlesen <span class=\"meta-nav\">&rarr;<\/span><\/a><\/p>\n","protected":false},"author":1,"featured_media":0,"parent":6666,"menu_order":29,"comment_status":"closed","ping_status":"open","template":"","meta":[],"_links":{"self":[{"href":"http:\/\/museumek.eu\/index.php?rest_route=\/wp\/v2\/pages\/14665"}],"collection":[{"href":"http:\/\/museumek.eu\/index.php?rest_route=\/wp\/v2\/pages"}],"about":[{"href":"http:\/\/museumek.eu\/index.php?rest_route=\/wp\/v2\/types\/page"}],"author":[{"embeddable":true,"href":"http:\/\/museumek.eu\/index.php?rest_route=\/wp\/v2\/users\/1"}],"replies":[{"embeddable":true,"href":"http:\/\/museumek.eu\/index.php?rest_route=%2Fwp%2Fv2%2Fcomments&post=14665"}],"version-history":[{"count":7,"href":"http:\/\/museumek.eu\/index.php?rest_route=\/wp\/v2\/pages\/14665\/revisions"}],"predecessor-version":[{"id":47707,"href":"http:\/\/museumek.eu\/index.php?rest_route=\/wp\/v2\/pages\/14665\/revisions\/47707"}],"up":[{"embeddable":true,"href":"http:\/\/museumek.eu\/index.php?rest_route=\/wp\/v2\/pages\/6666"}],"wp:attachment":[{"href":"http:\/\/museumek.eu\/index.php?rest_route=%2Fwp%2Fv2%2Fmedia&parent=14665"}],"curies":[{"name":"wp","href":"https:\/\/api.w.org\/{rel}","templated":true}]}}