{"id":14739,"date":"2012-10-04T22:35:51","date_gmt":"2012-10-04T20:35:51","guid":{"rendered":"http:\/\/museumek.eu\/?page_id=14739"},"modified":"2012-10-04T22:36:26","modified_gmt":"2012-10-04T20:36:26","slug":"fxxxiii1","status":"publish","type":"page","link":"http:\/\/museumek.eu\/?page_id=14739","title":{"rendered":"F\/XXXIII\/1"},"content":{"rendered":"<p><strong>Abteilung Frankreich, Keramik 1860 \u2013 1960, Inventarnummer F\/XXXIII\/1<\/strong><\/p>\n<p>Manufaktur Jean Marie Pointu und L\u00e9on Pointu, Frankreich, Saint-Amand-en-Puissaye, Kanne, um 1920, K\u00fcnstler L\u00e9on Pointu, Werks-Nr. ohne, Exemplar Nr. Unikat, gemarkt Pointu gepresst, signiert = gemarkt, Literatur: Edgar Pelichet, Jugendstilkeramik, Seite 96, Nr. 19 und Nr. 20, Manufakturbeschreibung, weitere Literatur: Horst Makus, Keramik aus Historismus und Jugendstil, Seite 157, Manufakturbeschreibung sowie Seite 220, Marke Nr. 147 (als geritzte Signatur) identisch, weitere Literatur: Hessisches Landesmuseum Darmstadt, Sammlung Silzer, Ausstellung 21.08. \u2013 05.10.1986, Europ\u00e4ische Keramik 1880 \u2013 1930, Seite 151 ff., Manufakturbeschreibung, weitere Literatur: Franz\u00f6sische Keramik zwischen 1850 und 1910, Sammlung Maria und Hans-J\u00f6rgen Heuser, Hamburg, Seite 138 ff., Manufakturbeschreibung sowie Seite 230, Marke Nr. 38 (als geritzte Signatur) identisch, H\u00f6he 20 cm, Breite 12 cm<\/p>\n<p><a href=\"http:\/\/museumek.eu\/wp-content\/uploads\/2012\/10\/Museum-Europ\u00e4ischer-Keramikkunst-1832.jpg\"><img loading=\"lazy\" src=\"http:\/\/museumek.eu\/wp-content\/uploads\/2012\/10\/Museum-Europ\u00e4ischer-Keramikkunst-1832-183x300.jpg\" alt=\"\" title=\"Museum Europ\u00e4ischer Keramikkunst 1832\" width=\"183\" height=\"300\" class=\"alignnone size-medium wp-image-14740\" srcset=\"http:\/\/museumek.eu\/wp-content\/uploads\/2012\/10\/Museum-Europ\u00e4ischer-Keramikkunst-1832-183x300.jpg 183w, http:\/\/museumek.eu\/wp-content\/uploads\/2012\/10\/Museum-Europ\u00e4ischer-Keramikkunst-1832.jpg 446w\" sizes=\"(max-width: 183px) 100vw, 183px\" \/><\/a><\/p>\n<p><a href=\"http:\/\/museumek.eu\/wp-content\/uploads\/2012\/10\/Museum-Europ\u00e4ischer-Keramikkunst-1831.jpg\"><img loading=\"lazy\" src=\"http:\/\/museumek.eu\/wp-content\/uploads\/2012\/10\/Museum-Europ\u00e4ischer-Keramikkunst-1831-223x300.jpg\" alt=\"\" title=\"Museum Europ\u00e4ischer Keramikkunst 1831\" width=\"223\" height=\"300\" class=\"alignnone size-medium wp-image-14741\" srcset=\"http:\/\/museumek.eu\/wp-content\/uploads\/2012\/10\/Museum-Europ\u00e4ischer-Keramikkunst-1831-223x300.jpg 223w, http:\/\/museumek.eu\/wp-content\/uploads\/2012\/10\/Museum-Europ\u00e4ischer-Keramikkunst-1831.jpg 610w\" sizes=\"(max-width: 223px) 100vw, 223px\" \/><\/a><\/p>\n<p><a href=\"http:\/\/museumek.eu\/wp-content\/uploads\/2012\/10\/Museum-Europ\u00e4ischer-Keramikkunst-1833.jpg\"><img loading=\"lazy\" src=\"http:\/\/museumek.eu\/wp-content\/uploads\/2012\/10\/Museum-Europ\u00e4ischer-Keramikkunst-1833-300x126.jpg\" alt=\"\" title=\"Museum Europ\u00e4ischer Keramikkunst 1833\" width=\"300\" height=\"126\" class=\"alignnone size-medium wp-image-14742\" srcset=\"http:\/\/museumek.eu\/wp-content\/uploads\/2012\/10\/Museum-Europ\u00e4ischer-Keramikkunst-1833-300x126.jpg 300w, http:\/\/museumek.eu\/wp-content\/uploads\/2012\/10\/Museum-Europ\u00e4ischer-Keramikkunst-1833.jpg 426w\" sizes=\"(max-width: 300px) 100vw, 300px\" \/><\/a><\/p>\n","protected":false},"excerpt":{"rendered":"<p>Abteilung Frankreich, Keramik 1860 \u2013 1960, Inventarnummer F\/XXXIII\/1 Manufaktur Jean Marie Pointu und L\u00e9on Pointu, Frankreich, Saint-Amand-en-Puissaye, Kanne, um 1920, K\u00fcnstler L\u00e9on Pointu, Werks-Nr. ohne, Exemplar Nr. Unikat, gemarkt Pointu gepresst, signiert = gemarkt, Literatur: Edgar Pelichet, Jugendstilkeramik, Seite 96, &hellip; <a href=\"http:\/\/museumek.eu\/?page_id=14739\">Weiterlesen <span class=\"meta-nav\">&rarr;<\/span><\/a><\/p>\n","protected":false},"author":1,"featured_media":0,"parent":14736,"menu_order":1,"comment_status":"closed","ping_status":"open","template":"","meta":[],"_links":{"self":[{"href":"http:\/\/museumek.eu\/index.php?rest_route=\/wp\/v2\/pages\/14739"}],"collection":[{"href":"http:\/\/museumek.eu\/index.php?rest_route=\/wp\/v2\/pages"}],"about":[{"href":"http:\/\/museumek.eu\/index.php?rest_route=\/wp\/v2\/types\/page"}],"author":[{"embeddable":true,"href":"http:\/\/museumek.eu\/index.php?rest_route=\/wp\/v2\/users\/1"}],"replies":[{"embeddable":true,"href":"http:\/\/museumek.eu\/index.php?rest_route=%2Fwp%2Fv2%2Fcomments&post=14739"}],"version-history":[{"count":3,"href":"http:\/\/museumek.eu\/index.php?rest_route=\/wp\/v2\/pages\/14739\/revisions"}],"predecessor-version":[{"id":14745,"href":"http:\/\/museumek.eu\/index.php?rest_route=\/wp\/v2\/pages\/14739\/revisions\/14745"}],"up":[{"embeddable":true,"href":"http:\/\/museumek.eu\/index.php?rest_route=\/wp\/v2\/pages\/14736"}],"wp:attachment":[{"href":"http:\/\/museumek.eu\/index.php?rest_route=%2Fwp%2Fv2%2Fmedia&parent=14739"}],"curies":[{"name":"wp","href":"https:\/\/api.w.org\/{rel}","templated":true}]}}