{"id":15102,"date":"2012-10-14T12:30:21","date_gmt":"2012-10-14T10:30:21","guid":{"rendered":"http:\/\/museumek.eu\/?page_id=15102"},"modified":"2021-05-02T18:58:13","modified_gmt":"2021-05-02T16:58:13","slug":"dxxxii5","status":"publish","type":"page","link":"http:\/\/museumek.eu\/?page_id=15102","title":{"rendered":"D\/XXXII\/5"},"content":{"rendered":"<p><strong>Abteilung Deutschland, Keramik 1860 \u2013 1960, Inventarnummer D\/XXXII\/5<\/strong><\/p>\n<p>Steingutfabriken Velten-Vordamm GmbH in Vordamm (Firmierung so ab 1913), vormals Steingutfarbik Vordamm GmbH, vormals M\u00e4rkische Steingutfabrik GmbH, vormals Neum\u00e4rkische Steingutfabrik, vormals Steingutfabrik A. Franke, vormals Steingutfabrik Mendheim &#038; Co., vormals Steingutfabrik Mendheim &#038; Eisenecker und Steingutfabriken Velten-Vordamm GmbH in Velten, Deutschland, Vordamm (Fabrik in Vordamm), um 1910, Schale, K\u00fcnstler unbekannt, Werks.-Nr. ohne, Exemplar Nr. ohne, gemarkt Firmenmarke V, dass rechts oben in ein Quadrat ausl\u00e4uft in dem sich die Zahl 4 befindet gr\u00fcner Stempel unter Glasur, nicht signiert, Literatur: Gisela Reineking von Bock, Meister der deutschen Keramik 1900 bis 1950, Seite 287 ff., Beschreibung der Fabrik sowie Seite 328, Marke Nr. 203 identischer Markentyp, weitere Literatur: Otto Pelka, Keramik der Neuzeit, Markentafel X, Marke Nr. 161 a identischer Markentyp, Seite 213, Herstellerverzeichnis, Vordamm, Steingutfabriken Velten-Vordamm 161 a sowie Seite 222, Velten-Vordamm, Steingutfabriken 144 ff., 174, M 161 a, 219, die Fabrik wurde 1837 von den beiden Kaufleuten Eduard (? evtl. auch Georg) Mendheim und Eisenecker in Vordamm bei Driesen (heute Nowe Drezdenko, Polen) gegr\u00fcndet, Firmierung wohl Steingutfabrik Mendheim &#038; Eisenecker, um 1850 bis ca. 1866 ist Mendheim Alleineigent\u00fcmer der Fabrik, Firmierung ab da Steingutfabrik Mendheim &#038; Co., es ist nicht bekannt, wer der Eigent\u00fcmer in den Jahren 1866-1880 war, 1880 wird das Unternehmen von H. Hartung gef\u00fchrt, dazu ist aber nichts weiter bekannt, 1884 wird der Berliner Bankier A. Franke neuer Eigent\u00fcmer, Firmierung Steingutfabrik A. Franke, von 1897 bis 1902 ist A. Frankes Neffe Wilhelm Wolff Freiherr von Gudenberg Inhaber und firmiert Neum\u00e4rkische Steingutfabrik und ab 1900 M\u00e4rkische Steingutfabrik GmbH, ab 1902 ist Dr. Hermann Harkort (geb. 1881 in Hagen, gest.1930, wohl in Velten) Gesellschafter, Gesch\u00e4ftsf\u00fchrer und technischer Direktor, weiterer Gesellschafter ist Karl Ernst Osthaus aus Hagen, Firmierung Steingutfabrik Vordamm GmbH, ab 1908 ist Harkort Alleininhaber, die Firmierung bleibt, 1913 baut Harkort in Velten eine weitere Fabrik (oft als Schwesterfabrik bezeichnet), Firmierung ab da Steingutfabriken Velten-Vordamm GmbH (gilt f\u00fcr beide Fabriken), in der Veltener Fabrik wurden vorwiegend Hand gemalte Fayencen und in der Vordammer Fabrik vorwiegend Gebrauchsgeschirre und Kunstkeramiken hergestellt, k\u00fcnstlerische Mitarbeiter der Fabrik sind u. a. Walter Stock, Gerhard Marcks, Ursula Fesca, Gustav Partz, Importbeschr\u00e4nkungen f\u00fchrten den Betrieb 1931 in den Ruin, H\u00f6he 7 cm, Breite 18 cm<\/p>\n<p><a href=\"http:\/\/museumek.eu\/wp-content\/uploads\/2012\/10\/Museum-Europ\u00e4ischer-Keramikkunst-3155.jpg\"><img loading=\"lazy\" src=\"http:\/\/museumek.eu\/wp-content\/uploads\/2012\/10\/Museum-Europ\u00e4ischer-Keramikkunst-3155-300x189.jpg\" alt=\"\" title=\"Museum Europ\u00e4ischer Keramikkunst 3155\" width=\"300\" height=\"189\" class=\"alignnone size-medium wp-image-15103\" srcset=\"http:\/\/museumek.eu\/wp-content\/uploads\/2012\/10\/Museum-Europ\u00e4ischer-Keramikkunst-3155-300x189.jpg 300w, http:\/\/museumek.eu\/wp-content\/uploads\/2012\/10\/Museum-Europ\u00e4ischer-Keramikkunst-3155-473x300.jpg 473w, http:\/\/museumek.eu\/wp-content\/uploads\/2012\/10\/Museum-Europ\u00e4ischer-Keramikkunst-3155.jpg 799w\" sizes=\"(max-width: 300px) 100vw, 300px\" \/><\/a><\/p>\n<p><a href=\"http:\/\/museumek.eu\/wp-content\/uploads\/2012\/10\/Museum-Europ\u00e4ischer-Keramikkunst-3156.jpg\"><img loading=\"lazy\" src=\"http:\/\/museumek.eu\/wp-content\/uploads\/2012\/10\/Museum-Europ\u00e4ischer-Keramikkunst-3156-300x158.jpg\" alt=\"\" title=\"Museum Europ\u00e4ischer Keramikkunst 3156\" width=\"300\" height=\"158\" class=\"alignnone size-medium wp-image-15104\" srcset=\"http:\/\/museumek.eu\/wp-content\/uploads\/2012\/10\/Museum-Europ\u00e4ischer-Keramikkunst-3156-300x158.jpg 300w, http:\/\/museumek.eu\/wp-content\/uploads\/2012\/10\/Museum-Europ\u00e4ischer-Keramikkunst-3156-500x263.jpg 500w, http:\/\/museumek.eu\/wp-content\/uploads\/2012\/10\/Museum-Europ\u00e4ischer-Keramikkunst-3156.jpg 946w\" sizes=\"(max-width: 300px) 100vw, 300px\" \/><\/a><\/p>\n<p><a href=\"http:\/\/museumek.eu\/wp-content\/uploads\/2012\/10\/Museum-Europ\u00e4ischer-Keramikkunst-3157.jpg\"><img loading=\"lazy\" src=\"http:\/\/museumek.eu\/wp-content\/uploads\/2012\/10\/Museum-Europ\u00e4ischer-Keramikkunst-3157.jpg\" alt=\"\" title=\"Museum Europ\u00e4ischer Keramikkunst 3157\" width=\"235\" height=\"189\" class=\"alignnone size-full wp-image-15105\" \/><\/a><\/p>\n","protected":false},"excerpt":{"rendered":"<p>Abteilung Deutschland, Keramik 1860 \u2013 1960, Inventarnummer D\/XXXII\/5 Steingutfabriken Velten-Vordamm GmbH in Vordamm (Firmierung so ab 1913), vormals Steingutfarbik Vordamm GmbH, vormals M\u00e4rkische Steingutfabrik GmbH, vormals Neum\u00e4rkische Steingutfabrik, vormals Steingutfabrik A. Franke, vormals Steingutfabrik Mendheim &#038; Co., vormals Steingutfabrik Mendheim &hellip; <a href=\"http:\/\/museumek.eu\/?page_id=15102\">Weiterlesen <span class=\"meta-nav\">&rarr;<\/span><\/a><\/p>\n","protected":false},"author":1,"featured_media":0,"parent":8096,"menu_order":5,"comment_status":"closed","ping_status":"open","template":"","meta":[],"_links":{"self":[{"href":"http:\/\/museumek.eu\/index.php?rest_route=\/wp\/v2\/pages\/15102"}],"collection":[{"href":"http:\/\/museumek.eu\/index.php?rest_route=\/wp\/v2\/pages"}],"about":[{"href":"http:\/\/museumek.eu\/index.php?rest_route=\/wp\/v2\/types\/page"}],"author":[{"embeddable":true,"href":"http:\/\/museumek.eu\/index.php?rest_route=\/wp\/v2\/users\/1"}],"replies":[{"embeddable":true,"href":"http:\/\/museumek.eu\/index.php?rest_route=%2Fwp%2Fv2%2Fcomments&post=15102"}],"version-history":[{"count":9,"href":"http:\/\/museumek.eu\/index.php?rest_route=\/wp\/v2\/pages\/15102\/revisions"}],"predecessor-version":[{"id":56416,"href":"http:\/\/museumek.eu\/index.php?rest_route=\/wp\/v2\/pages\/15102\/revisions\/56416"}],"up":[{"embeddable":true,"href":"http:\/\/museumek.eu\/index.php?rest_route=\/wp\/v2\/pages\/8096"}],"wp:attachment":[{"href":"http:\/\/museumek.eu\/index.php?rest_route=%2Fwp%2Fv2%2Fmedia&parent=15102"}],"curies":[{"name":"wp","href":"https:\/\/api.w.org\/{rel}","templated":true}]}}