{"id":15195,"date":"2012-10-15T22:53:34","date_gmt":"2012-10-15T20:53:34","guid":{"rendered":"http:\/\/museumek.eu\/?page_id=15195"},"modified":"2013-06-09T13:30:52","modified_gmt":"2013-06-09T11:30:52","slug":"axxxiii8","status":"publish","type":"page","link":"http:\/\/museumek.eu\/?page_id=15195","title":{"rendered":"A\/XXXIII\/8"},"content":{"rendered":"<p><strong>Abteilung Austria\/Ungarn\/B\u00f6hmen, Keramik 1860 \u2013 1960, Inventarnummer A\/XXXIII\/8<\/strong><\/p>\n<p>Haas &#038; Czjzek K.K. privilegierte Porzellanfabrik und Nachf. Porzellanfabrik Haas &#038; Czjzek AG, B\u00f6hmen\/Austria, Schlaggenwald\/Horni Slavkov und Chodau\/Chodov, um 1900, Teller, K\u00fcnstler unbekannt, Werks.-Nr. 7486 (Dekornummer ?), Exemplar Nr. ohne, gemarkt Firmenmarke bekr\u00f6nter Rundstempel mit zwei Tannen, H&#038;C (f\u00fcr Haas &#038; Czjzek) darunter S (f\u00fcr Schlaggenwald) gr\u00fcn auf Glasur, nicht signiert, Literatur: Karl Heinz Br\u00f6han und Dieter H\u00f6germann, Porzellan, Kunst und Design 1889 bis 1939, Vom Jugendstil zum Funktionalismus, Bestandskatalog Bd. V. 2 des Br\u00f6han Museums, Seite 465, Beschreibung der Fabrik und Abbildung der identischen Marke, Johann Georg Paulus gr\u00fcndete 1792 eine Porzellanfabrik, welche als Paulus Porzellan firmierte, nach kurzer Zeit wird, wohl noch vor Ende 1800, Luise Sophie Greiner Eigent\u00fcmerin, Ihr Schwiegersohn der Arzt Johann Georg Lippert tritt in die Fabrik ein und holt sich Wenzel Haas aus Prag als Partner, Firmierung sp\u00e4testens 1836 als Haas &#038; Lippert, Wenzel Haas Sohn August Eusebius Haas war Grundbesitzer und trat zu Wenzel Haas Tod in die Fabrik ein, 1843 Tod von Johann Georg Lippert, dessen Tochter Emilie und deren Ehemann Johann M\u00f6hring erben die Anteile der Fabrik und verkaufen sie an Haas, der nun Alleineigent\u00fcmer ist, 1867 \u00fcbergibt August Eusebius Haas seine Fabrik an seinen Sohn Georg Haas (ab 1908 Freiherr von Hasenfels) und seinen Neffen Johann Czjzek (sp\u00e4ter Edler von Smidaich), Firmierung ab 1867 Haas &#038; Czjzek K.K. Porzellanfabrik, 1871 kauft die Fabrik von der Familie Porges von Portheim die Porzellanfabrik in Chodau, Firmierung wohl identisch, lediglich Ortunterscheidung in den Stempeln, Georg Haas stirbt 1914 und seine Witwe Olga tritt in die Fabrik ein, 1923 \u00fcbergibt Johann Czjzek seine Anteile an seinen Sohn Felix. 1930 wird eine Aktiengesellschaft gegr\u00fcndet und 1945 wird die Fabrik enteignet, in Schlaggenwald wird feinstes Porzellan f\u00fcr die Kaiserh\u00e4user, den Papst und F\u00fcrstenh\u00e4user produziert, in Chodau vorwiegend einfaches Gebrauchsgeschirr, der Teller ist Teil eines Speiseservice, siehe auch weitere Teile des Service MEK A\/XXXIII\/2 bis MEK A\/XXXIII\/7, identische Teller siehe MEK A\/XXXIII\/7 sowie MEK A\/XXXIII\/8, Herstellungsort Schlaggenwald, Durchmesser 24,5 cm<\/p>\n<p><a href=\"http:\/\/museumek.eu\/wp-content\/uploads\/2012\/10\/Museum-Europ\u00e4ischer-Keramikkunst-3129.jpg\"><img loading=\"lazy\" src=\"http:\/\/museumek.eu\/wp-content\/uploads\/2012\/10\/Museum-Europ\u00e4ischer-Keramikkunst-3129-300x297.jpg\" alt=\"\" title=\"Museum Europ\u00e4ischer Keramikkunst 3129\" width=\"300\" height=\"297\" class=\"alignnone size-medium wp-image-15196\" srcset=\"http:\/\/museumek.eu\/wp-content\/uploads\/2012\/10\/Museum-Europ\u00e4ischer-Keramikkunst-3129-300x297.jpg 300w, http:\/\/museumek.eu\/wp-content\/uploads\/2012\/10\/Museum-Europ\u00e4ischer-Keramikkunst-3129-150x150.jpg 150w, http:\/\/museumek.eu\/wp-content\/uploads\/2012\/10\/Museum-Europ\u00e4ischer-Keramikkunst-3129-302x300.jpg 302w, http:\/\/museumek.eu\/wp-content\/uploads\/2012\/10\/Museum-Europ\u00e4ischer-Keramikkunst-3129.jpg 719w\" sizes=\"(max-width: 300px) 100vw, 300px\" \/><\/a><\/p>\n<p><a href=\"http:\/\/museumek.eu\/wp-content\/uploads\/2012\/10\/Museum-Europ\u00e4ischer-Keramikkunst-3130.jpg\"><img loading=\"lazy\" src=\"http:\/\/museumek.eu\/wp-content\/uploads\/2012\/10\/Museum-Europ\u00e4ischer-Keramikkunst-3130.jpg\" alt=\"\" title=\"Museum Europ\u00e4ischer Keramikkunst 3130\" width=\"150\" height=\"181\" class=\"alignnone size-full wp-image-15198\" \/><\/a><\/p>\n","protected":false},"excerpt":{"rendered":"<p>Abteilung Austria\/Ungarn\/B\u00f6hmen, Keramik 1860 \u2013 1960, Inventarnummer A\/XXXIII\/8 Haas &#038; Czjzek K.K. privilegierte Porzellanfabrik und Nachf. Porzellanfabrik Haas &#038; Czjzek AG, B\u00f6hmen\/Austria, Schlaggenwald\/Horni Slavkov und Chodau\/Chodov, um 1900, Teller, K\u00fcnstler unbekannt, Werks.-Nr. 7486 (Dekornummer ?), Exemplar Nr. ohne, gemarkt Firmenmarke &hellip; <a href=\"http:\/\/museumek.eu\/?page_id=15195\">Weiterlesen <span class=\"meta-nav\">&rarr;<\/span><\/a><\/p>\n","protected":false},"author":1,"featured_media":0,"parent":7256,"menu_order":8,"comment_status":"closed","ping_status":"open","template":"","meta":[],"_links":{"self":[{"href":"http:\/\/museumek.eu\/index.php?rest_route=\/wp\/v2\/pages\/15195"}],"collection":[{"href":"http:\/\/museumek.eu\/index.php?rest_route=\/wp\/v2\/pages"}],"about":[{"href":"http:\/\/museumek.eu\/index.php?rest_route=\/wp\/v2\/types\/page"}],"author":[{"embeddable":true,"href":"http:\/\/museumek.eu\/index.php?rest_route=\/wp\/v2\/users\/1"}],"replies":[{"embeddable":true,"href":"http:\/\/museumek.eu\/index.php?rest_route=%2Fwp%2Fv2%2Fcomments&post=15195"}],"version-history":[{"count":5,"href":"http:\/\/museumek.eu\/index.php?rest_route=\/wp\/v2\/pages\/15195\/revisions"}],"predecessor-version":[{"id":23342,"href":"http:\/\/museumek.eu\/index.php?rest_route=\/wp\/v2\/pages\/15195\/revisions\/23342"}],"up":[{"embeddable":true,"href":"http:\/\/museumek.eu\/index.php?rest_route=\/wp\/v2\/pages\/7256"}],"wp:attachment":[{"href":"http:\/\/museumek.eu\/index.php?rest_route=%2Fwp%2Fv2%2Fmedia&parent=15195"}],"curies":[{"name":"wp","href":"https:\/\/api.w.org\/{rel}","templated":true}]}}