{"id":15261,"date":"2012-10-16T23:23:33","date_gmt":"2012-10-16T21:23:33","guid":{"rendered":"http:\/\/museumek.eu\/?page_id=15261"},"modified":"2012-10-16T23:24:21","modified_gmt":"2012-10-16T21:24:21","slug":"dviii23","status":"publish","type":"page","link":"http:\/\/museumek.eu\/?page_id=15261","title":{"rendered":"D\/VIII\/23"},"content":{"rendered":"<p><strong>Abteilung Deutschland, Keramik 1860 \u2013 1960, Inventarnummer D\/VIII\/23<\/strong><\/p>\n<p>Manufaktur Villeroy &#038; Boch, Deutschland, Mettlach, um 1900, Fliese mit vier Fuchsk\u00f6pfen sowie zugeh\u00f6rige Bord\u00fcre, K\u00fcnstler Otto Eckmann, Werks.-Nr. ohne, Exemplar Nr. ohne, gemarkt Villeroy &#038; Boch, Mosaikfabrik in Mettlach gepresst, nicht signiert, Literatur: Villeroy &#038; Boch AG, Mettlach, 1998, Villeroy &#038; Boch, ein Vierteljahrtausend europ\u00e4ische Industriegeschichte 1748 \u2013 1998, Seite 146, Abbildung der identischen Fliese und Erkl\u00e4rung, dass das Fuchskopfdekor von Otto Eckmann entworfen worden ist, Ma\u00dfe der Fliese: H\u00f6he 1,7 cm, L\u00e4nge und Breite 14,6 cm,<br \/>\nMa\u00dfe der Bord\u00fcre: H\u00f6he 1 cm, L\u00e4nge 7,2 cm, Breite 14,6 cm<\/p>\n<p><a href=\"http:\/\/museumek.eu\/wp-content\/uploads\/2012\/10\/Museum-Europ\u00e4ischer-Keramikkunst-3161.jpg\"><img loading=\"lazy\" src=\"http:\/\/museumek.eu\/wp-content\/uploads\/2012\/10\/Museum-Europ\u00e4ischer-Keramikkunst-3161-214x300.jpg\" alt=\"\" title=\"Museum Europ\u00e4ischer Keramikkunst 3161\" width=\"214\" height=\"300\" class=\"alignnone size-medium wp-image-15262\" srcset=\"http:\/\/museumek.eu\/wp-content\/uploads\/2012\/10\/Museum-Europ\u00e4ischer-Keramikkunst-3161-214x300.jpg 214w, http:\/\/museumek.eu\/wp-content\/uploads\/2012\/10\/Museum-Europ\u00e4ischer-Keramikkunst-3161.jpg 627w\" sizes=\"(max-width: 214px) 100vw, 214px\" \/><\/a><\/p>\n<p><a href=\"http:\/\/museumek.eu\/wp-content\/uploads\/2012\/10\/Museum-Europ\u00e4ischer-Keramikkunst-3162.jpg\"><img loading=\"lazy\" src=\"http:\/\/museumek.eu\/wp-content\/uploads\/2012\/10\/Museum-Europ\u00e4ischer-Keramikkunst-3162-195x300.jpg\" alt=\"\" title=\"Museum Europ\u00e4ischer Keramikkunst 3162\" width=\"195\" height=\"300\" class=\"alignnone size-medium wp-image-15263\" srcset=\"http:\/\/museumek.eu\/wp-content\/uploads\/2012\/10\/Museum-Europ\u00e4ischer-Keramikkunst-3162-195x300.jpg 195w, http:\/\/museumek.eu\/wp-content\/uploads\/2012\/10\/Museum-Europ\u00e4ischer-Keramikkunst-3162.jpg 556w\" sizes=\"(max-width: 195px) 100vw, 195px\" \/><\/a><\/p>\n<p><a href=\"http:\/\/museumek.eu\/wp-content\/uploads\/2012\/10\/Museum-Europ\u00e4ischer-Keramikkunst-3164.jpg\"><img loading=\"lazy\" src=\"http:\/\/museumek.eu\/wp-content\/uploads\/2012\/10\/Museum-Europ\u00e4ischer-Keramikkunst-3164-201x300.jpg\" alt=\"\" title=\"Museum Europ\u00e4ischer Keramikkunst 3164\" width=\"201\" height=\"300\" class=\"alignnone size-medium wp-image-15264\" srcset=\"http:\/\/museumek.eu\/wp-content\/uploads\/2012\/10\/Museum-Europ\u00e4ischer-Keramikkunst-3164-201x300.jpg 201w, http:\/\/museumek.eu\/wp-content\/uploads\/2012\/10\/Museum-Europ\u00e4ischer-Keramikkunst-3164.jpg 631w\" sizes=\"(max-width: 201px) 100vw, 201px\" \/><\/a><\/p>\n","protected":false},"excerpt":{"rendered":"<p>Abteilung Deutschland, Keramik 1860 \u2013 1960, Inventarnummer D\/VIII\/23 Manufaktur Villeroy &#038; Boch, Deutschland, Mettlach, um 1900, Fliese mit vier Fuchsk\u00f6pfen sowie zugeh\u00f6rige Bord\u00fcre, K\u00fcnstler Otto Eckmann, Werks.-Nr. ohne, Exemplar Nr. ohne, gemarkt Villeroy &#038; Boch, Mosaikfabrik in Mettlach gepresst, nicht &hellip; <a href=\"http:\/\/museumek.eu\/?page_id=15261\">Weiterlesen <span class=\"meta-nav\">&rarr;<\/span><\/a><\/p>\n","protected":false},"author":1,"featured_media":0,"parent":15230,"menu_order":23,"comment_status":"closed","ping_status":"open","template":"","meta":[],"_links":{"self":[{"href":"http:\/\/museumek.eu\/index.php?rest_route=\/wp\/v2\/pages\/15261"}],"collection":[{"href":"http:\/\/museumek.eu\/index.php?rest_route=\/wp\/v2\/pages"}],"about":[{"href":"http:\/\/museumek.eu\/index.php?rest_route=\/wp\/v2\/types\/page"}],"author":[{"embeddable":true,"href":"http:\/\/museumek.eu\/index.php?rest_route=\/wp\/v2\/users\/1"}],"replies":[{"embeddable":true,"href":"http:\/\/museumek.eu\/index.php?rest_route=%2Fwp%2Fv2%2Fcomments&post=15261"}],"version-history":[{"count":3,"href":"http:\/\/museumek.eu\/index.php?rest_route=\/wp\/v2\/pages\/15261\/revisions"}],"predecessor-version":[{"id":15267,"href":"http:\/\/museumek.eu\/index.php?rest_route=\/wp\/v2\/pages\/15261\/revisions\/15267"}],"up":[{"embeddable":true,"href":"http:\/\/museumek.eu\/index.php?rest_route=\/wp\/v2\/pages\/15230"}],"wp:attachment":[{"href":"http:\/\/museumek.eu\/index.php?rest_route=%2Fwp%2Fv2%2Fmedia&parent=15261"}],"curies":[{"name":"wp","href":"https:\/\/api.w.org\/{rel}","templated":true}]}}