{"id":15309,"date":"2012-10-19T21:42:58","date_gmt":"2012-10-19T19:42:58","guid":{"rendered":"http:\/\/museumek.eu\/?page_id=15309"},"modified":"2013-04-16T14:11:57","modified_gmt":"2013-04-16T12:11:57","slug":"dxxi5","status":"publish","type":"page","link":"http:\/\/museumek.eu\/?page_id=15309","title":{"rendered":"D\/XXI\/5"},"content":{"rendered":"<p><strong>Abteilung Deutschland, Keramik 1860 \u2013 1960, Inventarnummer D\/XXI\/5<\/strong><\/p>\n<p>Manufaktur Porzellan- und Steingutfabrik Ludwig Wessel, Deutschland, Bonn-Poppelsdorf, 1888, Vase, K\u00fcnstler unbekannt, Werks.-Nr. ohne, Exemplar Nr. ohne, gemarkt Firmenmarke mit Krone, L (f\u00fcr Ludwig), W (f\u00fcr Wessel), P (f\u00fcr Poppelsdorf) sowie CA (f\u00fcr Kurf\u00fcrst Clement August, wobei das CA, mit welchem die Produkte aus der Anfangszeit der Manufaktur gemarkt worden sind, durch vielfache Voluten in seiner Gestaltung symmetrisch geworden ist und nur noch identifiziert werden kann, wenn man den historischen Zusammenhang kennt) schwarzer Stempel unter Glasur, 328 gepresst, 2542 sowie 138 schwarz unter Glasur gemalt, nicht signiert, Gold geh\u00f6ht, Literatur: Michael Weisser, Porzellan- und Steingutfabrik Ludwig Wessel Bonn-Poppelsdorf, Katalog 2 zur Ausstellung Volkskunst im Wandel, Seite 124, Abbildung Nr. 52, formgleiche Vase mit anderem Dekor aus der Produktion 1888 in schwarzweiss abgebildet sowie Seite 170, Marke Nr. 1 b identisch, die Manufaktur hatte folgende unterschiedliche Firmenbezeichnungen: Porzellan- und Steingutfabrik Ludwig Wessel (1840 \u2013 1888), Ludwig Wessel Actiengesellschaft f\u00fcr Porzellan- und Steingutfabrikation (1888 \u2013 1929), Wessel Keramische Werke Aktiengesellschaft (1929 \u2013 1969), siehe auch MEK D\/XXI\/4 identische 2. Vase, H\u00f6he 28 cm, Breite 17 cm<\/p>\n<p><a href=\"http:\/\/museumek.eu\/wp-content\/uploads\/2012\/10\/Museum-Europ\u00e4ischer-Keramikkunst-3223.jpg\"><img loading=\"lazy\" src=\"http:\/\/museumek.eu\/wp-content\/uploads\/2012\/10\/Museum-Europ\u00e4ischer-Keramikkunst-3223-205x300.jpg\" alt=\"\" title=\"Museum Europ\u00e4ischer Keramikkunst 3223\" width=\"205\" height=\"300\" class=\"alignnone size-medium wp-image-15310\" srcset=\"http:\/\/museumek.eu\/wp-content\/uploads\/2012\/10\/Museum-Europ\u00e4ischer-Keramikkunst-3223-205x300.jpg 205w, http:\/\/museumek.eu\/wp-content\/uploads\/2012\/10\/Museum-Europ\u00e4ischer-Keramikkunst-3223.jpg 666w\" sizes=\"(max-width: 205px) 100vw, 205px\" \/><\/a><\/p>\n<p><a href=\"http:\/\/museumek.eu\/wp-content\/uploads\/2012\/10\/Museum-Europ\u00e4ischer-Keramikkunst-3224.jpg\"><img loading=\"lazy\" src=\"http:\/\/museumek.eu\/wp-content\/uploads\/2012\/10\/Museum-Europ\u00e4ischer-Keramikkunst-3224-204x300.jpg\" alt=\"\" title=\"Museum Europ\u00e4ischer Keramikkunst 3224\" width=\"204\" height=\"300\" class=\"alignnone size-medium wp-image-15311\" srcset=\"http:\/\/museumek.eu\/wp-content\/uploads\/2012\/10\/Museum-Europ\u00e4ischer-Keramikkunst-3224-204x300.jpg 204w, http:\/\/museumek.eu\/wp-content\/uploads\/2012\/10\/Museum-Europ\u00e4ischer-Keramikkunst-3224.jpg 652w\" sizes=\"(max-width: 204px) 100vw, 204px\" \/><\/a><\/p>\n<p><a href=\"http:\/\/museumek.eu\/wp-content\/uploads\/2012\/10\/Museum-Europ\u00e4ischer-Keramikkunst-3225.jpg\"><img loading=\"lazy\" src=\"http:\/\/museumek.eu\/wp-content\/uploads\/2012\/10\/Museum-Europ\u00e4ischer-Keramikkunst-3225-260x300.jpg\" alt=\"\" title=\"Museum Europ\u00e4ischer Keramikkunst 3225\" width=\"260\" height=\"300\" class=\"alignnone size-medium wp-image-15312\" srcset=\"http:\/\/museumek.eu\/wp-content\/uploads\/2012\/10\/Museum-Europ\u00e4ischer-Keramikkunst-3225-260x300.jpg 260w, http:\/\/museumek.eu\/wp-content\/uploads\/2012\/10\/Museum-Europ\u00e4ischer-Keramikkunst-3225.jpg 733w\" sizes=\"(max-width: 260px) 100vw, 260px\" \/><\/a><\/p>\n<p><a href=\"http:\/\/museumek.eu\/wp-content\/uploads\/2012\/10\/Museum-Europ\u00e4ischer-Keramikkunst-3226.jpg\"><img loading=\"lazy\" src=\"http:\/\/museumek.eu\/wp-content\/uploads\/2012\/10\/Museum-Europ\u00e4ischer-Keramikkunst-3226-300x271.jpg\" alt=\"\" title=\"Museum Europ\u00e4ischer Keramikkunst 3226\" width=\"300\" height=\"271\" class=\"alignnone size-medium wp-image-15313\" srcset=\"http:\/\/museumek.eu\/wp-content\/uploads\/2012\/10\/Museum-Europ\u00e4ischer-Keramikkunst-3226-300x271.jpg 300w, http:\/\/museumek.eu\/wp-content\/uploads\/2012\/10\/Museum-Europ\u00e4ischer-Keramikkunst-3226-331x300.jpg 331w, http:\/\/museumek.eu\/wp-content\/uploads\/2012\/10\/Museum-Europ\u00e4ischer-Keramikkunst-3226.jpg 488w\" sizes=\"(max-width: 300px) 100vw, 300px\" \/><\/a><\/p>\n<p><a href=\"http:\/\/museumek.eu\/wp-content\/uploads\/2012\/10\/Museum-Europ\u00e4ischer-Keramikkunst-3227.jpg\"><img loading=\"lazy\" src=\"http:\/\/museumek.eu\/wp-content\/uploads\/2012\/10\/Museum-Europ\u00e4ischer-Keramikkunst-3227-300x295.jpg\" alt=\"\" title=\"Museum Europ\u00e4ischer Keramikkunst 3227\" width=\"300\" height=\"295\" class=\"alignnone size-medium wp-image-15314\" srcset=\"http:\/\/museumek.eu\/wp-content\/uploads\/2012\/10\/Museum-Europ\u00e4ischer-Keramikkunst-3227-300x295.jpg 300w, http:\/\/museumek.eu\/wp-content\/uploads\/2012\/10\/Museum-Europ\u00e4ischer-Keramikkunst-3227-304x300.jpg 304w, http:\/\/museumek.eu\/wp-content\/uploads\/2012\/10\/Museum-Europ\u00e4ischer-Keramikkunst-3227.jpg 490w\" sizes=\"(max-width: 300px) 100vw, 300px\" \/><\/a><\/p>\n","protected":false},"excerpt":{"rendered":"<p>Abteilung Deutschland, Keramik 1860 \u2013 1960, Inventarnummer D\/XXI\/5 Manufaktur Porzellan- und Steingutfabrik Ludwig Wessel, Deutschland, Bonn-Poppelsdorf, 1888, Vase, K\u00fcnstler unbekannt, Werks.-Nr. ohne, Exemplar Nr. ohne, gemarkt Firmenmarke mit Krone, L (f\u00fcr Ludwig), W (f\u00fcr Wessel), P (f\u00fcr Poppelsdorf) sowie CA &hellip; <a href=\"http:\/\/museumek.eu\/?page_id=15309\">Weiterlesen <span class=\"meta-nav\">&rarr;<\/span><\/a><\/p>\n","protected":false},"author":1,"featured_media":0,"parent":3462,"menu_order":5,"comment_status":"closed","ping_status":"open","template":"","meta":[],"_links":{"self":[{"href":"http:\/\/museumek.eu\/index.php?rest_route=\/wp\/v2\/pages\/15309"}],"collection":[{"href":"http:\/\/museumek.eu\/index.php?rest_route=\/wp\/v2\/pages"}],"about":[{"href":"http:\/\/museumek.eu\/index.php?rest_route=\/wp\/v2\/types\/page"}],"author":[{"embeddable":true,"href":"http:\/\/museumek.eu\/index.php?rest_route=\/wp\/v2\/users\/1"}],"replies":[{"embeddable":true,"href":"http:\/\/museumek.eu\/index.php?rest_route=%2Fwp%2Fv2%2Fcomments&post=15309"}],"version-history":[{"count":5,"href":"http:\/\/museumek.eu\/index.php?rest_route=\/wp\/v2\/pages\/15309\/revisions"}],"predecessor-version":[{"id":19819,"href":"http:\/\/museumek.eu\/index.php?rest_route=\/wp\/v2\/pages\/15309\/revisions\/19819"}],"up":[{"embeddable":true,"href":"http:\/\/museumek.eu\/index.php?rest_route=\/wp\/v2\/pages\/3462"}],"wp:attachment":[{"href":"http:\/\/museumek.eu\/index.php?rest_route=%2Fwp%2Fv2%2Fmedia&parent=15309"}],"curies":[{"name":"wp","href":"https:\/\/api.w.org\/{rel}","templated":true}]}}