{"id":15324,"date":"2012-10-19T22:04:46","date_gmt":"2012-10-19T20:04:46","guid":{"rendered":"http:\/\/museumek.eu\/?page_id=15324"},"modified":"2013-05-09T14:25:53","modified_gmt":"2013-05-09T12:25:53","slug":"dlxvii1","status":"publish","type":"page","link":"http:\/\/museumek.eu\/?page_id=15324","title":{"rendered":"D\/LXVII\/1"},"content":{"rendered":"<p><strong>Abteilung Deutschland, Keramik 1860 \u2013 1960, Inventarnummer D\/LXVII\/1<\/strong><\/p>\n<p>S\u00e4chsische Porzellan-Fabrik von Carl Thieme zu Potschappel-Dresden, Deutschland, Potschappel, um 1902, Zierteller, K\u00fcnstler unbekannt, Werks.-Nr. ohne, Exemplar Nr. ohne, gemarkt Firmenmarke mit SP (f\u00fcr S\u00e4chsiche Porzellan-Fabrik) sowie Dresden (Marke verwendet ab 1902) blau unter Glasur, Krone gepresst, nicht signiert, Literatur: J. G. Th. Graesse und E. Jaenicke, F\u00fchrer f\u00fcr Sammler von Porzellan und Fayence, Steinzeug, Steingut usw., Seite 501, Marke Nr. 2 identisch, Durchmesser 19,5 cm<\/p>\n<p><a href=\"http:\/\/museumek.eu\/wp-content\/uploads\/2012\/10\/Museum-Europ\u00e4ischer-Keramikkunst-3228.jpg\"><img loading=\"lazy\" src=\"http:\/\/museumek.eu\/wp-content\/uploads\/2012\/10\/Museum-Europ\u00e4ischer-Keramikkunst-3228-300x293.jpg\" alt=\"\" title=\"Museum Europ\u00e4ischer Keramikkunst 3228\" width=\"300\" height=\"293\" class=\"alignnone size-medium wp-image-15325\" srcset=\"http:\/\/museumek.eu\/wp-content\/uploads\/2012\/10\/Museum-Europ\u00e4ischer-Keramikkunst-3228-300x293.jpg 300w, http:\/\/museumek.eu\/wp-content\/uploads\/2012\/10\/Museum-Europ\u00e4ischer-Keramikkunst-3228-306x300.jpg 306w, http:\/\/museumek.eu\/wp-content\/uploads\/2012\/10\/Museum-Europ\u00e4ischer-Keramikkunst-3228.jpg 693w\" sizes=\"(max-width: 300px) 100vw, 300px\" \/><\/a><\/p>\n<p><a href=\"http:\/\/museumek.eu\/wp-content\/uploads\/2012\/10\/Museum-Europ\u00e4ischer-Keramikkunst-3229.jpg\"><img loading=\"lazy\" src=\"http:\/\/museumek.eu\/wp-content\/uploads\/2012\/10\/Museum-Europ\u00e4ischer-Keramikkunst-3229-300x114.jpg\" alt=\"\" title=\"Museum Europ\u00e4ischer Keramikkunst 3229\" width=\"300\" height=\"114\" class=\"alignnone size-medium wp-image-15326\" srcset=\"http:\/\/museumek.eu\/wp-content\/uploads\/2012\/10\/Museum-Europ\u00e4ischer-Keramikkunst-3229-300x114.jpg 300w, http:\/\/museumek.eu\/wp-content\/uploads\/2012\/10\/Museum-Europ\u00e4ischer-Keramikkunst-3229-500x191.jpg 500w, http:\/\/museumek.eu\/wp-content\/uploads\/2012\/10\/Museum-Europ\u00e4ischer-Keramikkunst-3229.jpg 510w\" sizes=\"(max-width: 300px) 100vw, 300px\" \/><\/a><\/p>\n<p><a href=\"http:\/\/museumek.eu\/wp-content\/uploads\/2012\/10\/Museum-Europ\u00e4ischer-Keramikkunst-3230.jpg\"><img loading=\"lazy\" src=\"http:\/\/museumek.eu\/wp-content\/uploads\/2012\/10\/Museum-Europ\u00e4ischer-Keramikkunst-3230.jpg\" alt=\"\" title=\"Museum Europ\u00e4ischer Keramikkunst 3230\" width=\"194\" height=\"200\" class=\"alignnone size-full wp-image-15327\" \/><\/a><\/p>\n","protected":false},"excerpt":{"rendered":"<p>Abteilung Deutschland, Keramik 1860 \u2013 1960, Inventarnummer D\/LXVII\/1 S\u00e4chsische Porzellan-Fabrik von Carl Thieme zu Potschappel-Dresden, Deutschland, Potschappel, um 1902, Zierteller, K\u00fcnstler unbekannt, Werks.-Nr. ohne, Exemplar Nr. ohne, gemarkt Firmenmarke mit SP (f\u00fcr S\u00e4chsiche Porzellan-Fabrik) sowie Dresden (Marke verwendet ab 1902) &hellip; <a href=\"http:\/\/museumek.eu\/?page_id=15324\">Weiterlesen <span class=\"meta-nav\">&rarr;<\/span><\/a><\/p>\n","protected":false},"author":1,"featured_media":0,"parent":15321,"menu_order":1,"comment_status":"closed","ping_status":"open","template":"","meta":[],"_links":{"self":[{"href":"http:\/\/museumek.eu\/index.php?rest_route=\/wp\/v2\/pages\/15324"}],"collection":[{"href":"http:\/\/museumek.eu\/index.php?rest_route=\/wp\/v2\/pages"}],"about":[{"href":"http:\/\/museumek.eu\/index.php?rest_route=\/wp\/v2\/types\/page"}],"author":[{"embeddable":true,"href":"http:\/\/museumek.eu\/index.php?rest_route=\/wp\/v2\/users\/1"}],"replies":[{"embeddable":true,"href":"http:\/\/museumek.eu\/index.php?rest_route=%2Fwp%2Fv2%2Fcomments&post=15324"}],"version-history":[{"count":4,"href":"http:\/\/museumek.eu\/index.php?rest_route=\/wp\/v2\/pages\/15324\/revisions"}],"predecessor-version":[{"id":21565,"href":"http:\/\/museumek.eu\/index.php?rest_route=\/wp\/v2\/pages\/15324\/revisions\/21565"}],"up":[{"embeddable":true,"href":"http:\/\/museumek.eu\/index.php?rest_route=\/wp\/v2\/pages\/15321"}],"wp:attachment":[{"href":"http:\/\/museumek.eu\/index.php?rest_route=%2Fwp%2Fv2%2Fmedia&parent=15324"}],"curies":[{"name":"wp","href":"https:\/\/api.w.org\/{rel}","templated":true}]}}