{"id":15361,"date":"2012-10-20T20:57:49","date_gmt":"2012-10-20T18:57:49","guid":{"rendered":"http:\/\/museumek.eu\/?page_id=15361"},"modified":"2012-10-20T20:58:29","modified_gmt":"2012-10-20T18:58:29","slug":"fxxxv1","status":"publish","type":"page","link":"http:\/\/museumek.eu\/?page_id=15361","title":{"rendered":"F\/XXXV\/1"},"content":{"rendered":"<p><strong>Abteilung Frankreich, Keramik 1860 \u2013 1960, Inventarnummer F\/XXXV\/1<\/strong><\/p>\n<p>Manufaktur Jean Luce, Frankreich, Paris, Servierplatte, um 1920, K\u00fcnstler Jean Luce, Werks-Nr. ohne, Exemplar Nr. ohne, gemarkt Edit\u00e9 par Paul Luce sowie ligiertes JL (f\u00fcr Jean Luce) in einem K\u00e4stchen gr\u00fcne Stempel unter Glasur, signiert = gemarkt, Literatur: Hessisches Landesmuseum Darmstadt, Sammlung Silzer, Ausstellung 21.08. \u2013 05.10.1986, Europ\u00e4ische Keramik 1880 \u2013 1930, Seite 127, Ausf\u00fchrungen zu Jean Luce sowie Seite 211, Marke Nr. 141 identisch, die Servierplatte ist Teil eines Speiseservices, welches \u00fcber das Verkaufsgesch\u00e4ft von Paul Luce (Vater von Jean Luce) vertrieben wurde, siehe auch Stempel auf der R\u00fcckseite eines Tellers aus diesem Service, P. Luce 29 Rue de Chateaudun Paris, der aber auf Grund von Besch\u00e4digungen vom MEK nicht erworben wurde, H\u00f6he 3,5 cm, Breite 43 cm<\/p>\n<p><a href=\"http:\/\/museumek.eu\/wp-content\/uploads\/2012\/10\/Museum-Europ\u00e4ischer-Keramikkunst-2475.jpg\"><img loading=\"lazy\" src=\"http:\/\/museumek.eu\/wp-content\/uploads\/2012\/10\/Museum-Europ\u00e4ischer-Keramikkunst-2475-300x209.jpg\" alt=\"\" title=\"Museum Europ\u00e4ischer Keramikkunst 2475\" width=\"300\" height=\"209\" class=\"alignnone size-medium wp-image-15362\" srcset=\"http:\/\/museumek.eu\/wp-content\/uploads\/2012\/10\/Museum-Europ\u00e4ischer-Keramikkunst-2475-300x209.jpg 300w, http:\/\/museumek.eu\/wp-content\/uploads\/2012\/10\/Museum-Europ\u00e4ischer-Keramikkunst-2475-429x300.jpg 429w, http:\/\/museumek.eu\/wp-content\/uploads\/2012\/10\/Museum-Europ\u00e4ischer-Keramikkunst-2475.jpg 987w\" sizes=\"(max-width: 300px) 100vw, 300px\" \/><\/a><\/p>\n<p><a href=\"http:\/\/museumek.eu\/wp-content\/uploads\/2012\/10\/Museum-Europ\u00e4ischer-Keramikkunst-2476.jpg\"><img loading=\"lazy\" src=\"http:\/\/museumek.eu\/wp-content\/uploads\/2012\/10\/Museum-Europ\u00e4ischer-Keramikkunst-2476-300x268.jpg\" alt=\"\" title=\"Museum Europ\u00e4ischer Keramikkunst 2476\" width=\"300\" height=\"268\" class=\"alignnone size-medium wp-image-15363\" srcset=\"http:\/\/museumek.eu\/wp-content\/uploads\/2012\/10\/Museum-Europ\u00e4ischer-Keramikkunst-2476-300x268.jpg 300w, http:\/\/museumek.eu\/wp-content\/uploads\/2012\/10\/Museum-Europ\u00e4ischer-Keramikkunst-2476-335x300.jpg 335w, http:\/\/museumek.eu\/wp-content\/uploads\/2012\/10\/Museum-Europ\u00e4ischer-Keramikkunst-2476.jpg 811w\" sizes=\"(max-width: 300px) 100vw, 300px\" \/><\/a><\/p>\n<p><a href=\"http:\/\/museumek.eu\/wp-content\/uploads\/2012\/10\/Museum-Europ\u00e4ischer-Keramikkunst-2477.jpg\"><img loading=\"lazy\" src=\"http:\/\/museumek.eu\/wp-content\/uploads\/2012\/10\/Museum-Europ\u00e4ischer-Keramikkunst-2477.jpg\" alt=\"\" title=\"Museum Europ\u00e4ischer Keramikkunst 2477\" width=\"205\" height=\"241\" class=\"alignnone size-full wp-image-15364\" \/><\/a><\/p>\n<p><a href=\"http:\/\/museumek.eu\/wp-content\/uploads\/2012\/10\/Z-Jean-und-Paul-Luce1.jpg\"><img loading=\"lazy\" src=\"http:\/\/museumek.eu\/wp-content\/uploads\/2012\/10\/Z-Jean-und-Paul-Luce1-300x233.jpg\" alt=\"\" title=\"Z Jean und Paul Luce\" width=\"300\" height=\"233\" class=\"alignnone size-medium wp-image-15366\" srcset=\"http:\/\/museumek.eu\/wp-content\/uploads\/2012\/10\/Z-Jean-und-Paul-Luce1-300x233.jpg 300w, http:\/\/museumek.eu\/wp-content\/uploads\/2012\/10\/Z-Jean-und-Paul-Luce1-385x300.jpg 385w, http:\/\/museumek.eu\/wp-content\/uploads\/2012\/10\/Z-Jean-und-Paul-Luce1.jpg 557w\" sizes=\"(max-width: 300px) 100vw, 300px\" \/><\/a><\/p>\n","protected":false},"excerpt":{"rendered":"<p>Abteilung Frankreich, Keramik 1860 \u2013 1960, Inventarnummer F\/XXXV\/1 Manufaktur Jean Luce, Frankreich, Paris, Servierplatte, um 1920, K\u00fcnstler Jean Luce, Werks-Nr. ohne, Exemplar Nr. ohne, gemarkt Edit\u00e9 par Paul Luce sowie ligiertes JL (f\u00fcr Jean Luce) in einem K\u00e4stchen gr\u00fcne Stempel &hellip; <a href=\"http:\/\/museumek.eu\/?page_id=15361\">Weiterlesen <span class=\"meta-nav\">&rarr;<\/span><\/a><\/p>\n","protected":false},"author":1,"featured_media":0,"parent":15358,"menu_order":1,"comment_status":"closed","ping_status":"open","template":"","meta":[],"_links":{"self":[{"href":"http:\/\/museumek.eu\/index.php?rest_route=\/wp\/v2\/pages\/15361"}],"collection":[{"href":"http:\/\/museumek.eu\/index.php?rest_route=\/wp\/v2\/pages"}],"about":[{"href":"http:\/\/museumek.eu\/index.php?rest_route=\/wp\/v2\/types\/page"}],"author":[{"embeddable":true,"href":"http:\/\/museumek.eu\/index.php?rest_route=\/wp\/v2\/users\/1"}],"replies":[{"embeddable":true,"href":"http:\/\/museumek.eu\/index.php?rest_route=%2Fwp%2Fv2%2Fcomments&post=15361"}],"version-history":[{"count":3,"href":"http:\/\/museumek.eu\/index.php?rest_route=\/wp\/v2\/pages\/15361\/revisions"}],"predecessor-version":[{"id":15369,"href":"http:\/\/museumek.eu\/index.php?rest_route=\/wp\/v2\/pages\/15361\/revisions\/15369"}],"up":[{"embeddable":true,"href":"http:\/\/museumek.eu\/index.php?rest_route=\/wp\/v2\/pages\/15358"}],"wp:attachment":[{"href":"http:\/\/museumek.eu\/index.php?rest_route=%2Fwp%2Fv2%2Fmedia&parent=15361"}],"curies":[{"name":"wp","href":"https:\/\/api.w.org\/{rel}","templated":true}]}}