{"id":15407,"date":"2012-10-20T21:24:04","date_gmt":"2012-10-20T19:24:04","guid":{"rendered":"http:\/\/museumek.eu\/?page_id=15407"},"modified":"2013-04-26T00:11:48","modified_gmt":"2013-04-25T22:11:48","slug":"kurzbiografie-und-inventar-zum-kunstler","status":"publish","type":"page","link":"http:\/\/museumek.eu\/?page_id=15407","title":{"rendered":"Kurzbiografie und Inventar zum K\u00fcnstler"},"content":{"rendered":"<p>Jean Luce wurde am 25.05.1895 in Paris geboren. Er starb 1964 ebenda.<br \/>\nSeine Vater Paul Luce f\u00fchrte in Paris eine Galerie oder ein Verkaufsgesch\u00e4ft u. a. auch f\u00fcr k\u00fcnstlerische Keramiken und Porzellane. Evtl. \u00fcbernahm Jean Luce dieses Gesch\u00e4ft und produzierte dann auch selbst Keramiken oder er betrieb sein eigenes Atelier zur Herstellung von Keramiken und vertrieb diese u. a. \u00fcber das Gesch\u00e4ft seines Vaters. Er war wohl zeitweise auch Mitarbeiter von Georges Rouard. Jean Luce war einer der f\u00fchrenden franz\u00f6sischen Art D\u00e9co K\u00fcnstler.<\/p>\n<p><strong>Abteilung Frankreich, Keramik 1860 \u2013 1960, Inventarnummer F\/XXXV\/1<\/strong><\/p>\n<p>Jean Luce, Frankreich, Paris, Servierplatte, um 1920, K\u00fcnstler Jean Luce, Werks-Nr. ohne, Exemplar Nr. ohne, gemarkt Edit\u00e9 par Paul Luce sowie ligiertes JL (f\u00fcr Jean Luce) in einem K\u00e4stchen gr\u00fcne Stempel unter Glasur, signiert = gemarkt, Literatur: Hessisches Landesmuseum Darmstadt, Sammlung Silzer, Ausstellung 21.08. \u2013 05.10.1986, Europ\u00e4ische Keramik 1880 \u2013 1930, Seite 127, Ausf\u00fchrungen zu Jean Luce sowie Seite 211, Marke Nr. 141 identisch, die Servierplatte ist Teil eines Speiseservices, welches \u00fcber das Verkaufsgesch\u00e4ft von Paul Luce (Vater von Jean Luce) vertrieben wurde, siehe auch Stempel auf der R\u00fcckseite eines Tellers aus diesem Service, P. Luce 29 Rue de Chateaudun Paris, der aber auf Grund von Besch\u00e4digungen vom MEK nicht erworben wurde, H\u00f6he 3,5 cm, Breite 43 cm<\/p>\n<p><a href=\"http:\/\/museumek.eu\/wp-content\/uploads\/2012\/10\/Museum-Europ\u00e4ischer-Keramikkunst-2475.jpg\"><img loading=\"lazy\" src=\"http:\/\/museumek.eu\/wp-content\/uploads\/2012\/10\/Museum-Europ\u00e4ischer-Keramikkunst-2475-300x209.jpg\" alt=\"\" title=\"Museum Europ\u00e4ischer Keramikkunst 2475\" width=\"300\" height=\"209\" class=\"alignnone size-medium wp-image-15362\" srcset=\"http:\/\/museumek.eu\/wp-content\/uploads\/2012\/10\/Museum-Europ\u00e4ischer-Keramikkunst-2475-300x209.jpg 300w, http:\/\/museumek.eu\/wp-content\/uploads\/2012\/10\/Museum-Europ\u00e4ischer-Keramikkunst-2475-429x300.jpg 429w, http:\/\/museumek.eu\/wp-content\/uploads\/2012\/10\/Museum-Europ\u00e4ischer-Keramikkunst-2475.jpg 987w\" sizes=\"(max-width: 300px) 100vw, 300px\" \/><\/a><\/p>\n<p><a href=\"http:\/\/museumek.eu\/wp-content\/uploads\/2012\/10\/Museum-Europ\u00e4ischer-Keramikkunst-2476.jpg\"><img loading=\"lazy\" src=\"http:\/\/museumek.eu\/wp-content\/uploads\/2012\/10\/Museum-Europ\u00e4ischer-Keramikkunst-2476-300x268.jpg\" alt=\"\" title=\"Museum Europ\u00e4ischer Keramikkunst 2476\" width=\"300\" height=\"268\" class=\"alignnone size-medium wp-image-15363\" srcset=\"http:\/\/museumek.eu\/wp-content\/uploads\/2012\/10\/Museum-Europ\u00e4ischer-Keramikkunst-2476-300x268.jpg 300w, http:\/\/museumek.eu\/wp-content\/uploads\/2012\/10\/Museum-Europ\u00e4ischer-Keramikkunst-2476-335x300.jpg 335w, http:\/\/museumek.eu\/wp-content\/uploads\/2012\/10\/Museum-Europ\u00e4ischer-Keramikkunst-2476.jpg 811w\" sizes=\"(max-width: 300px) 100vw, 300px\" \/><\/a><\/p>\n<p><a href=\"http:\/\/museumek.eu\/wp-content\/uploads\/2012\/10\/Museum-Europ\u00e4ischer-Keramikkunst-2477.jpg\"><img loading=\"lazy\" src=\"http:\/\/museumek.eu\/wp-content\/uploads\/2012\/10\/Museum-Europ\u00e4ischer-Keramikkunst-2477.jpg\" alt=\"\" title=\"Museum Europ\u00e4ischer Keramikkunst 2477\" width=\"205\" height=\"241\" class=\"alignnone size-full wp-image-15364\" \/><\/a><\/p>\n<p><a href=\"http:\/\/museumek.eu\/wp-content\/uploads\/2012\/10\/Z-Jean-und-Paul-Luce1.jpg\"><img loading=\"lazy\" src=\"http:\/\/museumek.eu\/wp-content\/uploads\/2012\/10\/Z-Jean-und-Paul-Luce1-300x233.jpg\" alt=\"\" title=\"Z Jean und Paul Luce\" width=\"300\" height=\"233\" class=\"alignnone size-medium wp-image-15366\" srcset=\"http:\/\/museumek.eu\/wp-content\/uploads\/2012\/10\/Z-Jean-und-Paul-Luce1-300x233.jpg 300w, http:\/\/museumek.eu\/wp-content\/uploads\/2012\/10\/Z-Jean-und-Paul-Luce1-385x300.jpg 385w, http:\/\/museumek.eu\/wp-content\/uploads\/2012\/10\/Z-Jean-und-Paul-Luce1.jpg 557w\" sizes=\"(max-width: 300px) 100vw, 300px\" \/><\/a><\/p>\n","protected":false},"excerpt":{"rendered":"<p>Jean Luce wurde am 25.05.1895 in Paris geboren. Er starb 1964 ebenda. Seine Vater Paul Luce f\u00fchrte in Paris eine Galerie oder ein Verkaufsgesch\u00e4ft u. a. auch f\u00fcr k\u00fcnstlerische Keramiken und Porzellane. Evtl. \u00fcbernahm Jean Luce dieses Gesch\u00e4ft und produzierte &hellip; <a href=\"http:\/\/museumek.eu\/?page_id=15407\">Weiterlesen <span class=\"meta-nav\">&rarr;<\/span><\/a><\/p>\n","protected":false},"author":1,"featured_media":0,"parent":15404,"menu_order":1,"comment_status":"closed","ping_status":"open","template":"","meta":[],"_links":{"self":[{"href":"http:\/\/museumek.eu\/index.php?rest_route=\/wp\/v2\/pages\/15407"}],"collection":[{"href":"http:\/\/museumek.eu\/index.php?rest_route=\/wp\/v2\/pages"}],"about":[{"href":"http:\/\/museumek.eu\/index.php?rest_route=\/wp\/v2\/types\/page"}],"author":[{"embeddable":true,"href":"http:\/\/museumek.eu\/index.php?rest_route=\/wp\/v2\/users\/1"}],"replies":[{"embeddable":true,"href":"http:\/\/museumek.eu\/index.php?rest_route=%2Fwp%2Fv2%2Fcomments&post=15407"}],"version-history":[{"count":3,"href":"http:\/\/museumek.eu\/index.php?rest_route=\/wp\/v2\/pages\/15407\/revisions"}],"predecessor-version":[{"id":20558,"href":"http:\/\/museumek.eu\/index.php?rest_route=\/wp\/v2\/pages\/15407\/revisions\/20558"}],"up":[{"embeddable":true,"href":"http:\/\/museumek.eu\/index.php?rest_route=\/wp\/v2\/pages\/15404"}],"wp:attachment":[{"href":"http:\/\/museumek.eu\/index.php?rest_route=%2Fwp%2Fv2%2Fmedia&parent=15407"}],"curies":[{"name":"wp","href":"https:\/\/api.w.org\/{rel}","templated":true}]}}