{"id":15417,"date":"2012-10-21T16:42:13","date_gmt":"2012-10-21T14:42:13","guid":{"rendered":"http:\/\/museumek.eu\/?page_id=15417"},"modified":"2012-10-21T16:42:13","modified_gmt":"2012-10-21T14:42:13","slug":"fxxxvi1","status":"publish","type":"page","link":"http:\/\/museumek.eu\/?page_id=15417","title":{"rendered":"F\/XXXVI\/1"},"content":{"rendered":"<p><strong>Abteilung Frankreich, Keramik 1860 \u2013 1960, Inventarnummer F\/XXXVI\/1<\/strong><\/p>\n<p>Manufaktur Manufacture de Faiences du Moulin des Loups, Frankreich, Orchies, Vase, um 1920, K\u00fcnstler unbekannt, Werks-Nr. 2889, Exemplar Nr. ohne, gemarkt 2889, M\u00fchle sowie Orchies France gepresst, nicht signiert, H\u00f6he 25,5 cm, Breite 12 cm<\/p>\n<p><a href=\"http:\/\/museumek.eu\/wp-content\/uploads\/2012\/10\/Museum-Europ\u00e4ischer-Keramikkunst-17361.jpg\"><img loading=\"lazy\" src=\"http:\/\/museumek.eu\/wp-content\/uploads\/2012\/10\/Museum-Europ\u00e4ischer-Keramikkunst-17361-140x300.jpg\" alt=\"\" title=\"Museum Europ\u00e4ischer Keramikkunst 1736\" width=\"140\" height=\"300\" class=\"alignnone size-medium wp-image-15418\" srcset=\"http:\/\/museumek.eu\/wp-content\/uploads\/2012\/10\/Museum-Europ\u00e4ischer-Keramikkunst-17361-140x300.jpg 140w, http:\/\/museumek.eu\/wp-content\/uploads\/2012\/10\/Museum-Europ\u00e4ischer-Keramikkunst-17361.jpg 418w\" sizes=\"(max-width: 140px) 100vw, 140px\" \/><\/a><\/p>\n<p><a href=\"http:\/\/museumek.eu\/wp-content\/uploads\/2012\/10\/Museum-Europ\u00e4ischer-Keramikkunst-1738.jpg\"><img loading=\"lazy\" src=\"http:\/\/museumek.eu\/wp-content\/uploads\/2012\/10\/Museum-Europ\u00e4ischer-Keramikkunst-1738-231x300.jpg\" alt=\"\" title=\"Museum Europ\u00e4ischer Keramikkunst 1738\" width=\"231\" height=\"300\" class=\"alignnone size-medium wp-image-15419\" srcset=\"http:\/\/museumek.eu\/wp-content\/uploads\/2012\/10\/Museum-Europ\u00e4ischer-Keramikkunst-1738-231x300.jpg 231w, http:\/\/museumek.eu\/wp-content\/uploads\/2012\/10\/Museum-Europ\u00e4ischer-Keramikkunst-1738.jpg 479w\" sizes=\"(max-width: 231px) 100vw, 231px\" \/><\/a><\/p>\n","protected":false},"excerpt":{"rendered":"<p>Abteilung Frankreich, Keramik 1860 \u2013 1960, Inventarnummer F\/XXXVI\/1 Manufaktur Manufacture de Faiences du Moulin des Loups, Frankreich, Orchies, Vase, um 1920, K\u00fcnstler unbekannt, Werks-Nr. 2889, Exemplar Nr. ohne, gemarkt 2889, M\u00fchle sowie Orchies France gepresst, nicht signiert, H\u00f6he 25,5 cm, &hellip; <a href=\"http:\/\/museumek.eu\/?page_id=15417\">Weiterlesen <span class=\"meta-nav\">&rarr;<\/span><\/a><\/p>\n","protected":false},"author":1,"featured_media":0,"parent":15414,"menu_order":1,"comment_status":"closed","ping_status":"open","template":"","meta":[],"_links":{"self":[{"href":"http:\/\/museumek.eu\/index.php?rest_route=\/wp\/v2\/pages\/15417"}],"collection":[{"href":"http:\/\/museumek.eu\/index.php?rest_route=\/wp\/v2\/pages"}],"about":[{"href":"http:\/\/museumek.eu\/index.php?rest_route=\/wp\/v2\/types\/page"}],"author":[{"embeddable":true,"href":"http:\/\/museumek.eu\/index.php?rest_route=\/wp\/v2\/users\/1"}],"replies":[{"embeddable":true,"href":"http:\/\/museumek.eu\/index.php?rest_route=%2Fwp%2Fv2%2Fcomments&post=15417"}],"version-history":[{"count":2,"href":"http:\/\/museumek.eu\/index.php?rest_route=\/wp\/v2\/pages\/15417\/revisions"}],"predecessor-version":[{"id":15421,"href":"http:\/\/museumek.eu\/index.php?rest_route=\/wp\/v2\/pages\/15417\/revisions\/15421"}],"up":[{"embeddable":true,"href":"http:\/\/museumek.eu\/index.php?rest_route=\/wp\/v2\/pages\/15414"}],"wp:attachment":[{"href":"http:\/\/museumek.eu\/index.php?rest_route=%2Fwp%2Fv2%2Fmedia&parent=15417"}],"curies":[{"name":"wp","href":"https:\/\/api.w.org\/{rel}","templated":true}]}}