{"id":15478,"date":"2012-10-22T00:00:52","date_gmt":"2012-10-21T22:00:52","guid":{"rendered":"http:\/\/museumek.eu\/?page_id=15478"},"modified":"2012-10-22T00:00:52","modified_gmt":"2012-10-21T22:00:52","slug":"fotos-und-beschreibung","status":"publish","type":"page","link":"http:\/\/museumek.eu\/?page_id=15478","title":{"rendered":"Fotos und Beschreibung"},"content":{"rendered":"<p><strong>Abteilung Spanien, Keramik 1860 \u2013 1960, Inventarnummer Es\/II\/1<\/strong><\/p>\n<p>Manufaktur ADEX, Spanien, Valencia, 1954, Fliese Le Soleil V\u00e9g\u00e9tal, K\u00fcnstler Salvador Dali, Werks.-Nr. ohne, Exemplar Nr. 01 (?), gemarkt Made in Spain sowie 01 (oder C 1 oder Negativabdruck der Zahl 2, wenn man die Fliese dreht oder unbekanntes Zeichen) gepresst, Tiles by Dali, All Rights Reserved sowie 1954 schwarze Stempel, signiert Dali (unter Glasur), siehe auch Foto Auktion im world wide web, die MEK Fliese geh\u00f6rt zu einem Satz von 6 unterschiedlich figurativ surrealistisch bemalten Fliesen, die alle das Signet von Dali tragen, mit Dali\u2019s Zustimmung wurde die urspr\u00fcnglich als Aquarelle gezeichneten Darstellungen als Fliesendekor hergestellt,<br \/>\nH\u00f6he 0,8 cm, L\u00e4nge 20 cm, Breite 20 cm<\/p>\n<p><a href=\"http:\/\/museumek.eu\/wp-content\/uploads\/2012\/10\/Museum-Europ\u00e4ischer-Keramikkunst-3197.jpg\"><img loading=\"lazy\" src=\"http:\/\/museumek.eu\/wp-content\/uploads\/2012\/10\/Museum-Europ\u00e4ischer-Keramikkunst-3197-300x292.jpg\" alt=\"\" title=\"Museum Europ\u00e4ischer Keramikkunst 3197\" width=\"300\" height=\"292\" class=\"alignnone size-medium wp-image-15465\" srcset=\"http:\/\/museumek.eu\/wp-content\/uploads\/2012\/10\/Museum-Europ\u00e4ischer-Keramikkunst-3197-300x292.jpg 300w, http:\/\/museumek.eu\/wp-content\/uploads\/2012\/10\/Museum-Europ\u00e4ischer-Keramikkunst-3197-308x300.jpg 308w, http:\/\/museumek.eu\/wp-content\/uploads\/2012\/10\/Museum-Europ\u00e4ischer-Keramikkunst-3197.jpg 679w\" sizes=\"(max-width: 300px) 100vw, 300px\" \/><\/a><\/p>\n<p><a href=\"http:\/\/museumek.eu\/wp-content\/uploads\/2012\/10\/Museum-Europ\u00e4ischer-Keramikkunst-3198.jpg\"><img loading=\"lazy\" src=\"http:\/\/museumek.eu\/wp-content\/uploads\/2012\/10\/Museum-Europ\u00e4ischer-Keramikkunst-3198-262x300.jpg\" alt=\"\" title=\"Museum Europ\u00e4ischer Keramikkunst 3198\" width=\"262\" height=\"300\" class=\"alignnone size-medium wp-image-15466\" srcset=\"http:\/\/museumek.eu\/wp-content\/uploads\/2012\/10\/Museum-Europ\u00e4ischer-Keramikkunst-3198-262x300.jpg 262w, http:\/\/museumek.eu\/wp-content\/uploads\/2012\/10\/Museum-Europ\u00e4ischer-Keramikkunst-3198.jpg 299w\" sizes=\"(max-width: 262px) 100vw, 262px\" \/><\/a><\/p>\n<p><a href=\"http:\/\/museumek.eu\/wp-content\/uploads\/2012\/10\/Museum-Europ\u00e4ischer-Keramikkunst-3201.jpg\"><img loading=\"lazy\" src=\"http:\/\/museumek.eu\/wp-content\/uploads\/2012\/10\/Museum-Europ\u00e4ischer-Keramikkunst-3201-289x300.jpg\" alt=\"\" title=\"Museum Europ\u00e4ischer Keramikkunst 3201\" width=\"289\" height=\"300\" class=\"alignnone size-medium wp-image-15467\" srcset=\"http:\/\/museumek.eu\/wp-content\/uploads\/2012\/10\/Museum-Europ\u00e4ischer-Keramikkunst-3201-289x300.jpg 289w, http:\/\/museumek.eu\/wp-content\/uploads\/2012\/10\/Museum-Europ\u00e4ischer-Keramikkunst-3201.jpg 715w\" sizes=\"(max-width: 289px) 100vw, 289px\" \/><\/a><\/p>\n<p><a href=\"http:\/\/museumek.eu\/wp-content\/uploads\/2012\/10\/Museum-Europ\u00e4ischer-Keramikkunst-3199.jpg\"><img loading=\"lazy\" src=\"http:\/\/museumek.eu\/wp-content\/uploads\/2012\/10\/Museum-Europ\u00e4ischer-Keramikkunst-3199-300x164.jpg\" alt=\"\" title=\"Museum Europ\u00e4ischer Keramikkunst 3199\" width=\"300\" height=\"164\" class=\"alignnone size-medium wp-image-15468\" srcset=\"http:\/\/museumek.eu\/wp-content\/uploads\/2012\/10\/Museum-Europ\u00e4ischer-Keramikkunst-3199-300x164.jpg 300w, http:\/\/museumek.eu\/wp-content\/uploads\/2012\/10\/Museum-Europ\u00e4ischer-Keramikkunst-3199-500x274.jpg 500w, http:\/\/museumek.eu\/wp-content\/uploads\/2012\/10\/Museum-Europ\u00e4ischer-Keramikkunst-3199.jpg 732w\" sizes=\"(max-width: 300px) 100vw, 300px\" \/><\/a><\/p>\n<p><a href=\"http:\/\/museumek.eu\/wp-content\/uploads\/2012\/10\/Museum-Europ\u00e4ischer-Keramikkunst-3200.jpg\"><img loading=\"lazy\" src=\"http:\/\/museumek.eu\/wp-content\/uploads\/2012\/10\/Museum-Europ\u00e4ischer-Keramikkunst-3200.jpg\" alt=\"\" title=\"Museum Europ\u00e4ischer Keramikkunst 3200\" width=\"142\" height=\"121\" class=\"alignnone size-full wp-image-15469\" \/><\/a><\/p>\n<p><a href=\"http:\/\/museumek.eu\/wp-content\/uploads\/2012\/10\/Museum-Europ\u00e4ischer-Keramikkunst-3202.jpg\"><img loading=\"lazy\" src=\"http:\/\/museumek.eu\/wp-content\/uploads\/2012\/10\/Museum-Europ\u00e4ischer-Keramikkunst-3202-300x196.jpg\" alt=\"\" title=\"Museum Europ\u00e4ischer Keramikkunst 3202\" width=\"300\" height=\"196\" class=\"alignnone size-medium wp-image-15470\" srcset=\"http:\/\/museumek.eu\/wp-content\/uploads\/2012\/10\/Museum-Europ\u00e4ischer-Keramikkunst-3202-300x196.jpg 300w, http:\/\/museumek.eu\/wp-content\/uploads\/2012\/10\/Museum-Europ\u00e4ischer-Keramikkunst-3202-458x300.jpg 458w, http:\/\/museumek.eu\/wp-content\/uploads\/2012\/10\/Museum-Europ\u00e4ischer-Keramikkunst-3202.jpg 872w\" sizes=\"(max-width: 300px) 100vw, 300px\" \/><\/a><\/p>\n<p><a href=\"http:\/\/museumek.eu\/wp-content\/uploads\/2012\/10\/Museum-Europ\u00e4ischer-Keramikkunst-3203.jpg\"><img loading=\"lazy\" src=\"http:\/\/museumek.eu\/wp-content\/uploads\/2012\/10\/Museum-Europ\u00e4ischer-Keramikkunst-3203-300x92.jpg\" alt=\"\" title=\"Museum Europ\u00e4ischer Keramikkunst 3203\" width=\"300\" height=\"92\" class=\"alignnone size-medium wp-image-15471\" srcset=\"http:\/\/museumek.eu\/wp-content\/uploads\/2012\/10\/Museum-Europ\u00e4ischer-Keramikkunst-3203-300x92.jpg 300w, http:\/\/museumek.eu\/wp-content\/uploads\/2012\/10\/Museum-Europ\u00e4ischer-Keramikkunst-3203-500x153.jpg 500w, http:\/\/museumek.eu\/wp-content\/uploads\/2012\/10\/Museum-Europ\u00e4ischer-Keramikkunst-3203.jpg 702w\" sizes=\"(max-width: 300px) 100vw, 300px\" \/><\/a><\/p>\n<p><a href=\"http:\/\/museumek.eu\/wp-content\/uploads\/2012\/10\/Fliesen-Salvador-Dali.jpg\"><img loading=\"lazy\" src=\"http:\/\/museumek.eu\/wp-content\/uploads\/2012\/10\/Fliesen-Salvador-Dali-205x300.jpg\" alt=\"\" title=\"Fliesen Salvador Dali\" width=\"205\" height=\"300\" class=\"alignnone size-medium wp-image-15472\" srcset=\"http:\/\/museumek.eu\/wp-content\/uploads\/2012\/10\/Fliesen-Salvador-Dali-205x300.jpg 205w, http:\/\/museumek.eu\/wp-content\/uploads\/2012\/10\/Fliesen-Salvador-Dali.jpg 562w\" sizes=\"(max-width: 205px) 100vw, 205px\" \/><\/a><\/p>\n","protected":false},"excerpt":{"rendered":"<p>Abteilung Spanien, Keramik 1860 \u2013 1960, Inventarnummer Es\/II\/1 Manufaktur ADEX, Spanien, Valencia, 1954, Fliese Le Soleil V\u00e9g\u00e9tal, K\u00fcnstler Salvador Dali, Werks.-Nr. ohne, Exemplar Nr. 01 (?), gemarkt Made in Spain sowie 01 (oder C 1 oder Negativabdruck der Zahl 2, &hellip; <a href=\"http:\/\/museumek.eu\/?page_id=15478\">Weiterlesen <span class=\"meta-nav\">&rarr;<\/span><\/a><\/p>\n","protected":false},"author":1,"featured_media":0,"parent":15475,"menu_order":1,"comment_status":"closed","ping_status":"open","template":"","meta":[],"_links":{"self":[{"href":"http:\/\/museumek.eu\/index.php?rest_route=\/wp\/v2\/pages\/15478"}],"collection":[{"href":"http:\/\/museumek.eu\/index.php?rest_route=\/wp\/v2\/pages"}],"about":[{"href":"http:\/\/museumek.eu\/index.php?rest_route=\/wp\/v2\/types\/page"}],"author":[{"embeddable":true,"href":"http:\/\/museumek.eu\/index.php?rest_route=\/wp\/v2\/users\/1"}],"replies":[{"embeddable":true,"href":"http:\/\/museumek.eu\/index.php?rest_route=%2Fwp%2Fv2%2Fcomments&post=15478"}],"version-history":[{"count":2,"href":"http:\/\/museumek.eu\/index.php?rest_route=\/wp\/v2\/pages\/15478\/revisions"}],"predecessor-version":[{"id":15480,"href":"http:\/\/museumek.eu\/index.php?rest_route=\/wp\/v2\/pages\/15478\/revisions\/15480"}],"up":[{"embeddable":true,"href":"http:\/\/museumek.eu\/index.php?rest_route=\/wp\/v2\/pages\/15475"}],"wp:attachment":[{"href":"http:\/\/museumek.eu\/index.php?rest_route=%2Fwp%2Fv2%2Fmedia&parent=15478"}],"curies":[{"name":"wp","href":"https:\/\/api.w.org\/{rel}","templated":true}]}}