{"id":15573,"date":"2012-10-22T23:47:16","date_gmt":"2012-10-22T21:47:16","guid":{"rendered":"http:\/\/museumek.eu\/?page_id=15573"},"modified":"2012-10-22T23:47:16","modified_gmt":"2012-10-22T21:47:16","slug":"fxxxvii2","status":"publish","type":"page","link":"http:\/\/museumek.eu\/?page_id=15573","title":{"rendered":"F\/XXXVII\/2"},"content":{"rendered":"<p><strong>Abteilung Frankreich, Keramik 1860 \u2013 1960, Inventarnummer F\/XXXVII\/2<\/strong><\/p>\n<p>Manufaktur Lucien Brisdoux, Frankreich, Saint-Amand en Puisaye, Vase, um 1925, K\u00fcnstler Lucien Brisdoux, Werks-Nr. 172 (?), Exemplar Nr. ohne, gemarkt L Brisdoux sowie 172 (?) geritzt, signiert = gemarkt, Gold geh\u00f6ht, in der dem MEK zur Verf\u00fcgung stehenden Fachliteratur ist der K\u00fcnstler nicht verzeichnet, siehe deshalb Auktionshaus Quittenbaum, Jubil\u00e4umsauktion 1998 &#8211; 2008, Jugendstil Art D\u00e9co, vom 29.04.2008, Lot Nr. 215, H\u00f6he 16 cm, Breite 8 cm<\/p>\n<p><a href=\"http:\/\/museumek.eu\/wp-content\/uploads\/2012\/10\/Museum-Europ\u00e4ischer-Keramikkunst-2284.jpg\"><img loading=\"lazy\" src=\"http:\/\/museumek.eu\/wp-content\/uploads\/2012\/10\/Museum-Europ\u00e4ischer-Keramikkunst-2284-169x300.jpg\" alt=\"\" title=\"Museum Europ\u00e4ischer Keramikkunst 2284\" width=\"169\" height=\"300\" class=\"alignnone size-medium wp-image-15574\" srcset=\"http:\/\/museumek.eu\/wp-content\/uploads\/2012\/10\/Museum-Europ\u00e4ischer-Keramikkunst-2284-169x300.jpg 169w, http:\/\/museumek.eu\/wp-content\/uploads\/2012\/10\/Museum-Europ\u00e4ischer-Keramikkunst-2284.jpg 430w\" sizes=\"(max-width: 169px) 100vw, 169px\" \/><\/a><\/p>\n<p><a href=\"http:\/\/museumek.eu\/wp-content\/uploads\/2012\/10\/Museum-Europ\u00e4ischer-Keramikkunst-2258.jpg\"><img loading=\"lazy\" src=\"http:\/\/museumek.eu\/wp-content\/uploads\/2012\/10\/Museum-Europ\u00e4ischer-Keramikkunst-2258-300x258.jpg\" alt=\"\" title=\"Museum Europ\u00e4ischer Keramikkunst 2258\" width=\"300\" height=\"258\" class=\"alignnone size-medium wp-image-15575\" srcset=\"http:\/\/museumek.eu\/wp-content\/uploads\/2012\/10\/Museum-Europ\u00e4ischer-Keramikkunst-2258-300x258.jpg 300w, http:\/\/museumek.eu\/wp-content\/uploads\/2012\/10\/Museum-Europ\u00e4ischer-Keramikkunst-2258-348x300.jpg 348w, http:\/\/museumek.eu\/wp-content\/uploads\/2012\/10\/Museum-Europ\u00e4ischer-Keramikkunst-2258.jpg 645w\" sizes=\"(max-width: 300px) 100vw, 300px\" \/><\/a><\/p>\n<p><a href=\"http:\/\/museumek.eu\/wp-content\/uploads\/2012\/10\/Museum-Europ\u00e4ischer-Keramikkunst-21051.jpg\"><img loading=\"lazy\" src=\"http:\/\/museumek.eu\/wp-content\/uploads\/2012\/10\/Museum-Europ\u00e4ischer-Keramikkunst-21051-171x300.jpg\" alt=\"\" title=\"Museum Europ\u00e4ischer Keramikkunst 2105\" width=\"171\" height=\"300\" class=\"alignnone size-medium wp-image-15576\" srcset=\"http:\/\/museumek.eu\/wp-content\/uploads\/2012\/10\/Museum-Europ\u00e4ischer-Keramikkunst-21051-171x300.jpg 171w, http:\/\/museumek.eu\/wp-content\/uploads\/2012\/10\/Museum-Europ\u00e4ischer-Keramikkunst-21051.jpg 511w\" sizes=\"(max-width: 171px) 100vw, 171px\" \/><\/a><\/p>\n","protected":false},"excerpt":{"rendered":"<p>Abteilung Frankreich, Keramik 1860 \u2013 1960, Inventarnummer F\/XXXVII\/2 Manufaktur Lucien Brisdoux, Frankreich, Saint-Amand en Puisaye, Vase, um 1925, K\u00fcnstler Lucien Brisdoux, Werks-Nr. 172 (?), Exemplar Nr. ohne, gemarkt L Brisdoux sowie 172 (?) geritzt, signiert = gemarkt, Gold geh\u00f6ht, in &hellip; <a href=\"http:\/\/museumek.eu\/?page_id=15573\">Weiterlesen <span class=\"meta-nav\">&rarr;<\/span><\/a><\/p>\n","protected":false},"author":1,"featured_media":0,"parent":15526,"menu_order":2,"comment_status":"closed","ping_status":"open","template":"","meta":[],"_links":{"self":[{"href":"http:\/\/museumek.eu\/index.php?rest_route=\/wp\/v2\/pages\/15573"}],"collection":[{"href":"http:\/\/museumek.eu\/index.php?rest_route=\/wp\/v2\/pages"}],"about":[{"href":"http:\/\/museumek.eu\/index.php?rest_route=\/wp\/v2\/types\/page"}],"author":[{"embeddable":true,"href":"http:\/\/museumek.eu\/index.php?rest_route=\/wp\/v2\/users\/1"}],"replies":[{"embeddable":true,"href":"http:\/\/museumek.eu\/index.php?rest_route=%2Fwp%2Fv2%2Fcomments&post=15573"}],"version-history":[{"count":2,"href":"http:\/\/museumek.eu\/index.php?rest_route=\/wp\/v2\/pages\/15573\/revisions"}],"predecessor-version":[{"id":15578,"href":"http:\/\/museumek.eu\/index.php?rest_route=\/wp\/v2\/pages\/15573\/revisions\/15578"}],"up":[{"embeddable":true,"href":"http:\/\/museumek.eu\/index.php?rest_route=\/wp\/v2\/pages\/15526"}],"wp:attachment":[{"href":"http:\/\/museumek.eu\/index.php?rest_route=%2Fwp%2Fv2%2Fmedia&parent=15573"}],"curies":[{"name":"wp","href":"https:\/\/api.w.org\/{rel}","templated":true}]}}