{"id":15902,"date":"2012-10-27T21:20:18","date_gmt":"2012-10-27T19:20:18","guid":{"rendered":"http:\/\/museumek.eu\/?page_id=15902"},"modified":"2013-04-30T20:12:51","modified_gmt":"2013-04-30T18:12:51","slug":"kurzbiografie-und-inventar-zum-kunstler","status":"publish","type":"page","link":"http:\/\/museumek.eu\/?page_id=15902","title":{"rendered":"Kurzbiografie und Inventar zum K\u00fcnstler"},"content":{"rendered":"<p>\u00dcber Albrecht Lebret konnte nur recherchiert werden, dass er 1871 geboren wurde und f\u00fcr verschiedene Porzellan- und Keramikmanufakturen t\u00e4tig war.<\/p>\n<p><strong>Abteilung Frankreich, Keramik 1860 \u2013 1960, Inventarnummer F\/XXXIX\/1<\/strong><\/p>\n<p>Jean-Marie Maure la poterie des Ligers, Frankreich, Ni\u00e8vre, Vase, um 1930, K\u00fcnstler Alfred Lebret, Werksnummer ohne, Exemplar Nr. ohne, gemarkt Firmenmarke Lebret geritzt, signiert Lebret, Literatur: Marcel Poulet, La grande aventure des Gr\u00e8s Flamm\u00e9s 1900 \u2013 1950 en Puisaye et ailleurs, dort Informationen \u00fcber die Manufaktur und die Zusammenarbeit zwischen Maure und Lebret, u. a. dass entweder Maure, Lebret oder Ligers am Stand gemarkt worden ist, weitere Literatur: Edgar Pelichet, Jugendstilkeramik, Seite 189, dort \u201eLebret\u201c unter noch nicht identifizierte Siegel und Marken gelistet, siehe auch MEK F\/XXXIX\/2, identische Vase, H\u00f6he 14 cm, Breite 8 cm<\/p>\n<p><a href=\"http:\/\/museumek.eu\/wp-content\/uploads\/2012\/10\/Museum-Europ\u00e4ischer-Keramikkunst-2785.jpg\"><img loading=\"lazy\" src=\"http:\/\/museumek.eu\/wp-content\/uploads\/2012\/10\/Museum-Europ\u00e4ischer-Keramikkunst-2785-164x300.jpg\" alt=\"\" title=\"Museum Europ\u00e4ischer Keramikkunst 2785\" width=\"164\" height=\"300\" class=\"alignnone size-medium wp-image-15860\" srcset=\"http:\/\/museumek.eu\/wp-content\/uploads\/2012\/10\/Museum-Europ\u00e4ischer-Keramikkunst-2785-164x300.jpg 164w, http:\/\/museumek.eu\/wp-content\/uploads\/2012\/10\/Museum-Europ\u00e4ischer-Keramikkunst-2785.jpg 471w\" sizes=\"(max-width: 164px) 100vw, 164px\" \/><\/a><\/p>\n<p><a href=\"http:\/\/museumek.eu\/wp-content\/uploads\/2012\/10\/Museum-Europ\u00e4ischer-Keramikkunst-2786.jpg\"><img loading=\"lazy\" src=\"http:\/\/museumek.eu\/wp-content\/uploads\/2012\/10\/Museum-Europ\u00e4ischer-Keramikkunst-2786-300x287.jpg\" alt=\"\" title=\"Museum Europ\u00e4ischer Keramikkunst 2786\" width=\"300\" height=\"287\" class=\"alignnone size-medium wp-image-15861\" srcset=\"http:\/\/museumek.eu\/wp-content\/uploads\/2012\/10\/Museum-Europ\u00e4ischer-Keramikkunst-2786-300x287.jpg 300w, http:\/\/museumek.eu\/wp-content\/uploads\/2012\/10\/Museum-Europ\u00e4ischer-Keramikkunst-2786-313x300.jpg 313w, http:\/\/museumek.eu\/wp-content\/uploads\/2012\/10\/Museum-Europ\u00e4ischer-Keramikkunst-2786.jpg 480w\" sizes=\"(max-width: 300px) 100vw, 300px\" \/><\/a><\/p>\n<p><strong>Abteilung Frankreich, Keramik 1860 \u2013 1960, Inventarnummer F\/XXXIX\/2<\/strong><\/p>\n<p>Jean-Marie Maure la poterie des Ligers, Frankreich, Ni\u00e8vre, Vase, um 1930, K\u00fcnstler Alfred Lebret, Werksnummer ohne, Exemplar Nr. ohne, gemarkt Firmenmarke Lebret geritzt, signiert Lebret, Literatur: Marcel Poulet, La grande aventure des Gr\u00e8s Flamm\u00e9s 1900 \u2013 1950 en Puisaye et ailleurs, dort Informationen \u00fcber die Manufaktur und die Zusammenarbeit zwischen Maure und Lebret, u. a. dass entweder Maure, Lebret oder Ligers am Stand gemarkt worden ist, weitere Literatur: Edgar Pelichet, Jugendstilkeramik, Seite 189, dort \u201eLebret\u201c unter noch nicht identifizierte Siegel und Marken gelistet, siehe auch MEK F\/XXXIX\/1, identische Vase, H\u00f6he 14 cm, Breite 8 cm<\/p>\n<p><a href=\"http:\/\/museumek.eu\/wp-content\/uploads\/2012\/10\/Museum-Europ\u00e4ischer-Keramikkunst-2787.jpg\"><img loading=\"lazy\" src=\"http:\/\/museumek.eu\/wp-content\/uploads\/2012\/10\/Museum-Europ\u00e4ischer-Keramikkunst-2787-170x300.jpg\" alt=\"\" title=\"Museum Europ\u00e4ischer Keramikkunst 2787\" width=\"170\" height=\"300\" class=\"alignnone size-medium wp-image-15906\" srcset=\"http:\/\/museumek.eu\/wp-content\/uploads\/2012\/10\/Museum-Europ\u00e4ischer-Keramikkunst-2787-170x300.jpg 170w, http:\/\/museumek.eu\/wp-content\/uploads\/2012\/10\/Museum-Europ\u00e4ischer-Keramikkunst-2787.jpg 520w\" sizes=\"(max-width: 170px) 100vw, 170px\" \/><\/a><\/p>\n<p><a href=\"http:\/\/museumek.eu\/wp-content\/uploads\/2012\/10\/Museum-Europ\u00e4ischer-Keramikkunst-2788.jpg\"><img loading=\"lazy\" src=\"http:\/\/museumek.eu\/wp-content\/uploads\/2012\/10\/Museum-Europ\u00e4ischer-Keramikkunst-2788-300x234.jpg\" alt=\"\" title=\"Museum Europ\u00e4ischer Keramikkunst 2788\" width=\"300\" height=\"234\" class=\"alignnone size-medium wp-image-15907\" srcset=\"http:\/\/museumek.eu\/wp-content\/uploads\/2012\/10\/Museum-Europ\u00e4ischer-Keramikkunst-2788-300x234.jpg 300w, http:\/\/museumek.eu\/wp-content\/uploads\/2012\/10\/Museum-Europ\u00e4ischer-Keramikkunst-2788-384x300.jpg 384w, http:\/\/museumek.eu\/wp-content\/uploads\/2012\/10\/Museum-Europ\u00e4ischer-Keramikkunst-2788.jpg 502w\" sizes=\"(max-width: 300px) 100vw, 300px\" \/><\/a><\/p>\n<p><strong>Abteilung Frankreich, Keramik 1860 \u2013 1960, Inventarnummer F\/XXXIX\/3<\/strong><\/p>\n<p>Jean-Marie Maure la poterie des Ligers (attr.), Frankreich, Ni\u00e8vre, Vase, um 1930, K\u00fcnstler Alfred Lebret, Werksnummer ohne, Exemplar Nr. ohne, gemarkt Firmenmarke Lebret (attr.) geritzt, signiert Lebret (attr.), Literatur: Marcel Poulet, La grande aventure des Gr\u00e8s Flamm\u00e9s 1900 \u2013 1950 en Puisaye et ailleurs, dort Informationen \u00fcber die Manufaktur und die Zusammenarbeit zwischen Maure und Lebret, u. a. dass entweder Maure, Lebret oder Ligers am Stand gemarkt worden ist, weitere Literatur: Edgar Pelichet, Jugendstilkeramik, Seite 189, dort \u201eLebret\u201c unter noch nicht identifizierte Siegel und Marken gelistet, Zuschreibung mangels anderer Deutungen, wurde die Ritzsignatur am Stand als Lebret interpretiert, H\u00f6he 13 cm, Breite 9 cm<\/p>\n<p><a href=\"http:\/\/museumek.eu\/wp-content\/uploads\/2012\/10\/Museum-Europ\u00e4ischer-Keramikkunst-28051.jpg\"><img loading=\"lazy\" src=\"http:\/\/museumek.eu\/wp-content\/uploads\/2012\/10\/Museum-Europ\u00e4ischer-Keramikkunst-28051-215x300.jpg\" alt=\"\" title=\"Museum Europ\u00e4ischer Keramikkunst 2805\" width=\"215\" height=\"300\" class=\"alignnone size-medium wp-image-15913\" srcset=\"http:\/\/museumek.eu\/wp-content\/uploads\/2012\/10\/Museum-Europ\u00e4ischer-Keramikkunst-28051-215x300.jpg 215w, http:\/\/museumek.eu\/wp-content\/uploads\/2012\/10\/Museum-Europ\u00e4ischer-Keramikkunst-28051.jpg 517w\" sizes=\"(max-width: 215px) 100vw, 215px\" \/><\/a><\/p>\n<p><a href=\"http:\/\/museumek.eu\/wp-content\/uploads\/2012\/10\/Museum-Europ\u00e4ischer-Keramikkunst-28061.jpg\"><img loading=\"lazy\" src=\"http:\/\/museumek.eu\/wp-content\/uploads\/2012\/10\/Museum-Europ\u00e4ischer-Keramikkunst-28061-300x300.jpg\" alt=\"\" title=\"Museum Europ\u00e4ischer Keramikkunst 2806\" width=\"300\" height=\"300\" class=\"alignnone size-medium wp-image-15914\" srcset=\"http:\/\/museumek.eu\/wp-content\/uploads\/2012\/10\/Museum-Europ\u00e4ischer-Keramikkunst-28061-300x300.jpg 300w, http:\/\/museumek.eu\/wp-content\/uploads\/2012\/10\/Museum-Europ\u00e4ischer-Keramikkunst-28061-150x150.jpg 150w, http:\/\/museumek.eu\/wp-content\/uploads\/2012\/10\/Museum-Europ\u00e4ischer-Keramikkunst-28061.jpg 649w\" sizes=\"(max-width: 300px) 100vw, 300px\" \/><\/a><\/p>\n<p><strong>Abteilung Frankreich, Keramik 1860 \u2013 1960, Inventarnummer F\/XXXIX\/4<\/strong><\/p>\n<p>Jean-Marie Maure la poterie des Ligers, Frankreich, Ni\u00e8vre, Vase, um 1930, K\u00fcnstler Alfred Lebret, Werksnummer ohne, Exemplar Nr. ohne, gemarkt Firmenmarke Lebret geritzt, signiert Lebret, Literatur: Marcel Poulet, La grande aventure des Gr\u00e8s Flamm\u00e9s 1900 \u2013 1950 en Puisaye et ailleurs, dort Informationen \u00fcber die Manufaktur und die Zusammenarbeit zwischen Maure und Lebret, u. a. dass entweder Maure, Lebret oder Ligers am Stand gemarkt worden ist, weitere Literatur: Edgar Pelichet, Jugendstilkeramik, Seite 189, dort \u201eLebret\u201c unter noch nicht identifizierte Siegel und Marken gelistet, H\u00f6he 31 cm, Breite 21 cm<\/p>\n<p><a href=\"http:\/\/museumek.eu\/wp-content\/uploads\/2012\/10\/Museum-Europ\u00e4ischer-Keramikkunst-3168.jpg\"><img loading=\"lazy\" src=\"http:\/\/museumek.eu\/wp-content\/uploads\/2012\/10\/Museum-Europ\u00e4ischer-Keramikkunst-3168-225x300.jpg\" alt=\"\" title=\"Museum Europ\u00e4ischer Keramikkunst 3168\" width=\"225\" height=\"300\" class=\"alignnone size-medium wp-image-15921\" srcset=\"http:\/\/museumek.eu\/wp-content\/uploads\/2012\/10\/Museum-Europ\u00e4ischer-Keramikkunst-3168-225x300.jpg 225w, http:\/\/museumek.eu\/wp-content\/uploads\/2012\/10\/Museum-Europ\u00e4ischer-Keramikkunst-3168.jpg 662w\" sizes=\"(max-width: 225px) 100vw, 225px\" \/><\/a><\/p>\n<p><a href=\"http:\/\/museumek.eu\/wp-content\/uploads\/2012\/10\/Museum-Europ\u00e4ischer-Keramikkunst-3169.jpg\"><img loading=\"lazy\" src=\"http:\/\/museumek.eu\/wp-content\/uploads\/2012\/10\/Museum-Europ\u00e4ischer-Keramikkunst-3169-300x257.jpg\" alt=\"\" title=\"Museum Europ\u00e4ischer Keramikkunst 3169\" width=\"300\" height=\"257\" class=\"alignnone size-medium wp-image-15922\" srcset=\"http:\/\/museumek.eu\/wp-content\/uploads\/2012\/10\/Museum-Europ\u00e4ischer-Keramikkunst-3169-300x257.jpg 300w, http:\/\/museumek.eu\/wp-content\/uploads\/2012\/10\/Museum-Europ\u00e4ischer-Keramikkunst-3169-349x300.jpg 349w, http:\/\/museumek.eu\/wp-content\/uploads\/2012\/10\/Museum-Europ\u00e4ischer-Keramikkunst-3169.jpg 665w\" sizes=\"(max-width: 300px) 100vw, 300px\" \/><\/a><\/p>\n<p><strong>Abteilung Frankreich, Keramik 1860 \u2013 1960, Inventarnummer F\/XXXIX\/5<\/strong><\/p>\n<p>Jean-Marie Maure la poterie des Ligers, Frankreich, Ni\u00e8vre, Vase, um 1930, K\u00fcnstler Alfred Lebret, Werksnummer ohne, Exemplar Nr. ohne, gemarkt Firmenmarke Maure geritzt, 8 (?) 1 gepresst, nicht signiert, Literatur: Marcel Poulet, La grande aventure des Gr\u00e8s Flamm\u00e9s 1900 \u2013 1950 en Puisaye et ailleurs, dort Informationen \u00fcber die Manufaktur und die Zusammenarbeit zwischen Maure und Lebret, u. a. dass entweder Maure, Lebret oder Ligers am Stand gemarkt worden ist,<br \/>\nH\u00f6he 16,5 cm, Breite 11,5 cm<\/p>\n<p><a href=\"http:\/\/museumek.eu\/wp-content\/uploads\/2013\/04\/Museum-Europ\u00e4ischer-Keramikkunst-4249.jpg\"><img loading=\"lazy\" src=\"http:\/\/museumek.eu\/wp-content\/uploads\/2013\/04\/Museum-Europ\u00e4ischer-Keramikkunst-4249-213x300.jpg\" alt=\"\" title=\"Museum Europ\u00e4ischer Keramikkunst 4249\" width=\"213\" height=\"300\" class=\"alignnone size-medium wp-image-21200\" srcset=\"http:\/\/museumek.eu\/wp-content\/uploads\/2013\/04\/Museum-Europ\u00e4ischer-Keramikkunst-4249-213x300.jpg 213w, http:\/\/museumek.eu\/wp-content\/uploads\/2013\/04\/Museum-Europ\u00e4ischer-Keramikkunst-4249.jpg 559w\" sizes=\"(max-width: 213px) 100vw, 213px\" \/><\/a><\/p>\n<p><a href=\"http:\/\/museumek.eu\/wp-content\/uploads\/2013\/04\/Museum-Europ\u00e4ischer-Keramikkunst-4251.jpg\"><img loading=\"lazy\" src=\"http:\/\/museumek.eu\/wp-content\/uploads\/2013\/04\/Museum-Europ\u00e4ischer-Keramikkunst-4251-300x206.jpg\" alt=\"\" title=\"Museum Europ\u00e4ischer Keramikkunst 4251\" width=\"300\" height=\"206\" class=\"alignnone size-medium wp-image-21201\" srcset=\"http:\/\/museumek.eu\/wp-content\/uploads\/2013\/04\/Museum-Europ\u00e4ischer-Keramikkunst-4251-300x206.jpg 300w, http:\/\/museumek.eu\/wp-content\/uploads\/2013\/04\/Museum-Europ\u00e4ischer-Keramikkunst-4251-436x300.jpg 436w, http:\/\/museumek.eu\/wp-content\/uploads\/2013\/04\/Museum-Europ\u00e4ischer-Keramikkunst-4251.jpg 734w\" sizes=\"(max-width: 300px) 100vw, 300px\" \/><\/a><\/p>\n<p><a href=\"http:\/\/museumek.eu\/wp-content\/uploads\/2013\/04\/Museum-Europ\u00e4ischer-Keramikkunst-4252.jpg\"><img loading=\"lazy\" src=\"http:\/\/museumek.eu\/wp-content\/uploads\/2013\/04\/Museum-Europ\u00e4ischer-Keramikkunst-4252-300x236.jpg\" alt=\"\" title=\"Museum Europ\u00e4ischer Keramikkunst 4252\" width=\"300\" height=\"236\" class=\"alignnone size-medium wp-image-21202\" srcset=\"http:\/\/museumek.eu\/wp-content\/uploads\/2013\/04\/Museum-Europ\u00e4ischer-Keramikkunst-4252-300x236.jpg 300w, http:\/\/museumek.eu\/wp-content\/uploads\/2013\/04\/Museum-Europ\u00e4ischer-Keramikkunst-4252-381x300.jpg 381w, http:\/\/museumek.eu\/wp-content\/uploads\/2013\/04\/Museum-Europ\u00e4ischer-Keramikkunst-4252.jpg 699w\" sizes=\"(max-width: 300px) 100vw, 300px\" \/><\/a><\/p>\n","protected":false},"excerpt":{"rendered":"<p>\u00dcber Albrecht Lebret konnte nur recherchiert werden, dass er 1871 geboren wurde und f\u00fcr verschiedene Porzellan- und Keramikmanufakturen t\u00e4tig war. Abteilung Frankreich, Keramik 1860 \u2013 1960, Inventarnummer F\/XXXIX\/1 Jean-Marie Maure la poterie des Ligers, Frankreich, Ni\u00e8vre, Vase, um 1930, K\u00fcnstler &hellip; <a href=\"http:\/\/museumek.eu\/?page_id=15902\">Weiterlesen <span class=\"meta-nav\">&rarr;<\/span><\/a><\/p>\n","protected":false},"author":1,"featured_media":0,"parent":15899,"menu_order":1,"comment_status":"closed","ping_status":"open","template":"","meta":[],"_links":{"self":[{"href":"http:\/\/museumek.eu\/index.php?rest_route=\/wp\/v2\/pages\/15902"}],"collection":[{"href":"http:\/\/museumek.eu\/index.php?rest_route=\/wp\/v2\/pages"}],"about":[{"href":"http:\/\/museumek.eu\/index.php?rest_route=\/wp\/v2\/types\/page"}],"author":[{"embeddable":true,"href":"http:\/\/museumek.eu\/index.php?rest_route=\/wp\/v2\/users\/1"}],"replies":[{"embeddable":true,"href":"http:\/\/museumek.eu\/index.php?rest_route=%2Fwp%2Fv2%2Fcomments&post=15902"}],"version-history":[{"count":10,"href":"http:\/\/museumek.eu\/index.php?rest_route=\/wp\/v2\/pages\/15902\/revisions"}],"predecessor-version":[{"id":21208,"href":"http:\/\/museumek.eu\/index.php?rest_route=\/wp\/v2\/pages\/15902\/revisions\/21208"}],"up":[{"embeddable":true,"href":"http:\/\/museumek.eu\/index.php?rest_route=\/wp\/v2\/pages\/15899"}],"wp:attachment":[{"href":"http:\/\/museumek.eu\/index.php?rest_route=%2Fwp%2Fv2%2Fmedia&parent=15902"}],"curies":[{"name":"wp","href":"https:\/\/api.w.org\/{rel}","templated":true}]}}