{"id":15959,"date":"2012-10-28T17:04:16","date_gmt":"2012-10-28T16:04:16","guid":{"rendered":"http:\/\/museumek.eu\/?page_id=15959"},"modified":"2013-04-25T23:32:34","modified_gmt":"2013-04-25T21:32:34","slug":"kurzbiografie-und-inventar-zum-kunstler","status":"publish","type":"page","link":"http:\/\/museumek.eu\/?page_id=15959","title":{"rendered":"Kurzbiografie und Inventar zum K\u00fcnstler"},"content":{"rendered":"<p>Hermann August K\u00e4hler wurde am 06.03.1845 in Naestved geboren. Er starb am 16.11.1917 ebenda. K\u00e4hler erhielt seine T\u00f6pferausbildung in v\u00e4terlichen Hafnerbetrieb, welche er 1872 \u00fcbernahm. Er war wohl auch in Z\u00fcrich und in Berlin t\u00e4tig. Er entwickelte ein eigenes Verfahren zur Herstellung von L\u00fcsterglasuren und nahm an der Weltausstellung 1889 in Paris und an der Weltausstellung 1893 in Chicago teil. K\u00e4hler \u00fcbte auf die Entwicklung der d\u00e4nischen Keramik gro\u00dfen Einflu\u00df aus.<\/p>\n<p><strong>Abteilung D\u00e4nemark, Keramik 1860 \u2013 1960, Inventarnummer D\u00e4\/VI\/1<\/strong><\/p>\n<p>Hermann August K\u00e4hler, D\u00e4nemark, Naestved, vor 1898, Vase, K\u00fcnstler Hermann August K\u00e4hler, Werks.-Nr. ohne, Exemplar Nr. ohne, gemarkt Firmenmarke mit HAK geritzt, Danmark in einem Kreis gepresst, signiert = gemarkt, Literatur: Otto Pelka, Keramik der Neuzeit, Seite 183, Hermann August K\u00e4hler dort erw\u00e4hnt, weitere Literatur: Edgar Pelichet, Jugendstilkeramik, Seite 165, Beschreibung der Manufaktur sowie Seite 182, \u00e4hnliche Marke abgebildet, weitere Literatur: Jana Kybalov\u00e1, Keramikmarken aus aller Welt, Marke Nr. 1315 identisch, weitere Literatur: Porzellan-Kunst, Teil II, Kunst-Porzellane und Keramik um 1900, Sammlung Karl H. Br\u00f6han, Seite 136, Nr. 974, Beschreibung der Manufaktur sowie Beschreibung identischer Marken, weitere Literatur: J. G. Th. Graesse und E. Jaenicke, F\u00fchrer f\u00fcr Sammler von Porzellan und Fayence, Steinzeug, Steingut usw., Seite 11, Marke identisch, weitere Literatur: Museum f\u00fcr Kunst und Gewerbe Hamburg, Die Jugendstilsammlung Band 2: K\u00fcnstler G \u2013 K, Seite 258, Beschreibung der Manufaktur sowie Seite 260, abgebildete Marke (f\u00fcr die Zeit vor 1898) identisch, siehe auch Auktionshaus Quittenbaum, 92. Auktion, Jugendstil \u2013 Art D\u00e9co, vom 26.10.2010, Lot Nr. 797, Typengleiche Vase, siehe auch Nagel Auktionen Leipzig, Sonderauktion 9 S, Sammlung Giorgio Silzer, vom 08.10.2004, Lot Nr. 9147, \u00e4hnliche Vase, H\u00f6he 12 cm, Breite 14,5 cm<\/p>\n<p><a href=\"http:\/\/museumek.eu\/wp-content\/uploads\/2012\/10\/Museum-Europ\u00e4ischer-Keramikkunst-2627.jpg\"><img loading=\"lazy\" src=\"http:\/\/museumek.eu\/wp-content\/uploads\/2012\/10\/Museum-Europ\u00e4ischer-Keramikkunst-2627-300x273.jpg\" alt=\"\" title=\"Museum Europ\u00e4ischer Keramikkunst 2627\" width=\"300\" height=\"273\" class=\"alignnone size-medium wp-image-15938\" srcset=\"http:\/\/museumek.eu\/wp-content\/uploads\/2012\/10\/Museum-Europ\u00e4ischer-Keramikkunst-2627-300x273.jpg 300w, http:\/\/museumek.eu\/wp-content\/uploads\/2012\/10\/Museum-Europ\u00e4ischer-Keramikkunst-2627-328x300.jpg 328w, http:\/\/museumek.eu\/wp-content\/uploads\/2012\/10\/Museum-Europ\u00e4ischer-Keramikkunst-2627.jpg 698w\" sizes=\"(max-width: 300px) 100vw, 300px\" \/><\/a><\/p>\n<p><a href=\"http:\/\/museumek.eu\/wp-content\/uploads\/2012\/10\/Museum-Europ\u00e4ischer-Keramikkunst-2629.jpg\"><img loading=\"lazy\" src=\"http:\/\/museumek.eu\/wp-content\/uploads\/2012\/10\/Museum-Europ\u00e4ischer-Keramikkunst-2629-300x230.jpg\" alt=\"\" title=\"Museum Europ\u00e4ischer Keramikkunst 2629\" width=\"300\" height=\"230\" class=\"alignnone size-medium wp-image-15939\" srcset=\"http:\/\/museumek.eu\/wp-content\/uploads\/2012\/10\/Museum-Europ\u00e4ischer-Keramikkunst-2629-300x230.jpg 300w, http:\/\/museumek.eu\/wp-content\/uploads\/2012\/10\/Museum-Europ\u00e4ischer-Keramikkunst-2629-390x300.jpg 390w, http:\/\/museumek.eu\/wp-content\/uploads\/2012\/10\/Museum-Europ\u00e4ischer-Keramikkunst-2629.jpg 695w\" sizes=\"(max-width: 300px) 100vw, 300px\" \/><\/a><\/p>\n<p><a href=\"http:\/\/museumek.eu\/wp-content\/uploads\/2012\/10\/Museum-Europ\u00e4ischer-Keramikkunst-2630.jpg\"><img loading=\"lazy\" src=\"http:\/\/museumek.eu\/wp-content\/uploads\/2012\/10\/Museum-Europ\u00e4ischer-Keramikkunst-2630.jpg\" alt=\"\" title=\"Museum Europ\u00e4ischer Keramikkunst 2630\" width=\"283\" height=\"278\" class=\"alignnone size-full wp-image-15940\" \/><\/a><\/p>\n<p><a href=\"http:\/\/museumek.eu\/wp-content\/uploads\/2012\/10\/Museum-Europ\u00e4ischer-Keramikkunst-3271.jpg\"><img loading=\"lazy\" src=\"http:\/\/museumek.eu\/wp-content\/uploads\/2012\/10\/Museum-Europ\u00e4ischer-Keramikkunst-3271-170x300.jpg\" alt=\"\" title=\"Museum Europ\u00e4ischer Keramikkunst 3271\" width=\"170\" height=\"300\" class=\"alignnone size-medium wp-image-15941\" \/><\/a><\/p>\n<p><a href=\"http:\/\/museumek.eu\/wp-content\/uploads\/2012\/10\/Nagel-Sammlung-Silzer-2004-4.jpg\"><img loading=\"lazy\" src=\"http:\/\/museumek.eu\/wp-content\/uploads\/2012\/10\/Nagel-Sammlung-Silzer-2004-4-300x138.jpg\" alt=\"\" title=\"Nagel Sammlung Silzer 2004 4\" width=\"300\" height=\"138\" class=\"alignnone size-medium wp-image-19269\" srcset=\"http:\/\/museumek.eu\/wp-content\/uploads\/2012\/10\/Nagel-Sammlung-Silzer-2004-4-300x138.jpg 300w, http:\/\/museumek.eu\/wp-content\/uploads\/2012\/10\/Nagel-Sammlung-Silzer-2004-4-500x231.jpg 500w, http:\/\/museumek.eu\/wp-content\/uploads\/2012\/10\/Nagel-Sammlung-Silzer-2004-4.jpg 543w\" sizes=\"(max-width: 300px) 100vw, 300px\" \/><\/a><\/p>\n","protected":false},"excerpt":{"rendered":"<p>Hermann August K\u00e4hler wurde am 06.03.1845 in Naestved geboren. Er starb am 16.11.1917 ebenda. K\u00e4hler erhielt seine T\u00f6pferausbildung in v\u00e4terlichen Hafnerbetrieb, welche er 1872 \u00fcbernahm. Er war wohl auch in Z\u00fcrich und in Berlin t\u00e4tig. Er entwickelte ein eigenes Verfahren &hellip; <a href=\"http:\/\/museumek.eu\/?page_id=15959\">Weiterlesen <span class=\"meta-nav\">&rarr;<\/span><\/a><\/p>\n","protected":false},"author":1,"featured_media":0,"parent":15956,"menu_order":1,"comment_status":"closed","ping_status":"open","template":"","meta":[],"_links":{"self":[{"href":"http:\/\/museumek.eu\/index.php?rest_route=\/wp\/v2\/pages\/15959"}],"collection":[{"href":"http:\/\/museumek.eu\/index.php?rest_route=\/wp\/v2\/pages"}],"about":[{"href":"http:\/\/museumek.eu\/index.php?rest_route=\/wp\/v2\/types\/page"}],"author":[{"embeddable":true,"href":"http:\/\/museumek.eu\/index.php?rest_route=\/wp\/v2\/users\/1"}],"replies":[{"embeddable":true,"href":"http:\/\/museumek.eu\/index.php?rest_route=%2Fwp%2Fv2%2Fcomments&post=15959"}],"version-history":[{"count":10,"href":"http:\/\/museumek.eu\/index.php?rest_route=\/wp\/v2\/pages\/15959\/revisions"}],"predecessor-version":[{"id":20516,"href":"http:\/\/museumek.eu\/index.php?rest_route=\/wp\/v2\/pages\/15959\/revisions\/20516"}],"up":[{"embeddable":true,"href":"http:\/\/museumek.eu\/index.php?rest_route=\/wp\/v2\/pages\/15956"}],"wp:attachment":[{"href":"http:\/\/museumek.eu\/index.php?rest_route=%2Fwp%2Fv2%2Fmedia&parent=15959"}],"curies":[{"name":"wp","href":"https:\/\/api.w.org\/{rel}","templated":true}]}}