{"id":16010,"date":"2012-11-01T17:19:27","date_gmt":"2012-11-01T16:19:27","guid":{"rendered":"http:\/\/museumek.eu\/?page_id=16010"},"modified":"2012-11-01T17:19:27","modified_gmt":"2012-11-01T16:19:27","slug":"davii1","status":"publish","type":"page","link":"http:\/\/museumek.eu\/?page_id=16010","title":{"rendered":"D\u00e4\/VII\/1"},"content":{"rendered":"<p><strong>Abteilung D\u00e4nemark, Keramik 1860 \u2013 1960, Inventarnummer D\u00e4\/VII\/1<\/strong><\/p>\n<p>Manufaktur Porzellanmanufaktur Bing &#038; Groendahl, D\u00e4nemark, Kopenhagen, 1915, Teller, K\u00fcnstler unbekannt, Werks.-Nr. ohne, Exemplar Nr. ohne, gemarkt Firmenmarke mit B &#038; G, Kopenhagen sowie Danmark gr\u00fcner Stempel unter Glasur, 1914 \u2013 1915 Stempel sowie nicht gedeutetes Zeichen gr\u00fcn unter Glasur, B &#038; G Stempel blau unter Glasur, nicht signiert, Literatur: J. G. Th. Graesse und E. Jaenicke, F\u00fchrer f\u00fcr Sammler von Porzellan und Fayence, Steinzeug, Steingut usw., Seite 421, Marke Nr. 7 identisch, Mahnteller I. Weltkrieg mit Schriftzug \u201e Pro Patria\u201c (Kurzform von \u201e\u00dcber die Toten sagt man nur Gutes),<br \/>\nDurchmesser 20,3 cm<\/p>\n<p><a href=\"http:\/\/museumek.eu\/wp-content\/uploads\/2012\/11\/Museum-Europ\u00e4ischer-Keramikkunst-25131.jpg\"><img loading=\"lazy\" src=\"http:\/\/museumek.eu\/wp-content\/uploads\/2012\/11\/Museum-Europ\u00e4ischer-Keramikkunst-25131-300x294.jpg\" alt=\"\" title=\"Museum Europ\u00e4ischer Keramikkunst 2513\" width=\"300\" height=\"294\" class=\"alignnone size-medium wp-image-16012\" srcset=\"http:\/\/museumek.eu\/wp-content\/uploads\/2012\/11\/Museum-Europ\u00e4ischer-Keramikkunst-25131-300x294.jpg 300w, http:\/\/museumek.eu\/wp-content\/uploads\/2012\/11\/Museum-Europ\u00e4ischer-Keramikkunst-25131-305x300.jpg 305w, http:\/\/museumek.eu\/wp-content\/uploads\/2012\/11\/Museum-Europ\u00e4ischer-Keramikkunst-25131.jpg 743w\" sizes=\"(max-width: 300px) 100vw, 300px\" \/><\/a><\/p>\n<p><a href=\"http:\/\/museumek.eu\/wp-content\/uploads\/2012\/11\/Museum-Europ\u00e4ischer-Keramikkunst-2515.jpg\"><img loading=\"lazy\" src=\"http:\/\/museumek.eu\/wp-content\/uploads\/2012\/11\/Museum-Europ\u00e4ischer-Keramikkunst-2515-215x300.jpg\" alt=\"\" title=\"Museum Europ\u00e4ischer Keramikkunst 2515\" width=\"215\" height=\"300\" class=\"alignnone size-medium wp-image-16013\" srcset=\"http:\/\/museumek.eu\/wp-content\/uploads\/2012\/11\/Museum-Europ\u00e4ischer-Keramikkunst-2515-215x300.jpg 215w, http:\/\/museumek.eu\/wp-content\/uploads\/2012\/11\/Museum-Europ\u00e4ischer-Keramikkunst-2515.jpg 330w\" sizes=\"(max-width: 215px) 100vw, 215px\" \/><\/a><\/p>\n","protected":false},"excerpt":{"rendered":"<p>Abteilung D\u00e4nemark, Keramik 1860 \u2013 1960, Inventarnummer D\u00e4\/VII\/1 Manufaktur Porzellanmanufaktur Bing &#038; Groendahl, D\u00e4nemark, Kopenhagen, 1915, Teller, K\u00fcnstler unbekannt, Werks.-Nr. ohne, Exemplar Nr. ohne, gemarkt Firmenmarke mit B &#038; G, Kopenhagen sowie Danmark gr\u00fcner Stempel unter Glasur, 1914 \u2013 1915 &hellip; <a href=\"http:\/\/museumek.eu\/?page_id=16010\">Weiterlesen <span class=\"meta-nav\">&rarr;<\/span><\/a><\/p>\n","protected":false},"author":1,"featured_media":0,"parent":16007,"menu_order":1,"comment_status":"closed","ping_status":"open","template":"","meta":[],"_links":{"self":[{"href":"http:\/\/museumek.eu\/index.php?rest_route=\/wp\/v2\/pages\/16010"}],"collection":[{"href":"http:\/\/museumek.eu\/index.php?rest_route=\/wp\/v2\/pages"}],"about":[{"href":"http:\/\/museumek.eu\/index.php?rest_route=\/wp\/v2\/types\/page"}],"author":[{"embeddable":true,"href":"http:\/\/museumek.eu\/index.php?rest_route=\/wp\/v2\/users\/1"}],"replies":[{"embeddable":true,"href":"http:\/\/museumek.eu\/index.php?rest_route=%2Fwp%2Fv2%2Fcomments&post=16010"}],"version-history":[{"count":2,"href":"http:\/\/museumek.eu\/index.php?rest_route=\/wp\/v2\/pages\/16010\/revisions"}],"predecessor-version":[{"id":16015,"href":"http:\/\/museumek.eu\/index.php?rest_route=\/wp\/v2\/pages\/16010\/revisions\/16015"}],"up":[{"embeddable":true,"href":"http:\/\/museumek.eu\/index.php?rest_route=\/wp\/v2\/pages\/16007"}],"wp:attachment":[{"href":"http:\/\/museumek.eu\/index.php?rest_route=%2Fwp%2Fv2%2Fmedia&parent=16010"}],"curies":[{"name":"wp","href":"https:\/\/api.w.org\/{rel}","templated":true}]}}