{"id":16035,"date":"2012-11-01T18:20:22","date_gmt":"2012-11-01T17:20:22","guid":{"rendered":"http:\/\/museumek.eu\/?page_id=16035"},"modified":"2012-11-01T18:20:22","modified_gmt":"2012-11-01T17:20:22","slug":"davii2","status":"publish","type":"page","link":"http:\/\/museumek.eu\/?page_id=16035","title":{"rendered":"D\u00e4\/VII\/2"},"content":{"rendered":"<p><strong>Abteilung D\u00e4nemark, Keramik 1860 \u2013 1960, Inventarnummer D\u00e4\/VII\/2<\/strong><\/p>\n<p>Manufaktur Porzellanmanufaktur Bing &#038; Groendahl, D\u00e4nemark, Kopenhagen, 1911, Teller, K\u00fcnstler unbekannt, Werks.-Nr. ohne, Exemplar Nr. ohne, gemarkt Firmenmarke mit B &#038; G, sowie Kopenhagen gr\u00fcner Stempel unter Glasur, B &#038; G Stempel blau unter Glasur, B blau unter Glasur gemalt, nicht signiert, Teller mit Schriftzug Paasken (Ostern) 1911, Porzellan Ausf\u00fchrung Pate sur Pate, Durchmesser 19 cm<\/p>\n<p><a href=\"http:\/\/museumek.eu\/wp-content\/uploads\/2012\/11\/Museum-Europ\u00e4ischer-Keramikkunst-3278.jpg\"><img loading=\"lazy\" src=\"http:\/\/museumek.eu\/wp-content\/uploads\/2012\/11\/Museum-Europ\u00e4ischer-Keramikkunst-3278-300x297.jpg\" alt=\"\" title=\"Museum Europ\u00e4ischer Keramikkunst 3278\" width=\"300\" height=\"297\" class=\"alignnone size-medium wp-image-16036\" srcset=\"http:\/\/museumek.eu\/wp-content\/uploads\/2012\/11\/Museum-Europ\u00e4ischer-Keramikkunst-3278-300x297.jpg 300w, http:\/\/museumek.eu\/wp-content\/uploads\/2012\/11\/Museum-Europ\u00e4ischer-Keramikkunst-3278-150x150.jpg 150w, http:\/\/museumek.eu\/wp-content\/uploads\/2012\/11\/Museum-Europ\u00e4ischer-Keramikkunst-3278-302x300.jpg 302w, http:\/\/museumek.eu\/wp-content\/uploads\/2012\/11\/Museum-Europ\u00e4ischer-Keramikkunst-3278.jpg 758w\" sizes=\"(max-width: 300px) 100vw, 300px\" \/><\/a><\/p>\n<p><a href=\"http:\/\/museumek.eu\/wp-content\/uploads\/2012\/11\/Museum-Europ\u00e4ischer-Keramikkunst-3279.jpg\"><img loading=\"lazy\" src=\"http:\/\/museumek.eu\/wp-content\/uploads\/2012\/11\/Museum-Europ\u00e4ischer-Keramikkunst-3279-143x300.jpg\" alt=\"\" title=\"Museum Europ\u00e4ischer Keramikkunst 3279\" width=\"143\" height=\"300\" class=\"alignnone size-medium wp-image-16037\" srcset=\"http:\/\/museumek.eu\/wp-content\/uploads\/2012\/11\/Museum-Europ\u00e4ischer-Keramikkunst-3279-143x300.jpg 143w, http:\/\/museumek.eu\/wp-content\/uploads\/2012\/11\/Museum-Europ\u00e4ischer-Keramikkunst-3279.jpg 203w\" sizes=\"(max-width: 143px) 100vw, 143px\" \/><\/a><\/p>\n","protected":false},"excerpt":{"rendered":"<p>Abteilung D\u00e4nemark, Keramik 1860 \u2013 1960, Inventarnummer D\u00e4\/VII\/2 Manufaktur Porzellanmanufaktur Bing &#038; Groendahl, D\u00e4nemark, Kopenhagen, 1911, Teller, K\u00fcnstler unbekannt, Werks.-Nr. ohne, Exemplar Nr. ohne, gemarkt Firmenmarke mit B &#038; G, sowie Kopenhagen gr\u00fcner Stempel unter Glasur, B &#038; G Stempel &hellip; <a href=\"http:\/\/museumek.eu\/?page_id=16035\">Weiterlesen <span class=\"meta-nav\">&rarr;<\/span><\/a><\/p>\n","protected":false},"author":1,"featured_media":0,"parent":16007,"menu_order":2,"comment_status":"closed","ping_status":"open","template":"","meta":[],"_links":{"self":[{"href":"http:\/\/museumek.eu\/index.php?rest_route=\/wp\/v2\/pages\/16035"}],"collection":[{"href":"http:\/\/museumek.eu\/index.php?rest_route=\/wp\/v2\/pages"}],"about":[{"href":"http:\/\/museumek.eu\/index.php?rest_route=\/wp\/v2\/types\/page"}],"author":[{"embeddable":true,"href":"http:\/\/museumek.eu\/index.php?rest_route=\/wp\/v2\/users\/1"}],"replies":[{"embeddable":true,"href":"http:\/\/museumek.eu\/index.php?rest_route=%2Fwp%2Fv2%2Fcomments&post=16035"}],"version-history":[{"count":2,"href":"http:\/\/museumek.eu\/index.php?rest_route=\/wp\/v2\/pages\/16035\/revisions"}],"predecessor-version":[{"id":16039,"href":"http:\/\/museumek.eu\/index.php?rest_route=\/wp\/v2\/pages\/16035\/revisions\/16039"}],"up":[{"embeddable":true,"href":"http:\/\/museumek.eu\/index.php?rest_route=\/wp\/v2\/pages\/16007"}],"wp:attachment":[{"href":"http:\/\/museumek.eu\/index.php?rest_route=%2Fwp%2Fv2%2Fmedia&parent=16035"}],"curies":[{"name":"wp","href":"https:\/\/api.w.org\/{rel}","templated":true}]}}