{"id":16053,"date":"2012-11-01T21:42:33","date_gmt":"2012-11-01T20:42:33","guid":{"rendered":"http:\/\/museumek.eu\/?page_id=16053"},"modified":"2013-06-22T12:52:10","modified_gmt":"2013-06-22T10:52:10","slug":"eviii3","status":"publish","type":"page","link":"http:\/\/museumek.eu\/?page_id=16053","title":{"rendered":"E\/VIII\/3"},"content":{"rendered":"<p><strong>Abteilung England, Keramik 1860 \u2013 1960, Inventarnummer E\/VIII\/3<\/strong><\/p>\n<p>Royal Doulton &#038; Co. Ltd., England, Lambeth (London) und Burslem (Staffordshire) und Vorg\u00e4nger Doulton &#038; Co., England, Lambeth (London) und Burslem (Staffordshire), 1907\/1908, Teller, K\u00fcnstler unbekannt, Werks.-Nr. D 2801 (Dekornummer), Exemplar Nr. ohne, gemarkt Firmenmarke mit L\u00f6we, Krone, in einer Kreisform Royal Doulton, England, im Kreis 4 x der Buchstabe D ineinander gestellt (f\u00fcr Doulton, Marke verwendet zwischen 1902 und 1922), Countess sowie R.N. 523784 schwarze Stempel unter Glasur, D 2801 rot unter Glasur gemalt, herzf\u00f6rmiges Zeichen schwarz unter Glasur gemalt, Doulton sowie ungedeutete Buchstaben und Zahlen gepresst, Literatur: Malcolm Haslan, English Art Pottery 1865 &#8211; 1915, Seite 207, Marke Nr. 17 identisch, weitere Literatur: Gustav Wei\u00df, Ullstein Porzellan Buch, Seite 246, Marke Nr. 4 identisch, weitere Literatur: Edgar Pelichet, Jugendstilkeramik, Seite 123, Beschreibung der Fabrik sowie Seite 180, Marke identisch, weitere Literatur: Dr. Gerhard P. Woeckel und Staatliche Kunstsammlungen Kassel, Jugendstilsammlung, Nr. 79, Marke identisch, weitere Literatur: Christel Mosel, Kunsthandwerk im Umbruch, Jugendstil und Zwanziger Jahre, Seite 60\/61, Beschreibung der Fabrik, weitere Literatur: Jeffrey B. Snyder and Leslie Bockol, Majolica, British, American, &#038; European Wares, Seite 92, Erkl\u00e4rung des englischen Datierungssystems der amtlichen Registrierungs-Nummern, Jahr 1905 beginnend mit R.Nr. 447800 \u2013 bis Jahr 2008 endend mit R.Nr. 548919, insofern ist o. g. Datierung des Tellers entsprechend abgeleitet, 1815 gr\u00fcndeten John Doulton, Martha Jones und John Watts die Jones, Watts &#038; Doulton Pottery, bereits 1820 tritt Martha Jones aus, ab 1826 nennt sich die Fabrik Doulton &#038; Watts, 1835 tritt der Sohn Doultons, Henry Doulton als 15-j\u00e4hriger in die Fabrik ein, ab 1853 firmierte die Fabrik als Doulton &#038; Co., um 1880 kaufte Doulton &#038; Co, die 1862 gegr\u00fcndete keramische Fabrik Pinder, Bourne &#038; Co. in Burslem hinzu, um 1871 Einrichtung eines eigenen K\u00fcnstlerstudios in Lambeth, 1886 oder 1887 wurde Henry Doulton von Queen Victoria zum Ritter geschlagen, seit dieser Zeit wurde die Marke bekr\u00f6nt, 1897 starb Henry Doulton und sein Sohn Henry Louis Doulton \u00fcbernahm die Fabrikleitung, um 1901 wurde die Fabrik durch K\u00f6nig Edward VII zum Hoflieferanten ernannt und firmierte nun mit Royal, zur gleichen Zeit fa\u00dfte Henry Louis Doulton die Fabriken zu einer Limited zusammen und firmierte als Royal Doulton &#038; Co. Ltd., Durchmesser 26 cm<\/p>\n<p><a href=\"http:\/\/museumek.eu\/wp-content\/uploads\/2012\/11\/Museum-Europ\u00e4ischer-Keramikkunst-3184.jpg\"><img loading=\"lazy\" src=\"http:\/\/museumek.eu\/wp-content\/uploads\/2012\/11\/Museum-Europ\u00e4ischer-Keramikkunst-3184-300x285.jpg\" alt=\"\" title=\"Museum Europ\u00e4ischer Keramikkunst 3184\" width=\"300\" height=\"285\" class=\"alignnone size-medium wp-image-16054\" srcset=\"http:\/\/museumek.eu\/wp-content\/uploads\/2012\/11\/Museum-Europ\u00e4ischer-Keramikkunst-3184-300x285.jpg 300w, http:\/\/museumek.eu\/wp-content\/uploads\/2012\/11\/Museum-Europ\u00e4ischer-Keramikkunst-3184-315x300.jpg 315w, http:\/\/museumek.eu\/wp-content\/uploads\/2012\/11\/Museum-Europ\u00e4ischer-Keramikkunst-3184.jpg 742w\" sizes=\"(max-width: 300px) 100vw, 300px\" \/><\/a><\/p>\n<p><a href=\"http:\/\/museumek.eu\/wp-content\/uploads\/2012\/11\/Museum-Europ\u00e4ischer-Keramikkunst-3185.jpg\"><img loading=\"lazy\" src=\"http:\/\/museumek.eu\/wp-content\/uploads\/2012\/11\/Museum-Europ\u00e4ischer-Keramikkunst-3185-300x164.jpg\" alt=\"\" title=\"Museum Europ\u00e4ischer Keramikkunst 3185\" width=\"300\" height=\"164\" class=\"alignnone size-medium wp-image-16055\" srcset=\"http:\/\/museumek.eu\/wp-content\/uploads\/2012\/11\/Museum-Europ\u00e4ischer-Keramikkunst-3185-300x164.jpg 300w, http:\/\/museumek.eu\/wp-content\/uploads\/2012\/11\/Museum-Europ\u00e4ischer-Keramikkunst-3185-500x274.jpg 500w, http:\/\/museumek.eu\/wp-content\/uploads\/2012\/11\/Museum-Europ\u00e4ischer-Keramikkunst-3185.jpg 751w\" sizes=\"(max-width: 300px) 100vw, 300px\" \/><\/a><\/p>\n<p><a href=\"http:\/\/museumek.eu\/wp-content\/uploads\/2012\/11\/Museum-Europ\u00e4ischer-Keramikkunst-3186.jpg\"><img loading=\"lazy\" src=\"http:\/\/museumek.eu\/wp-content\/uploads\/2012\/11\/Museum-Europ\u00e4ischer-Keramikkunst-3186.jpg\" alt=\"\" title=\"Museum Europ\u00e4ischer Keramikkunst 3186\" width=\"204\" height=\"95\" class=\"alignnone size-full wp-image-16056\" \/><\/a><\/p>\n<p><a href=\"http:\/\/museumek.eu\/wp-content\/uploads\/2012\/11\/Museum-Europ\u00e4ischer-Keramikkunst-3190.jpg\"><img loading=\"lazy\" src=\"http:\/\/museumek.eu\/wp-content\/uploads\/2012\/11\/Museum-Europ\u00e4ischer-Keramikkunst-3190-300x183.jpg\" alt=\"\" title=\"Museum Europ\u00e4ischer Keramikkunst 3190\" width=\"300\" height=\"183\" class=\"alignnone size-medium wp-image-16057\" srcset=\"http:\/\/museumek.eu\/wp-content\/uploads\/2012\/11\/Museum-Europ\u00e4ischer-Keramikkunst-3190-300x183.jpg 300w, http:\/\/museumek.eu\/wp-content\/uploads\/2012\/11\/Museum-Europ\u00e4ischer-Keramikkunst-3190-490x300.jpg 490w, http:\/\/museumek.eu\/wp-content\/uploads\/2012\/11\/Museum-Europ\u00e4ischer-Keramikkunst-3190.jpg 556w\" sizes=\"(max-width: 300px) 100vw, 300px\" \/><\/a><\/p>\n","protected":false},"excerpt":{"rendered":"<p>Abteilung England, Keramik 1860 \u2013 1960, Inventarnummer E\/VIII\/3 Royal Doulton &#038; Co. Ltd., England, Lambeth (London) und Burslem (Staffordshire) und Vorg\u00e4nger Doulton &#038; Co., England, Lambeth (London) und Burslem (Staffordshire), 1907\/1908, Teller, K\u00fcnstler unbekannt, Werks.-Nr. D 2801 (Dekornummer), Exemplar Nr. &hellip; <a href=\"http:\/\/museumek.eu\/?page_id=16053\">Weiterlesen <span class=\"meta-nav\">&rarr;<\/span><\/a><\/p>\n","protected":false},"author":1,"featured_media":0,"parent":10839,"menu_order":3,"comment_status":"closed","ping_status":"open","template":"","meta":[],"_links":{"self":[{"href":"http:\/\/museumek.eu\/index.php?rest_route=\/wp\/v2\/pages\/16053"}],"collection":[{"href":"http:\/\/museumek.eu\/index.php?rest_route=\/wp\/v2\/pages"}],"about":[{"href":"http:\/\/museumek.eu\/index.php?rest_route=\/wp\/v2\/types\/page"}],"author":[{"embeddable":true,"href":"http:\/\/museumek.eu\/index.php?rest_route=\/wp\/v2\/users\/1"}],"replies":[{"embeddable":true,"href":"http:\/\/museumek.eu\/index.php?rest_route=%2Fwp%2Fv2%2Fcomments&post=16053"}],"version-history":[{"count":3,"href":"http:\/\/museumek.eu\/index.php?rest_route=\/wp\/v2\/pages\/16053\/revisions"}],"predecessor-version":[{"id":23945,"href":"http:\/\/museumek.eu\/index.php?rest_route=\/wp\/v2\/pages\/16053\/revisions\/23945"}],"up":[{"embeddable":true,"href":"http:\/\/museumek.eu\/index.php?rest_route=\/wp\/v2\/pages\/10839"}],"wp:attachment":[{"href":"http:\/\/museumek.eu\/index.php?rest_route=%2Fwp%2Fv2%2Fmedia&parent=16053"}],"curies":[{"name":"wp","href":"https:\/\/api.w.org\/{rel}","templated":true}]}}