{"id":16085,"date":"2012-11-02T18:49:39","date_gmt":"2012-11-02T17:49:39","guid":{"rendered":"http:\/\/museumek.eu\/?page_id=16085"},"modified":"2012-11-02T18:49:39","modified_gmt":"2012-11-02T17:49:39","slug":"oz33","status":"publish","type":"page","link":"http:\/\/museumek.eu\/?page_id=16085","title":{"rendered":"OZ\/33"},"content":{"rendered":"<p><strong>Abteilung Ohne Zuordnung, Keramik 1860 \u2013 1960, Inventarnummer OZ\/33<\/strong><\/p>\n<p>Wandmaske, um 1930, Expressiver, stark stilisierter Kopf mit flammenartig z\u00fcngelndem Haar, erinnernd an einen vollplastischen \u00e4hnlichen Kopf der K\u00fcnstlerin Bernhardine Kuhn, Werks.-Nr. 319, Exemplar Nr. ohne, gemarkt B, Tannenbaum (schwer erkennbar) sowie K in einem Dreieck gepresst, 319 geritzt, unleserlicher Buchstabe ? geritzt, siehe auch MEK OZ\/19 sowie MEK OZ 29, gleiche Marke, H\u00f6he 13,2 cm, Breite 9 cm<\/p>\n<p><a href=\"http:\/\/museumek.eu\/wp-content\/uploads\/2012\/11\/Museum-Europ\u00e4ischer-Keramikkunst-653.jpg\"><img loading=\"lazy\" src=\"http:\/\/museumek.eu\/wp-content\/uploads\/2012\/11\/Museum-Europ\u00e4ischer-Keramikkunst-653-194x300.jpg\" alt=\"\" title=\"Museum Europ\u00e4ischer Keramikkunst 653\" width=\"194\" height=\"300\" class=\"alignnone size-medium wp-image-16086\" srcset=\"http:\/\/museumek.eu\/wp-content\/uploads\/2012\/11\/Museum-Europ\u00e4ischer-Keramikkunst-653-194x300.jpg 194w, http:\/\/museumek.eu\/wp-content\/uploads\/2012\/11\/Museum-Europ\u00e4ischer-Keramikkunst-653.jpg 639w\" sizes=\"(max-width: 194px) 100vw, 194px\" \/><\/a><\/p>\n<p><a href=\"http:\/\/museumek.eu\/wp-content\/uploads\/2012\/11\/Museum-Europ\u00e4ischer-Keramikkunst-656.jpg\"><img loading=\"lazy\" src=\"http:\/\/museumek.eu\/wp-content\/uploads\/2012\/11\/Museum-Europ\u00e4ischer-Keramikkunst-656-197x300.jpg\" alt=\"\" title=\"Museum Europ\u00e4ischer Keramikkunst 656\" width=\"197\" height=\"300\" class=\"alignnone size-medium wp-image-16087\" srcset=\"http:\/\/museumek.eu\/wp-content\/uploads\/2012\/11\/Museum-Europ\u00e4ischer-Keramikkunst-656-197x300.jpg 197w, http:\/\/museumek.eu\/wp-content\/uploads\/2012\/11\/Museum-Europ\u00e4ischer-Keramikkunst-656.jpg 633w\" sizes=\"(max-width: 197px) 100vw, 197px\" \/><\/a><\/p>\n","protected":false},"excerpt":{"rendered":"<p>Abteilung Ohne Zuordnung, Keramik 1860 \u2013 1960, Inventarnummer OZ\/33 Wandmaske, um 1930, Expressiver, stark stilisierter Kopf mit flammenartig z\u00fcngelndem Haar, erinnernd an einen vollplastischen \u00e4hnlichen Kopf der K\u00fcnstlerin Bernhardine Kuhn, Werks.-Nr. 319, Exemplar Nr. ohne, gemarkt B, Tannenbaum (schwer erkennbar) &hellip; <a href=\"http:\/\/museumek.eu\/?page_id=16085\">Weiterlesen <span class=\"meta-nav\">&rarr;<\/span><\/a><\/p>\n","protected":false},"author":1,"featured_media":0,"parent":14678,"menu_order":33,"comment_status":"closed","ping_status":"open","template":"","meta":[],"_links":{"self":[{"href":"http:\/\/museumek.eu\/index.php?rest_route=\/wp\/v2\/pages\/16085"}],"collection":[{"href":"http:\/\/museumek.eu\/index.php?rest_route=\/wp\/v2\/pages"}],"about":[{"href":"http:\/\/museumek.eu\/index.php?rest_route=\/wp\/v2\/types\/page"}],"author":[{"embeddable":true,"href":"http:\/\/museumek.eu\/index.php?rest_route=\/wp\/v2\/users\/1"}],"replies":[{"embeddable":true,"href":"http:\/\/museumek.eu\/index.php?rest_route=%2Fwp%2Fv2%2Fcomments&post=16085"}],"version-history":[{"count":2,"href":"http:\/\/museumek.eu\/index.php?rest_route=\/wp\/v2\/pages\/16085\/revisions"}],"predecessor-version":[{"id":16089,"href":"http:\/\/museumek.eu\/index.php?rest_route=\/wp\/v2\/pages\/16085\/revisions\/16089"}],"up":[{"embeddable":true,"href":"http:\/\/museumek.eu\/index.php?rest_route=\/wp\/v2\/pages\/14678"}],"wp:attachment":[{"href":"http:\/\/museumek.eu\/index.php?rest_route=%2Fwp%2Fv2%2Fmedia&parent=16085"}],"curies":[{"name":"wp","href":"https:\/\/api.w.org\/{rel}","templated":true}]}}