{"id":16140,"date":"2012-11-03T16:10:06","date_gmt":"2012-11-03T15:10:06","guid":{"rendered":"http:\/\/museumek.eu\/?page_id=16140"},"modified":"2012-11-03T16:12:51","modified_gmt":"2012-11-03T15:12:51","slug":"fxl1","status":"publish","type":"page","link":"http:\/\/museumek.eu\/?page_id=16140","title":{"rendered":"F\/XL\/1"},"content":{"rendered":"<p><strong>Abteilung Frankreich, Keramik 1860 \u2013 1960, Inventarnummer F\/XL\/1<\/strong><\/p>\n<p>Manufaktur Leboeuf, Milliet &#038; Cie., Frankreich, Creil et Montereau, Teller, um 1870, K\u00fcnstler unbekannt, Werksnummer ohne, Exemplar Nr. ohne, gemarkt Firmenmarke Schale mit L.M. &#038; Cie., Depos\u00e9 sowie Creil et Montereau gr\u00fcner Stempel unter Glasur, K sowie 6 gepresst, nicht signiert, Durchmesser 20,5 cm<\/p>\n<p><a href=\"http:\/\/museumek.eu\/wp-content\/uploads\/2012\/11\/Museum-Europ\u00e4ischer-Keramikkunst-2115.jpg\"><img loading=\"lazy\" src=\"http:\/\/museumek.eu\/wp-content\/uploads\/2012\/11\/Museum-Europ\u00e4ischer-Keramikkunst-2115-298x300.jpg\" alt=\"\" title=\"Museum Europ\u00e4ischer Keramikkunst 2115\" width=\"298\" height=\"300\" class=\"alignnone size-medium wp-image-16141\" srcset=\"http:\/\/museumek.eu\/wp-content\/uploads\/2012\/11\/Museum-Europ\u00e4ischer-Keramikkunst-2115-298x300.jpg 298w, http:\/\/museumek.eu\/wp-content\/uploads\/2012\/11\/Museum-Europ\u00e4ischer-Keramikkunst-2115-150x150.jpg 150w, http:\/\/museumek.eu\/wp-content\/uploads\/2012\/11\/Museum-Europ\u00e4ischer-Keramikkunst-2115.jpg 748w\" sizes=\"(max-width: 298px) 100vw, 298px\" \/><\/a><\/p>\n<p><a href=\"http:\/\/museumek.eu\/wp-content\/uploads\/2012\/11\/Museum-Europ\u00e4ischer-Keramikkunst-2116.jpg\"><img loading=\"lazy\" src=\"http:\/\/museumek.eu\/wp-content\/uploads\/2012\/11\/Museum-Europ\u00e4ischer-Keramikkunst-2116-300x131.jpg\" alt=\"\" title=\"Museum Europ\u00e4ischer Keramikkunst 2116\" width=\"300\" height=\"131\" class=\"alignnone size-medium wp-image-16142\" srcset=\"http:\/\/museumek.eu\/wp-content\/uploads\/2012\/11\/Museum-Europ\u00e4ischer-Keramikkunst-2116-300x131.jpg 300w, http:\/\/museumek.eu\/wp-content\/uploads\/2012\/11\/Museum-Europ\u00e4ischer-Keramikkunst-2116-500x218.jpg 500w, http:\/\/museumek.eu\/wp-content\/uploads\/2012\/11\/Museum-Europ\u00e4ischer-Keramikkunst-2116.jpg 563w\" sizes=\"(max-width: 300px) 100vw, 300px\" \/><\/a><\/p>\n","protected":false},"excerpt":{"rendered":"<p>Abteilung Frankreich, Keramik 1860 \u2013 1960, Inventarnummer F\/XL\/1 Manufaktur Leboeuf, Milliet &#038; Cie., Frankreich, Creil et Montereau, Teller, um 1870, K\u00fcnstler unbekannt, Werksnummer ohne, Exemplar Nr. ohne, gemarkt Firmenmarke Schale mit L.M. &#038; Cie., Depos\u00e9 sowie Creil et Montereau gr\u00fcner &hellip; <a href=\"http:\/\/museumek.eu\/?page_id=16140\">Weiterlesen <span class=\"meta-nav\">&rarr;<\/span><\/a><\/p>\n","protected":false},"author":1,"featured_media":0,"parent":16137,"menu_order":1,"comment_status":"closed","ping_status":"open","template":"","meta":[],"_links":{"self":[{"href":"http:\/\/museumek.eu\/index.php?rest_route=\/wp\/v2\/pages\/16140"}],"collection":[{"href":"http:\/\/museumek.eu\/index.php?rest_route=\/wp\/v2\/pages"}],"about":[{"href":"http:\/\/museumek.eu\/index.php?rest_route=\/wp\/v2\/types\/page"}],"author":[{"embeddable":true,"href":"http:\/\/museumek.eu\/index.php?rest_route=\/wp\/v2\/users\/1"}],"replies":[{"embeddable":true,"href":"http:\/\/museumek.eu\/index.php?rest_route=%2Fwp%2Fv2%2Fcomments&post=16140"}],"version-history":[{"count":3,"href":"http:\/\/museumek.eu\/index.php?rest_route=\/wp\/v2\/pages\/16140\/revisions"}],"predecessor-version":[{"id":16145,"href":"http:\/\/museumek.eu\/index.php?rest_route=\/wp\/v2\/pages\/16140\/revisions\/16145"}],"up":[{"embeddable":true,"href":"http:\/\/museumek.eu\/index.php?rest_route=\/wp\/v2\/pages\/16137"}],"wp:attachment":[{"href":"http:\/\/museumek.eu\/index.php?rest_route=%2Fwp%2Fv2%2Fmedia&parent=16140"}],"curies":[{"name":"wp","href":"https:\/\/api.w.org\/{rel}","templated":true}]}}