{"id":16174,"date":"2012-11-03T21:15:03","date_gmt":"2012-11-03T20:15:03","guid":{"rendered":"http:\/\/museumek.eu\/?page_id=16174"},"modified":"2021-01-13T16:58:20","modified_gmt":"2021-01-13T15:58:20","slug":"fx5","status":"publish","type":"page","link":"http:\/\/museumek.eu\/?page_id=16174","title":{"rendered":"F\/X\/5"},"content":{"rendered":"<p><strong>Abteilung Frankreich, Keramik 1860 \u2013 1960, Inventarnummer F\/X\/5<\/strong><\/p>\n<p>Utzschneider &#038; Cie. Fabrique de Faience &#038; Porcelaine a Sarreguemines &#038; Digoin und Nachf. Faienceries de Sarreguemines, Digoin et Vitry-le-Francois, anciennement Utzschneider &#038; Cie., Frankreich, Sarreguemines\/Digoin, um 1890, Bildteller, K\u00fcnstler unbekannt, Werks-Nr. ohne\/Exemplar Nr. ohne, gemarkt Firmenmarke mit U &#038; C sowie Sarreguemines schwarzer Stempel unter Glasur, nicht gedeutetes Zeichen gepresst, nicht signiert, Literatur: J.G. Th. Gr\u00e4sse und E. Jaennicke, F\u00fchrer f\u00fcr Sammler von Porzellan und Fayence, Steinzeug, Steingut usw., Seite 153, Marke Nr. 2 identisch, weitere Literatur: Jeffrey B. Snyder and Leslie Bockol, Majolica, British, American &#038; European Wares, Seite 153, Marke identisch, weitere Literatur: Otto Pelka, Keramik der Neuzeit, Markentafel XI, Markenkasten 176, Abbildung der identischen Marke sowie Seite 222, Namensverzeichnis der Manufakturen, Fabriken dort aufgef\u00fchrt, weitere Literatur: J. A. Schmoll genannt Eisenwerth und Helga Schmoll genannt Eisenwerth, Nancy 1900 Jugendstil in Lothringen, Seite 151, Beschreibung der Fabriken sowie Seite 448, identische Marke abgebildet, siehe auch Auktionshaus Bergmann, Erlangen, Auktion vom 07.12.2002, Bildteller aus der gleichen Serie, weitere Literatur: Dieter Z\u00fchlsdorff, Markenlexikon, Porzellan und Keramik Report 1885 &#8211; 1935, Seite 188, Werkteil 1., Gruppennummer 2., laufende Nummer innerhalb der Gruppe 1667, dort identische Marke (dort g\u00fcltig f\u00fcr die Zeit ab 1890, f\u00fcr Fayencen) sowie Seite 600, Werkteil Nr. 3, laufende Nummer innerhalb des Werkteils 600, dort Beschreibung der Fabriken, 1795 gr\u00fcnden Nicolas-Henri Jacobi, Paul-Augustin Jacobi und Joseph Fabry eine Porzellan-, Steingut-, Fayence-, und Majolikafabrik in Sarreguemines, Firmierung nicht bekannt, 1793 tritt Francois Paul Utzschneider als Mitarbeiter in die Fabrik ein und wird 1799 Teilhaber der Fabrik, 1836 \u00fcbernimmt Utzschneiders Schwiegersohn Alexandre de Geiger (1803 &#8211; 1891) die Firmenleitung, 1871 kauft dessen Sohn Paul de Geiger die Fabrik, wahrscheinlich Firmierung ab da Utzschneider &#038; Cie. Fabrique de Faience &#038; Porcelaine a Sarreguemines, nach dem deutsch-franz\u00f6sischem Krieg 1870\/1871 geh\u00f6rt Sarreguemines zu Deutschland, deshalb gr\u00fcndet Paul de Geiger zwei weitere Fabriken in Frankreich (mit finanzieller Unterst\u00fctzung von Villeroy &#038; Boch), 1876 in Digoin (f\u00fcr Zier- und Gebrauchsporzellan) und 1881 in in Vitry-le-Francois (f\u00fcr Bau- und Industriekeramik), wahrscheinlich \u00e4nderte sich 1876 die Firmenbezeichnung in Utzschneider &#038; Cie. Fabriques de Faience &#038; Porcelaine a Sarreguemines &#038; Digoin, im Jahre 1883 ersteigert Utzschneider zusammen mit Villeroy &#038; Boch, die Steingutfabrik Schramberg, nach WK I, werden alle 3 Utzschneider Fabriken zu Faienceries de Sarreguemines, Digoin et Vitry-le-Francois, anciennement Utzschneider &#038; Cie. vereinigt, polychromes Umdruckdekor, Durchmesser 21,5 cm<\/p>\n<p><a href=\"http:\/\/museumek.eu\/wp-content\/uploads\/2012\/11\/Museum-Europ\u00e4ischer-Keramikkunst-32751.jpg\"><img loading=\"lazy\" src=\"http:\/\/museumek.eu\/wp-content\/uploads\/2012\/11\/Museum-Europ\u00e4ischer-Keramikkunst-32751-300x300.jpg\" alt=\"\" title=\"Museum Europ\u00e4ischer Keramikkunst 3275\" width=\"300\" height=\"300\" class=\"alignnone size-medium wp-image-16176\" srcset=\"http:\/\/museumek.eu\/wp-content\/uploads\/2012\/11\/Museum-Europ\u00e4ischer-Keramikkunst-32751-300x300.jpg 300w, http:\/\/museumek.eu\/wp-content\/uploads\/2012\/11\/Museum-Europ\u00e4ischer-Keramikkunst-32751-150x150.jpg 150w, http:\/\/museumek.eu\/wp-content\/uploads\/2012\/11\/Museum-Europ\u00e4ischer-Keramikkunst-32751.jpg 705w\" sizes=\"(max-width: 300px) 100vw, 300px\" \/><\/a><\/p>\n<p><a href=\"http:\/\/museumek.eu\/wp-content\/uploads\/2012\/11\/Museum-Europ\u00e4ischer-Keramikkunst-3276.jpg\"><img loading=\"lazy\" src=\"http:\/\/museumek.eu\/wp-content\/uploads\/2012\/11\/Museum-Europ\u00e4ischer-Keramikkunst-3276-250x300.jpg\" alt=\"\" title=\"Museum Europ\u00e4ischer Keramikkunst 3276\" width=\"250\" height=\"300\" class=\"alignnone size-medium wp-image-16177\" srcset=\"http:\/\/museumek.eu\/wp-content\/uploads\/2012\/11\/Museum-Europ\u00e4ischer-Keramikkunst-3276-250x300.jpg 250w, http:\/\/museumek.eu\/wp-content\/uploads\/2012\/11\/Museum-Europ\u00e4ischer-Keramikkunst-3276.jpg 768w\" sizes=\"(max-width: 250px) 100vw, 250px\" \/><\/a><\/p>\n<p><a href=\"http:\/\/museumek.eu\/wp-content\/uploads\/2012\/11\/Museum-Europ\u00e4ischer-Keramikkunst-3277.jpg\"><img loading=\"lazy\" src=\"http:\/\/museumek.eu\/wp-content\/uploads\/2012\/11\/Museum-Europ\u00e4ischer-Keramikkunst-3277-300x192.jpg\" alt=\"\" title=\"Museum Europ\u00e4ischer Keramikkunst 3277\" width=\"300\" height=\"192\" class=\"alignnone size-medium wp-image-16178\" srcset=\"http:\/\/museumek.eu\/wp-content\/uploads\/2012\/11\/Museum-Europ\u00e4ischer-Keramikkunst-3277-300x192.jpg 300w, http:\/\/museumek.eu\/wp-content\/uploads\/2012\/11\/Museum-Europ\u00e4ischer-Keramikkunst-3277-468x300.jpg 468w, http:\/\/museumek.eu\/wp-content\/uploads\/2012\/11\/Museum-Europ\u00e4ischer-Keramikkunst-3277.jpg 537w\" sizes=\"(max-width: 300px) 100vw, 300px\" \/><\/a><\/p>\n<p><a href=\"http:\/\/museumek.eu\/wp-content\/uploads\/2011\/09\/Museum-Europ\u00e4ischer-Keramikkunst-3308.jpg\"><img loading=\"lazy\" src=\"http:\/\/museumek.eu\/wp-content\/uploads\/2011\/09\/Museum-Europ\u00e4ischer-Keramikkunst-3308-197x300.jpg\" alt=\"\" title=\"Museum Europ\u00e4ischer Keramikkunst 3308\" width=\"197\" height=\"300\" class=\"alignnone size-medium wp-image-16189\" srcset=\"http:\/\/museumek.eu\/wp-content\/uploads\/2011\/09\/Museum-Europ\u00e4ischer-Keramikkunst-3308-197x300.jpg 197w, http:\/\/museumek.eu\/wp-content\/uploads\/2011\/09\/Museum-Europ\u00e4ischer-Keramikkunst-3308.jpg 328w\" sizes=\"(max-width: 197px) 100vw, 197px\" \/><\/a><\/p>\n","protected":false},"excerpt":{"rendered":"<p>Abteilung Frankreich, Keramik 1860 \u2013 1960, Inventarnummer F\/X\/5 Utzschneider &#038; Cie. Fabrique de Faience &#038; Porcelaine a Sarreguemines &#038; Digoin und Nachf. Faienceries de Sarreguemines, Digoin et Vitry-le-Francois, anciennement Utzschneider &#038; Cie., Frankreich, Sarreguemines\/Digoin, um 1890, Bildteller, K\u00fcnstler unbekannt, Werks-Nr. &hellip; <a href=\"http:\/\/museumek.eu\/?page_id=16174\">Weiterlesen <span class=\"meta-nav\">&rarr;<\/span><\/a><\/p>\n","protected":false},"author":1,"featured_media":0,"parent":2507,"menu_order":5,"comment_status":"closed","ping_status":"open","template":"","meta":[],"_links":{"self":[{"href":"http:\/\/museumek.eu\/index.php?rest_route=\/wp\/v2\/pages\/16174"}],"collection":[{"href":"http:\/\/museumek.eu\/index.php?rest_route=\/wp\/v2\/pages"}],"about":[{"href":"http:\/\/museumek.eu\/index.php?rest_route=\/wp\/v2\/types\/page"}],"author":[{"embeddable":true,"href":"http:\/\/museumek.eu\/index.php?rest_route=\/wp\/v2\/users\/1"}],"replies":[{"embeddable":true,"href":"http:\/\/museumek.eu\/index.php?rest_route=%2Fwp%2Fv2%2Fcomments&post=16174"}],"version-history":[{"count":7,"href":"http:\/\/museumek.eu\/index.php?rest_route=\/wp\/v2\/pages\/16174\/revisions"}],"predecessor-version":[{"id":52117,"href":"http:\/\/museumek.eu\/index.php?rest_route=\/wp\/v2\/pages\/16174\/revisions\/52117"}],"up":[{"embeddable":true,"href":"http:\/\/museumek.eu\/index.php?rest_route=\/wp\/v2\/pages\/2507"}],"wp:attachment":[{"href":"http:\/\/museumek.eu\/index.php?rest_route=%2Fwp%2Fv2%2Fmedia&parent=16174"}],"curies":[{"name":"wp","href":"https:\/\/api.w.org\/{rel}","templated":true}]}}