{"id":16184,"date":"2012-11-03T21:20:59","date_gmt":"2012-11-03T20:20:59","guid":{"rendered":"http:\/\/museumek.eu\/?page_id=16184"},"modified":"2021-01-13T16:57:56","modified_gmt":"2021-01-13T15:57:56","slug":"fx6","status":"publish","type":"page","link":"http:\/\/museumek.eu\/?page_id=16184","title":{"rendered":"F\/X\/6"},"content":{"rendered":"<p><strong>Abteilung Frankreich, Keramik 1860 \u2013 1960, Inventarnummer F\/X\/6<\/strong><\/p>\n<p>Utzschneider &#038; Cie. Fabrique de Faience &#038; Porcelaine a Sarreguemines &#038; Digoin und Nachf. Faienceries de Sarreguemines, Digoin et Vitry-le-Francois, anciennement Utzschneider &#038; Cie., Frankreich, Sarreguemines\/Digoin, um 1930, Schale mit zwei Handhaben, K\u00fcnstler unbekannt, Werks-Nr. ohne\/Exemplar Nr. ohne, gemarkt Firmenmarke mit Wappen, Krone, Sarreguemines et Digoin sowie Sarreguemines und France schwarzer Stempel unter Glasur, 115 sowie H schwarze Stempel unter Glasur, nicht signiert, Literatur: J.G. Th. Gr\u00e4sse und E. Jaennicke, F\u00fchrer f\u00fcr Sammler von Porzellan und Fayence, Steinzeug, Steingut usw., Seite 153, Marke Nr. 5 identisch, weitere Literatur: J. A. Schmoll genannt Eisenwerth und Helga Schmoll genannt Eisenwerth, Nancy 1900 Jugendstil in Lothringen, Seite 151, Beschreibung der Fabriken, weitere Literatur: Dieter Z\u00fchlsdorff, Markenlexikon, Porzellan und Keramik Report 1885 &#8211; 1935, Seite 189, Werkteil 1., Gruppennummer 2., laufende Nummer innerhalb der Gruppe 1676, dort identische Marke (dort g\u00fcltig f\u00fcr die Zeit ab 1928) sowie Seite 600, Werkteil Nr. 3, laufende Nummer innerhalb des Werkteils 600, dort Beschreibung der Fabriken, 1795 gr\u00fcnden Nicolas-Henri Jacobi, Paul-Augustin Jacobi und Joseph Fabry eine Porzellan-, Steingut-, Fayence-, und Majolikafabrik in Sarreguemines, Firmierung nicht bekannt, 1793 tritt Francois Paul Utzschneider als Mitarbeiter in die Fabrik ein und wird 1799 Teilhaber der Fabrik, 1836 \u00fcbernimmt Utzschneiders Schwiegersohn Alexandre de Geiger (1803 &#8211; 1891) die Firmenleitung, 1871 kauft dessen Sohn Paul de Geiger die Fabrik, wahrscheinlich Firmierung ab da Utzschneider &#038; Cie. Fabrique de Faience &#038; Porcelaine a Sarreguemines, nach dem deutsch-franz\u00f6sischem Krieg 1870\/1871 geh\u00f6rt Sarreguemines zu Deutschland, deshalb gr\u00fcndet Paul de Geiger zwei weitere Fabriken in Frankreich (mit finanzieller Unterst\u00fctzung von Villeroy &#038; Boch), 1876 in Digoin (f\u00fcr Zier- und Gebrauchsporzellan) und 1881 in in Vitry-le-Francois (f\u00fcr Bau- und Industriekeramik), wahrscheinlich \u00e4nderte sich 1876 die Firmenbezeichnung in Utzschneider &#038; Cie. Fabriques de Faience &#038; Porcelaine a Sarreguemines &#038; Digoin, im Jahre 1883 ersteigert Utzschneider zusammen mit Villeroy &#038; Boch, die Steingutfabrik Schramberg, nach WK I, werden alle 3 Utzschneider Fabriken zu Faienceries de Sarreguemines, Digoin et Vitry-le-Francois, anciennement Utzschneider &#038; Cie. vereinigt, Durchmesser 27,8 cm<\/p>\n<p><a href=\"http:\/\/museumek.eu\/wp-content\/uploads\/2012\/11\/Museum-Europ\u00e4ischer-Keramikkunst-3018.jpg\"><img loading=\"lazy\" src=\"http:\/\/museumek.eu\/wp-content\/uploads\/2012\/11\/Museum-Europ\u00e4ischer-Keramikkunst-3018-300x265.jpg\" alt=\"\" title=\"Museum Europ\u00e4ischer Keramikkunst 3018\" width=\"300\" height=\"265\" class=\"alignnone size-medium wp-image-16185\" srcset=\"http:\/\/museumek.eu\/wp-content\/uploads\/2012\/11\/Museum-Europ\u00e4ischer-Keramikkunst-3018-300x265.jpg 300w, http:\/\/museumek.eu\/wp-content\/uploads\/2012\/11\/Museum-Europ\u00e4ischer-Keramikkunst-3018-339x300.jpg 339w, http:\/\/museumek.eu\/wp-content\/uploads\/2012\/11\/Museum-Europ\u00e4ischer-Keramikkunst-3018.jpg 807w\" sizes=\"(max-width: 300px) 100vw, 300px\" \/><\/a><\/p>\n<p><a href=\"http:\/\/museumek.eu\/wp-content\/uploads\/2012\/11\/Museum-Europ\u00e4ischer-Keramikkunst-3019.jpg\"><img loading=\"lazy\" src=\"http:\/\/museumek.eu\/wp-content\/uploads\/2012\/11\/Museum-Europ\u00e4ischer-Keramikkunst-3019-181x300.jpg\" alt=\"\" title=\"Museum Europ\u00e4ischer Keramikkunst 3019\" width=\"181\" height=\"300\" class=\"alignnone size-medium wp-image-16186\" srcset=\"http:\/\/museumek.eu\/wp-content\/uploads\/2012\/11\/Museum-Europ\u00e4ischer-Keramikkunst-3019-181x300.jpg 181w, http:\/\/museumek.eu\/wp-content\/uploads\/2012\/11\/Museum-Europ\u00e4ischer-Keramikkunst-3019.jpg 275w\" sizes=\"(max-width: 181px) 100vw, 181px\" \/><\/a><\/p>\n","protected":false},"excerpt":{"rendered":"<p>Abteilung Frankreich, Keramik 1860 \u2013 1960, Inventarnummer F\/X\/6 Utzschneider &#038; Cie. Fabrique de Faience &#038; Porcelaine a Sarreguemines &#038; Digoin und Nachf. Faienceries de Sarreguemines, Digoin et Vitry-le-Francois, anciennement Utzschneider &#038; Cie., Frankreich, Sarreguemines\/Digoin, um 1930, Schale mit zwei Handhaben, &hellip; <a href=\"http:\/\/museumek.eu\/?page_id=16184\">Weiterlesen <span class=\"meta-nav\">&rarr;<\/span><\/a><\/p>\n","protected":false},"author":1,"featured_media":0,"parent":2507,"menu_order":6,"comment_status":"closed","ping_status":"open","template":"","meta":[],"_links":{"self":[{"href":"http:\/\/museumek.eu\/index.php?rest_route=\/wp\/v2\/pages\/16184"}],"collection":[{"href":"http:\/\/museumek.eu\/index.php?rest_route=\/wp\/v2\/pages"}],"about":[{"href":"http:\/\/museumek.eu\/index.php?rest_route=\/wp\/v2\/types\/page"}],"author":[{"embeddable":true,"href":"http:\/\/museumek.eu\/index.php?rest_route=\/wp\/v2\/users\/1"}],"replies":[{"embeddable":true,"href":"http:\/\/museumek.eu\/index.php?rest_route=%2Fwp%2Fv2%2Fcomments&post=16184"}],"version-history":[{"count":5,"href":"http:\/\/museumek.eu\/index.php?rest_route=\/wp\/v2\/pages\/16184\/revisions"}],"predecessor-version":[{"id":52116,"href":"http:\/\/museumek.eu\/index.php?rest_route=\/wp\/v2\/pages\/16184\/revisions\/52116"}],"up":[{"embeddable":true,"href":"http:\/\/museumek.eu\/index.php?rest_route=\/wp\/v2\/pages\/2507"}],"wp:attachment":[{"href":"http:\/\/museumek.eu\/index.php?rest_route=%2Fwp%2Fv2%2Fmedia&parent=16184"}],"curies":[{"name":"wp","href":"https:\/\/api.w.org\/{rel}","templated":true}]}}