{"id":16208,"date":"2012-11-04T20:10:40","date_gmt":"2012-11-04T19:10:40","guid":{"rendered":"http:\/\/museumek.eu\/?page_id=16208"},"modified":"2020-08-29T12:31:06","modified_gmt":"2020-08-29T10:31:06","slug":"bi3","status":"publish","type":"page","link":"http:\/\/museumek.eu\/?page_id=16208","title":{"rendered":"B\/I\/3"},"content":{"rendered":"<p><strong>Abteilung Belgien, Keramik 1860 \u2013 1960, Inventarnummer B\/I\/3<\/strong><\/p>\n<p>Boch Fr\u00e8res Keramis, Belgien, La Louvi\u00e8re, um 1930, Schale, K\u00fcnstler unbekannt, Werks.-Nr. ohne, Exemplar Nr. ohne, gemarkt Firmenmarke blauer Stempel unter Glasur, nicht signiert, Literatur: Marc Pairon, Art Deco Ceramics, Made in Belgium, Charles Chatteau, Seite 508, Abbildung Nr. 1206, Marke identisch, weitere Literatur: Hessisches Landesmuseum Darmstadt, Ausstellung 21.08. \u2013 05.10.1986, Europ\u00e4ische Keramik 1880 \u2013 1930, Sammlung Silzer, Seite 215, Marke Nr. 218 identisch, Boch Fr\u00e8res Keramis war ein belgisches Keramikunternehmen, das f\u00fcr seine Cloisonn\u00e9-Techniken, Art-Deco-Stile des fr\u00fchen 20. Jahrhunderts und die Verwendung schwarz umrandeter Designs bekannt war. Der Firmenname \u201eKeramis\u201c wurde von Keramos abgeleitet, dem altgriechischen Wort f\u00fcr Keramik. Boch Fr\u00e8res Keramis wurde 1841 von Eug\u00e8ne und Victor Boch und ihrem Schwager Jean-Baptiste Nothomb im belgischen La Louviere gegr\u00fcndet. Jahrzehnte sp\u00e4ter, trat im Jahr 1906 der franz\u00f6sische Keramiker Charles Catteautrat als k\u00fcnstlerischer Leiter in das Unternehmen ein, eine Position, die er 42 Jahre lang innehatte. Seine charakteristischen Art-Deco-Entw\u00fcrfe wurden von Japonismus, Kubismus und Abstraktion der Natur beeinflusst, und er war letztendlich verantwortlich f\u00fcr den \u00dcbergang des Unternehmens von der Herstellung von Gebrauchsgegenst\u00e4nden zu angesehenen Kunstwerken. Boch Fr\u00e8res Keramis wurde 1985 geschlossen, H\u00f6he 3 cm, Breite 23,5 cm<\/p>\n<p><a href=\"http:\/\/museumek.eu\/wp-content\/uploads\/2012\/11\/Museum-Europ\u00e4ischer-Keramikkunst-2523.jpg\"><img loading=\"lazy\" src=\"http:\/\/museumek.eu\/wp-content\/uploads\/2012\/11\/Museum-Europ\u00e4ischer-Keramikkunst-2523-300x180.jpg\" alt=\"\" title=\"Museum Europ\u00e4ischer Keramikkunst 2523\" width=\"300\" height=\"180\" class=\"alignnone size-medium wp-image-16209\" srcset=\"http:\/\/museumek.eu\/wp-content\/uploads\/2012\/11\/Museum-Europ\u00e4ischer-Keramikkunst-2523-300x180.jpg 300w, http:\/\/museumek.eu\/wp-content\/uploads\/2012\/11\/Museum-Europ\u00e4ischer-Keramikkunst-2523-500x300.jpg 500w, http:\/\/museumek.eu\/wp-content\/uploads\/2012\/11\/Museum-Europ\u00e4ischer-Keramikkunst-2523.jpg 968w\" sizes=\"(max-width: 300px) 100vw, 300px\" \/><\/a><\/p>\n<p><a href=\"http:\/\/museumek.eu\/wp-content\/uploads\/2012\/11\/Museum-Europ\u00e4ischer-Keramikkunst-2524.jpg\"><img loading=\"lazy\" src=\"http:\/\/museumek.eu\/wp-content\/uploads\/2012\/11\/Museum-Europ\u00e4ischer-Keramikkunst-2524.jpg\" alt=\"\" title=\"Museum Europ\u00e4ischer Keramikkunst 2524\" width=\"269\" height=\"287\" class=\"alignnone size-full wp-image-16210\" \/><\/a><\/p>\n","protected":false},"excerpt":{"rendered":"<p>Abteilung Belgien, Keramik 1860 \u2013 1960, Inventarnummer B\/I\/3 Boch Fr\u00e8res Keramis, Belgien, La Louvi\u00e8re, um 1930, Schale, K\u00fcnstler unbekannt, Werks.-Nr. ohne, Exemplar Nr. ohne, gemarkt Firmenmarke blauer Stempel unter Glasur, nicht signiert, Literatur: Marc Pairon, Art Deco Ceramics, Made in &hellip; <a href=\"http:\/\/museumek.eu\/?page_id=16208\">Weiterlesen <span class=\"meta-nav\">&rarr;<\/span><\/a><\/p>\n","protected":false},"author":1,"featured_media":0,"parent":1725,"menu_order":3,"comment_status":"closed","ping_status":"open","template":"","meta":[],"_links":{"self":[{"href":"http:\/\/museumek.eu\/index.php?rest_route=\/wp\/v2\/pages\/16208"}],"collection":[{"href":"http:\/\/museumek.eu\/index.php?rest_route=\/wp\/v2\/pages"}],"about":[{"href":"http:\/\/museumek.eu\/index.php?rest_route=\/wp\/v2\/types\/page"}],"author":[{"embeddable":true,"href":"http:\/\/museumek.eu\/index.php?rest_route=\/wp\/v2\/users\/1"}],"replies":[{"embeddable":true,"href":"http:\/\/museumek.eu\/index.php?rest_route=%2Fwp%2Fv2%2Fcomments&post=16208"}],"version-history":[{"count":3,"href":"http:\/\/museumek.eu\/index.php?rest_route=\/wp\/v2\/pages\/16208\/revisions"}],"predecessor-version":[{"id":48980,"href":"http:\/\/museumek.eu\/index.php?rest_route=\/wp\/v2\/pages\/16208\/revisions\/48980"}],"up":[{"embeddable":true,"href":"http:\/\/museumek.eu\/index.php?rest_route=\/wp\/v2\/pages\/1725"}],"wp:attachment":[{"href":"http:\/\/museumek.eu\/index.php?rest_route=%2Fwp%2Fv2%2Fmedia&parent=16208"}],"curies":[{"name":"wp","href":"https:\/\/api.w.org\/{rel}","templated":true}]}}