{"id":16267,"date":"2012-11-05T23:34:11","date_gmt":"2012-11-05T22:34:11","guid":{"rendered":"http:\/\/museumek.eu\/?page_id=16267"},"modified":"2012-11-05T23:34:11","modified_gmt":"2012-11-05T22:34:11","slug":"exvi1","status":"publish","type":"page","link":"http:\/\/museumek.eu\/?page_id=16267","title":{"rendered":"E\/XVI\/1"},"content":{"rendered":"<p><strong>Abteilung England, Keramik 1860 \u2013 1960, Inventarnummer E\/XVI\/1<\/strong><\/p>\n<p>Manufaktur Edward Asbury &#038; Co., England, Longton (Stoke-on-Trent), um 1875, Teller mit Imari Dekor, K\u00fcnstler unbekannt, Werks.-Nr. ohne, Exemplar Nr. ohne, gemarkt Firmenmarke mit E.A. &#038; Co., drei Federn von einem Strumpfband zusammengehalten (Wappen des Prince of Wales) sowie Crown.D blauer Stempel unter Glasur, 8\/40 mit Gold auf Glasur gemalt, nicht signiert, die Manufaktur wurde am 10.03.1863 von Benjamin Shirley gegr\u00fcndet, an diesem Tag heiratete auch der Prince of Wales, weshalb die Manufaktur zus\u00e4tzlich mit dem Namen Prince of Wales Pottery bezeichnet wurde, etwas sp\u00e4ter wurde die Manufaktur in Shirley &#038; Freemann umbenannt und ab 1870 trug sie die Bezeichnung Hammersley, Freemann &#038; Co., danach dann Hammersley &#038; Asbury und ab 1875 nur noch Edward Asbury &#038; Co., um 1925 wurde die Manufaktur aufgel\u00f6st, die Marke trug wohl durchgehend das Wappen des Prince of Wales, siehe auch MEK E\/XVI\/2 identischer Teller, Durchmesser 15,5 cm<\/p>\n<p><a href=\"http:\/\/museumek.eu\/wp-content\/uploads\/2012\/11\/Museum-Europ\u00e4ischer-Keramikkunst-2665.jpg\"><img loading=\"lazy\" src=\"http:\/\/museumek.eu\/wp-content\/uploads\/2012\/11\/Museum-Europ\u00e4ischer-Keramikkunst-2665-300x291.jpg\" alt=\"\" title=\"Museum Europ\u00e4ischer Keramikkunst 2665\" width=\"300\" height=\"291\" class=\"alignnone size-medium wp-image-16268\" srcset=\"http:\/\/museumek.eu\/wp-content\/uploads\/2012\/11\/Museum-Europ\u00e4ischer-Keramikkunst-2665-300x291.jpg 300w, http:\/\/museumek.eu\/wp-content\/uploads\/2012\/11\/Museum-Europ\u00e4ischer-Keramikkunst-2665-308x300.jpg 308w, http:\/\/museumek.eu\/wp-content\/uploads\/2012\/11\/Museum-Europ\u00e4ischer-Keramikkunst-2665.jpg 744w\" sizes=\"(max-width: 300px) 100vw, 300px\" \/><\/a><\/p>\n<p><a href=\"http:\/\/museumek.eu\/wp-content\/uploads\/2012\/11\/Museum-Europ\u00e4ischer-Keramikkunst-2666.jpg\"><img loading=\"lazy\" src=\"http:\/\/museumek.eu\/wp-content\/uploads\/2012\/11\/Museum-Europ\u00e4ischer-Keramikkunst-2666-125x300.jpg\" alt=\"\" title=\"Museum Europ\u00e4ischer Keramikkunst 2666\" width=\"125\" height=\"300\" class=\"alignnone size-medium wp-image-16269\" \/><\/a><\/p>\n","protected":false},"excerpt":{"rendered":"<p>Abteilung England, Keramik 1860 \u2013 1960, Inventarnummer E\/XVI\/1 Manufaktur Edward Asbury &#038; Co., England, Longton (Stoke-on-Trent), um 1875, Teller mit Imari Dekor, K\u00fcnstler unbekannt, Werks.-Nr. ohne, Exemplar Nr. ohne, gemarkt Firmenmarke mit E.A. &#038; Co., drei Federn von einem Strumpfband &hellip; <a href=\"http:\/\/museumek.eu\/?page_id=16267\">Weiterlesen <span class=\"meta-nav\">&rarr;<\/span><\/a><\/p>\n","protected":false},"author":1,"featured_media":0,"parent":16264,"menu_order":1,"comment_status":"closed","ping_status":"open","template":"","meta":[],"_links":{"self":[{"href":"http:\/\/museumek.eu\/index.php?rest_route=\/wp\/v2\/pages\/16267"}],"collection":[{"href":"http:\/\/museumek.eu\/index.php?rest_route=\/wp\/v2\/pages"}],"about":[{"href":"http:\/\/museumek.eu\/index.php?rest_route=\/wp\/v2\/types\/page"}],"author":[{"embeddable":true,"href":"http:\/\/museumek.eu\/index.php?rest_route=\/wp\/v2\/users\/1"}],"replies":[{"embeddable":true,"href":"http:\/\/museumek.eu\/index.php?rest_route=%2Fwp%2Fv2%2Fcomments&post=16267"}],"version-history":[{"count":2,"href":"http:\/\/museumek.eu\/index.php?rest_route=\/wp\/v2\/pages\/16267\/revisions"}],"predecessor-version":[{"id":16271,"href":"http:\/\/museumek.eu\/index.php?rest_route=\/wp\/v2\/pages\/16267\/revisions\/16271"}],"up":[{"embeddable":true,"href":"http:\/\/museumek.eu\/index.php?rest_route=\/wp\/v2\/pages\/16264"}],"wp:attachment":[{"href":"http:\/\/museumek.eu\/index.php?rest_route=%2Fwp%2Fv2%2Fmedia&parent=16267"}],"curies":[{"name":"wp","href":"https:\/\/api.w.org\/{rel}","templated":true}]}}