{"id":16311,"date":"2012-11-06T22:34:01","date_gmt":"2012-11-06T21:34:01","guid":{"rendered":"http:\/\/museumek.eu\/?page_id=16311"},"modified":"2012-11-06T22:34:01","modified_gmt":"2012-11-06T21:34:01","slug":"exvii1","status":"publish","type":"page","link":"http:\/\/museumek.eu\/?page_id=16311","title":{"rendered":"E\/XVII\/1"},"content":{"rendered":"<p><strong>Abteilung England, Keramik 1860 \u2013 1960, Inventarnummer E\/XVII\/1<\/strong><\/p>\n<p>Manufaktur Lovatt &#038; Lovatt (Langley Mill Pottery), England, Langley Mill, um 1910, Cachepot, K\u00fcnstler unbekannt, Werks.-Nr. ohne, Exemplar Nr. ohne, gemarkt Lovatt, Langley Mill, England sowie Leadless Glaze (Bleifreie Glasur, ab 1905 produzierte die Manufaktur bleifrei) gepresst, Pat. Nr. 8687 (1908 wurde dieses Patent f\u00fcr die Dekormethoden erteilt) blauer Stempel, nicht signiert, die Manufaktur wurde 1865 von James Calvert gegr\u00fcndet, 1870 wurde die Manufaktur in Calvert &#038; Adshead umbenannt und ab 1880 trug sie die Bezeichnung J. Calvert &#038; Son, ab 1883 hie\u00df die Manufaktur Calvert &#038; Lovatt und ab 1895 Lovatt &#038; Lovatt, ab 1913 bis 1930 Lovatt &#038; Lovatt Ltd., ab 1931 weitere Eigent\u00fcmerwechsel und 1982 dann die endg\u00fcltige Aufl\u00f6sung, sogenannte Osborne Ware, teilweise Goldmalerei, H\u00f6he 9 cm, Breite 11,5 cm<\/p>\n<p><a href=\"http:\/\/museumek.eu\/wp-content\/uploads\/2012\/11\/Museum-Europ\u00e4ischer-Keramikkunst-2716.jpg\"><img loading=\"lazy\" src=\"http:\/\/museumek.eu\/wp-content\/uploads\/2012\/11\/Museum-Europ\u00e4ischer-Keramikkunst-2716-300x242.jpg\" alt=\"\" title=\"Museum Europ\u00e4ischer Keramikkunst 2716\" width=\"300\" height=\"242\" class=\"alignnone size-medium wp-image-16312\" srcset=\"http:\/\/museumek.eu\/wp-content\/uploads\/2012\/11\/Museum-Europ\u00e4ischer-Keramikkunst-2716-300x242.jpg 300w, http:\/\/museumek.eu\/wp-content\/uploads\/2012\/11\/Museum-Europ\u00e4ischer-Keramikkunst-2716-371x300.jpg 371w, http:\/\/museumek.eu\/wp-content\/uploads\/2012\/11\/Museum-Europ\u00e4ischer-Keramikkunst-2716.jpg 731w\" sizes=\"(max-width: 300px) 100vw, 300px\" \/><\/a><\/p>\n<p><a href=\"http:\/\/museumek.eu\/wp-content\/uploads\/2012\/11\/Museum-Europ\u00e4ischer-Keramikkunst-2718.jpg\"><img loading=\"lazy\" src=\"http:\/\/museumek.eu\/wp-content\/uploads\/2012\/11\/Museum-Europ\u00e4ischer-Keramikkunst-2718-300x246.jpg\" alt=\"\" title=\"Museum Europ\u00e4ischer Keramikkunst 2718\" width=\"300\" height=\"246\" class=\"alignnone size-medium wp-image-16313\" srcset=\"http:\/\/museumek.eu\/wp-content\/uploads\/2012\/11\/Museum-Europ\u00e4ischer-Keramikkunst-2718-300x246.jpg 300w, http:\/\/museumek.eu\/wp-content\/uploads\/2012\/11\/Museum-Europ\u00e4ischer-Keramikkunst-2718-365x300.jpg 365w, http:\/\/museumek.eu\/wp-content\/uploads\/2012\/11\/Museum-Europ\u00e4ischer-Keramikkunst-2718.jpg 595w\" sizes=\"(max-width: 300px) 100vw, 300px\" \/><\/a><\/p>\n<p><a href=\"http:\/\/museumek.eu\/wp-content\/uploads\/2012\/11\/Museum-Europ\u00e4ischer-Keramikkunst-2717.jpg\"><img loading=\"lazy\" src=\"http:\/\/museumek.eu\/wp-content\/uploads\/2012\/11\/Museum-Europ\u00e4ischer-Keramikkunst-2717-269x300.jpg\" alt=\"\" title=\"Museum Europ\u00e4ischer Keramikkunst 2717\" width=\"269\" height=\"300\" class=\"alignnone size-medium wp-image-16314\" srcset=\"http:\/\/museumek.eu\/wp-content\/uploads\/2012\/11\/Museum-Europ\u00e4ischer-Keramikkunst-2717-269x300.jpg 269w, http:\/\/museumek.eu\/wp-content\/uploads\/2012\/11\/Museum-Europ\u00e4ischer-Keramikkunst-2717.jpg 433w\" sizes=\"(max-width: 269px) 100vw, 269px\" \/><\/a><\/p>\n","protected":false},"excerpt":{"rendered":"<p>Abteilung England, Keramik 1860 \u2013 1960, Inventarnummer E\/XVII\/1 Manufaktur Lovatt &#038; Lovatt (Langley Mill Pottery), England, Langley Mill, um 1910, Cachepot, K\u00fcnstler unbekannt, Werks.-Nr. ohne, Exemplar Nr. ohne, gemarkt Lovatt, Langley Mill, England sowie Leadless Glaze (Bleifreie Glasur, ab 1905 &hellip; <a href=\"http:\/\/museumek.eu\/?page_id=16311\">Weiterlesen <span class=\"meta-nav\">&rarr;<\/span><\/a><\/p>\n","protected":false},"author":1,"featured_media":0,"parent":16308,"menu_order":1,"comment_status":"closed","ping_status":"open","template":"","meta":[],"_links":{"self":[{"href":"http:\/\/museumek.eu\/index.php?rest_route=\/wp\/v2\/pages\/16311"}],"collection":[{"href":"http:\/\/museumek.eu\/index.php?rest_route=\/wp\/v2\/pages"}],"about":[{"href":"http:\/\/museumek.eu\/index.php?rest_route=\/wp\/v2\/types\/page"}],"author":[{"embeddable":true,"href":"http:\/\/museumek.eu\/index.php?rest_route=\/wp\/v2\/users\/1"}],"replies":[{"embeddable":true,"href":"http:\/\/museumek.eu\/index.php?rest_route=%2Fwp%2Fv2%2Fcomments&post=16311"}],"version-history":[{"count":2,"href":"http:\/\/museumek.eu\/index.php?rest_route=\/wp\/v2\/pages\/16311\/revisions"}],"predecessor-version":[{"id":16316,"href":"http:\/\/museumek.eu\/index.php?rest_route=\/wp\/v2\/pages\/16311\/revisions\/16316"}],"up":[{"embeddable":true,"href":"http:\/\/museumek.eu\/index.php?rest_route=\/wp\/v2\/pages\/16308"}],"wp:attachment":[{"href":"http:\/\/museumek.eu\/index.php?rest_route=%2Fwp%2Fv2%2Fmedia&parent=16311"}],"curies":[{"name":"wp","href":"https:\/\/api.w.org\/{rel}","templated":true}]}}