{"id":16402,"date":"2012-11-10T15:16:01","date_gmt":"2012-11-10T14:16:01","guid":{"rendered":"http:\/\/museumek.eu\/?page_id=16402"},"modified":"2013-03-03T16:58:38","modified_gmt":"2013-03-03T15:58:38","slug":"axxii3","status":"publish","type":"page","link":"http:\/\/museumek.eu\/?page_id=16402","title":{"rendered":"A\/XXII\/3"},"content":{"rendered":"<p><strong>Abteilung Austria\/Ungarn\/B\u00f6hmen, Keramik 1860 \u2013 1960, Inventarnummer A\/XXII\/3<\/strong><\/p>\n<p>Manufaktur Amphora &#8211; Werke Riessner, K.K. privilegierte \u00f6sterreichische Porzellan-Manufaktur, B\u00f6hmen\/Austria, Turn\/Teplitz, um 1915, Bodenvase mit zwei Kr\u00e4hen, K\u00fcnstler unbekannt, Werks.-Nr. 15085, Exemplar Nr. 43 (?), gemarkt Firmenmarke mit Imperial Amphora sowie Doppeladler dunkelgr\u00fcner Stempel unter Glasur, 15085, 43 sowie nicht lesbares Zeichen gepresst, nicht signiert, Literatur: Waltraud Neuwirth, Bl\u00fchender Jugendstil, Band II, Seite 103 ff., Firmenschreibung sowie Seite 117, Marke Nr. 9 fast identisch, weitere Literatur: Volker M\u00f6lle Riessner, Amphora Die Porzellan- und Keramik- Manufaktur in Nordb\u00f6hmen, Seite 31, Beschreibung der Bezeichnung der Manufaktur, Seite 133, Abbildungen von Vasen mit der gleichen Email-cloisonn\u00e9 Technik um 1910 sowie Seite 160, Abbildung der identischen Marke (f\u00fcr die Zeit von 1896 bis 1918), siehe auch Auktionshaus Quittenbaum, Jugendstil \u2013 Art D\u00e9co, 86. Auktion vom 20.10.2009, Lot 525, \u00e4hnliche, fast gleich gro\u00dfe Vase, Ausf\u00fchrung wohl ca. 10 Jahre sp\u00e4ter, geritzter und emaillierter Dekor, H\u00f6he 36 cm, Breite 16,5 cm<\/p>\n<p><a href=\"http:\/\/museumek.eu\/wp-content\/uploads\/2012\/11\/Museum-Europ\u00e4ischer-Keramikkunst-3372.jpg\"><img loading=\"lazy\" src=\"http:\/\/museumek.eu\/wp-content\/uploads\/2012\/11\/Museum-Europ\u00e4ischer-Keramikkunst-3372-165x300.jpg\" alt=\"\" title=\"Museum Europ\u00e4ischer Keramikkunst 3372\" width=\"165\" height=\"300\" class=\"alignnone size-medium wp-image-16403\" srcset=\"http:\/\/museumek.eu\/wp-content\/uploads\/2012\/11\/Museum-Europ\u00e4ischer-Keramikkunst-3372-165x300.jpg 165w, http:\/\/museumek.eu\/wp-content\/uploads\/2012\/11\/Museum-Europ\u00e4ischer-Keramikkunst-3372.jpg 501w\" sizes=\"(max-width: 165px) 100vw, 165px\" \/><\/a><\/p>\n<p><a href=\"http:\/\/museumek.eu\/wp-content\/uploads\/2012\/11\/Museum-Europ\u00e4ischer-Keramikkunst-3373.jpg\"><img loading=\"lazy\" src=\"http:\/\/museumek.eu\/wp-content\/uploads\/2012\/11\/Museum-Europ\u00e4ischer-Keramikkunst-3373-225x300.jpg\" alt=\"\" title=\"Museum Europ\u00e4ischer Keramikkunst 3373\" width=\"225\" height=\"300\" class=\"alignnone size-medium wp-image-16404\" srcset=\"http:\/\/museumek.eu\/wp-content\/uploads\/2012\/11\/Museum-Europ\u00e4ischer-Keramikkunst-3373-225x300.jpg 225w, http:\/\/museumek.eu\/wp-content\/uploads\/2012\/11\/Museum-Europ\u00e4ischer-Keramikkunst-3373.jpg 768w\" sizes=\"(max-width: 225px) 100vw, 225px\" \/><\/a><\/p>\n<p><a href=\"http:\/\/museumek.eu\/wp-content\/uploads\/2012\/11\/Museum-Europ\u00e4ischer-Keramikkunst-3374.jpg\"><img loading=\"lazy\" src=\"http:\/\/museumek.eu\/wp-content\/uploads\/2012\/11\/Museum-Europ\u00e4ischer-Keramikkunst-3374-156x300.jpg\" alt=\"\" title=\"Museum Europ\u00e4ischer Keramikkunst 3374\" width=\"156\" height=\"300\" class=\"alignnone size-medium wp-image-16405\" srcset=\"http:\/\/museumek.eu\/wp-content\/uploads\/2012\/11\/Museum-Europ\u00e4ischer-Keramikkunst-3374-156x300.jpg 156w, http:\/\/museumek.eu\/wp-content\/uploads\/2012\/11\/Museum-Europ\u00e4ischer-Keramikkunst-3374.jpg 416w\" sizes=\"(max-width: 156px) 100vw, 156px\" \/><\/a><\/p>\n<p><a href=\"http:\/\/museumek.eu\/wp-content\/uploads\/2012\/11\/Amphora-Vase-Quittenbaum.jpg\"><img loading=\"lazy\" src=\"http:\/\/museumek.eu\/wp-content\/uploads\/2012\/11\/Amphora-Vase-Quittenbaum-300x177.jpg\" alt=\"\" title=\"Amphora Vase Quittenbaum\" width=\"300\" height=\"177\" class=\"alignnone size-medium wp-image-16406\" srcset=\"http:\/\/museumek.eu\/wp-content\/uploads\/2012\/11\/Amphora-Vase-Quittenbaum-300x177.jpg 300w, http:\/\/museumek.eu\/wp-content\/uploads\/2012\/11\/Amphora-Vase-Quittenbaum-500x296.jpg 500w, http:\/\/museumek.eu\/wp-content\/uploads\/2012\/11\/Amphora-Vase-Quittenbaum.jpg 591w\" sizes=\"(max-width: 300px) 100vw, 300px\" \/><\/a><\/p>\n","protected":false},"excerpt":{"rendered":"<p>Abteilung Austria\/Ungarn\/B\u00f6hmen, Keramik 1860 \u2013 1960, Inventarnummer A\/XXII\/3 Manufaktur Amphora &#8211; Werke Riessner, K.K. privilegierte \u00f6sterreichische Porzellan-Manufaktur, B\u00f6hmen\/Austria, Turn\/Teplitz, um 1915, Bodenvase mit zwei Kr\u00e4hen, K\u00fcnstler unbekannt, Werks.-Nr. 15085, Exemplar Nr. 43 (?), gemarkt Firmenmarke mit Imperial Amphora sowie Doppeladler &hellip; <a href=\"http:\/\/museumek.eu\/?page_id=16402\">Weiterlesen <span class=\"meta-nav\">&rarr;<\/span><\/a><\/p>\n","protected":false},"author":1,"featured_media":0,"parent":1383,"menu_order":3,"comment_status":"closed","ping_status":"open","template":"","meta":[],"_links":{"self":[{"href":"http:\/\/museumek.eu\/index.php?rest_route=\/wp\/v2\/pages\/16402"}],"collection":[{"href":"http:\/\/museumek.eu\/index.php?rest_route=\/wp\/v2\/pages"}],"about":[{"href":"http:\/\/museumek.eu\/index.php?rest_route=\/wp\/v2\/types\/page"}],"author":[{"embeddable":true,"href":"http:\/\/museumek.eu\/index.php?rest_route=\/wp\/v2\/users\/1"}],"replies":[{"embeddable":true,"href":"http:\/\/museumek.eu\/index.php?rest_route=%2Fwp%2Fv2%2Fcomments&post=16402"}],"version-history":[{"count":5,"href":"http:\/\/museumek.eu\/index.php?rest_route=\/wp\/v2\/pages\/16402\/revisions"}],"predecessor-version":[{"id":18575,"href":"http:\/\/museumek.eu\/index.php?rest_route=\/wp\/v2\/pages\/16402\/revisions\/18575"}],"up":[{"embeddable":true,"href":"http:\/\/museumek.eu\/index.php?rest_route=\/wp\/v2\/pages\/1383"}],"wp:attachment":[{"href":"http:\/\/museumek.eu\/index.php?rest_route=%2Fwp%2Fv2%2Fmedia&parent=16402"}],"curies":[{"name":"wp","href":"https:\/\/api.w.org\/{rel}","templated":true}]}}