{"id":16494,"date":"2012-11-11T21:54:47","date_gmt":"2012-11-11T20:54:47","guid":{"rendered":"http:\/\/museumek.eu\/?page_id=16494"},"modified":"2013-05-09T14:04:39","modified_gmt":"2013-05-09T12:04:39","slug":"dlxvii1","status":"publish","type":"page","link":"http:\/\/museumek.eu\/?page_id=16494","title":{"rendered":"D\/LXVIII\/1"},"content":{"rendered":"<p><strong>Abteilung Deutschland, Keramik 1860 \u2013 1960, Inventarnummer D\/LXVIII\/1<\/strong><\/p>\n<p>T\u00f6pferhof M\u00fchlendyck, Deutschland, H\u00f6hr-Grenzhausen, um 1937, Deckelascher mit 3 Ablagen, K\u00fcnstler Wim M\u00fchlendyck, Werks.-Nr. 322 b, Exemplar Nr. ohne, gemarkt Firmenmarke mit stilisierten M\u00fchlenfl\u00fcgeln, Wim M\u00fchlendyck sowie 322 b geritzt, signiert = gemarkt, Literatur: Gisela Reineking von Bock, Meister der Deutschen Keramik 1900 bis 1950, Seite 229 ff., Beschreibung der Keramikwerkstatt sowie Seite 326, Marke Nr. 154 identisch, weitere Literatur: Keramik, Die Sammlung der Nassauischen Sparkasse, Seite 92, Beschreibung der Keramikwerkstatt mit genauer Betriebsbeschreibung und Gr\u00fcndungsjahr sowie K\u00fcnstlerbiografie, Der T\u00f6pferhof Myhlendyck wurde 1936 von Wim M\u00fchlendyck gegr\u00fcndet, H\u00f6he 7,2 cm, Breite 9 cm<\/p>\n<p><a href=\"http:\/\/museumek.eu\/wp-content\/uploads\/2012\/11\/Museum-Europ\u00e4ischer-Keramikkunst-3381.jpg\"><img loading=\"lazy\" src=\"http:\/\/museumek.eu\/wp-content\/uploads\/2012\/11\/Museum-Europ\u00e4ischer-Keramikkunst-3381-276x300.jpg\" alt=\"\" title=\"Museum Europ\u00e4ischer Keramikkunst 3381\" width=\"276\" height=\"300\" class=\"alignnone size-medium wp-image-16495\" srcset=\"http:\/\/museumek.eu\/wp-content\/uploads\/2012\/11\/Museum-Europ\u00e4ischer-Keramikkunst-3381-276x300.jpg 276w, http:\/\/museumek.eu\/wp-content\/uploads\/2012\/11\/Museum-Europ\u00e4ischer-Keramikkunst-3381.jpg 647w\" sizes=\"(max-width: 276px) 100vw, 276px\" \/><\/a><\/p>\n<p><a href=\"http:\/\/museumek.eu\/wp-content\/uploads\/2012\/11\/Museum-Europ\u00e4ischer-Keramikkunst-3380.jpg\"><img loading=\"lazy\" src=\"http:\/\/museumek.eu\/wp-content\/uploads\/2012\/11\/Museum-Europ\u00e4ischer-Keramikkunst-3380-282x300.jpg\" alt=\"\" title=\"Museum Europ\u00e4ischer Keramikkunst 3380\" width=\"282\" height=\"300\" class=\"alignnone size-medium wp-image-16496\" srcset=\"http:\/\/museumek.eu\/wp-content\/uploads\/2012\/11\/Museum-Europ\u00e4ischer-Keramikkunst-3380-282x300.jpg 282w, http:\/\/museumek.eu\/wp-content\/uploads\/2012\/11\/Museum-Europ\u00e4ischer-Keramikkunst-3380.jpg 655w\" sizes=\"(max-width: 282px) 100vw, 282px\" \/><\/a><\/p>\n<p><a href=\"http:\/\/museumek.eu\/wp-content\/uploads\/2012\/11\/Museum-Europ\u00e4ischer-Keramikkunst-3382.jpg\"><img loading=\"lazy\" src=\"http:\/\/museumek.eu\/wp-content\/uploads\/2012\/11\/Museum-Europ\u00e4ischer-Keramikkunst-3382-277x300.jpg\" alt=\"\" title=\"Museum Europ\u00e4ischer Keramikkunst 3382\" width=\"277\" height=\"300\" class=\"alignnone size-medium wp-image-16497\" srcset=\"http:\/\/museumek.eu\/wp-content\/uploads\/2012\/11\/Museum-Europ\u00e4ischer-Keramikkunst-3382-277x300.jpg 277w, http:\/\/museumek.eu\/wp-content\/uploads\/2012\/11\/Museum-Europ\u00e4ischer-Keramikkunst-3382.jpg 616w\" sizes=\"(max-width: 277px) 100vw, 277px\" \/><\/a><\/p>\n<p><a href=\"http:\/\/museumek.eu\/wp-content\/uploads\/2012\/11\/Museum-Europ\u00e4ischer-Keramikkunst-3383.jpg\"><img loading=\"lazy\" src=\"http:\/\/museumek.eu\/wp-content\/uploads\/2012\/11\/Museum-Europ\u00e4ischer-Keramikkunst-3383-162x300.jpg\" alt=\"\" title=\"Museum Europ\u00e4ischer Keramikkunst 3383\" width=\"162\" height=\"300\" class=\"alignnone size-medium wp-image-16498\" srcset=\"http:\/\/museumek.eu\/wp-content\/uploads\/2012\/11\/Museum-Europ\u00e4ischer-Keramikkunst-3383-162x300.jpg 162w, http:\/\/museumek.eu\/wp-content\/uploads\/2012\/11\/Museum-Europ\u00e4ischer-Keramikkunst-3383.jpg 461w\" sizes=\"(max-width: 162px) 100vw, 162px\" \/><\/a><\/p>\n<p><a href=\"http:\/\/museumek.eu\/wp-content\/uploads\/2012\/11\/Museum-Europ\u00e4ischer-Keramikkunst-3384.jpg\"><img loading=\"lazy\" src=\"http:\/\/museumek.eu\/wp-content\/uploads\/2012\/11\/Museum-Europ\u00e4ischer-Keramikkunst-3384-255x300.jpg\" alt=\"\" title=\"Museum Europ\u00e4ischer Keramikkunst 3384\" width=\"255\" height=\"300\" class=\"alignnone size-medium wp-image-16499\" srcset=\"http:\/\/museumek.eu\/wp-content\/uploads\/2012\/11\/Museum-Europ\u00e4ischer-Keramikkunst-3384-255x300.jpg 255w, http:\/\/museumek.eu\/wp-content\/uploads\/2012\/11\/Museum-Europ\u00e4ischer-Keramikkunst-3384.jpg 531w\" sizes=\"(max-width: 255px) 100vw, 255px\" \/><\/a><\/p>\n","protected":false},"excerpt":{"rendered":"<p>Abteilung Deutschland, Keramik 1860 \u2013 1960, Inventarnummer D\/LXVIII\/1 T\u00f6pferhof M\u00fchlendyck, Deutschland, H\u00f6hr-Grenzhausen, um 1937, Deckelascher mit 3 Ablagen, K\u00fcnstler Wim M\u00fchlendyck, Werks.-Nr. 322 b, Exemplar Nr. ohne, gemarkt Firmenmarke mit stilisierten M\u00fchlenfl\u00fcgeln, Wim M\u00fchlendyck sowie 322 b geritzt, signiert = &hellip; <a href=\"http:\/\/museumek.eu\/?page_id=16494\">Weiterlesen <span class=\"meta-nav\">&rarr;<\/span><\/a><\/p>\n","protected":false},"author":1,"featured_media":0,"parent":16491,"menu_order":1,"comment_status":"closed","ping_status":"open","template":"","meta":[],"_links":{"self":[{"href":"http:\/\/museumek.eu\/index.php?rest_route=\/wp\/v2\/pages\/16494"}],"collection":[{"href":"http:\/\/museumek.eu\/index.php?rest_route=\/wp\/v2\/pages"}],"about":[{"href":"http:\/\/museumek.eu\/index.php?rest_route=\/wp\/v2\/types\/page"}],"author":[{"embeddable":true,"href":"http:\/\/museumek.eu\/index.php?rest_route=\/wp\/v2\/users\/1"}],"replies":[{"embeddable":true,"href":"http:\/\/museumek.eu\/index.php?rest_route=%2Fwp%2Fv2%2Fcomments&post=16494"}],"version-history":[{"count":5,"href":"http:\/\/museumek.eu\/index.php?rest_route=\/wp\/v2\/pages\/16494\/revisions"}],"predecessor-version":[{"id":21548,"href":"http:\/\/museumek.eu\/index.php?rest_route=\/wp\/v2\/pages\/16494\/revisions\/21548"}],"up":[{"embeddable":true,"href":"http:\/\/museumek.eu\/index.php?rest_route=\/wp\/v2\/pages\/16491"}],"wp:attachment":[{"href":"http:\/\/museumek.eu\/index.php?rest_route=%2Fwp%2Fv2%2Fmedia&parent=16494"}],"curies":[{"name":"wp","href":"https:\/\/api.w.org\/{rel}","templated":true}]}}