{"id":16577,"date":"2012-11-12T23:02:44","date_gmt":"2012-11-12T22:02:44","guid":{"rendered":"http:\/\/museumek.eu\/?page_id=16577"},"modified":"2012-11-12T23:05:00","modified_gmt":"2012-11-12T22:05:00","slug":"av5","status":"publish","type":"page","link":"http:\/\/museumek.eu\/?page_id=16577","title":{"rendered":"A\/V\/5"},"content":{"rendered":"<p><strong>Abteilung Austria\/Ungarn\/B\u00f6hmen, Keramik 1860 \u2013 1960, Inventarnummer A\/V\/5<\/strong><\/p>\n<p>Manufaktur Kunstkeramische Fabrik A. F\u00f6rster und Kunstkeramische Fabrik A. F\u00f6rster &#038; Co., Austria, Wien, um 1905, Figur Bub, einen Papagei f\u00fctternd, K\u00fcnstler unbekannt, Werks.-Nr. 9210, Exemplar Nr. ohne, gemarkt Firmenmarke Biene im Kreis dunkelbrauner Stempel, 9210 gepresst, nicht signiert, Literatur: Waltraud Neuwirth, Wiener Keramik, Seite 145, Manufakturbeschreibung sowie Seite 471, Marke Nr. 109 identisch, Ausf\u00fchrung als Fayence, die Kunstkeramische Fabrik A. F\u00f6rster wurde 1899 gegr\u00fcndet, Inhaber Alexander F\u00f6rster, sie wurde 1905 in Kunstkeramische Fabrik A. F\u00f6rster &#038; Co. umbenannt, Inhaber Alexander F\u00f6rster und Rudolf Schaller, 1908 wurde die Firma liquidiert und von der Wiener Kunstkeramische Werkst\u00e4tte Busch und Ludescher, WKKW (beide vorher Mitarbeiter bei F\u00f6rster, die 1908 die WKKW gr\u00fcndeten), \u00fcbernommen,<br \/>\nH\u00f6he 19 cm, Breite 8 cm<\/p>\n<p><a href=\"http:\/\/museumek.eu\/wp-content\/uploads\/2012\/11\/Museum-Europ\u00e4ischer-Keramikkunst-2199.jpg\"><img loading=\"lazy\" src=\"http:\/\/museumek.eu\/wp-content\/uploads\/2012\/11\/Museum-Europ\u00e4ischer-Keramikkunst-2199-146x300.jpg\" alt=\"\" title=\"Museum Europ\u00e4ischer Keramikkunst 2199\" width=\"146\" height=\"300\" class=\"alignnone size-medium wp-image-16578\" \/><\/a><\/p>\n<p><a href=\"http:\/\/museumek.eu\/wp-content\/uploads\/2012\/11\/Museum-Europ\u00e4ischer-Keramikkunst-2200.jpg\"><img loading=\"lazy\" src=\"http:\/\/museumek.eu\/wp-content\/uploads\/2012\/11\/Museum-Europ\u00e4ischer-Keramikkunst-2200-252x300.jpg\" alt=\"\" title=\"Museum Europ\u00e4ischer Keramikkunst 2200\" width=\"252\" height=\"300\" class=\"alignnone size-medium wp-image-16579\" srcset=\"http:\/\/museumek.eu\/wp-content\/uploads\/2012\/11\/Museum-Europ\u00e4ischer-Keramikkunst-2200-252x300.jpg 252w, http:\/\/museumek.eu\/wp-content\/uploads\/2012\/11\/Museum-Europ\u00e4ischer-Keramikkunst-2200.jpg 439w\" sizes=\"(max-width: 252px) 100vw, 252px\" \/><\/a><\/p>\n","protected":false},"excerpt":{"rendered":"<p>Abteilung Austria\/Ungarn\/B\u00f6hmen, Keramik 1860 \u2013 1960, Inventarnummer A\/V\/5 Manufaktur Kunstkeramische Fabrik A. F\u00f6rster und Kunstkeramische Fabrik A. F\u00f6rster &#038; Co., Austria, Wien, um 1905, Figur Bub, einen Papagei f\u00fctternd, K\u00fcnstler unbekannt, Werks.-Nr. 9210, Exemplar Nr. ohne, gemarkt Firmenmarke Biene im &hellip; <a href=\"http:\/\/museumek.eu\/?page_id=16577\">Weiterlesen <span class=\"meta-nav\">&rarr;<\/span><\/a><\/p>\n","protected":false},"author":1,"featured_media":0,"parent":764,"menu_order":5,"comment_status":"closed","ping_status":"open","template":"","meta":[],"_links":{"self":[{"href":"http:\/\/museumek.eu\/index.php?rest_route=\/wp\/v2\/pages\/16577"}],"collection":[{"href":"http:\/\/museumek.eu\/index.php?rest_route=\/wp\/v2\/pages"}],"about":[{"href":"http:\/\/museumek.eu\/index.php?rest_route=\/wp\/v2\/types\/page"}],"author":[{"embeddable":true,"href":"http:\/\/museumek.eu\/index.php?rest_route=\/wp\/v2\/users\/1"}],"replies":[{"embeddable":true,"href":"http:\/\/museumek.eu\/index.php?rest_route=%2Fwp%2Fv2%2Fcomments&post=16577"}],"version-history":[{"count":4,"href":"http:\/\/museumek.eu\/index.php?rest_route=\/wp\/v2\/pages\/16577\/revisions"}],"predecessor-version":[{"id":16583,"href":"http:\/\/museumek.eu\/index.php?rest_route=\/wp\/v2\/pages\/16577\/revisions\/16583"}],"up":[{"embeddable":true,"href":"http:\/\/museumek.eu\/index.php?rest_route=\/wp\/v2\/pages\/764"}],"wp:attachment":[{"href":"http:\/\/museumek.eu\/index.php?rest_route=%2Fwp%2Fv2%2Fmedia&parent=16577"}],"curies":[{"name":"wp","href":"https:\/\/api.w.org\/{rel}","templated":true}]}}