{"id":16635,"date":"2012-11-13T22:49:50","date_gmt":"2012-11-13T21:49:50","guid":{"rendered":"http:\/\/museumek.eu\/?page_id=16635"},"modified":"2012-11-13T22:50:30","modified_gmt":"2012-11-13T21:50:30","slug":"fxli1","status":"publish","type":"page","link":"http:\/\/museumek.eu\/?page_id=16635","title":{"rendered":"F\/XLI\/1"},"content":{"rendered":"<p><strong>Abteilung Frankreich, Keramik 1860 \u2013 1960, Inventarnummer F\/XLI\/1<\/strong><\/p>\n<p>Manufaktur H. Balleroy und Manufaktur A. Pillivuyt, Frankreich, Limoges, Zuckerdose, um 1920, K\u00fcnstler unbekannt, Werksnummer 3211, Exemplar Nr. ohne, gemarkt Firmenmarke mit Limoges B &#038; Cie. sowie France Stempel gr\u00fcn unter Glasur, weitere Firmenmarke mit Limoges, France sowie Unique Stempel gr\u00fcn auf Glasur (das MEK schreibt diese Marke der Manufaktur A. Pillivuyt zu, Balleroy stellte das Weissporzellan her und Pillivuyt f\u00fchrte die Bemalung aus, daf\u00fcr spricht auch, dass die Balleroy Marke unter Glasur und die Pillivuyt Marke auf Glasur gestempelt ist), 3211 im Deckel mit Gold gemalt, nicht signiert, Literatur: Mary Frank Gaston, Collector\u2019s Encyclopedia of Limoges Porcelain, Third Edition, Seite 426, Beschreibung der Manufaktur H. Balleroy sowie Marke Nr. 1 identisch, Seite 431, Beschreibung der Manufaktur A. Pillivuyt sowie Abbildung einer \u00e4hnlichen Marke, siehe auch MEK F\/XLI\/2 zugeh\u00f6riges Milchk\u00e4nnchen des gleichen Service, H\u00f6he 18 cm, Breite 18,5 cm<\/p>\n<p><a href=\"http:\/\/museumek.eu\/wp-content\/uploads\/2012\/11\/Museum-Europ\u00e4ischer-Keramikkunst-3340.jpg\"><img loading=\"lazy\" src=\"http:\/\/museumek.eu\/wp-content\/uploads\/2012\/11\/Museum-Europ\u00e4ischer-Keramikkunst-3340-300x283.jpg\" alt=\"\" title=\"Museum Europ\u00e4ischer Keramikkunst 3340\" width=\"300\" height=\"283\" class=\"alignnone size-medium wp-image-16636\" srcset=\"http:\/\/museumek.eu\/wp-content\/uploads\/2012\/11\/Museum-Europ\u00e4ischer-Keramikkunst-3340-300x283.jpg 300w, http:\/\/museumek.eu\/wp-content\/uploads\/2012\/11\/Museum-Europ\u00e4ischer-Keramikkunst-3340-317x300.jpg 317w, http:\/\/museumek.eu\/wp-content\/uploads\/2012\/11\/Museum-Europ\u00e4ischer-Keramikkunst-3340.jpg 768w\" sizes=\"(max-width: 300px) 100vw, 300px\" \/><\/a><\/p>\n<p><a href=\"http:\/\/museumek.eu\/wp-content\/uploads\/2012\/11\/Museum-Europ\u00e4ischer-Keramikkunst-3341.jpg\"><img loading=\"lazy\" src=\"http:\/\/museumek.eu\/wp-content\/uploads\/2012\/11\/Museum-Europ\u00e4ischer-Keramikkunst-3341-242x300.jpg\" alt=\"\" title=\"Museum Europ\u00e4ischer Keramikkunst 3341\" width=\"242\" height=\"300\" class=\"alignnone size-medium wp-image-16637\" srcset=\"http:\/\/museumek.eu\/wp-content\/uploads\/2012\/11\/Museum-Europ\u00e4ischer-Keramikkunst-3341-242x300.jpg 242w, http:\/\/museumek.eu\/wp-content\/uploads\/2012\/11\/Museum-Europ\u00e4ischer-Keramikkunst-3341.jpg 698w\" sizes=\"(max-width: 242px) 100vw, 242px\" \/><\/a><\/p>\n<p><a href=\"http:\/\/museumek.eu\/wp-content\/uploads\/2012\/11\/Museum-Europ\u00e4ischer-Keramikkunst-3343.jpg\"><img loading=\"lazy\" src=\"http:\/\/museumek.eu\/wp-content\/uploads\/2012\/11\/Museum-Europ\u00e4ischer-Keramikkunst-3343-185x300.jpg\" alt=\"\" title=\"Museum Europ\u00e4ischer Keramikkunst 3343\" width=\"185\" height=\"300\" class=\"alignnone size-medium wp-image-16638\" srcset=\"http:\/\/museumek.eu\/wp-content\/uploads\/2012\/11\/Museum-Europ\u00e4ischer-Keramikkunst-3343-185x300.jpg 185w, http:\/\/museumek.eu\/wp-content\/uploads\/2012\/11\/Museum-Europ\u00e4ischer-Keramikkunst-3343.jpg 238w\" sizes=\"(max-width: 185px) 100vw, 185px\" \/><\/a><\/p>\n<p><a href=\"http:\/\/museumek.eu\/wp-content\/uploads\/2012\/11\/Museum-Europ\u00e4ischer-Keramikkunst-3342.jpg\"><img loading=\"lazy\" src=\"http:\/\/museumek.eu\/wp-content\/uploads\/2012\/11\/Museum-Europ\u00e4ischer-Keramikkunst-3342.jpg\" alt=\"\" title=\"Museum Europ\u00e4ischer Keramikkunst 3342\" width=\"231\" height=\"171\" class=\"alignnone size-full wp-image-16639\" \/><\/a><\/p>\n","protected":false},"excerpt":{"rendered":"<p>Abteilung Frankreich, Keramik 1860 \u2013 1960, Inventarnummer F\/XLI\/1 Manufaktur H. Balleroy und Manufaktur A. Pillivuyt, Frankreich, Limoges, Zuckerdose, um 1920, K\u00fcnstler unbekannt, Werksnummer 3211, Exemplar Nr. ohne, gemarkt Firmenmarke mit Limoges B &#038; Cie. sowie France Stempel gr\u00fcn unter Glasur, &hellip; <a href=\"http:\/\/museumek.eu\/?page_id=16635\">Weiterlesen <span class=\"meta-nav\">&rarr;<\/span><\/a><\/p>\n","protected":false},"author":1,"featured_media":0,"parent":16632,"menu_order":1,"comment_status":"closed","ping_status":"open","template":"","meta":[],"_links":{"self":[{"href":"http:\/\/museumek.eu\/index.php?rest_route=\/wp\/v2\/pages\/16635"}],"collection":[{"href":"http:\/\/museumek.eu\/index.php?rest_route=\/wp\/v2\/pages"}],"about":[{"href":"http:\/\/museumek.eu\/index.php?rest_route=\/wp\/v2\/types\/page"}],"author":[{"embeddable":true,"href":"http:\/\/museumek.eu\/index.php?rest_route=\/wp\/v2\/users\/1"}],"replies":[{"embeddable":true,"href":"http:\/\/museumek.eu\/index.php?rest_route=%2Fwp%2Fv2%2Fcomments&post=16635"}],"version-history":[{"count":3,"href":"http:\/\/museumek.eu\/index.php?rest_route=\/wp\/v2\/pages\/16635\/revisions"}],"predecessor-version":[{"id":16642,"href":"http:\/\/museumek.eu\/index.php?rest_route=\/wp\/v2\/pages\/16635\/revisions\/16642"}],"up":[{"embeddable":true,"href":"http:\/\/museumek.eu\/index.php?rest_route=\/wp\/v2\/pages\/16632"}],"wp:attachment":[{"href":"http:\/\/museumek.eu\/index.php?rest_route=%2Fwp%2Fv2%2Fmedia&parent=16635"}],"curies":[{"name":"wp","href":"https:\/\/api.w.org\/{rel}","templated":true}]}}