{"id":16874,"date":"2012-11-20T22:43:45","date_gmt":"2012-11-20T21:43:45","guid":{"rendered":"http:\/\/museumek.eu\/?page_id=16874"},"modified":"2021-04-05T21:30:44","modified_gmt":"2021-04-05T19:30:44","slug":"dxx2","status":"publish","type":"page","link":"http:\/\/museumek.eu\/?page_id=16874","title":{"rendered":"D\/XX\/2"},"content":{"rendered":"<p><strong>Abteilung Deutschland, Keramik 1860 \u2013 1960, Inventarnummer D\/XX\/2<\/strong><\/p>\n<p>Porzellanfabrik Gebr. Heubach und Nachf. Porzellanfabrik Gebr. Heubach AG und Nachf. Porzellanfabrik Gebr. Heubach Nachfolger, Inhaber Otto Friedrich F\u00fcrst zu Ysenburg und B\u00fcdingen, Lichte, um 1910, Figur Elster mit gefangenem Wurm, K\u00fcnstler Paul Zeiller, Werks.-Nr. ohne, Exemplar Nr. ohne, gemarkt Firmenmarke mit Heubach blauer Stempel unter Glasur, Paul Zeiller geritzt (schwer lesbar), signiert Paul Zeiller, Literatur: J. G. Th. Graesse und E. Jaennicke, F\u00fchrer f\u00fcr Sammler von Porzellan und Fayence, Steinzeug, Steingut usw., Seite 470, Marke Nr. 5 identisch, weitere Literatur: Otto Pelka, Keramik der Neuzeit, Seite 37 ff., dort beschrieben, dass f\u00fcr Heubach bedeutende Tierbildner gearbeitet haben, besondere Hervorhebung von Paul Zeiller f\u00fcr die Entw\u00fcrfe seiner V\u00f6gel sowie Markentafel V, identische Marke im Markenkasten 79 abgebildet, weitere Literatur: Porzellan-Kunst, Teil II, Kunst-Porzellane und Keramik um 1900, Sammlung Karl H. Br\u00f6han, Berlin, Seite 117, Beschreibung der Fabrik und Beschreibung der identischen Marke sowie Seite 119, Kurzbiografie Paul Zeiller t\u00e4tig als Tierbildhauer, weitere Literatur: Dr. Gerhard P. Woeckel, Jugendstilsammlung, Katalog Nr. 23, Beschreibung der Fabrik und Beschreibung der identischen Marke f\u00fcr die Zeit nach 1906, weitere Literatur: Gustav Wei\u00df, Ullstein Porzellanbuch, Seite 272, Marke Nr. 10 identisch, die Porzellanfabrik wurde 1822 von Johann Heinrich Leder gegr\u00fcndet, 1824 wurden die Vettern von Leder, Wilhelm und Heinrich Liebmann, Eigent\u00fcmer, 1830 \u2013 1843 ist Wilhelm Liebmann Alleineigent\u00fcmer, 1843 kauften die Br\u00fcder Christoph und Philipp Heubach aus Lauscha die Porzellanfabrik, diese bleibt bis 1938, dem Konkursjahr, in Familienbesitz, als Konkurskauf erwirbt Otto Friedrich F\u00fcrst zu Ysenburg und B\u00fcdingen die Fabrik und firmiert als Gebr. Heubach Nachf., 1948 wird die Fabrik verstaatlicht, die Marke des MEK Exemplars erscheint gr\u00fcn bl\u00e4ulich, Ausf\u00fchrung in Porzellan,<br \/>\nH\u00f6he 16,5 cm, Breite 30 cm<\/p>\n<p><a href=\"http:\/\/museumek.eu\/wp-content\/uploads\/2012\/11\/Museum-Europ\u00e4ischer-Keramikkunst-2839.jpg\"><img loading=\"lazy\" src=\"http:\/\/museumek.eu\/wp-content\/uploads\/2012\/11\/Museum-Europ\u00e4ischer-Keramikkunst-2839-259x300.jpg\" alt=\"\" title=\"Museum Europ\u00e4ischer Keramikkunst 2839\" width=\"259\" height=\"300\" class=\"alignnone size-medium wp-image-16875\" srcset=\"http:\/\/museumek.eu\/wp-content\/uploads\/2012\/11\/Museum-Europ\u00e4ischer-Keramikkunst-2839-259x300.jpg 259w, http:\/\/museumek.eu\/wp-content\/uploads\/2012\/11\/Museum-Europ\u00e4ischer-Keramikkunst-2839.jpg 561w\" sizes=\"(max-width: 259px) 100vw, 259px\" \/><\/a><\/p>\n<p><a href=\"http:\/\/museumek.eu\/wp-content\/uploads\/2012\/11\/Museum-Europ\u00e4ischer-Keramikkunst-2823.jpg\"><img loading=\"lazy\" src=\"http:\/\/museumek.eu\/wp-content\/uploads\/2012\/11\/Museum-Europ\u00e4ischer-Keramikkunst-2823.jpg\" alt=\"\" title=\"Museum Europ\u00e4ischer Keramikkunst 2823\" width=\"252\" height=\"227\" class=\"alignnone size-full wp-image-16876\" \/><\/a><\/p>\n<p><a href=\"http:\/\/museumek.eu\/wp-content\/uploads\/2012\/11\/Museum-Europ\u00e4ischer-Keramikkunst-2821.jpg\"><img loading=\"lazy\" src=\"http:\/\/museumek.eu\/wp-content\/uploads\/2012\/11\/Museum-Europ\u00e4ischer-Keramikkunst-2821-300x96.jpg\" alt=\"\" title=\"Museum Europ\u00e4ischer Keramikkunst 2821\" width=\"300\" height=\"96\" class=\"alignnone size-medium wp-image-16877\" srcset=\"http:\/\/museumek.eu\/wp-content\/uploads\/2012\/11\/Museum-Europ\u00e4ischer-Keramikkunst-2821-300x96.jpg 300w, http:\/\/museumek.eu\/wp-content\/uploads\/2012\/11\/Museum-Europ\u00e4ischer-Keramikkunst-2821-500x160.jpg 500w, http:\/\/museumek.eu\/wp-content\/uploads\/2012\/11\/Museum-Europ\u00e4ischer-Keramikkunst-2821.jpg 579w\" sizes=\"(max-width: 300px) 100vw, 300px\" \/><\/a><\/p>\n","protected":false},"excerpt":{"rendered":"<p>Abteilung Deutschland, Keramik 1860 \u2013 1960, Inventarnummer D\/XX\/2 Porzellanfabrik Gebr. Heubach und Nachf. Porzellanfabrik Gebr. Heubach AG und Nachf. Porzellanfabrik Gebr. Heubach Nachfolger, Inhaber Otto Friedrich F\u00fcrst zu Ysenburg und B\u00fcdingen, Lichte, um 1910, Figur Elster mit gefangenem Wurm, K\u00fcnstler &hellip; <a href=\"http:\/\/museumek.eu\/?page_id=16874\">Weiterlesen <span class=\"meta-nav\">&rarr;<\/span><\/a><\/p>\n","protected":false},"author":1,"featured_media":0,"parent":3216,"menu_order":2,"comment_status":"closed","ping_status":"open","template":"","meta":[],"_links":{"self":[{"href":"http:\/\/museumek.eu\/index.php?rest_route=\/wp\/v2\/pages\/16874"}],"collection":[{"href":"http:\/\/museumek.eu\/index.php?rest_route=\/wp\/v2\/pages"}],"about":[{"href":"http:\/\/museumek.eu\/index.php?rest_route=\/wp\/v2\/types\/page"}],"author":[{"embeddable":true,"href":"http:\/\/museumek.eu\/index.php?rest_route=\/wp\/v2\/users\/1"}],"replies":[{"embeddable":true,"href":"http:\/\/museumek.eu\/index.php?rest_route=%2Fwp%2Fv2%2Fcomments&post=16874"}],"version-history":[{"count":7,"href":"http:\/\/museumek.eu\/index.php?rest_route=\/wp\/v2\/pages\/16874\/revisions"}],"predecessor-version":[{"id":55587,"href":"http:\/\/museumek.eu\/index.php?rest_route=\/wp\/v2\/pages\/16874\/revisions\/55587"}],"up":[{"embeddable":true,"href":"http:\/\/museumek.eu\/index.php?rest_route=\/wp\/v2\/pages\/3216"}],"wp:attachment":[{"href":"http:\/\/museumek.eu\/index.php?rest_route=%2Fwp%2Fv2%2Fmedia&parent=16874"}],"curies":[{"name":"wp","href":"https:\/\/api.w.org\/{rel}","templated":true}]}}