{"id":17076,"date":"2012-11-29T19:14:14","date_gmt":"2012-11-29T18:14:14","guid":{"rendered":"http:\/\/museumek.eu\/?page_id=17076"},"modified":"2015-08-02T21:18:35","modified_gmt":"2015-08-02T19:18:35","slug":"axxxix2","status":"publish","type":"page","link":"http:\/\/museumek.eu\/?page_id=17076","title":{"rendered":"A\/XXXIX\/2"},"content":{"rendered":"<p><strong>Abteilung Austria\/Ungarn\/B\u00f6hmen, Keramik 1860 \u2013 1960, Inventarnummer A\/XXXIX\/2<\/strong><\/p>\n<p>Eduard Stellmacher &#038; Co. Porzellanfabrik und kunstkeramische Industriewerke Turn, B\u00f6hmen\/Austria, Turn, Teplitz\/Trnovany, Teplice, 1905\/1906, Ziervase mit Schale, K\u00fcnstler Eduard Stellmacher, Werks.-Nr. 669 (?), Exemplar Nr. 31 (?), gemarkt Firmenmarke mit STELLMACHER, darunter eine verzierte Vase, darunter TEPLITZ brauner Stempel auf Glasur, 20 sowie E gepresst, 669 sowie 31 schwarz gemalt, nicht signiert (evtl. Signatur r\u00fcckseitig an der Vase, nicht lesbar), Literatur: Volker M\u00f6lle Riessner, Amphora Die Porzellan- und Keramik- Manufaktur in Nordb\u00f6hmen, S. 31, Beschreibung der Fabrik, Seite 33, weitere Beschreibung der Fabrik sowie Seite 164, Abbildung der identischen Marke f\u00fcr die Zeit 1905\/1906, Eduard Fritz Otto Stellmacher (geb. 07.06.1869 in Volkstedt, gest. im Oktober 1945 in Pilsen) trat am 10.08.1904 aus der von ihm mitgegr\u00fcndeten Fabrik Riessner, Stellmacher &#038; Kessel, sp\u00e4ter AMPHORA, aus und gr\u00fcndete in Turn am 27.03.1905 zusammen mit Karl Frank eine keramische Fabrik, Firmierung Eduard Stellmacher &#038; Co. Porzellanfabrik und kunstkeramische Industriewerke Turn, die Fabrik hatte in der Spitze 120 Mitarbeiter, exportierte weltweit und hatte Ausstellungsr\u00e4ume in Wien, Paris, Berlin, K\u00f6ln und Leipzig, am 10.02.1910 meldete die Fabrik Konkurs an, die Produktion wurde 1912 endg\u00fcltig eingestellt, Ausf\u00fchrung als Elfenbeinporzellan, H\u00f6he 26,8 cm, Breite 23 cm<\/p>\n<p><a href=\"http:\/\/museumek.eu\/wp-content\/uploads\/2012\/11\/Museum-Europ\u00e4ischer-Keramikkunst-3604.jpg\"><img loading=\"lazy\" src=\"http:\/\/museumek.eu\/wp-content\/uploads\/2012\/11\/Museum-Europ\u00e4ischer-Keramikkunst-3604-236x300.jpg\" alt=\"\" title=\"Museum Europ\u00e4ischer Keramikkunst 3604\" width=\"236\" height=\"300\" class=\"alignnone size-medium wp-image-17077\" srcset=\"http:\/\/museumek.eu\/wp-content\/uploads\/2012\/11\/Museum-Europ\u00e4ischer-Keramikkunst-3604-236x300.jpg 236w, http:\/\/museumek.eu\/wp-content\/uploads\/2012\/11\/Museum-Europ\u00e4ischer-Keramikkunst-3604.jpg 613w\" sizes=\"(max-width: 236px) 100vw, 236px\" \/><\/a><\/p>\n<p><a href=\"http:\/\/museumek.eu\/wp-content\/uploads\/2012\/11\/Museum-Europ\u00e4ischer-Keramikkunst-3610.jpg\"><img loading=\"lazy\" src=\"http:\/\/museumek.eu\/wp-content\/uploads\/2012\/11\/Museum-Europ\u00e4ischer-Keramikkunst-3610-300x215.jpg\" alt=\"\" title=\"Museum Europ\u00e4ischer Keramikkunst 3610\" width=\"300\" height=\"215\" class=\"alignnone size-medium wp-image-17078\" srcset=\"http:\/\/museumek.eu\/wp-content\/uploads\/2012\/11\/Museum-Europ\u00e4ischer-Keramikkunst-3610-300x215.jpg 300w, http:\/\/museumek.eu\/wp-content\/uploads\/2012\/11\/Museum-Europ\u00e4ischer-Keramikkunst-3610-418x300.jpg 418w, http:\/\/museumek.eu\/wp-content\/uploads\/2012\/11\/Museum-Europ\u00e4ischer-Keramikkunst-3610.jpg 804w\" sizes=\"(max-width: 300px) 100vw, 300px\" \/><\/a><\/p>\n<p><a href=\"http:\/\/museumek.eu\/wp-content\/uploads\/2012\/11\/Museum-Europ\u00e4ischer-Keramikkunst-3607.jpg\"><img loading=\"lazy\" src=\"http:\/\/museumek.eu\/wp-content\/uploads\/2012\/11\/Museum-Europ\u00e4ischer-Keramikkunst-3607-300x195.jpg\" alt=\"\" title=\"Museum Europ\u00e4ischer Keramikkunst 3607\" width=\"300\" height=\"195\" class=\"alignnone size-medium wp-image-17079\" srcset=\"http:\/\/museumek.eu\/wp-content\/uploads\/2012\/11\/Museum-Europ\u00e4ischer-Keramikkunst-3607-300x195.jpg 300w, http:\/\/museumek.eu\/wp-content\/uploads\/2012\/11\/Museum-Europ\u00e4ischer-Keramikkunst-3607-461x300.jpg 461w, http:\/\/museumek.eu\/wp-content\/uploads\/2012\/11\/Museum-Europ\u00e4ischer-Keramikkunst-3607.jpg 833w\" sizes=\"(max-width: 300px) 100vw, 300px\" \/><\/a><\/p>\n<p><a href=\"http:\/\/museumek.eu\/wp-content\/uploads\/2012\/11\/Museum-Europ\u00e4ischer-Keramikkunst-3609.jpg\"><img loading=\"lazy\" src=\"http:\/\/museumek.eu\/wp-content\/uploads\/2012\/11\/Museum-Europ\u00e4ischer-Keramikkunst-3609-219x300.jpg\" alt=\"\" title=\"Museum Europ\u00e4ischer Keramikkunst 3609\" width=\"219\" height=\"300\" class=\"alignnone size-medium wp-image-17080\" srcset=\"http:\/\/museumek.eu\/wp-content\/uploads\/2012\/11\/Museum-Europ\u00e4ischer-Keramikkunst-3609-219x300.jpg 219w, http:\/\/museumek.eu\/wp-content\/uploads\/2012\/11\/Museum-Europ\u00e4ischer-Keramikkunst-3609.jpg 222w\" sizes=\"(max-width: 219px) 100vw, 219px\" \/><\/a><\/p>\n<p><a href=\"http:\/\/museumek.eu\/wp-content\/uploads\/2012\/11\/Museum-Europ\u00e4ischer-Keramikkunst-3608.jpg\"><img loading=\"lazy\" src=\"http:\/\/museumek.eu\/wp-content\/uploads\/2012\/11\/Museum-Europ\u00e4ischer-Keramikkunst-3608-300x164.jpg\" alt=\"\" title=\"Museum Europ\u00e4ischer Keramikkunst 3608\" width=\"300\" height=\"164\" class=\"alignnone size-medium wp-image-17084\" srcset=\"http:\/\/museumek.eu\/wp-content\/uploads\/2012\/11\/Museum-Europ\u00e4ischer-Keramikkunst-3608-300x164.jpg 300w, http:\/\/museumek.eu\/wp-content\/uploads\/2012\/11\/Museum-Europ\u00e4ischer-Keramikkunst-3608.jpg 362w\" sizes=\"(max-width: 300px) 100vw, 300px\" \/><\/a><\/p>\n<p><a href=\"http:\/\/museumek.eu\/wp-content\/uploads\/2012\/11\/Museum-Europ\u00e4ischer-Keramikkunst-3606.jpg\"><img loading=\"lazy\" src=\"http:\/\/museumek.eu\/wp-content\/uploads\/2012\/11\/Museum-Europ\u00e4ischer-Keramikkunst-3606-300x169.jpg\" alt=\"\" title=\"Museum Europ\u00e4ischer Keramikkunst 3606\" width=\"300\" height=\"169\" class=\"alignnone size-medium wp-image-17081\" srcset=\"http:\/\/museumek.eu\/wp-content\/uploads\/2012\/11\/Museum-Europ\u00e4ischer-Keramikkunst-3606-300x169.jpg 300w, http:\/\/museumek.eu\/wp-content\/uploads\/2012\/11\/Museum-Europ\u00e4ischer-Keramikkunst-3606-500x282.jpg 500w, http:\/\/museumek.eu\/wp-content\/uploads\/2012\/11\/Museum-Europ\u00e4ischer-Keramikkunst-3606.jpg 629w\" sizes=\"(max-width: 300px) 100vw, 300px\" \/><\/a><\/p>\n","protected":false},"excerpt":{"rendered":"<p>Abteilung Austria\/Ungarn\/B\u00f6hmen, Keramik 1860 \u2013 1960, Inventarnummer A\/XXXIX\/2 Eduard Stellmacher &#038; Co. Porzellanfabrik und kunstkeramische Industriewerke Turn, B\u00f6hmen\/Austria, Turn, Teplitz\/Trnovany, Teplice, 1905\/1906, Ziervase mit Schale, K\u00fcnstler Eduard Stellmacher, Werks.-Nr. 669 (?), Exemplar Nr. 31 (?), gemarkt Firmenmarke mit STELLMACHER, darunter &hellip; <a href=\"http:\/\/museumek.eu\/?page_id=17076\">Weiterlesen <span class=\"meta-nav\">&rarr;<\/span><\/a><\/p>\n","protected":false},"author":1,"featured_media":0,"parent":16443,"menu_order":2,"comment_status":"closed","ping_status":"open","template":"","meta":[],"_links":{"self":[{"href":"http:\/\/museumek.eu\/index.php?rest_route=\/wp\/v2\/pages\/17076"}],"collection":[{"href":"http:\/\/museumek.eu\/index.php?rest_route=\/wp\/v2\/pages"}],"about":[{"href":"http:\/\/museumek.eu\/index.php?rest_route=\/wp\/v2\/types\/page"}],"author":[{"embeddable":true,"href":"http:\/\/museumek.eu\/index.php?rest_route=\/wp\/v2\/users\/1"}],"replies":[{"embeddable":true,"href":"http:\/\/museumek.eu\/index.php?rest_route=%2Fwp%2Fv2%2Fcomments&post=17076"}],"version-history":[{"count":6,"href":"http:\/\/museumek.eu\/index.php?rest_route=\/wp\/v2\/pages\/17076\/revisions"}],"predecessor-version":[{"id":43203,"href":"http:\/\/museumek.eu\/index.php?rest_route=\/wp\/v2\/pages\/17076\/revisions\/43203"}],"up":[{"embeddable":true,"href":"http:\/\/museumek.eu\/index.php?rest_route=\/wp\/v2\/pages\/16443"}],"wp:attachment":[{"href":"http:\/\/museumek.eu\/index.php?rest_route=%2Fwp%2Fv2%2Fmedia&parent=17076"}],"curies":[{"name":"wp","href":"https:\/\/api.w.org\/{rel}","templated":true}]}}