{"id":17138,"date":"2012-12-09T15:47:16","date_gmt":"2012-12-09T14:47:16","guid":{"rendered":"http:\/\/museumek.eu\/?page_id=17138"},"modified":"2013-04-26T23:30:12","modified_gmt":"2013-04-26T21:30:12","slug":"kurzbiografie-und-inventar-zum-kunstler","status":"publish","type":"page","link":"http:\/\/museumek.eu\/?page_id=17138","title":{"rendered":"Kurzbiografie und Inventar zum K\u00fcnstler"},"content":{"rendered":"<p>Josef Wackerle wurde am 15.05.1880 in Partenkirchen geboren. Er starb am 20.03.1959 ebenda.<br \/>\nAls Jugendlicher erhielt Wackerle eine Holzschnitzerausbildung. Sp\u00e4ter studierte er an der M\u00fcnchner Kunstgewerbeschule und an der M\u00fcnchner Kunstakademie. Wackerle war einer der bekanntesten Bildhauer seiner Zeit. Ab 1905 schuf er, als freischaffender K\u00fcnstler, ca. 50 Jahre lang, Entw\u00fcrfe f\u00fcr die K\u00f6nigliche Porzellan-Manufaktur Nymphenburg. 1909 arbeitete er als Lehrer an der der Berliner Kunstgewerbeschule und ab 1923 als Prof. an der M\u00fcnchner Kunstgewerbeschule. Insofern sind wohl alle mit Prof. Wackerle signierten Arbeiten erst ab 1923 entstanden. <\/p>\n<p><strong>Abteilung Deutschland, Keramik 1860 \u2013 1960, Inventarnummer D\/XLIV\/2<\/strong><\/p>\n<p>K\u00f6nigliche Porzellan-Manufaktur Nymphenburg, Deutschland, M\u00fcnchen, vor 1930, Vase, K\u00fcnstler Josef Wackerle, Werks.-Nr. ohne, Exemplar Nr. ohne, gemarkt Firmenmarke mit Krone, Schild sowie Nymphenburg gr\u00fcner Stempel unter Glasur, Prof. Wackerle, O. L. sowie 29 (Jahr 1929 ?) schwarz auf Glasur gemalt, eingepr\u00e4gte Schildmarke als Blindstempel sowie 3 gepresst, signiert Prof. Wackerle, Literatur: Dr. Hans Thoma, Staatliche Porzellanmanufaktur Nymphenburg 1747 \u2013 1947, Markenanhang, beide o. g. Marken identisch, siehe auch Auktionshaus Kunst &#038; Kuriosa, Heidelberg, Auktion vom 28.11.2009, \u00e4hnliche Vase mit Deckel,<br \/>\nH\u00f6he 17 cm, Breite 11 cm<\/p>\n<p><a href=\"http:\/\/museumek.eu\/wp-content\/uploads\/2012\/12\/Museum-Europ\u00e4ischer-Keramikkunst-2460.jpg\"><img loading=\"lazy\" src=\"http:\/\/museumek.eu\/wp-content\/uploads\/2012\/12\/Museum-Europ\u00e4ischer-Keramikkunst-2460-211x300.jpg\" alt=\"\" title=\"Museum Europ\u00e4ischer Keramikkunst 2460\" width=\"211\" height=\"300\" class=\"alignnone size-medium wp-image-17126\" srcset=\"http:\/\/museumek.eu\/wp-content\/uploads\/2012\/12\/Museum-Europ\u00e4ischer-Keramikkunst-2460-211x300.jpg 211w, http:\/\/museumek.eu\/wp-content\/uploads\/2012\/12\/Museum-Europ\u00e4ischer-Keramikkunst-2460.jpg 566w\" sizes=\"(max-width: 211px) 100vw, 211px\" \/><\/a><\/p>\n<p><a href=\"http:\/\/museumek.eu\/wp-content\/uploads\/2012\/12\/Museum-Europ\u00e4ischer-Keramikkunst-2461.jpg\"><img loading=\"lazy\" src=\"http:\/\/museumek.eu\/wp-content\/uploads\/2012\/12\/Museum-Europ\u00e4ischer-Keramikkunst-2461-284x300.jpg\" alt=\"\" title=\"Museum Europ\u00e4ischer Keramikkunst 2461\" width=\"284\" height=\"300\" class=\"alignnone size-medium wp-image-17127\" srcset=\"http:\/\/museumek.eu\/wp-content\/uploads\/2012\/12\/Museum-Europ\u00e4ischer-Keramikkunst-2461-284x300.jpg 284w, http:\/\/museumek.eu\/wp-content\/uploads\/2012\/12\/Museum-Europ\u00e4ischer-Keramikkunst-2461.jpg 449w\" sizes=\"(max-width: 284px) 100vw, 284px\" \/><\/a><\/p>\n<p><a href=\"http:\/\/museumek.eu\/wp-content\/uploads\/2012\/12\/Museum-Europ\u00e4ischer-Keramikkunst-2462.jpg\"><img loading=\"lazy\" src=\"http:\/\/museumek.eu\/wp-content\/uploads\/2012\/12\/Museum-Europ\u00e4ischer-Keramikkunst-2462-300x246.jpg\" alt=\"\" title=\"Museum Europ\u00e4ischer Keramikkunst 2462\" width=\"300\" height=\"246\" class=\"alignnone size-medium wp-image-17128\" srcset=\"http:\/\/museumek.eu\/wp-content\/uploads\/2012\/12\/Museum-Europ\u00e4ischer-Keramikkunst-2462-300x246.jpg 300w, http:\/\/museumek.eu\/wp-content\/uploads\/2012\/12\/Museum-Europ\u00e4ischer-Keramikkunst-2462-365x300.jpg 365w, http:\/\/museumek.eu\/wp-content\/uploads\/2012\/12\/Museum-Europ\u00e4ischer-Keramikkunst-2462.jpg 682w\" sizes=\"(max-width: 300px) 100vw, 300px\" \/><\/a><\/p>\n<p><a href=\"http:\/\/museumek.eu\/wp-content\/uploads\/2012\/12\/Museum-Europ\u00e4ischer-Keramikkunst-3074.jpg\"><img loading=\"lazy\" src=\"http:\/\/museumek.eu\/wp-content\/uploads\/2012\/12\/Museum-Europ\u00e4ischer-Keramikkunst-3074-183x300.jpg\" alt=\"\" title=\"Museum Europ\u00e4ischer Keramikkunst 3074\" width=\"183\" height=\"300\" class=\"alignnone size-medium wp-image-17131\" srcset=\"http:\/\/museumek.eu\/wp-content\/uploads\/2012\/12\/Museum-Europ\u00e4ischer-Keramikkunst-3074-183x300.jpg 183w, http:\/\/museumek.eu\/wp-content\/uploads\/2012\/12\/Museum-Europ\u00e4ischer-Keramikkunst-3074.jpg 410w\" sizes=\"(max-width: 183px) 100vw, 183px\" \/><\/a><\/p>\n","protected":false},"excerpt":{"rendered":"<p>Josef Wackerle wurde am 15.05.1880 in Partenkirchen geboren. Er starb am 20.03.1959 ebenda. Als Jugendlicher erhielt Wackerle eine Holzschnitzerausbildung. Sp\u00e4ter studierte er an der M\u00fcnchner Kunstgewerbeschule und an der M\u00fcnchner Kunstakademie. Wackerle war einer der bekanntesten Bildhauer seiner Zeit. Ab &hellip; <a href=\"http:\/\/museumek.eu\/?page_id=17138\">Weiterlesen <span class=\"meta-nav\">&rarr;<\/span><\/a><\/p>\n","protected":false},"author":1,"featured_media":0,"parent":17135,"menu_order":1,"comment_status":"closed","ping_status":"open","template":"","meta":[],"_links":{"self":[{"href":"http:\/\/museumek.eu\/index.php?rest_route=\/wp\/v2\/pages\/17138"}],"collection":[{"href":"http:\/\/museumek.eu\/index.php?rest_route=\/wp\/v2\/pages"}],"about":[{"href":"http:\/\/museumek.eu\/index.php?rest_route=\/wp\/v2\/types\/page"}],"author":[{"embeddable":true,"href":"http:\/\/museumek.eu\/index.php?rest_route=\/wp\/v2\/users\/1"}],"replies":[{"embeddable":true,"href":"http:\/\/museumek.eu\/index.php?rest_route=%2Fwp%2Fv2%2Fcomments&post=17138"}],"version-history":[{"count":5,"href":"http:\/\/museumek.eu\/index.php?rest_route=\/wp\/v2\/pages\/17138\/revisions"}],"predecessor-version":[{"id":20672,"href":"http:\/\/museumek.eu\/index.php?rest_route=\/wp\/v2\/pages\/17138\/revisions\/20672"}],"up":[{"embeddable":true,"href":"http:\/\/museumek.eu\/index.php?rest_route=\/wp\/v2\/pages\/17135"}],"wp:attachment":[{"href":"http:\/\/museumek.eu\/index.php?rest_route=%2Fwp%2Fv2%2Fmedia&parent=17138"}],"curies":[{"name":"wp","href":"https:\/\/api.w.org\/{rel}","templated":true}]}}