{"id":17141,"date":"2012-12-09T15:54:27","date_gmt":"2012-12-09T14:54:27","guid":{"rendered":"http:\/\/museumek.eu\/?page_id=17141"},"modified":"2012-12-09T15:54:27","modified_gmt":"2012-12-09T14:54:27","slug":"dxliv3","status":"publish","type":"page","link":"http:\/\/museumek.eu\/?page_id=17141","title":{"rendered":"D\/XLIV\/3"},"content":{"rendered":"<p><strong>Abteilung Deutschland, Keramik 1860 \u2013 1960, Inventarnummer D\/XLIV\/3<\/strong><\/p>\n<p>Manufaktur K\u00f6nigliche Porzellan-Manufaktur Nymphenburg, Deutschland, M\u00fcnchen, um 1900, Zierteller, K\u00fcnstler unbekannt, Werks.-Nr. 1327 (Dekornummer), Exemplar Nr. ohne, gemarkt Manufakturmarke Nymphenburg blauer Stempel unter Glasur, gesetzlich gesch\u00fctzt roter Stempel auf Glasur, 1327, X 1 sowie 55 in einem Kreis gr\u00fcn auf Glasur gemalt , nicht signiert, Durchmesser 19,5 cm<\/p>\n<p><a href=\"http:\/\/museumek.eu\/wp-content\/uploads\/2012\/12\/Museum-Europ\u00e4ischer-Keramikkunst-2778.jpg\"><img loading=\"lazy\" src=\"http:\/\/museumek.eu\/wp-content\/uploads\/2012\/12\/Museum-Europ\u00e4ischer-Keramikkunst-2778-300x298.jpg\" alt=\"\" title=\"Museum Europ\u00e4ischer Keramikkunst 2778\" width=\"300\" height=\"298\" class=\"alignnone size-medium wp-image-17142\" srcset=\"http:\/\/museumek.eu\/wp-content\/uploads\/2012\/12\/Museum-Europ\u00e4ischer-Keramikkunst-2778-300x298.jpg 300w, http:\/\/museumek.eu\/wp-content\/uploads\/2012\/12\/Museum-Europ\u00e4ischer-Keramikkunst-2778-150x150.jpg 150w, http:\/\/museumek.eu\/wp-content\/uploads\/2012\/12\/Museum-Europ\u00e4ischer-Keramikkunst-2778-301x300.jpg 301w, http:\/\/museumek.eu\/wp-content\/uploads\/2012\/12\/Museum-Europ\u00e4ischer-Keramikkunst-2778.jpg 729w\" sizes=\"(max-width: 300px) 100vw, 300px\" \/><\/a><\/p>\n<p><a href=\"http:\/\/museumek.eu\/wp-content\/uploads\/2012\/12\/Museum-Europ\u00e4ischer-Keramikkunst-2779.jpg\"><img loading=\"lazy\" src=\"http:\/\/museumek.eu\/wp-content\/uploads\/2012\/12\/Museum-Europ\u00e4ischer-Keramikkunst-2779-300x184.jpg\" alt=\"\" title=\"Museum Europ\u00e4ischer Keramikkunst 2779\" width=\"300\" height=\"184\" class=\"alignnone size-medium wp-image-17143\" srcset=\"http:\/\/museumek.eu\/wp-content\/uploads\/2012\/12\/Museum-Europ\u00e4ischer-Keramikkunst-2779-300x184.jpg 300w, http:\/\/museumek.eu\/wp-content\/uploads\/2012\/12\/Museum-Europ\u00e4ischer-Keramikkunst-2779.jpg 379w\" sizes=\"(max-width: 300px) 100vw, 300px\" \/><\/a><\/p>\n<p><a href=\"http:\/\/museumek.eu\/wp-content\/uploads\/2012\/12\/Museum-Europ\u00e4ischer-Keramikkunst-2780.jpg\"><img loading=\"lazy\" src=\"http:\/\/museumek.eu\/wp-content\/uploads\/2012\/12\/Museum-Europ\u00e4ischer-Keramikkunst-2780.jpg\" alt=\"\" title=\"Museum Europ\u00e4ischer Keramikkunst 2780\" width=\"216\" height=\"272\" class=\"alignnone size-full wp-image-17144\" \/><\/a><\/p>\n","protected":false},"excerpt":{"rendered":"<p>Abteilung Deutschland, Keramik 1860 \u2013 1960, Inventarnummer D\/XLIV\/3 Manufaktur K\u00f6nigliche Porzellan-Manufaktur Nymphenburg, Deutschland, M\u00fcnchen, um 1900, Zierteller, K\u00fcnstler unbekannt, Werks.-Nr. 1327 (Dekornummer), Exemplar Nr. ohne, gemarkt Manufakturmarke Nymphenburg blauer Stempel unter Glasur, gesetzlich gesch\u00fctzt roter Stempel auf Glasur, 1327, X &hellip; <a href=\"http:\/\/museumek.eu\/?page_id=17141\">Weiterlesen <span class=\"meta-nav\">&rarr;<\/span><\/a><\/p>\n","protected":false},"author":1,"featured_media":0,"parent":10248,"menu_order":3,"comment_status":"closed","ping_status":"open","template":"","meta":[],"_links":{"self":[{"href":"http:\/\/museumek.eu\/index.php?rest_route=\/wp\/v2\/pages\/17141"}],"collection":[{"href":"http:\/\/museumek.eu\/index.php?rest_route=\/wp\/v2\/pages"}],"about":[{"href":"http:\/\/museumek.eu\/index.php?rest_route=\/wp\/v2\/types\/page"}],"author":[{"embeddable":true,"href":"http:\/\/museumek.eu\/index.php?rest_route=\/wp\/v2\/users\/1"}],"replies":[{"embeddable":true,"href":"http:\/\/museumek.eu\/index.php?rest_route=%2Fwp%2Fv2%2Fcomments&post=17141"}],"version-history":[{"count":2,"href":"http:\/\/museumek.eu\/index.php?rest_route=\/wp\/v2\/pages\/17141\/revisions"}],"predecessor-version":[{"id":17146,"href":"http:\/\/museumek.eu\/index.php?rest_route=\/wp\/v2\/pages\/17141\/revisions\/17146"}],"up":[{"embeddable":true,"href":"http:\/\/museumek.eu\/index.php?rest_route=\/wp\/v2\/pages\/10248"}],"wp:attachment":[{"href":"http:\/\/museumek.eu\/index.php?rest_route=%2Fwp%2Fv2%2Fmedia&parent=17141"}],"curies":[{"name":"wp","href":"https:\/\/api.w.org\/{rel}","templated":true}]}}