{"id":1717,"date":"2011-08-19T01:22:26","date_gmt":"2011-08-18T23:22:26","guid":{"rendered":"http:\/\/museumek.eu\/?page_id=1717"},"modified":"2011-10-22T13:05:10","modified_gmt":"2011-10-22T11:05:10","slug":"axxiv1","status":"publish","type":"page","link":"http:\/\/museumek.eu\/?page_id=1717","title":{"rendered":"A\/XXIV\/1"},"content":{"rendered":"<p><strong>Abteilung Austria\/Ungarn\/B\u00f6hmen, Keramik 1860 \u2013 1960, Inventarnummer A\/XXIV\/1<\/strong><\/p>\n<p>Manufaktur Wiener Porzellanmanufaktur Josef B\u00f6ck, Austria, Wien, um 1902, Sahnek\u00e4nnchen, K\u00fcnstler unbekannt, Werks.-Nr. ohne, Exemplar Nr. ohne, gemarkt Josef B\u00f6ck Wien roter Farbstempel, nicht signiert, Literatur: Waltraud Neuwirth, \u00d6sterreichische Keramik des Jugendstil, Seite 413, Marke identisch, gleiche Literatur: Seite 422 Enwurf wohl von Runge &#038; Scotland, Bremen, sowie Seite 501 fast identische Entwurfzeichnung von Runge &#038; Scotland, H\u00f6he 9,5 cm, Breite 9 cm<\/p>\n<p><a href=\"http:\/\/museumek.eu\/wp-content\/uploads\/2011\/08\/Museum-Europ\u00e4ischer-Keramikkunst-Qualit\u00e4tsfotos-437.jpg\"><img loading=\"lazy\" src=\"http:\/\/museumek.eu\/wp-content\/uploads\/2011\/08\/Museum-Europ\u00e4ischer-Keramikkunst-Qualit\u00e4tsfotos-437-204x300.jpg\" alt=\"\" title=\"Museum Europ\u00e4ischer Keramikkunst Qualit\u00e4tsfotos 437\" width=\"204\" height=\"300\" class=\"alignnone size-medium wp-image-1718\" srcset=\"http:\/\/museumek.eu\/wp-content\/uploads\/2011\/08\/Museum-Europ\u00e4ischer-Keramikkunst-Qualit\u00e4tsfotos-437-204x300.jpg 204w, http:\/\/museumek.eu\/wp-content\/uploads\/2011\/08\/Museum-Europ\u00e4ischer-Keramikkunst-Qualit\u00e4tsfotos-437.jpg 454w\" sizes=\"(max-width: 204px) 100vw, 204px\" \/><\/a><\/p>\n<p><a href=\"http:\/\/museumek.eu\/wp-content\/uploads\/2011\/08\/B\u00f6ck.jpg\"><img loading=\"lazy\" src=\"http:\/\/museumek.eu\/wp-content\/uploads\/2011\/08\/B\u00f6ck.jpg\" alt=\"\" title=\"B\u00f6ck\" width=\"107\" height=\"206\" class=\"alignnone size-full wp-image-1719\" \/><\/a><\/p>\n<p><a href=\"http:\/\/museumek.eu\/wp-content\/uploads\/2011\/08\/Museum-Europ\u00e4ischer-Keramikkunst-1310.jpg\"><img loading=\"lazy\" src=\"http:\/\/museumek.eu\/wp-content\/uploads\/2011\/08\/Museum-Europ\u00e4ischer-Keramikkunst-1310-176x300.jpg\" alt=\"\" title=\"Museum Europ\u00e4ischer Keramikkunst 1310\" width=\"176\" height=\"300\" class=\"alignnone size-medium wp-image-6700\" srcset=\"http:\/\/museumek.eu\/wp-content\/uploads\/2011\/08\/Museum-Europ\u00e4ischer-Keramikkunst-1310-176x300.jpg 176w, http:\/\/museumek.eu\/wp-content\/uploads\/2011\/08\/Museum-Europ\u00e4ischer-Keramikkunst-1310.jpg 551w\" sizes=\"(max-width: 176px) 100vw, 176px\" \/><\/a><\/p>\n","protected":false},"excerpt":{"rendered":"<p>Abteilung Austria\/Ungarn\/B\u00f6hmen, Keramik 1860 \u2013 1960, Inventarnummer A\/XXIV\/1 Manufaktur Wiener Porzellanmanufaktur Josef B\u00f6ck, Austria, Wien, um 1902, Sahnek\u00e4nnchen, K\u00fcnstler unbekannt, Werks.-Nr. ohne, Exemplar Nr. ohne, gemarkt Josef B\u00f6ck Wien roter Farbstempel, nicht signiert, Literatur: Waltraud Neuwirth, \u00d6sterreichische Keramik des Jugendstil, &hellip; <a href=\"http:\/\/museumek.eu\/?page_id=1717\">Weiterlesen <span class=\"meta-nav\">&rarr;<\/span><\/a><\/p>\n","protected":false},"author":1,"featured_media":0,"parent":1714,"menu_order":1,"comment_status":"closed","ping_status":"closed","template":"","meta":[],"_links":{"self":[{"href":"http:\/\/museumek.eu\/index.php?rest_route=\/wp\/v2\/pages\/1717"}],"collection":[{"href":"http:\/\/museumek.eu\/index.php?rest_route=\/wp\/v2\/pages"}],"about":[{"href":"http:\/\/museumek.eu\/index.php?rest_route=\/wp\/v2\/types\/page"}],"author":[{"embeddable":true,"href":"http:\/\/museumek.eu\/index.php?rest_route=\/wp\/v2\/users\/1"}],"replies":[{"embeddable":true,"href":"http:\/\/museumek.eu\/index.php?rest_route=%2Fwp%2Fv2%2Fcomments&post=1717"}],"version-history":[{"count":4,"href":"http:\/\/museumek.eu\/index.php?rest_route=\/wp\/v2\/pages\/1717\/revisions"}],"predecessor-version":[{"id":6701,"href":"http:\/\/museumek.eu\/index.php?rest_route=\/wp\/v2\/pages\/1717\/revisions\/6701"}],"up":[{"embeddable":true,"href":"http:\/\/museumek.eu\/index.php?rest_route=\/wp\/v2\/pages\/1714"}],"wp:attachment":[{"href":"http:\/\/museumek.eu\/index.php?rest_route=%2Fwp%2Fv2%2Fmedia&parent=1717"}],"curies":[{"name":"wp","href":"https:\/\/api.w.org\/{rel}","templated":true}]}}